{"id":34518,"date":"2024-11-26T16:42:32","date_gmt":"2024-11-26T16:42:32","guid":{"rendered":"https:\/\/bnssghealthiertogether.org.uk\/?page_id=34518"},"modified":"2025-01-16T22:15:13","modified_gmt":"2025-01-16T22:15:13","slug":"phirst-public-health-intervention-responsive-studies-team","status":"publish","type":"page","link":"https:\/\/bnssghealthiertogether.org.uk\/tr\/integrated-care-board\/research-and-evidence\/our-research-portfolio\/nihr-funded-projects\/phirst-public-health-intervention-responsive-studies-team\/","title":{"rendered":"PHIRST: Halk Sa\u011fl\u0131\u011f\u0131 M\u00fcdahalelerine Y\u00f6nelik Duyarl\u0131 \u00c7al\u0131\u015fmalar Ekibi"},"content":{"rendered":"<div class=\"assembler_default-group assembler_module_group assembler_default-group_1 assembler_module_group_1\"><div class=\"assembler_module_area assembler_module_area_1\"><div class=\"assembler_text-module assembler_module assembler_text-module_1 assembler_module_1  transparent\"><a tabindex=\"-1\" title=\"Mod\u00fcl-1 ba\u015fl\u0131kl\u0131 b\u00f6l\u00fcm\" id=\"module-1\" href=\"https:\/\/bnssghealthiertogether.org.uk\/tr\/wp-json\/wp\/v2\/pages\/34518\/#module-1\" class=\"anchor\"><span class=\"hidden\">Mod\u00fcl-1 ba\u015fl\u0131kl\u0131 b\u00f6l\u00fcm<\/span><\/a><!-- Template found for text-module - Template: template-text - Matched: _only --><section class=\"w-full mx-auto max-w-content pt-12 sm:pt-24 pb-12 sm:pb-24\">\r\n  <div class=\"entry-content w-full !px-0 max-w-small\">\r\n        <header class=\"local_header\">\n<div class=\"local_header__inner\">\n<h1 class=\"local_header__title\">PHIRST: Halk Sa\u011fl\u0131\u011f\u0131 M\u00fcdahalelerine Y\u00f6nelik Duyarl\u0131 \u00c7al\u0131\u015fmalar Ekibi<\/h1>\n<\/div>\n<\/header>\n<p>&nbsp;<\/p>\n<h2>Finansman<\/h2>\n<p>Ulusal Sa\u011fl\u0131k ve Bak\u0131m Ara\u015ft\u0131rma Enstit\u00fcs\u00fc (NIHR), Halk Sa\u011fl\u0131\u011f\u0131 Ara\u015ft\u0131rmalar\u0131 (PHR) Ref.NIHR131567.<\/p>\n<article class=\"page_content\"><\/article>\n<h2>Ara\u015ft\u0131rma sorusu nedir?<\/h2>\n<p>Bu fon, halk sa\u011fl\u0131\u011f\u0131nda \u00e7e\u015fitli m\u00fcdahaleleri incelemek\/de\u011ferlendirmek \u00fczere g\u00f6revlendirilebilecek bir ara\u015ft\u0131rma ekibi i\u00e7indir.<\/p>\n<h2>Sorun nedir?<\/h2>\n<p>Halk sa\u011fl\u0131\u011f\u0131, insanlar\u0131n daha sa\u011fl\u0131kl\u0131 bir ya\u015fam s\u00fcrmelerine yard\u0131mc\u0131 olan veya kanser veya grip gibi hastal\u0131klardan korunmalar\u0131n\u0131 sa\u011flayan her t\u00fcrl\u00fc faaliyet veya &#039;m\u00fcdahaleyi&#039; kapsar. Halk sa\u011fl\u0131\u011f\u0131n\u0131 iyile\u015ftirmek ve herkesi, ge\u00e7mi\u015fleri veya durumlar\u0131 ne olursa olsun, m\u00fcmk\u00fcn oldu\u011funca sa\u011fl\u0131kl\u0131 tutmak i\u00e7in y\u00fcksek kaliteli ara\u015ft\u0131rmalara ihtiyac\u0131m\u0131z var.<\/p>\n<p>Yerel y\u00f6netimler ve hay\u0131r kurumlar\u0131 gibi di\u011fer gruplar\u0131n halk sa\u011fl\u0131\u011f\u0131nda b\u00fcy\u00fck bir rol\u00fc vard\u0131r. Ulusal Sa\u011fl\u0131k Ara\u015ft\u0131rma Enstit\u00fcs\u00fc&#039;n\u00fcn (NIHR) PHIRST program\u0131, akademik ara\u015ft\u0131rmac\u0131lardan olu\u015fan ekiplerin onlarla birlikte \u00e7al\u0131\u015fmas\u0131n\u0131 finanse ederek bu konuda onlara yard\u0131mc\u0131 olmay\u0131 ama\u00e7lamaktad\u0131r.<\/p>\n<p>Bristol ve Cardiff \u00dcniversitelerinde \u00e7al\u0131\u015fan bir grup akademisyen, yerel y\u00f6netimlerle ve halkla i\u015fbirli\u011fi yaparak, insanlar\u0131n sa\u011fl\u0131\u011f\u0131n\u0131 iyile\u015ftirmek i\u00e7in en iyi y\u00f6ntemlerin neler oldu\u011funa dair bilgi sa\u011flayacak ara\u015ft\u0131rmalar planlayacak ve y\u00fcr\u00fctecek.<\/p>\n<h2>Ara\u015ft\u0131rman\u0131n amac\u0131 nedir?<\/h2>\n<p>NIHR muhtemelen bizden, yerel y\u00f6netim veya di\u011fer kamu sa\u011fl\u0131\u011f\u0131 m\u00fcdahalelerinden alt\u0131 farkl\u0131s\u0131n\u0131n \u00fc\u00e7 y\u0131l boyunca etkili olup olmad\u0131\u011f\u0131n\u0131 ara\u015ft\u0131rmam\u0131z\u0131 isteyecektir.<\/p>\n<p>Her m\u00fcdahale i\u00e7in, hangi kurulu\u015flar\u0131n ve kamu ortaklar\u0131n\u0131n dahil edilmesi gerekti\u011fini belirleyecek ve k\u0131sa bir ara\u015ft\u0131rma plan\u0131 haz\u0131rlayaca\u011f\u0131z.<\/p>\n<p>NIHR plan\u0131m\u0131z\u0131n uygulanabilece\u011fini onaylad\u0131\u011f\u0131nda, ara\u015ft\u0131rmac\u0131lardan, halk sa\u011fl\u0131\u011f\u0131 uzmanlar\u0131ndan ve kamu ortaklar\u0131ndan olu\u015fan bir \u00e7al\u0131\u015fma y\u00f6netim grubu kuraca\u011f\u0131z.<\/p>\n<p>Bu grup, ayr\u0131nt\u0131l\u0131 bir ara\u015ft\u0131rma plan\u0131 geli\u015ftirmek, ara\u015ft\u0131rmay\u0131 y\u00fcr\u00fctmek ve bulgular\u0131 geni\u015f \u00e7apta payla\u015fmak i\u00e7in birlikte \u00e7al\u0131\u015facakt\u0131. Ara\u015ft\u0131rmac\u0131lar, sa\u011fl\u0131k profesyonelleri ve kamu ortaklar\u0131ndan olu\u015fan bir program y\u00f6netim grubu, t\u00fcm \u00e7al\u0131\u015fmalar\u0131n genel ilerlemesini denetleyecekti.<\/p>\n<h2>Bu nas\u0131l ba\u015far\u0131lacak?<\/h2>\n<p>Bristol ve Cardiff \u00dcniversitelerinde, halk sa\u011fl\u0131\u011f\u0131 i\u00e7in \u00f6nemli olan t\u00fcm farkl\u0131 alanlar\u0131 kapsayan geni\u015f bir deneyim ve bilgi yelpazesi bulunmaktad\u0131r. Bunlar aras\u0131nda alkol sorunlar\u0131, sigaray\u0131 b\u0131rakma, ruh sa\u011fl\u0131\u011f\u0131 ve ileri ya\u015flarda sa\u011fl\u0131kl\u0131 kalma yer almaktad\u0131r.<\/p>\n<p>Akademisyenler ayr\u0131ca istatistik ve ekonomi gibi ihtiya\u00e7 duyulan farkl\u0131 ara\u015ft\u0131rma y\u00f6ntemlerinde de deneyimlidir. Ekip, uzman tavsiyesi verebilecek Birle\u015fik Krall\u0131k&#039;taki di\u011fer halk sa\u011fl\u0131\u011f\u0131 ara\u015ft\u0131rmac\u0131lar\u0131yla iyi ba\u011flant\u0131lara sahiptir. Ekip ayr\u0131ca \u0130ngiltere, Galler, \u0130sko\u00e7ya ve Kuzey \u0130rlanda&#039;daki halk sa\u011fl\u0131\u011f\u0131 politikas\u0131 ve uygulamalar\u0131 konusunda da deneyime sahiptir.<\/p>\n<p>\u00dcniversitelerimiz, halk sa\u011fl\u0131\u011f\u0131 ara\u015ft\u0131rmalar\u0131 ve uygulamalar\u0131nda \u00e7al\u0131\u015facak bir\u00e7ok ki\u015fiyi yeti\u015ftiriyor ve bu deneyimi, yerel y\u00f6netimlerden ve di\u011fer gruplardan birlikte \u00e7al\u0131\u015ft\u0131\u011f\u0131m\u0131z ki\u015fileri e\u011fitmek i\u00e7in kullanacak.<\/p>\n<p>Bu gruplar\u0131n daha \u00f6nceki ara\u015ft\u0131rmalar\u0131, halk sa\u011fl\u0131\u011f\u0131 uygulamalar\u0131n\u0131 iyile\u015ftiren de\u011fi\u015fikliklere yol a\u00e7m\u0131\u015ft\u0131r.<\/p>\n<p>Bu, PHIRST ara\u015ft\u0131rmalar\u0131 i\u00e7in bulgular\u0131n politika bilgilendirmeleri, web seminerleri, konferans sunumlar\u0131, videolar, bloglar ve akademik makaleler de dahil olmak \u00fczere bir\u00e7ok bi\u00e7imde payla\u015f\u0131lmas\u0131 yoluyla ger\u00e7ekle\u015ftirilecektir. PHIRST ekibi ayr\u0131ca karar vericilerle g\u00f6r\u00fc\u015ferek, ara\u015ft\u0131rmaya dayal\u0131 olarak hangi de\u011fi\u015fikliklerin gerekli oldu\u011funu onlara bildirecektir. Bulgular\u0131n kamuoyuna kolay anla\u015f\u0131l\u0131r bir \u015fekilde geni\u015f \u00e7apta sunulmas\u0131n\u0131 sa\u011flamak i\u00e7in kamu ortaklar\u0131 da dahil edilecektir.<\/p>\n<h2>Ara\u015ft\u0131rmay\u0131 kim y\u00fcr\u00fct\u00fcyor?<\/h2>\n<p>Prof. Rona Campbell, Bristol \u00dcniversitesi Halk Sa\u011fl\u0131\u011f\u0131 Ara\u015ft\u0131rmalar\u0131 ve N\u00fcfus Sa\u011fl\u0131\u011f\u0131 Bilimleri Profes\u00f6r\u00fc.<\/p>\n<h2>Daha fazla bilgi:<\/h2>\n<p><a href=\"https:\/\/fundingawards.nihr.ac.uk\/award\/NIHR131567\" target=\"_blank\" rel=\"nofollow noopener\">Bu ara\u015ft\u0131rma hakk\u0131nda<\/a><\/p>\n<p>Daha fazla bilgi almak veya bu projeye kat\u0131lmak i\u00e7in l\u00fctfen e-posta g\u00f6nderin. <a href=\"mailto:bnssg.research@nhs.net\" target=\"_blank\" rel=\"noopener\">bnssg.research@nhs.net<\/a>.<\/p>\n<p>Burada ifade edilen g\u00f6r\u00fc\u015fler yazar(lar)a aittir ve NIHR veya Sa\u011fl\u0131k ve Sosyal Bak\u0131m Bakanl\u0131\u011f\u0131&#039;n\u0131n g\u00f6r\u00fc\u015flerini yans\u0131tmayabilir.<\/p>\n  <\/div>\r\n  <\/section><\/div><!-- .assembler_text-module.assembler_module.assembler_text-module_1.assembler_module_1..transparent --><\/div><!-- .assembler_module_area.assembler_module_area_1 --><\/div><!-- .assembler_default-group.assembler_module_group.assembler_default-group_1.assembler_module_group_1  -->","protected":false},"excerpt":{"rendered":"<p>Section titled module-1 PHIRST: Public Health Intervention Responsive Studies Team &nbsp; Funding National Institute for Health and Care Research (NIHR), Public Health Research (PHR) Ref.NIHR131567. What is the research question? This funding is for a team of researchers who can be deployed to study\/evaluate several different interventions in public health. What is the problem? Public [&hellip;]<\/p>\n","protected":false},"author":1,"featured_media":0,"parent":32881,"menu_order":0,"comment_status":"closed","ping_status":"closed","template":"","meta":{"_acf_changed":false,"footnotes":""},"tags":[],"class_list":["post-34518","page","type-page","status-publish","hentry"],"acf":[],"_links":{"self":[{"href":"https:\/\/bnssghealthiertogether.org.uk\/tr\/wp-json\/wp\/v2\/pages\/34518","targetHints":{"allow":["GET"]}}],"collection":[{"href":"https:\/\/bnssghealthiertogether.org.uk\/tr\/wp-json\/wp\/v2\/pages"}],"about":[{"href":"https:\/\/bnssghealthiertogether.org.uk\/tr\/wp-json\/wp\/v2\/types\/page"}],"author":[{"embeddable":true,"href":"https:\/\/bnssghealthiertogether.org.uk\/tr\/wp-json\/wp\/v2\/users\/1"}],"replies":[{"embeddable":true,"href":"https:\/\/bnssghealthiertogether.org.uk\/tr\/wp-json\/wp\/v2\/comments?post=34518"}],"version-history":[{"count":3,"href":"https:\/\/bnssghealthiertogether.org.uk\/tr\/wp-json\/wp\/v2\/pages\/34518\/revisions"}],"predecessor-version":[{"id":36168,"href":"https:\/\/bnssghealthiertogether.org.uk\/tr\/wp-json\/wp\/v2\/pages\/34518\/revisions\/36168"}],"up":[{"embeddable":true,"href":"https:\/\/bnssghealthiertogether.org.uk\/tr\/wp-json\/wp\/v2\/pages\/32881"}],"wp:attachment":[{"href":"https:\/\/bnssghealthiertogether.org.uk\/tr\/wp-json\/wp\/v2\/media?parent=34518"}],"wp:term":[{"taxonomy":"post_tag","embeddable":true,"href":"https:\/\/bnssghealthiertogether.org.uk\/tr\/wp-json\/wp\/v2\/tags?post=34518"}],"curies":[{"name":"wp","href":"https:\/\/api.w.org\/{rel}","templated":true}]}}