{"id":34530,"date":"2024-11-26T16:44:11","date_gmt":"2024-11-26T16:44:11","guid":{"rendered":"https:\/\/bnssghealthiertogether.org.uk\/?page_id=34530"},"modified":"2025-01-16T22:27:17","modified_gmt":"2025-01-16T22:27:17","slug":"processes-of-change-in-a-group-intervention-for-domestic-violence-perpetrators-a-secondary-qualitative-analysis","status":"publish","type":"page","link":"https:\/\/bnssghealthiertogether.org.uk\/tr\/integrated-care-board\/research-and-evidence\/our-research-portfolio\/nihr-funded-projects\/processes-of-change-in-a-group-intervention-for-domestic-violence-perpetrators-a-secondary-qualitative-analysis\/","title":{"rendered":"Aile i\u00e7i \u015fiddet uygulayanlara y\u00f6nelik grup m\u00fcdahalesinde de\u011fi\u015fim s\u00fcre\u00e7leri: ikincil nitel analiz"},"content":{"rendered":"<div class=\"assembler_default-group assembler_module_group assembler_default-group_1 assembler_module_group_1\"><div class=\"assembler_module_area assembler_module_area_1\"><div class=\"assembler_text-module assembler_module assembler_text-module_1 assembler_module_1  transparent\"><a tabindex=\"-1\" title=\"Mod\u00fcl-1 ba\u015fl\u0131kl\u0131 b\u00f6l\u00fcm\" id=\"module-1\" href=\"https:\/\/bnssghealthiertogether.org.uk\/tr\/wp-json\/wp\/v2\/pages\/34530\/#module-1\" class=\"anchor\"><span class=\"hidden\">Mod\u00fcl-1 ba\u015fl\u0131kl\u0131 b\u00f6l\u00fcm<\/span><\/a><!-- Template found for text-module - Template: template-text - Matched: _only --><section class=\"w-full mx-auto max-w-content pt-12 sm:pt-24 pb-12 sm:pb-24\">\r\n  <div class=\"entry-content w-full !px-0 max-w-small\">\r\n        <header class=\"local_header\">\n<div class=\"local_header__inner\">\n<h1 class=\"local_header__title\">Aile i\u00e7i \u015fiddet uygulayanlara y\u00f6nelik grup m\u00fcdahalesinde de\u011fi\u015fim s\u00fcre\u00e7leri: ikincil nitel analiz<\/h1>\n<\/div>\n<\/header>\n<article class=\"page_content\">\n<h2><\/h2>\n<h2 class=\"page_content__inner\">Finansman<\/h2>\n<\/article>\n<p>Ulusal Sa\u011fl\u0131k Enstit\u00fcs\u00fc (NIHR) Hasta Yarar\u0131na Ara\u015ft\u0131rma (RfPB) Ref. PB-PG-1217-20027<\/p>\n<h2>Sorun nedir?<\/h2>\n<p>Aile i\u00e7i \u015fiddet ve istismar (A\u0130\u0130), sa\u011fl\u0131k ve refah\u0131 olumsuz etkiler. Hem yeti\u015fkinlerin hem de \u00e7ocuklar\u0131n ya\u015famlar\u0131n\u0131 etkiler ve b\u00fcy\u00fck bir ac\u0131ya neden olmas\u0131n\u0131n yan\u0131 s\u0131ra, \u00f6zellikle ruhsal hastal\u0131klar olmak \u00fczere uzun vadeli sa\u011fl\u0131k sorunlar\u0131 riskini de art\u0131rabilir.<\/p>\n<p>Aile i\u00e7i \u015fiddet, bireyler ve toplum i\u00e7in \u00f6nemli maliyetlere yol a\u00e7abilir. Ancak, aile i\u00e7i \u015fiddet ma\u011fdurlar\u0131na y\u00f6nelik destek yayg\u0131n olarak mevcut olsa da, failleri istismarc\u0131 olduklar\u0131n\u0131 anlamaya ve kabul etmeye nas\u0131l te\u015fvik edece\u011fimizi veya davran\u0131\u015flar\u0131n\u0131 de\u011fi\u015ftirmelerine nas\u0131l yard\u0131mc\u0131 olaca\u011f\u0131m\u0131z\u0131 bilmiyoruz.<\/p>\n<h2>Ara\u015ft\u0131rman\u0131n amac\u0131 nedir?<\/h2>\n<p>Bu \u00e7al\u0131\u015fma, aile i\u00e7i \u015fiddet uygulayanlara y\u00f6nelik programlar\u0131n nas\u0131l i\u015fledi\u011fini ayr\u0131nt\u0131l\u0131 olarak incelemek i\u00e7in e\u015fsiz bir f\u0131rsat sunacakt\u0131r. Bu, gelecekteki programlar\u0131n geli\u015ftirilmesi i\u00e7in de\u011ferli olacakt\u0131r.<\/p>\n<p>Erkeklerin istismarc\u0131 davran\u0131\u015flar\u0131n\u0131 nas\u0131l dile getirdiklerini ve a\u00e7\u0131klad\u0131klar\u0131n\u0131 anlamak, istismar\u0131 azaltman\u0131n yollar\u0131n\u0131 bulmaya \u00e7al\u0131\u015f\u0131rken yararl\u0131 ve \u00f6nemlidir.<\/p>\n<p>Ayr\u0131ca, \u00e7al\u0131\u015fma bulgular\u0131 daha fazla insan\u0131n istismar\u0131n faili veya ma\u011fduru\/hayatta kalan\u0131 olduklar\u0131n\u0131 fark etmelerine ve yard\u0131m almalar\u0131na yard\u0131mc\u0131 olabilir.<\/p>\n<h2>Bu nas\u0131l ba\u015far\u0131lacak?<\/h2>\n<p>Bu \u00e7al\u0131\u015fma, bir ara\u015ft\u0131rma \u00e7al\u0131\u015fmas\u0131n\u0131n par\u00e7as\u0131 olarak y\u00fcr\u00fct\u00fclen, erkek failler i\u00e7in topluluk temelli bir aile i\u00e7i \u015fiddet uygulay\u0131c\u0131lar\u0131 program\u0131 (DVPP) olan REPROVIDE&#039;\u0131n grup oturumlar\u0131n\u0131n videolar\u0131n\u0131 incelemeyi i\u00e7erecektir.<\/p>\n<p>\u015eiddete Kar\u015f\u0131 Koruma Programlar\u0131 (DVPP), e\u015flerine veya eski e\u015flerine kar\u015f\u0131 \u015fiddet uygulayan ki\u015filerin davran\u0131\u015flar\u0131n\u0131 de\u011fi\u015ftirmelerine yard\u0131mc\u0131 olmay\u0131 ama\u00e7lar. DVPP seanslar\u0131 haftal\u0131k olarak yap\u0131l\u0131r ve video kayd\u0131 al\u0131nmas\u0131 standart bir uygulamad\u0131r.<\/p>\n<p>Kat\u0131lan erkeklerden videolar\u0131 analiz etme izni ald\u0131k. \u0130lgili uzmanlarla birlikte videolar\u0131 izleyecek ve se\u00e7ilen b\u00f6l\u00fcmleri yak\u0131ndan inceleyece\u011fiz. Erkeklerin istismarc\u0131 davran\u0131\u015flar\u0131 hakk\u0131nda nas\u0131l konu\u015ftuklar\u0131n\u0131 ve grup kolayla\u015ft\u0131r\u0131c\u0131lar\u0131n\u0131n erkekleri farkl\u0131, istismarc\u0131 olmayan \u015fekillerde d\u00fc\u015f\u00fcnmeye ve davranmaya nas\u0131l te\u015fvik ettiklerini dinleyece\u011fiz.<\/p>\n<h2>Ara\u015ft\u0131rmay\u0131 kim y\u00fcr\u00fct\u00fcyor?<\/h2>\n<p>Dr. Helen Cramer, K\u0131demli Ara\u015ft\u0131rma G\u00f6revlisi, Akademik Birinci Basamak Sa\u011fl\u0131k Hizmetleri Merkezi, Bristol \u00dcniversitesi.<\/p>\n<h2>Daha fazla bilgi:<\/h2>\n<p><a href=\"http:\/\/www.bristol.ac.uk\/primaryhealthcare\/researchthemes\/reprovide\/domestic-abuse-group-programme-for-men\/\" target=\"_blank\" rel=\"nofollow noopener\">Bu ara\u015ft\u0131rma hakk\u0131nda<\/a><\/p>\n<p>Daha fazla bilgi almak veya bu projeye kat\u0131lmak i\u00e7in l\u00fctfen e-posta g\u00f6nderin. <a href=\"mailto:bnssg.research@nhs.net\" target=\"_blank\" rel=\"noopener\">bnssg.research@nhs.net<\/a>.<\/p>\n<p>Burada ifade edilen g\u00f6r\u00fc\u015fler yazar(lar)a aittir ve NIHR veya Sa\u011fl\u0131k ve Sosyal Bak\u0131m Bakanl\u0131\u011f\u0131&#039;n\u0131n g\u00f6r\u00fc\u015flerini yans\u0131tmayabilir.<\/p>\n  <\/div>\r\n  <\/section><\/div><!-- .assembler_text-module.assembler_module.assembler_text-module_1.assembler_module_1..transparent --><\/div><!-- .assembler_module_area.assembler_module_area_1 --><\/div><!-- .assembler_default-group.assembler_module_group.assembler_default-group_1.assembler_module_group_1  -->","protected":false},"excerpt":{"rendered":"<p>Section titled module-1 Processes of change in a group intervention for domestic violence perpetrators: a secondary qualitative analysis Funding National Institute for Health (NIHR) Research for Patient Benefit (RfPB) Ref. PB-PG-1217-20027 What is the problem? Domestic violence and abuse (DVA) damage health and wellbeing. It has an impact on the lives of adults and children, [&hellip;]<\/p>\n","protected":false},"author":1,"featured_media":0,"parent":32881,"menu_order":0,"comment_status":"closed","ping_status":"closed","template":"","meta":{"_acf_changed":false,"footnotes":""},"tags":[],"class_list":["post-34530","page","type-page","status-publish","hentry"],"acf":[],"_links":{"self":[{"href":"https:\/\/bnssghealthiertogether.org.uk\/tr\/wp-json\/wp\/v2\/pages\/34530","targetHints":{"allow":["GET"]}}],"collection":[{"href":"https:\/\/bnssghealthiertogether.org.uk\/tr\/wp-json\/wp\/v2\/pages"}],"about":[{"href":"https:\/\/bnssghealthiertogether.org.uk\/tr\/wp-json\/wp\/v2\/types\/page"}],"author":[{"embeddable":true,"href":"https:\/\/bnssghealthiertogether.org.uk\/tr\/wp-json\/wp\/v2\/users\/1"}],"replies":[{"embeddable":true,"href":"https:\/\/bnssghealthiertogether.org.uk\/tr\/wp-json\/wp\/v2\/comments?post=34530"}],"version-history":[{"count":3,"href":"https:\/\/bnssghealthiertogether.org.uk\/tr\/wp-json\/wp\/v2\/pages\/34530\/revisions"}],"predecessor-version":[{"id":36172,"href":"https:\/\/bnssghealthiertogether.org.uk\/tr\/wp-json\/wp\/v2\/pages\/34530\/revisions\/36172"}],"up":[{"embeddable":true,"href":"https:\/\/bnssghealthiertogether.org.uk\/tr\/wp-json\/wp\/v2\/pages\/32881"}],"wp:attachment":[{"href":"https:\/\/bnssghealthiertogether.org.uk\/tr\/wp-json\/wp\/v2\/media?parent=34530"}],"wp:term":[{"taxonomy":"post_tag","embeddable":true,"href":"https:\/\/bnssghealthiertogether.org.uk\/tr\/wp-json\/wp\/v2\/tags?post=34530"}],"curies":[{"name":"wp","href":"https:\/\/api.w.org\/{rel}","templated":true}]}}