{"id":34563,"date":"2024-11-26T16:50:54","date_gmt":"2024-11-26T16:50:54","guid":{"rendered":"https:\/\/bnssghealthiertogether.org.uk\/?page_id=34563"},"modified":"2025-01-19T20:20:14","modified_gmt":"2025-01-19T20:20:14","slug":"a-patient-reported-questionnaire-to-measure-the-use-of-informal-care-social-care-and-personal-expenses","status":"publish","type":"page","link":"https:\/\/bnssghealthiertogether.org.uk\/tr\/integrated-care-board\/research-and-evidence\/our-research-portfolio\/previously-supported-projects\/a-patient-reported-questionnaire-to-measure-the-use-of-informal-care-social-care-and-personal-expenses\/","title":{"rendered":"Hastalar\u0131n kendi beyanlar\u0131na dayal\u0131 olarak doldurdu\u011fu bir anket, resmi olmayan bak\u0131m, sosyal bak\u0131m ve ki\u015fisel harcamalar\u0131n kullan\u0131m\u0131n\u0131 \u00f6l\u00e7meyi ama\u00e7lamaktad\u0131r."},"content":{"rendered":"<div class=\"assembler_default-group assembler_module_group assembler_default-group_1 assembler_module_group_1\"><div class=\"assembler_module_area assembler_module_area_1\"><div class=\"assembler_text-module assembler_module assembler_text-module_1 assembler_module_1  transparent\"><a tabindex=\"-1\" title=\"Mod\u00fcl-1 ba\u015fl\u0131kl\u0131 b\u00f6l\u00fcm\" id=\"module-1\" href=\"https:\/\/bnssghealthiertogether.org.uk\/tr\/wp-json\/wp\/v2\/pages\/34563\/#module-1\" class=\"anchor\"><span class=\"hidden\">Mod\u00fcl-1 ba\u015fl\u0131kl\u0131 b\u00f6l\u00fcm<\/span><\/a><!-- Template found for text-module - Template: template-text - Matched: _only --><section class=\"w-full mx-auto max-w-content pt-12 sm:pt-24 pb-12 sm:pb-24\">\r\n  <div class=\"entry-content w-full !px-0 max-w-small\">\r\n        <header class=\"local_header\">\n<div class=\"local_header__inner\">\n<h1 class=\"local_header__title\">Hastalar\u0131n kendi beyanlar\u0131na dayal\u0131 olarak doldurdu\u011fu bir anket, resmi olmayan bak\u0131m, sosyal bak\u0131m ve ki\u015fisel harcamalar\u0131n kullan\u0131m\u0131n\u0131 \u00f6l\u00e7meyi ama\u00e7lamaktad\u0131r.<\/h1>\n<\/div>\n<\/header>\n<article class=\"page_content\">\n<h2><\/h2>\n<h2 class=\"page_content__inner\">Finansman<\/h2>\n<\/article>\n<p>Ulusal Sa\u011fl\u0131k Enstit\u00fcs\u00fc (NIHR) Hasta Yarar\u0131na Ara\u015ft\u0131rma (RfPB) Ref. NIHR201961<\/p>\n<h2>Ara\u015ft\u0131rma sorusu nedir?<\/h2>\n<p>Rastgele kontroll\u00fc \u00e7al\u0131\u015fmalar (RCT&#039;ler) ve di\u011fer ara\u015ft\u0131rma ortamlar\u0131nda bak\u0131m maliyetlerini tahmin etmek i\u00e7in hasta taraf\u0131ndan bildirilen kaynak kullan\u0131m anketine y\u00f6nelik do\u011frulanm\u0131\u015f mod\u00fcller geli\u015ftirmeyi ama\u00e7l\u0131yoruz.<\/p>\n<h2>Sorun nedir?<\/h2>\n<p>Sa\u011fl\u0131k ekonomistleri, belirli bir sa\u011fl\u0131k hizmetinin iyi bir de\u011fer sunup sunmad\u0131\u011f\u0131n\u0131 belirlemek i\u00e7in maliyet-etkinlik \u00e7al\u0131\u015fmalar\u0131 y\u00fcr\u00fct\u00fcrler.<\/p>\n<p>Maliyet-etkinlik \u00e7al\u0131\u015fmas\u0131nda, hem bak\u0131m\u0131n maliyetini hem de hastalar\u0131n kulland\u0131\u011f\u0131 di\u011fer hizmetler \u00fczerindeki etkisini \u00f6l\u00e7memiz gerekiyor. \u015eu anda maliyetleri \u00f6l\u00e7me y\u00f6ntemimiz ideal de\u011fil.<\/p>\n<h2>Ara\u015ft\u0131rman\u0131n amac\u0131 nedir?<\/h2>\n<p>\u015eu anda hastalar\u0131n katk\u0131lar\u0131yla NHS sa\u011fl\u0131k hizmetleri (\u00f6rne\u011fin aile hekimi randevular\u0131) hakk\u0131nda sorular sormak i\u00e7in bir anket geli\u015ftiriyoruz. Ancak bir\u00e7ok ki\u015fi NHS d\u0131\u015f\u0131nda sunulan sa\u011fl\u0131k hizmetlerinden yararlan\u0131yor.<\/p>\n<p>Bu projede, sa\u011fl\u0131k hizmetleri anketini \u00fc\u00e7 ek mod\u00fcl geli\u015ftirerek geni\u015fletmeyi ama\u00e7l\u0131yoruz.<\/p>\n<p>\u0130lk olarak hastalara daha \u00f6nce kulland\u0131klar\u0131 sosyal hizmetler (\u00f6rne\u011fin evde bak\u0131m hizmeti) hakk\u0131nda sorular sorulacak.<\/p>\n<p>\u0130kincisi, e\u015f veya arkada\u015ftan gelen yard\u0131m gibi resmi olmayan bak\u0131m\u0131 kapsayacakt\u0131r.<\/p>\n<p>Son mod\u00fclde hastalar\u0131n kendi \u00f6dedikleri masraflar hakk\u0131nda sorular sorulacakt\u0131r.<\/p>\n<h2>Bu nas\u0131l ba\u015far\u0131lacak?<\/h2>\n<p>Mod\u00fclleri geli\u015ftirmek i\u00e7in \u00f6ncelikle yay\u0131nlanm\u0131\u015f \u00e7al\u0131\u015fmalar\u0131 inceleyerek ve mevcut anketleri g\u00f6zden ge\u00e7irerek hangi sorular\u0131n dahil edilmesi gerekti\u011fine karar verece\u011fiz. Ayr\u0131ca sosyal bak\u0131m uzmanlar\u0131na \u00f6nemli oldu\u011funu d\u00fc\u015f\u00fcnd\u00fckleri hizmetler hakk\u0131nda da sorular soraca\u011f\u0131z.<\/p>\n<p>Hangi \u00f6nerilerin \u00f6l\u00e7\u00fclmesinin en \u00f6nemli oldu\u011funu belirlemek i\u00e7in ara\u015ft\u0131rmac\u0131lar ve kamu temsilcileriyle bir grup tart\u0131\u015fmas\u0131 yapaca\u011f\u0131z.<\/p>\n<p>En iyi uygulamalar\u0131 temsil eden sorular yazarak taslak mod\u00fcller tasarlayaca\u011f\u0131z. Mod\u00fcllerin eksiksiz olup olmad\u0131\u011f\u0131n\u0131 ve her soru i\u00e7in maliyet bilgisi bulman\u0131n m\u00fcmk\u00fcn olup olmad\u0131\u011f\u0131n\u0131 \u00f6\u011frenmek i\u00e7in yakla\u015f\u0131k 20 ara\u015ft\u0131rmac\u0131yla telefon g\u00f6r\u00fc\u015fmesi yapaca\u011f\u0131z.<\/p>\n<p>Daha sonra g\u00f6r\u00fc\u015flerini \u00f6\u011frenmek i\u00e7in yakla\u015f\u0131k 25 hasta, bak\u0131m kullan\u0131c\u0131s\u0131 veya bak\u0131c\u0131yla g\u00f6r\u00fc\u015fme yapaca\u011f\u0131z. \u0130nsanlardan d\u00fc\u015f\u00fcncelerini y\u00fcksek sesle ifade ederken anketi doldurmalar\u0131 istenecek olan &quot;sesli d\u00fc\u015f\u00fcnme&quot; y\u00f6ntemini kullanaca\u011f\u0131z. Bu, anla\u015f\u0131lmas\u0131 veya tamamlanmas\u0131 zor olan alanlar olup olmad\u0131\u011f\u0131n\u0131 \u00f6\u011frenmemizi ve daha fazla iyile\u015ftirme yapmam\u0131z\u0131 sa\u011flayacakt\u0131r.<\/p>\n<p>Bu a\u015famalar tamamland\u0131\u011f\u0131nda, anketin pratikte ne kadar kabul edilebilir oldu\u011funu test etmek i\u00e7in yakla\u015f\u0131k 250 ki\u015fiye anketi g\u00f6nderece\u011fiz. Ard\u0131ndan, geri bildirimlere dayanarak metni son haline getirece\u011fiz. Ayr\u0131ca, ankete e\u015flik edecek ilgili maliyetlerin listelerini de haz\u0131rlayaca\u011f\u0131z.<\/p>\n<p>Projenin sonucu olarak, \u00e7ok \u00e7e\u015fitli hastal\u0131klar ve sa\u011fl\u0131k durumlar\u0131 \u00fczerine ara\u015ft\u0131rmalar i\u00e7in kullan\u0131ma haz\u0131r mod\u00fcler bir anket ortaya \u00e7\u0131kacakt\u0131r.<\/p>\n<h2>Ara\u015ft\u0131rmay\u0131 kim y\u00fcr\u00fct\u00fcyor?<\/h2>\n<p>Dr. Joanna Thorn, Ara\u015ft\u0131rma G\u00f6revlisi, Halk Sa\u011fl\u0131\u011f\u0131 Bilimleri, Bristol \u00dcniversitesi.<\/p>\n<h2>Daha fazla bilgi:<\/h2>\n<p><a href=\"https:\/\/research-information.bris.ac.uk\/en\/persons\/joanna-c-thorn\" target=\"_blank\" rel=\"nofollow noopener\">Dr. Joanna Thorn<\/a><\/p>\n<p>Daha fazla bilgi almak veya bu projeye kat\u0131lmak i\u00e7in l\u00fctfen e-posta g\u00f6nderin. <a href=\"mailto:bnssg.research@nhs.net\" target=\"_blank\" rel=\"noopener\">bnssg.research@nhs.net<\/a>.<\/p>\n<p>Burada ifade edilen g\u00f6r\u00fc\u015fler yazar(lar)a aittir ve NIHR veya Sa\u011fl\u0131k ve Sosyal Bak\u0131m Bakanl\u0131\u011f\u0131&#039;n\u0131n g\u00f6r\u00fc\u015flerini yans\u0131tmayabilir.<\/p>\n  <\/div>\r\n  <\/section><\/div><!-- .assembler_text-module.assembler_module.assembler_text-module_1.assembler_module_1..transparent --><\/div><!-- .assembler_module_area.assembler_module_area_1 --><\/div><!-- .assembler_default-group.assembler_module_group.assembler_default-group_1.assembler_module_group_1  -->","protected":false},"excerpt":{"rendered":"<p>Section titled module-1 A patient-reported questionnaire to measure the use of informal care, social care and personal expenses Funding National Institute for Health (NIHR) Research for Patient Benefit (RfPB) Ref. NIHR201961 What is the research question? We aim to develop validated modules for a patient-reported resource-use questionnaire to estimate care costs in randomised controlled trials [&hellip;]<\/p>\n","protected":false},"author":1,"featured_media":0,"parent":32891,"menu_order":0,"comment_status":"closed","ping_status":"closed","template":"","meta":{"_acf_changed":false,"footnotes":""},"tags":[],"class_list":["post-34563","page","type-page","status-publish","hentry"],"acf":[],"_links":{"self":[{"href":"https:\/\/bnssghealthiertogether.org.uk\/tr\/wp-json\/wp\/v2\/pages\/34563","targetHints":{"allow":["GET"]}}],"collection":[{"href":"https:\/\/bnssghealthiertogether.org.uk\/tr\/wp-json\/wp\/v2\/pages"}],"about":[{"href":"https:\/\/bnssghealthiertogether.org.uk\/tr\/wp-json\/wp\/v2\/types\/page"}],"author":[{"embeddable":true,"href":"https:\/\/bnssghealthiertogether.org.uk\/tr\/wp-json\/wp\/v2\/users\/1"}],"replies":[{"embeddable":true,"href":"https:\/\/bnssghealthiertogether.org.uk\/tr\/wp-json\/wp\/v2\/comments?post=34563"}],"version-history":[{"count":3,"href":"https:\/\/bnssghealthiertogether.org.uk\/tr\/wp-json\/wp\/v2\/pages\/34563\/revisions"}],"predecessor-version":[{"id":36228,"href":"https:\/\/bnssghealthiertogether.org.uk\/tr\/wp-json\/wp\/v2\/pages\/34563\/revisions\/36228"}],"up":[{"embeddable":true,"href":"https:\/\/bnssghealthiertogether.org.uk\/tr\/wp-json\/wp\/v2\/pages\/32891"}],"wp:attachment":[{"href":"https:\/\/bnssghealthiertogether.org.uk\/tr\/wp-json\/wp\/v2\/media?parent=34563"}],"wp:term":[{"taxonomy":"post_tag","embeddable":true,"href":"https:\/\/bnssghealthiertogether.org.uk\/tr\/wp-json\/wp\/v2\/tags?post=34563"}],"curies":[{"name":"wp","href":"https:\/\/api.w.org\/{rel}","templated":true}]}}