{"id":34566,"date":"2024-11-26T16:51:41","date_gmt":"2024-11-26T16:51:41","guid":{"rendered":"https:\/\/bnssghealthiertogether.org.uk\/?page_id=34566"},"modified":"2025-01-19T20:24:13","modified_gmt":"2025-01-19T20:24:13","slug":"adapt-the-south-asian-dementia-diagnosis-pathway-an-online-toolkit-of-enhanced-interventions","status":"publish","type":"page","link":"https:\/\/bnssghealthiertogether.org.uk\/tr\/integrated-care-board\/research-and-evidence\/our-research-portfolio\/previously-supported-projects\/adapt-the-south-asian-dementia-diagnosis-pathway-an-online-toolkit-of-enhanced-interventions\/","title":{"rendered":"ADAPT: G\u00fcney Asya Demans Tan\u0131 Yolu \u2013 Geli\u015ftirilmi\u015f M\u00fcdahaleler \u0130\u00e7in \u00c7evrimi\u00e7i Bir Ara\u00e7 Seti"},"content":{"rendered":"<div class=\"assembler_default-group assembler_module_group assembler_default-group_1 assembler_module_group_1\"><div class=\"assembler_module_area assembler_module_area_1\"><div class=\"assembler_text-module assembler_module assembler_text-module_1 assembler_module_1  transparent\"><a tabindex=\"-1\" title=\"Mod\u00fcl-1 ba\u015fl\u0131kl\u0131 b\u00f6l\u00fcm\" id=\"module-1\" href=\"https:\/\/bnssghealthiertogether.org.uk\/tr\/wp-json\/wp\/v2\/pages\/34566\/#module-1\" class=\"anchor\"><span class=\"hidden\">Mod\u00fcl-1 ba\u015fl\u0131kl\u0131 b\u00f6l\u00fcm<\/span><\/a><!-- Template found for text-module - Template: template-text - Matched: _only --><section class=\"w-full mx-auto max-w-content pt-12 sm:pt-24 pb-12 sm:pb-24\">\r\n  <div class=\"entry-content w-full !px-0 max-w-small\">\r\n        <header class=\"local_header\">\n<div class=\"local_header__inner\">\n<h1 class=\"local_header__title\">ADAPT: G\u00fcney Asya Demans Tan\u0131 Yolu \u2013 Geli\u015ftirilmi\u015f M\u00fcdahaleler \u0130\u00e7in \u00c7evrimi\u00e7i Bir Ara\u00e7 Seti<\/h1>\n<\/div>\n<\/header>\n<article class=\"page_content\">\n<h2><\/h2>\n<h2 class=\"page_content__inner\">Finansman<\/h2>\n<\/article>\n<p>Ulusal Ara\u015ft\u0131rma Enstit\u00fcs\u00fc (NIHR) Hasta Yarar\u0131na Ara\u015ft\u0131rma (RfPB) Ref. NIHR200736<\/p>\n<h2>Ara\u015ft\u0131rma sorusu nedir?<\/h2>\n<p>G\u00fcney Asya k\u00f6kenli demans hastalar\u0131n\u0131n yerel ihtiya\u00e7lar\u0131n\u0131 kar\u015f\u0131lamak amac\u0131yla yetkililer, klinisyenler ve bak\u0131m ekipleri taraf\u0131ndan gerekti\u011finde kullan\u0131labilecek \u00e7evrimi\u00e7i bir ara\u00e7 setinin unsurlar\u0131n\u0131 belirlemek.<\/p>\n<h2>Sorun nedir?<\/h2>\n<p>Birle\u015fik Krall\u0131k&#039;ta Siyah, Asyal\u0131 ve di\u011fer Az\u0131nl\u0131k Etnik (BAME) topluluklar\u0131ndan yakla\u015f\u0131k 25.000 ki\u015fi demansla ya\u015f\u0131yor.<\/p>\n<p>\u00d6n\u00fcm\u00fczdeki otuz y\u0131l i\u00e7inde bu rakam h\u0131zla artacak ve BAME (Siyah, Asyal\u0131 ve Az\u0131nl\u0131k Etnik Gruplar) topluluklar\u0131ndan yakla\u015f\u0131k 150.000 ki\u015finin bunama hastal\u0131\u011f\u0131na yakalanmas\u0131 muhtemel g\u00f6r\u00fcn\u00fcyor.<\/p>\n<p>G\u00fcney Asya (Pakistanl\u0131, Hintli, Banglade\u015fli) toplulu\u011funun \u0130ngiltere&#039;deki en b\u00fcy\u00fck az\u0131nl\u0131k etnik grubu oldu\u011fu d\u00fc\u015f\u00fcn\u00fclmektedir.<\/p>\n<p>G\u00fcney Asyal\u0131lar\u0131n demans tan\u0131s\u0131 alma olas\u0131l\u0131\u011f\u0131, beyaz \u0130ngilizlere k\u0131yasla daha ge\u00e7 bir a\u015famada ve semptomlar\u0131 \u00e7ok daha \u015fiddetli oldu\u011funda konulmaktad\u0131r. Bu nedenle, onlara ila\u00e7 verilme veya demans i\u00e7in \u00f6nerilen tedavileri alma olas\u0131l\u0131klar\u0131 daha d\u00fc\u015f\u00fckt\u00fcr.<\/p>\n<p>Ald\u0131klar\u0131 destek konusunda da farkl\u0131l\u0131klar var. G\u00fcney Asyal\u0131lar genellikle demans konusunda e\u011fitimli olmayan personel taraf\u0131ndan y\u00f6netilen topluluk gruplar\u0131ndan destek almaya e\u011filimlidirler.<\/p>\n<p>T\u00fcm bu sorunlar, G\u00fcney Asyal\u0131lar\u0131n dezavantajl\u0131 durumda oldu\u011fu ve NHS (Ulusal Sa\u011fl\u0131k Sistemi) ile sosyal hizmetlerin onlar\u0131 her zaman uygun \u015fekilde desteklemedi\u011fi anlam\u0131na geliyor.<\/p>\n<h2>Ara\u015ft\u0131rman\u0131n amac\u0131 nedir?<\/h2>\n<p>Bu \u00e7al\u0131\u015fman\u0131n amac\u0131, demans hizmetlerinin G\u00fcney Asya halk\u0131n\u0131n ihtiya\u00e7lar\u0131n\u0131 kar\u015f\u0131lama bi\u00e7imini iyile\u015ftirmektir.<\/p>\n<p>Bunu, k\u00fclt\u00fcrel olarak uygun kaynaklardan olu\u015fan \u00e7evrimi\u00e7i bir ara\u00e7 seti olu\u015fturarak ve sa\u011fl\u0131k ve sosyal bak\u0131m profesyonellerinin i\u015f yerlerinde eri\u015febilece\u011fi ve kullanabilece\u011fi \u015fekilde tek bir yerde bir araya getirerek yapaca\u011f\u0131z.<\/p>\n<p>Yerel hizmetler, b\u00f6lgelerinin ihtiya\u00e7lar\u0131na en uygun ara\u00e7 setinin par\u00e7alar\u0131n\u0131 se\u00e7ebileceklerdir. Demans hizmetlerinin kullan\u0131m\u0131n\u0131 kolayla\u015ft\u0131rarak, insanlar daha erken bir a\u015famada te\u015fhis edilir ve bu nedenle daha fazla destek ve tedaviye eri\u015febilirler.<\/p>\n<h2>Bu nas\u0131l ba\u015far\u0131lacak?<\/h2>\n<p>Bu projenin ilk b\u00f6l\u00fcm\u00fc, demans hastal\u0131\u011f\u0131ndan etkilenen farkl\u0131 G\u00fcney Asya topluluklar\u0131ndan insanlarla g\u00f6r\u00fc\u015fmeyi ve demans\u0131 de\u011ferlendirmenin ve destek sa\u011flaman\u0131n en iyi yolunu bulmay\u0131 i\u00e7erecektir.<\/p>\n<p>Ard\u0131ndan, NHS ve topluluk gruplar\u0131n\u0131n en iyi nas\u0131l birlikte \u00e7al\u0131\u015fabilece\u011fini belirleyece\u011fiz.<\/p>\n<p>G\u00fcney Asyal\u0131 ki\u015filerin, \u00f6rne\u011fin hastane ortam\u0131nda terc\u00fcmanlarla nas\u0131l \u00e7al\u0131\u015f\u0131laca\u011f\u0131 gibi, G\u00fcney Asyal\u0131 topluluklarla \u00e7al\u0131\u015f\u0131rken &#039;en iyi uygulamalar&#039; hakk\u0131nda konu\u015ftu\u011fu video klipler olu\u015fturaca\u011f\u0131z.<\/p>\n<p>T\u00fcm bu kaynaklar\u0131 bir araya getirerek \u00e7evrimi\u00e7i bir ara\u00e7 seti olu\u015fturaca\u011f\u0131z. Ard\u0131ndan bulgular\u0131m\u0131z\u0131 sosyal medya arac\u0131l\u0131\u011f\u0131yla payla\u015facak ve Bristol, Bradford ve Wolverhampton&#039;da etkinlikler d\u00fczenleyece\u011fiz.<\/p>\n<h2>Ara\u015ft\u0131rmay\u0131 kim y\u00fcr\u00fct\u00fcyor?<\/h2>\n<p>Prof. Richard Cheston, Demans Ara\u015ft\u0131rmalar\u0131 Profes\u00f6r\u00fc, Sa\u011fl\u0131k ve Klinik Ara\u015ft\u0131rma Merkezi, Bat\u0131 \u0130ngiltere \u00dcniversitesi.<\/p>\n<p>Dr. Sahdia Parveen, Bradford \u00dcniversitesi Uygulamal\u0131 Demans \u00c7al\u0131\u015fmalar\u0131 Merkezi&#039;nde K\u0131demli Ara\u015ft\u0131rma G\u00f6revlisi.<\/p>\n<h2>Daha fazla bilgi:<\/h2>\n<p><a href=\"https:\/\/www.bristolhealthpartners.org.uk\/health-integration-teams\/dementia-hit\/research\/\" target=\"_blank\" rel=\"nofollow noopener\">Bu ara\u015ft\u0131rma hakk\u0131nda<\/a><\/p>\n<p>Daha fazla bilgi almak veya bu projeye kat\u0131lmak i\u00e7in l\u00fctfen e-posta g\u00f6nderin. <a href=\"mailto:bnssg.research@nhs.net\" target=\"_blank\" rel=\"noopener\">bnssg.research@nhs.net<\/a>.<\/p>\n<p>Burada ifade edilen g\u00f6r\u00fc\u015fler yazar(lar)a aittir ve NIHR veya Sa\u011fl\u0131k ve Sosyal Bak\u0131m Bakanl\u0131\u011f\u0131&#039;n\u0131n g\u00f6r\u00fc\u015flerini yans\u0131tmayabilir.<\/p>\n  <\/div>\r\n  <\/section><\/div><!-- .assembler_text-module.assembler_module.assembler_text-module_1.assembler_module_1..transparent --><\/div><!-- .assembler_module_area.assembler_module_area_1 --><\/div><!-- .assembler_default-group.assembler_module_group.assembler_default-group_1.assembler_module_group_1  -->","protected":false},"excerpt":{"rendered":"<p>Section titled module-1 ADAPT: The south Asian Dementia diAgnosis PaThway &#8211; an online toolkit of enhanced interventions Funding National Institute for Research (NIHR) Research for Patient Benefit (RfPB) Ref. NIHR200736 What is the research question? To identify the elements of an online toolkit that can be drawn on as necessary by commissioners, clinicians and care [&hellip;]<\/p>\n","protected":false},"author":1,"featured_media":0,"parent":32891,"menu_order":0,"comment_status":"closed","ping_status":"closed","template":"","meta":{"_acf_changed":false,"footnotes":""},"tags":[],"class_list":["post-34566","page","type-page","status-publish","hentry"],"acf":[],"_links":{"self":[{"href":"https:\/\/bnssghealthiertogether.org.uk\/tr\/wp-json\/wp\/v2\/pages\/34566","targetHints":{"allow":["GET"]}}],"collection":[{"href":"https:\/\/bnssghealthiertogether.org.uk\/tr\/wp-json\/wp\/v2\/pages"}],"about":[{"href":"https:\/\/bnssghealthiertogether.org.uk\/tr\/wp-json\/wp\/v2\/types\/page"}],"author":[{"embeddable":true,"href":"https:\/\/bnssghealthiertogether.org.uk\/tr\/wp-json\/wp\/v2\/users\/1"}],"replies":[{"embeddable":true,"href":"https:\/\/bnssghealthiertogether.org.uk\/tr\/wp-json\/wp\/v2\/comments?post=34566"}],"version-history":[{"count":3,"href":"https:\/\/bnssghealthiertogether.org.uk\/tr\/wp-json\/wp\/v2\/pages\/34566\/revisions"}],"predecessor-version":[{"id":36229,"href":"https:\/\/bnssghealthiertogether.org.uk\/tr\/wp-json\/wp\/v2\/pages\/34566\/revisions\/36229"}],"up":[{"embeddable":true,"href":"https:\/\/bnssghealthiertogether.org.uk\/tr\/wp-json\/wp\/v2\/pages\/32891"}],"wp:attachment":[{"href":"https:\/\/bnssghealthiertogether.org.uk\/tr\/wp-json\/wp\/v2\/media?parent=34566"}],"wp:term":[{"taxonomy":"post_tag","embeddable":true,"href":"https:\/\/bnssghealthiertogether.org.uk\/tr\/wp-json\/wp\/v2\/tags?post=34566"}],"curies":[{"name":"wp","href":"https:\/\/api.w.org\/{rel}","templated":true}]}}