{"id":34577,"date":"2024-11-26T16:53:35","date_gmt":"2024-11-26T16:53:35","guid":{"rendered":"https:\/\/bnssghealthiertogether.org.uk\/?page_id=34577"},"modified":"2025-01-19T20:53:37","modified_gmt":"2025-01-19T20:53:37","slug":"coac-using-health-information-systems-to-address-patient-concerns-in-gp-consultations-a-feasibility-study","status":"publish","type":"page","link":"https:\/\/bnssghealthiertogether.org.uk\/tr\/integrated-care-board\/research-and-evidence\/our-research-portfolio\/previously-supported-projects\/coac-using-health-information-systems-to-address-patient-concerns-in-gp-consultations-a-feasibility-study\/","title":{"rendered":"COAC: Aile hekimli\u011fi g\u00f6r\u00fc\u015fmelerinde hasta endi\u015felerini gidermek i\u00e7in sa\u011fl\u0131k bilgi sistemlerinin kullan\u0131m\u0131: bir fizibilite \u00e7al\u0131\u015fmas\u0131"},"content":{"rendered":"<div class=\"assembler_default-group assembler_module_group assembler_default-group_1 assembler_module_group_1\"><div class=\"assembler_module_area assembler_module_area_1\"><div class=\"assembler_text-module assembler_module assembler_text-module_1 assembler_module_1  transparent\"><a tabindex=\"-1\" title=\"Mod\u00fcl-1 ba\u015fl\u0131kl\u0131 b\u00f6l\u00fcm\" id=\"module-1\" href=\"https:\/\/bnssghealthiertogether.org.uk\/tr\/wp-json\/wp\/v2\/pages\/34577\/#module-1\" class=\"anchor\"><span class=\"hidden\">Mod\u00fcl-1 ba\u015fl\u0131kl\u0131 b\u00f6l\u00fcm<\/span><\/a><!-- Template found for text-module - Template: template-text - Matched: _only --><section class=\"w-full mx-auto max-w-content pt-12 sm:pt-24 pb-12 sm:pb-24\">\r\n  <div class=\"entry-content w-full !px-0 max-w-small\">\r\n        <header class=\"local_header\">\n<div class=\"local_header__inner\">\n<h1 class=\"local_header__title\">COAC: Aile hekimli\u011fi g\u00f6r\u00fc\u015fmelerinde hasta endi\u015felerini gidermek i\u00e7in sa\u011fl\u0131k bilgi sistemlerinin kullan\u0131m\u0131: bir fizibilite \u00e7al\u0131\u015fmas\u0131<\/h1>\n<\/div>\n<\/header>\n<article class=\"page_content\">\n<h2><\/h2>\n<h2 class=\"page_content__inner\">Finansman<\/h2>\n<\/article>\n<p>Ulusal Sa\u011fl\u0131k Enstit\u00fcs\u00fc (NIHR) Hasta Yarar\u0131na Ara\u015ft\u0131rma (RfPB) Ref. PB-PG-1217-20012<\/p>\n<h2>Ara\u015ft\u0131rma sorusu nedir?<\/h2>\n<p>Genel t\u0131p prati\u011finde hastalar\u0131n endi\u015felerini daha kapsaml\u0131 bir \u015fekilde ele almak \u00fczere tasarlanm\u0131\u015f karma\u015f\u0131k bir m\u00fcdahale geli\u015ftirip test edebilir miyiz?<\/p>\n<h2>Sorun nedir?<\/h2>\n<p>Birinci basamak sa\u011fl\u0131k hizmeti g\u00f6r\u00fc\u015fmelerinin 1&#039;ine kadar\u0131nda sorunlar g\u00f6zden ka\u00e7abiliyor. Bunun nedeni, hastalar\u0131n t\u00fcm sorunlar\u0131n\u0131 anlatmalar\u0131 i\u00e7in yeterli zaman olmamas\u0131 veya a\u00e7\u0131klamaya ba\u015flad\u0131klar\u0131nda pratisyen hekim taraf\u0131ndan s\u00f6zlerinin kesilmesi olabilir.<\/p>\n<p>Bazen hastalar, kons\u00fcltasyon sonras\u0131nda verilen tavsiyeler konusunda veya sorunlar\u0131 k\u00f6t\u00fcle\u015firse ne yapmalar\u0131 gerekti\u011fi konusunda net bir fikre sahip olamayabiliyorlar. Bu durum hastalar i\u00e7in \u00fcz\u00fcc\u00fc olabilir, sa\u011fl\u0131k sorunlar\u0131na yol a\u00e7abilir veya hastalar\u0131n endi\u015felerini gidermek i\u00e7in tekrar muayene olmalar\u0131 nedeniyle NHS (Ulusal Sa\u011fl\u0131k Sistemi) maliyetlerini art\u0131rabilir.<\/p>\n<p>Muayene \u00fccretlerini sadece 11.300 TL azaltmak, NHS&#039;ye 100 milyon sterlinin \u00fczerinde tasarruf sa\u011flayabilir. Ak\u0131ll\u0131 telefonlar\u0131n ve aile hekimlerinin SMS teknolojisinin yayg\u0131n kullan\u0131m\u0131, daha verimli bilgi payla\u015f\u0131m\u0131 yoluyla bu sorunu \u00e7\u00f6zmek i\u00e7in bir f\u0131rsat sunmaktad\u0131r.<\/p>\n<h2>Ara\u015ft\u0131rman\u0131n amac\u0131 nedir?<\/h2>\n<p>Bu \u00e7al\u0131\u015fma, genel t\u0131p prati\u011finde hastalar\u0131n endi\u015felerini daha kapsaml\u0131 bir \u015fekilde ele alacak bir y\u00f6ntem geli\u015ftirmeyi ve test etmeyi ama\u00e7lamaktad\u0131r.<\/p>\n<p>Bu s\u00fcre\u00e7te hastalar, aile hekimiyle g\u00f6r\u00fc\u015fmeden \u00f6nce endi\u015feleriyle ilgili elektronik bir anket dolduracak, bu anket aile hekimiyle payla\u015f\u0131lacak ve g\u00f6r\u00fc\u015fme sonunda yazd\u0131r\u0131labilir bir tavsiye \u00f6zeti alacaklard\u0131r.<\/p>\n<p>Ba\u015far\u0131l\u0131 olmas\u0131 durumunda, bu ara\u015ft\u0131rma yeni kons\u00fcltasyon y\u00f6ntemini alan hastalar i\u00e7in bak\u0131m\u0131 iyile\u015ftirecek ve ayn\u0131 sorun i\u00e7in tekrar kons\u00fcltasyon oranlar\u0131n\u0131 azaltacakt\u0131r.<\/p>\n<h2>Bu nas\u0131l ba\u015far\u0131lacak?<\/h2>\n<p>\u0130ki ara\u015ft\u0131rma yapaca\u011f\u0131z.<\/p>\n<p>1. \u00e7al\u0131\u015fmada iki teknoloji ve s\u00fcre\u00e7 geli\u015ftirece\u011fiz. \u0130lk olarak, hastalar\u0131n muayeneden \u00f6nce ak\u0131ll\u0131 telefon\/bilgisayar \u00fczerinden dolduracaklar\u0131 bir anket tasarlayaca\u011f\u0131z. Muayene nedenlerini ve di\u011fer sa\u011fl\u0131k sorunlar\u0131n\u0131 belirleyecek olan bu anket, muayeneden \u00f6nce pratisyen hekimle payla\u015f\u0131lacakt\u0131r. Bu, aksi takdirde g\u00fcndeme gelmeyecek olan hastay\u0131 rahats\u0131z eden sorunlar\u0131 da i\u00e7erebilir. \u0130kinci teknoloji ise, muayenenin sonunda hastaya verilecek, ortaya \u00e7\u0131kan sorunlar\u0131, verilen tavsiyeleri ve gerekli takibi i\u00e7eren bir rapor olacakt\u0131r. Bu, hasta ve pratisyen hekim aras\u0131nda ortak bir anlay\u0131\u015f sa\u011flayacak ve hastan\u0131n verilen tavsiyeleri hat\u0131rlamas\u0131na yard\u0131mc\u0131 olacakt\u0131r.<\/p>\n<p>2. \u00e7al\u0131\u015fmada, bu teknolojileri 72 hasta ile yap\u0131lan kons\u00fcltasyonlarda test edece\u011fiz. Aile hekimlerinden kons\u00fcltasyondan \u00f6nce anket bilgilerini okumalar\u0131 ve kons\u00fcltasyonun sonunda bas\u0131l\u0131 raporu vermeleri istenecek. Yeni y\u00f6ntemi de\u011ferlendirmek i\u00e7in, bu 72 hasta i\u00e7in kons\u00fcltasyonun ne kadar iyi sonu\u00e7 verdi\u011fine dair bilgi toplayaca\u011f\u0131z. \u0130ki grubu kar\u015f\u0131la\u015ft\u0131rabilmek i\u00e7in, yeni y\u00f6ntem kullan\u0131lmadan kons\u00fcltasyon yap\u0131lan 36 hastadan da ayn\u0131 bilgileri toplayaca\u011f\u0131z. Bu y\u00f6ntem ba\u015far\u0131l\u0131 olursa, daha b\u00fcy\u00fck bir \u00f6rneklemde test etmek i\u00e7in fon aray\u0131\u015f\u0131na girece\u011fiz.<\/p>\n<h2>Ara\u015ft\u0131rmay\u0131 kim y\u00fcr\u00fct\u00fcyor?<\/h2>\n<p>Dr. Mairead Murphy, Ara\u015ft\u0131rma G\u00f6revlisi, Halk Sa\u011fl\u0131\u011f\u0131 Bilimleri, Akademik Birinci Basamak Sa\u011fl\u0131k Hizmetleri Merkezi, Bristol \u00dcniversitesi.<\/p>\n<h2>Daha fazla bilgi:<\/h2>\n<p><a href=\"http:\/\/www.bristol.ac.uk\/primaryhealthcare\/researchthemes\/coac-study\/\" target=\"_blank\" rel=\"nofollow noopener\">COAC \u00c7al\u0131\u015fmas\u0131<\/a><\/p>\n<p>Daha fazla bilgi almak veya bu projeye kat\u0131lmak i\u00e7in l\u00fctfen e-posta g\u00f6nderin. <a href=\"mailto:bnssg.research@nhs.net\" target=\"_blank\" rel=\"noopener\">bnssg.research@nhs.net<\/a>.<\/p>\n<p>Burada ifade edilen g\u00f6r\u00fc\u015fler yazar(lar)a aittir ve NIHR veya Sa\u011fl\u0131k ve Sosyal Bak\u0131m Bakanl\u0131\u011f\u0131&#039;n\u0131n g\u00f6r\u00fc\u015flerini yans\u0131tmayabilir.<\/p>\n  <\/div>\r\n  <\/section><\/div><!-- .assembler_text-module.assembler_module.assembler_text-module_1.assembler_module_1..transparent --><\/div><!-- .assembler_module_area.assembler_module_area_1 --><\/div><!-- .assembler_default-group.assembler_module_group.assembler_default-group_1.assembler_module_group_1  -->","protected":false},"excerpt":{"rendered":"<p>Section titled module-1 COAC: Using health information systems to address patient concerns in GP consultations: a feasibility study Funding National Institute for Health (NIHR) Research for Patient Benefit (RfPB) Ref. PB-PG-1217-20012 What is the research question? Can we develop and test a complex intervention designed to more comprehensively address patients\u2019 concerns in general practice? What [&hellip;]<\/p>\n","protected":false},"author":1,"featured_media":0,"parent":32891,"menu_order":0,"comment_status":"closed","ping_status":"closed","template":"","meta":{"_acf_changed":false,"footnotes":""},"tags":[],"class_list":["post-34577","page","type-page","status-publish","hentry"],"acf":[],"_links":{"self":[{"href":"https:\/\/bnssghealthiertogether.org.uk\/tr\/wp-json\/wp\/v2\/pages\/34577","targetHints":{"allow":["GET"]}}],"collection":[{"href":"https:\/\/bnssghealthiertogether.org.uk\/tr\/wp-json\/wp\/v2\/pages"}],"about":[{"href":"https:\/\/bnssghealthiertogether.org.uk\/tr\/wp-json\/wp\/v2\/types\/page"}],"author":[{"embeddable":true,"href":"https:\/\/bnssghealthiertogether.org.uk\/tr\/wp-json\/wp\/v2\/users\/1"}],"replies":[{"embeddable":true,"href":"https:\/\/bnssghealthiertogether.org.uk\/tr\/wp-json\/wp\/v2\/comments?post=34577"}],"version-history":[{"count":3,"href":"https:\/\/bnssghealthiertogether.org.uk\/tr\/wp-json\/wp\/v2\/pages\/34577\/revisions"}],"predecessor-version":[{"id":36234,"href":"https:\/\/bnssghealthiertogether.org.uk\/tr\/wp-json\/wp\/v2\/pages\/34577\/revisions\/36234"}],"up":[{"embeddable":true,"href":"https:\/\/bnssghealthiertogether.org.uk\/tr\/wp-json\/wp\/v2\/pages\/32891"}],"wp:attachment":[{"href":"https:\/\/bnssghealthiertogether.org.uk\/tr\/wp-json\/wp\/v2\/media?parent=34577"}],"wp:term":[{"taxonomy":"post_tag","embeddable":true,"href":"https:\/\/bnssghealthiertogether.org.uk\/tr\/wp-json\/wp\/v2\/tags?post=34577"}],"curies":[{"name":"wp","href":"https:\/\/api.w.org\/{rel}","templated":true}]}}