{"id":34585,"date":"2024-11-26T16:54:44","date_gmt":"2024-11-26T16:54:44","guid":{"rendered":"https:\/\/bnssghealthiertogether.org.uk\/?page_id=34585"},"modified":"2025-01-19T21:02:35","modified_gmt":"2025-01-19T21:02:35","slug":"implementation-of-flash-glucose-monitoring-in-four-paediatric-diabetes-clinics-before-and-after-study-to-produce-real-world-evidence-of-patient-benefit","status":"publish","type":"page","link":"https:\/\/bnssghealthiertogether.org.uk\/tr\/integrated-care-board\/research-and-evidence\/our-research-portfolio\/previously-supported-projects\/implementation-of-flash-glucose-monitoring-in-four-paediatric-diabetes-clinics-before-and-after-study-to-produce-real-world-evidence-of-patient-benefit\/","title":{"rendered":"D\u00f6rt \u00e7ocuk diyabet klini\u011finde fla\u015f glukoz izleme sisteminin uygulanmas\u0131 \u2013 hastalara sa\u011flad\u0131\u011f\u0131 faydan\u0131n ger\u00e7ek d\u00fcnya verilerini ortaya koymak i\u00e7in \u00f6ncesi ve sonras\u0131 \u00e7al\u0131\u015fma."},"content":{"rendered":"<div class=\"assembler_default-group assembler_module_group assembler_default-group_1 assembler_module_group_1\"><div class=\"assembler_module_area assembler_module_area_1\"><div class=\"assembler_text-module assembler_module assembler_text-module_1 assembler_module_1  transparent\"><a tabindex=\"-1\" title=\"Mod\u00fcl-1 ba\u015fl\u0131kl\u0131 b\u00f6l\u00fcm\" id=\"module-1\" href=\"https:\/\/bnssghealthiertogether.org.uk\/tr\/wp-json\/wp\/v2\/pages\/34585\/#module-1\" class=\"anchor\"><span class=\"hidden\">Mod\u00fcl-1 ba\u015fl\u0131kl\u0131 b\u00f6l\u00fcm<\/span><\/a><!-- Template found for text-module - Template: template-text - Matched: _only --><section class=\"w-full mx-auto max-w-content pt-12 sm:pt-24 pb-12 sm:pb-24\">\r\n  <div class=\"entry-content w-full !px-0 max-w-small\">\r\n        <h1>D\u00f6rt \u00e7ocuk diyabet klini\u011finde fla\u015f glukoz izleme sisteminin uygulanmas\u0131 \u2013 hastalara sa\u011flad\u0131\u011f\u0131 faydan\u0131n ger\u00e7ek d\u00fcnya verilerini ortaya koymak i\u00e7in \u00f6ncesi ve sonras\u0131 \u00e7al\u0131\u015fma.<\/h1>\n<h2>Finansman<\/h2>\n<p>Ulusal Sa\u011fl\u0131k Enstit\u00fcs\u00fc (NIHR) Hasta Yarar\u0131na Ara\u015ft\u0131rma (RfPB) Ref. NIHR201085<\/p>\n<h2>Ara\u015ft\u0131rma sorusu nedir?<\/h2>\n<p>Buradaki temel ama\u00e7, diyabetli gen\u00e7lere ve ailelerine y\u00f6nelik bak\u0131m hizmetlerinin iyile\u015ftirilmesini sa\u011flayacak bir k\u0131lavuz olu\u015fturmakt\u0131r.<\/p>\n<p>Bu k\u0131lavuzun amac\u0131, bu hasta grubunda Libre&#039;nin de\u011ferine ili\u015fkin bir de\u011ferlendirme sunmak ve hastalara ve sa\u011fl\u0131k personeline Libre kullan\u0131m\u0131 hakk\u0131nda pratik bilgiler sa\u011flamakt\u0131r.<\/p>\n<h2>Sorun nedir?<\/h2>\n<p>Tip 1 diyabet, \u00e7ocuklarda en s\u0131k g\u00f6r\u00fclen diyabet t\u00fcr\u00fcd\u00fcr ve v\u00fccudun ins\u00fclin \u00fcretmemesi durumunda ortaya \u00e7\u0131kar.<\/p>\n<p>Tip 1 diyabet hastalar\u0131n\u0131n ins\u00fclin enjekte etmeleri ve kanlar\u0131ndaki \u015feker seviyelerini izlemeleri gerekir. \u00c7\u00fcnk\u00fc y\u00fcksek veya d\u00fc\u015f\u00fck kan \u015fekeri, kan \u015fekerinin \u00e7ok d\u00fc\u015f\u00fck olmas\u0131 durumunda hipoglisemiye veya kan \u015fekerinin tehlikeli derecede y\u00fcksek veya d\u00fc\u015f\u00fck olmas\u0131 durumunda ya\u015fam\u0131 tehdit eden komaya yol a\u00e7abilecek ciddi sorunlara h\u0131zla neden olabilir.<\/p>\n<p>Kan \u015fekerini sa\u011fl\u0131kl\u0131 bir aral\u0131kta tutmak, uzun vadeli sa\u011fl\u0131k sorunlar\u0131ndan ka\u00e7\u0131nmak i\u00e7in de \u00f6nemlidir.<\/p>\n<p>Bir\u00e7ok gen\u00e7 i\u00e7in kan \u015fekeri seviyelerini takip etmek, s\u0131k s\u0131k yap\u0131lan ve ac\u0131 veren parmak ucundan kan alma testleri anlam\u0131na gelir.<\/p>\n<p>Kol \u00fcst\u00fcne tak\u0131lan ve \u015feker seviyelerini izleyen yeni bir sens\u00f6r\u00fcn daha iyi sonu\u00e7 verip vermedi\u011fini \u00f6\u011frenmek istiyoruz. Bu y\u00f6nteme &#039;h\u0131zl\u0131 izleme&#039; deniyor ve \u015fu anda NHS&#039;de (\u0130ngiliz Ulusal Sa\u011fl\u0131k Sistemi) yaln\u0131zca Freestyle Libre (Libre) adl\u0131 tek bir h\u0131zl\u0131 izleme cihaz\u0131 mevcut.<\/p>\n<p>Libre, 2 sterlinlik bir madeni para b\u00fcy\u00fckl\u00fc\u011f\u00fcnde olup, cilt h\u00fccrelerini \u00e7evreleyen s\u0131v\u0131da bulunan \u015feker seviyelerini alg\u0131layan ince bir tele sahiptir. El tipi bir okuyucu veya ak\u0131ll\u0131 telefon sens\u00f6r\u00fcn \u00fczerinde gezdirilerek anl\u0131k bir &quot;fla\u015f&quot; okumas\u0131 al\u0131nabilir. Bu, gence\/ebeveynine \u015feker seviyesinin g\u00fcvenli olup olmad\u0131\u011f\u0131n\u0131 bildirir.<\/p>\n<p>Libre&#039;den elde edilen t\u00fcm veriler bilgisayara g\u00f6nderilebilir ve kliniklerde tedavi kararlar\u0131n\u0131 y\u00f6nlendirmek i\u00e7in kullan\u0131labilir.<\/p>\n<h2>Ara\u015ft\u0131rman\u0131n amac\u0131 nedir?<\/h2>\n<p>Libre cihaz\u0131n\u0131 parmak ucundan al\u0131nan kan \u015fekeri \u00f6l\u00e7\u00fcm\u00fcyle kar\u015f\u0131la\u015ft\u0131rarak, \u00e7ocuklarda uzun vadeli kan \u015fekeri kontrol\u00fcn\u00fc iyile\u015ftirip iyile\u015ftirmedi\u011fini ve hastaneye yat\u0131\u015flar\u0131 azalt\u0131p azaltmad\u0131\u011f\u0131n\u0131 g\u00f6rmek istiyoruz.<\/p>\n<h2>Bu nas\u0131l ba\u015far\u0131lacak?<\/h2>\n<p>Bunu yapmak i\u00e7in, Libre&#039;ye ba\u015flamadan 12 ay \u00f6nce ve ba\u015flad\u0131ktan 12 ay sonraki \u00e7ocuk diyabet klini\u011fi randevular\u0131ndan toplanan bilgileri kullanaca\u011f\u0131z.<\/p>\n<p>Ayr\u0131ca gen\u00e7lerin, ebeveynlerin, doktorlar\u0131n ve hem\u015firelerin Libre hakk\u0131nda ne d\u00fc\u015f\u00fcnd\u00fcklerini de \u00f6\u011frenmek istiyoruz. Bunun NHS i\u00e7in maliyet etkinli\u011fi sa\u011flay\u0131p sa\u011flamad\u0131\u011f\u0131n\u0131 g\u00f6rece\u011fiz.<\/p>\n<p>Bu \u00e7al\u0131\u015fma, G\u00fcney Bat\u0131&#039;daki d\u00f6rt diyabet hizmetine odaklanacakt\u0131r: Bristol, Plymouth, Exeter ve Swindon.<\/p>\n<h2>Ara\u015ft\u0131rmay\u0131 kim y\u00fcr\u00fct\u00fcyor?<\/h2>\n<p>Dr. Rebecca Kandiyali, Bristol \u00dcniversitesi Halk Sa\u011fl\u0131\u011f\u0131 Bilimleri B\u00f6l\u00fcm\u00fc Sa\u011fl\u0131k Ekonomik De\u011ferlendirme Ara\u015ft\u0131rma G\u00f6revlisi.<\/p>\n<h2>Daha fazla bilgi<\/h2>\n<p><a href=\"http:\/\/research-information.bris.ac.uk\/en\/persons\/rebecca-kandiyali\" target=\"_blank\" rel=\"nofollow noopener\">Rebecca Kandiyali hakk\u0131nda<\/a><\/p>\n<p>Daha fazla bilgi almak veya bu projeye kat\u0131lmak i\u00e7in l\u00fctfen e-posta g\u00f6nderin. <a href=\"mailto:bnssg.research@nhs.net\" target=\"_blank\" rel=\"noopener\">bnssg.research@nhs.net<\/a>.<\/p>\n<p>Burada ifade edilen g\u00f6r\u00fc\u015fler yazar(lar)a aittir ve NIHR veya Sa\u011fl\u0131k ve Sosyal Bak\u0131m Bakanl\u0131\u011f\u0131&#039;n\u0131n g\u00f6r\u00fc\u015flerini yans\u0131tmayabilir.<\/p>\n  <\/div>\r\n  <\/section><\/div><!-- .assembler_text-module.assembler_module.assembler_text-module_1.assembler_module_1..transparent --><\/div><!-- .assembler_module_area.assembler_module_area_1 --><\/div><!-- .assembler_default-group.assembler_module_group.assembler_default-group_1.assembler_module_group_1  -->","protected":false},"excerpt":{"rendered":"<p>Section titled module-1 Implementation of flash glucose monitoring in four paediatric diabetes clinics \u2013 before and after study to produce real world evidence of patient benefit Funding National Institute for Health (NIHR) Research for Patient Benefit (RfPB) Ref. NIHR201085 What is the research question? The overarching aim will be to establish guidance which will improve [&hellip;]<\/p>\n","protected":false},"author":1,"featured_media":0,"parent":32891,"menu_order":0,"comment_status":"closed","ping_status":"closed","template":"","meta":{"_acf_changed":false,"footnotes":""},"tags":[],"class_list":["post-34585","page","type-page","status-publish","hentry"],"acf":[],"_links":{"self":[{"href":"https:\/\/bnssghealthiertogether.org.uk\/tr\/wp-json\/wp\/v2\/pages\/34585","targetHints":{"allow":["GET"]}}],"collection":[{"href":"https:\/\/bnssghealthiertogether.org.uk\/tr\/wp-json\/wp\/v2\/pages"}],"about":[{"href":"https:\/\/bnssghealthiertogether.org.uk\/tr\/wp-json\/wp\/v2\/types\/page"}],"author":[{"embeddable":true,"href":"https:\/\/bnssghealthiertogether.org.uk\/tr\/wp-json\/wp\/v2\/users\/1"}],"replies":[{"embeddable":true,"href":"https:\/\/bnssghealthiertogether.org.uk\/tr\/wp-json\/wp\/v2\/comments?post=34585"}],"version-history":[{"count":3,"href":"https:\/\/bnssghealthiertogether.org.uk\/tr\/wp-json\/wp\/v2\/pages\/34585\/revisions"}],"predecessor-version":[{"id":36238,"href":"https:\/\/bnssghealthiertogether.org.uk\/tr\/wp-json\/wp\/v2\/pages\/34585\/revisions\/36238"}],"up":[{"embeddable":true,"href":"https:\/\/bnssghealthiertogether.org.uk\/tr\/wp-json\/wp\/v2\/pages\/32891"}],"wp:attachment":[{"href":"https:\/\/bnssghealthiertogether.org.uk\/tr\/wp-json\/wp\/v2\/media?parent=34585"}],"wp:term":[{"taxonomy":"post_tag","embeddable":true,"href":"https:\/\/bnssghealthiertogether.org.uk\/tr\/wp-json\/wp\/v2\/tags?post=34585"}],"curies":[{"name":"wp","href":"https:\/\/api.w.org\/{rel}","templated":true}]}}