{"id":34591,"date":"2024-11-26T16:55:39","date_gmt":"2024-11-26T16:55:39","guid":{"rendered":"https:\/\/bnssghealthiertogether.org.uk\/?page_id=34591"},"modified":"2025-01-19T21:10:40","modified_gmt":"2025-01-19T21:10:40","slug":"tech-for-better-care-personalised-community-medication-support-and-management-project","status":"publish","type":"page","link":"https:\/\/bnssghealthiertogether.org.uk\/tr\/integrated-care-board\/research-and-evidence\/our-research-portfolio\/previously-supported-projects\/tech-for-better-care-personalised-community-medication-support-and-management-project\/","title":{"rendered":"Daha \u0130yi Bak\u0131m i\u00e7in Teknoloji: Ki\u015fiselle\u015ftirilmi\u015f topluluk temelli ila\u00e7 deste\u011fi ve y\u00f6netim projesi."},"content":{"rendered":"<div class=\"assembler_default-group assembler_module_group assembler_default-group_1 assembler_module_group_1\"><div class=\"assembler_module_area assembler_module_area_1\"><div class=\"assembler_text-module assembler_module assembler_text-module_1 assembler_module_1  transparent\"><a tabindex=\"-1\" title=\"Mod\u00fcl-1 ba\u015fl\u0131kl\u0131 b\u00f6l\u00fcm\" id=\"module-1\" href=\"https:\/\/bnssghealthiertogether.org.uk\/tr\/wp-json\/wp\/v2\/pages\/34591\/#module-1\" class=\"anchor\"><span class=\"hidden\">Mod\u00fcl-1 ba\u015fl\u0131kl\u0131 b\u00f6l\u00fcm<\/span><\/a><!-- Template found for text-module - Template: template-text - Matched: _only --><section class=\"w-full mx-auto max-w-content pt-12 sm:pt-24 pb-12 sm:pb-24\">\r\n  <div class=\"entry-content w-full !px-0 max-w-small\">\r\n        <h1>Daha \u0130yi Bak\u0131m i\u00e7in Teknoloji: Ki\u015fiselle\u015ftirilmi\u015f topluluk ila\u00e7 deste\u011fi ve y\u00f6netim projesi<\/h1>\n<h2><strong>Finansman<\/strong><\/h2>\n<p>Bu proje, Sa\u011fl\u0131k Vakf\u0131&#039;n\u0131n Daha \u0130yi Bak\u0131m i\u00e7in Teknoloji fonlama program\u0131 (FR-0004830) taraf\u0131ndan finanse edilmektedir.<\/p>\n<h2><strong>Ara\u015ft\u0131rma sorusu nedir?<\/strong><\/h2>\n<p>Bu, Sa\u011fl\u0131k Vakf\u0131 taraf\u0131ndan finanse edilen bir projenin birinci a\u015famas\u0131 olup, insanlar\u0131n ila\u00e7lar\u0131n\u0131 y\u00f6netmede kar\u015f\u0131la\u015ft\u0131klar\u0131 zorluklar\u0131 anlamaya ve yerel sa\u011fl\u0131k ve bak\u0131m sa\u011flay\u0131c\u0131lar\u0131 taraf\u0131ndan sunulan ila\u00e7 desteklerini g\u00f6zden ge\u00e7irmeye odaklanan bir ke\u015fif \u00e7al\u0131\u015fmas\u0131d\u0131r.<\/p>\n<h2><strong>Sorun nedir?<\/strong><\/h2>\n<p>Ya\u015fam beklentisinin artmas\u0131, bir\u00e7ok ya\u015fl\u0131 yeti\u015fkinin hipertansiyon, diyabet, artrit, bunama veya kardiyovask\u00fcler hastal\u0131k gibi uzun s\u00fcreli rahats\u0131zl\u0131klar geli\u015ftirece\u011fi anlam\u0131na gelir.<\/p>\n<p>Sonu\u00e7 olarak, ya\u015fl\u0131 yeti\u015fkinlere genellikle 6 veya daha fazla ila\u00e7 re\u00e7ete edilir. Bu durumda, hastan\u0131n re\u00e7ete edilen ilac\u0131n dozuna ve doz aral\u0131\u011f\u0131na ne \u00f6l\u00e7\u00fcde uydu\u011fu anlam\u0131na gelen uyum, b\u00fcy\u00fck bir zorluk haline gelir.<\/p>\n<p>Yap\u0131lan \u00e7al\u0131\u015fmalar, 79 ya\u015f \u00fcst\u00fc yeti\u015fkinlerin 24% dozaj rejimini anlamayabilece\u011fini g\u00f6stermi\u015ftir.<\/p>\n<p>\u0130la\u00e7 kullan\u0131m\u0131na uyumsuzluk, zay\u0131f haf\u0131za, artan ila\u00e7 say\u0131s\u0131 ve ya\u015fa ba\u011fl\u0131 duyusal de\u011fi\u015fikliklerle ili\u015fkilidir; di\u011fer \u00f6ng\u00f6r\u00fcc\u00fc fakt\u00f6rler aras\u0131nda bili\u015fsel yetenek ve e\u011fitim d\u00fczeyi yer almaktad\u0131r.<\/p>\n<p>\u0130la\u00e7 kullan\u0131m\u0131na yard\u0131mc\u0131 ara\u00e7lar\u0131n kullan\u0131ma girmesine ra\u011fmen, ya\u015fl\u0131 yeti\u015fkinlerde ila\u00e7 kullan\u0131m\u0131na uyumsuzluk oran\u0131n\u0131n 1&#039;e kadar \u00e7\u0131kabilece\u011fi tahmin edilmektedir.<\/p>\n<p>Tedaviye uyumsuzlu\u011fun gizli ekonomik maliyetleri \u00e7ok b\u00fcy\u00fckt\u00fcr; bu sadece bo\u015fa giden re\u00e7etelerle s\u0131n\u0131rl\u0131 kalmay\u0131p, daha da \u00f6nemlisi hastal\u0131k y\u00fck\u00fcn\u00fcn artmas\u0131yla da kendini g\u00f6sterir.<\/p>\n<p>Bristol&#039;da ila\u00e7 kullan\u0131m\u0131nda zorluk ya\u015fayan hastalar, yerel eczac\u0131lar\u0131 taraf\u0131ndan de\u011ferlendirilir ve \u00e7e\u015fitli ila\u00e7 destek cihazlar\u0131ndan birini sa\u011flayabilen yerel y\u00f6netim teknoloji destekli bak\u0131m ekibine y\u00f6nlendirilebilirler.<\/p>\n<p>Sa\u011flanan t\u00fcm destek, gelir durumuna g\u00f6re de\u011ferlendirilir ve s\u0131n\u0131rl\u0131 say\u0131da cihaz mevcuttur; bu cihazlar\u0131n takibi veya ki\u015fiselle\u015ftirilmi\u015f \u00e7\u00f6z\u00fcm sunma f\u0131rsat\u0131 da s\u0131n\u0131rl\u0131d\u0131r.<\/p>\n<h2><strong>Ara\u015ft\u0131rman\u0131n amac\u0131 nedir?<\/strong><\/h2>\n<p>Bu proje, mevcut imkanlar\u0131n \u00f6tesinde, bireylerin ila\u00e7 kullan\u0131m\u0131na daha iyi destek sa\u011flamak ve daha ki\u015fiselle\u015ftirilmi\u015f destek sunmak i\u00e7in teknolojinin kullan\u0131labilece\u011fi bir f\u0131rsat olup olmad\u0131\u011f\u0131n\u0131 ara\u015ft\u0131racakt\u0131r.<\/p>\n<ol>\n<li>\u0130la\u00e7lar\u0131n\u0131 d\u00fczenli olarak ve etkili bir \u015fekilde kullanmakta zorlanan ki\u015fileri tespit edebilir miyiz?<\/li>\n<li>Eczaneler, sa\u011fl\u0131k veya sosyal hizmetler taraf\u0131ndan sa\u011flanan mevcut ila\u00e7 yard\u0131m\u0131 hizmetleri adil ve etkili midir?<\/li>\n<li>Hastane ba\u011flant\u0131 g\u00f6revlilerinin veya di\u011fer sa\u011fl\u0131k hizmeti sa\u011flay\u0131c\u0131lar\u0131n\u0131n, ila\u00e7lar\u0131n\u0131 d\u00fczenli kullanmada yard\u0131ma ihtiya\u00e7 duyan hastalar ve bak\u0131m verenler i\u00e7in ki\u015fiselle\u015ftirilmi\u015f destek sa\u011flamak amac\u0131yla dijital teknolojileri kullanma potansiyeli var m\u0131?.<\/li>\n<\/ol>\n<p>Bu ara\u015ft\u0131rman\u0131n sonu\u00e7lar\u0131 daha sonra, Ki\u015fiselle\u015ftirilmi\u015f \u0130la\u00e7 Destek Hizmeti sunman\u0131n pratik y\u00f6nlerini incelemek \u00fczere ikinci a\u015fama finansman\u0131na ba\u015fvurmak i\u00e7in kullan\u0131lacakt\u0131r.<\/p>\n<h2><strong>Bu nas\u0131l ba\u015far\u0131lacak?<\/strong><\/h2>\n<p>Ak\u0131ll\u0131 veya zeki yard\u0131mc\u0131 teknolojiler, duyusal veya bili\u015fsel bozukluklar\u0131 olan ki\u015filerin ila\u00e7lar\u0131n\u0131 almalar\u0131 i\u00e7in ki\u015fiselle\u015ftirilmi\u015f destek sa\u011flama potansiyeline sahiptir.<\/p>\n<p>Bu projenin ilk odak noktas\u0131, hastaneden eve d\u00f6n\u00fc\u015fte g\u00f6rev alan ba\u011flant\u0131 g\u00f6revlilerinin, birden fazla ila\u00e7 kullanan ki\u015filere ki\u015fiselle\u015ftirilmi\u015f ili\u015fkisel destek sa\u011flamak i\u00e7in bu yeni dijital teknolojileri kullanma potansiyelinin olup olmad\u0131\u011f\u0131n\u0131 ara\u015ft\u0131rmakt\u0131r.<\/p>\n<p>Mevcut durumu anlamam\u0131z\u0131 sa\u011flayacak \u00fc\u00e7 \u00e7al\u0131\u015fma paketi bulunmaktad\u0131r:<\/p>\n<p>\u00c7al\u0131\u015fma Paketi 1: Hastaneden taburcu edilen hizmet kullan\u0131c\u0131lar\u0131n\u0131n ihtiya\u00e7lar\u0131n\u0131 ara\u015ft\u0131rmak amac\u0131yla ev ziyaretleri yap\u0131lmas\u0131. Daha geni\u015f bir \u00f6rnekleme ula\u015fmak i\u00e7in \u00e7evrimi\u00e7i ve posta yoluyla anketlerin kullan\u0131lmas\u0131.<\/p>\n<p>\u00c7al\u0131\u015fma Paketi 2: Yerel y\u00f6netim TEC ekipleri taraf\u0131ndan sa\u011flanan ila\u00e7 destek hizmetlerinin g\u00f6zden ge\u00e7irilmesi. Payda\u015flar\u0131n bak\u0131\u015f a\u00e7\u0131lar\u0131n\u0131 anlamak i\u00e7in g\u00f6r\u00fc\u015fmeler yap\u0131lmas\u0131.<\/p>\n<p>\u00c7al\u0131\u015fma Paketi 3: Hizmet kullan\u0131c\u0131lar\u0131, sa\u011fl\u0131k ve bak\u0131m profesyonelleriyle odak gruplar\u0131.<\/p>\n<h2><strong>Ara\u015ft\u0131rmay\u0131 kim y\u00fcr\u00fct\u00fcyor?<\/strong><\/h2>\n<p>Ara\u015ft\u0131rma, Bristol, Kuzey Somerset ve G\u00fcney Gloucestershire Entegre Bak\u0131m Kurulu Ba\u015f Eczac\u0131s\u0131 Debbie Campbell ve Prof. taraf\u0131ndan y\u00fcr\u00fct\u00fclmektedir.<\/p>\n<p>Nigel Harris, daha \u00f6nce Bat\u0131 \u0130ngiltere Sa\u011fl\u0131k \u0130novasyon A\u011f\u0131&#039;nda \u0130novasyon ve B\u00fcy\u00fcme Direkt\u00f6r\u00fc ve Bat\u0131 \u0130ngiltere \u00dcniversitesi&#039;nde misafir profes\u00f6r olarak g\u00f6rev yapm\u0131\u015ft\u0131r.<\/p>\n<p>Bu \u00e7al\u0131\u015fma, Sirona Care and Health, Bristol, North Somerset ve South Gloucestershire Yerel Y\u00f6netimleri, Age UK Bristol ve Age UK BANES ile birlikte bir dizi topluluk kurulu\u015fu i\u015f birli\u011fiyle ger\u00e7ekle\u015ftirilmi\u015ftir.<\/p>\n<h2>Daha fazla bilgi:<\/h2>\n<p>Daha fazla bilgi almak veya bu projeye kat\u0131lmak i\u00e7in l\u00fctfen e-posta g\u00f6nderin. <a href=\"mailto:bnssg.research@nhs.net\" target=\"_blank\" rel=\"noopener\">bnssg.research@nhs.net<\/a><\/p>\n  <\/div>\r\n  <\/section><\/div><!-- .assembler_text-module.assembler_module.assembler_text-module_1.assembler_module_1..transparent --><\/div><!-- .assembler_module_area.assembler_module_area_1 --><\/div><!-- .assembler_default-group.assembler_module_group.assembler_default-group_1.assembler_module_group_1  -->","protected":false},"excerpt":{"rendered":"<p>Section titled module-1 Tech for Better Care: Personalised community medication support and management project Funding This project is funded by the Health Foundation, Tech for Better Care funding stream (FR-0004830). What is the research question? This is phase one of a Health Foundation funded project, focusing on discovery work, to understand the challenges people face [&hellip;]<\/p>\n","protected":false},"author":1,"featured_media":0,"parent":32891,"menu_order":0,"comment_status":"closed","ping_status":"closed","template":"","meta":{"_acf_changed":false,"footnotes":""},"tags":[],"class_list":["post-34591","page","type-page","status-publish","hentry"],"acf":[],"_links":{"self":[{"href":"https:\/\/bnssghealthiertogether.org.uk\/tr\/wp-json\/wp\/v2\/pages\/34591","targetHints":{"allow":["GET"]}}],"collection":[{"href":"https:\/\/bnssghealthiertogether.org.uk\/tr\/wp-json\/wp\/v2\/pages"}],"about":[{"href":"https:\/\/bnssghealthiertogether.org.uk\/tr\/wp-json\/wp\/v2\/types\/page"}],"author":[{"embeddable":true,"href":"https:\/\/bnssghealthiertogether.org.uk\/tr\/wp-json\/wp\/v2\/users\/1"}],"replies":[{"embeddable":true,"href":"https:\/\/bnssghealthiertogether.org.uk\/tr\/wp-json\/wp\/v2\/comments?post=34591"}],"version-history":[{"count":3,"href":"https:\/\/bnssghealthiertogether.org.uk\/tr\/wp-json\/wp\/v2\/pages\/34591\/revisions"}],"predecessor-version":[{"id":36241,"href":"https:\/\/bnssghealthiertogether.org.uk\/tr\/wp-json\/wp\/v2\/pages\/34591\/revisions\/36241"}],"up":[{"embeddable":true,"href":"https:\/\/bnssghealthiertogether.org.uk\/tr\/wp-json\/wp\/v2\/pages\/32891"}],"wp:attachment":[{"href":"https:\/\/bnssghealthiertogether.org.uk\/tr\/wp-json\/wp\/v2\/media?parent=34591"}],"wp:term":[{"taxonomy":"post_tag","embeddable":true,"href":"https:\/\/bnssghealthiertogether.org.uk\/tr\/wp-json\/wp\/v2\/tags?post=34591"}],"curies":[{"name":"wp","href":"https:\/\/api.w.org\/{rel}","templated":true}]}}