{"id":34596,"date":"2024-11-26T16:56:30","date_gmt":"2024-11-26T16:56:30","guid":{"rendered":"https:\/\/bnssghealthiertogether.org.uk\/?page_id=34596"},"modified":"2025-01-19T21:13:51","modified_gmt":"2025-01-19T21:13:51","slug":"the-evaluation-of-operation-topaz-for-child-sexual-and-criminal-exploitation-on-the-health-and-wellbeing-of-service-users","status":"publish","type":"page","link":"https:\/\/bnssghealthiertogether.org.uk\/tr\/integrated-care-board\/research-and-evidence\/our-research-portfolio\/previously-supported-projects\/the-evaluation-of-operation-topaz-for-child-sexual-and-criminal-exploitation-on-the-health-and-wellbeing-of-service-users\/","title":{"rendered":"Topaz Operasyonu&#039;nun \u00e7ocuk cinsel ve su\u00e7 ama\u00e7l\u0131 istismar\u0131na y\u00f6nelik olarak hizmet kullan\u0131c\u0131lar\u0131n\u0131n sa\u011fl\u0131k ve refah\u0131 \u00fczerindeki etkisinin de\u011ferlendirilmesi."},"content":{"rendered":"<div class=\"assembler_default-group assembler_module_group assembler_default-group_1 assembler_module_group_1\"><div class=\"assembler_module_area assembler_module_area_1\"><div class=\"assembler_text-module assembler_module assembler_text-module_1 assembler_module_1  transparent\"><a tabindex=\"-1\" title=\"Mod\u00fcl-1 ba\u015fl\u0131kl\u0131 b\u00f6l\u00fcm\" id=\"module-1\" href=\"https:\/\/bnssghealthiertogether.org.uk\/tr\/wp-json\/wp\/v2\/pages\/34596\/#module-1\" class=\"anchor\"><span class=\"hidden\">Mod\u00fcl-1 ba\u015fl\u0131kl\u0131 b\u00f6l\u00fcm<\/span><\/a><!-- Template found for text-module - Template: template-text - Matched: _only --><section class=\"w-full mx-auto max-w-content pt-12 sm:pt-24 pb-12 sm:pb-24\">\r\n  <div class=\"entry-content w-full !px-0 max-w-small\">\r\n        <h1>\u00c7ocuk cinsel ve su\u00e7 ama\u00e7l\u0131 istismar\u0131na y\u00f6nelik Topaz Operasyonu&#039;nun hizmet kullan\u0131c\u0131lar\u0131n\u0131n sa\u011fl\u0131k ve refah\u0131 \u00fczerindeki etkisinin de\u011ferlendirilmesi<\/h1>\n<h2><strong>Finansman:<\/strong><\/h2>\n<p>Bristol, Kuzey Somerset ve G\u00fcney Gloucestershire ICB Ara\u015ft\u0131rma Kapasitesi Fonu.<\/p>\n<h2><strong>Sorun nedir?<\/strong><\/h2>\n<p>\u00c7ocuk Cinsel \u0130stismar\u0131 (\u00c7S) ve \u00c7ocuk Su\u00e7 Ama\u00e7l\u0131 \u0130stismar\u0131 (\u00c7YS), g\u00fcn\u00fcm\u00fczde toplum i\u00e7in, \u00f6zellikle de polis ve ilgili \u00f6n saflardaki hizmetler i\u00e7in giderek artan bir endi\u015fe kayna\u011f\u0131d\u0131r.<\/p>\n<p>Cinsel istismar ve \u00e7ocuk istismar\u0131na maruz kalan gen\u00e7lerin, bu durumdan etkilenmeyenlere k\u0131yasla, sa\u011fl\u0131k ve refah a\u00e7\u0131s\u0131ndan \u00e7e\u015fitli olumsuz k\u0131r\u0131lganl\u0131klar\u0131 ve sonu\u00e7lar\u0131 vard\u0131r.<\/p>\n<p>Topaz Operasyonu, Avon ve Somerset&#039;te \u00e7ocuk cinsel istismar\u0131n\u0131 engellemeyi ama\u00e7layan, polis \u00f6nc\u00fcl\u00fc\u011f\u00fcnde y\u00fcr\u00fct\u00fclen bir m\u00fcdahaledir.<\/p>\n<p>Sa\u011fl\u0131k, halk sa\u011fl\u0131\u011f\u0131 ve ceza adaleti konular\u0131n\u0131n i\u00e7 i\u00e7e ge\u00e7mi\u015f oldu\u011fu giderek daha fazla kabul g\u00f6rd\u00fc\u011f\u00fcnden (EpiCrim), Topaz Operasyonu gibi ceza adaleti m\u00fcdahalelerinin sa\u011fl\u0131k ve refah \u00fczerindeki sonu\u00e7lar\u0131n\u0131 daha iyi anlamam\u0131z gerekiyor.<\/p>\n<h2><strong>Ara\u015ft\u0131rman\u0131n amac\u0131 nedir?<\/strong><\/h2>\n<p>Bu \u00e7al\u0131\u015fman\u0131n amac\u0131, cinsel istismar ve \u00e7ocuk istismar\u0131 ma\u011fduru olan 16 ya\u015f alt\u0131 gen\u00e7lerin sa\u011fl\u0131k ve refah sonu\u00e7lar\u0131na ili\u015fkin verilerin kan\u0131tlanmas\u0131, toplanmas\u0131 ve \u00f6l\u00e7\u00fclmesinin fizibilitesini anlamakt\u0131r.<\/p>\n<p>Polis gibi adli kurumlar, \u00e7al\u0131\u015fmalar\u0131n\u0131n sa\u011fl\u0131k ve refah \u00fczerindeki etkilerini d\u00fc\u015f\u00fcnmeye ba\u015flad\u0131k\u00e7a, bu ara\u015ft\u0131rma, bunun nas\u0131l \u00f6l\u00e7\u00fcld\u00fc\u011f\u00fcn\u00fc, amaca uygun olup olmad\u0131\u011f\u0131n\u0131 ve nas\u0131l geli\u015ftirilebilece\u011fini anlamay\u0131 ama\u00e7layacakt\u0131r.<\/p>\n<h2><strong>Bu nas\u0131l ba\u015far\u0131lacak?<\/strong><\/h2>\n<p>Avon ve Somerset polisi ve ortaklar\u0131 taraf\u0131ndan Topaz Operasyonu ile ilgili olarak toplanan verileri (sa\u011fl\u0131k, sosyal, e\u011fitim, ruh sa\u011fl\u0131\u011f\u0131 ve adli sonu\u00e7 verileri dahil) inceleyerek, bu verilerin nas\u0131l olu\u015fturuldu\u011funu ve kullan\u0131ld\u0131\u011f\u0131n\u0131 anlayaca\u011f\u0131z.<\/p>\n<p>Bu, Topaz&#039;\u0131n nas\u0131l i\u015fleyebilece\u011fini (de\u011fi\u015fim teorisi) ve hem yerel hem de ulusal d\u00fczeyde polis taraf\u0131ndan belirlenen Temel Performans G\u00f6stergelerini (KPI&#039;lar) anlamam\u0131za ve resmile\u015ftirmemize yard\u0131mc\u0131 olacakt\u0131r.<\/p>\n<p>Ayr\u0131ca Topaz ekibinin kilit \u00fcyeleri, Avon ve Somerset polisi ve okullar, sa\u011fl\u0131k, sosyal hizmet, gen\u00e7lik adaleti, sosyal bak\u0131m ve gen\u00e7 su\u00e7lular enstit\u00fcs\u00fc de dahil olmak \u00fczere ortak kurulu\u015flarla g\u00f6r\u00fc\u015fmeler yapaca\u011f\u0131z.<\/p>\n<p>Bu sayede, Topaz Operasyonu&#039;nun s\u00fcre\u00e7lerinin ve sonu\u00e7lar\u0131n\u0131n sa\u011fl\u0131k sonu\u00e7lar\u0131 perspektifinden nas\u0131l anla\u015f\u0131labilece\u011fini ve dolay\u0131s\u0131yla Polis, NHS, e\u011fitim ve sosyal bak\u0131m performans g\u00f6stergeleriyle nas\u0131l \u00f6rt\u00fc\u015ft\u00fc\u011f\u00fcn\u00fc daha iyi anlamay\u0131 hedefleyece\u011fiz.<\/p>\n<h2><strong>Ara\u015ft\u0131rmay\u0131 kim y\u00fcr\u00fct\u00fcyor?<\/strong><\/h2>\n<p><a href=\"https:\/\/people.uwe.ac.uk\/Person\/KieranMccartan\" rel=\"noopener\">Profes\u00f6r Kieran McCartan<\/a>, Bat\u0131 \u0130ngiltere \u00dcniversitesi Kriminoloji Profes\u00f6r\u00fc.<\/p>\n<h2>Daha fazla bilgi<\/h2>\n<p>Daha fazla bilgi almak veya bu projeye dahil olmak i\u00e7in l\u00fctfen e-posta g\u00f6nderin. <a href=\"mailto:bnssg.research@nhs.net\" target=\"_blank\" rel=\"nofollow noopener\">bnssg.research@nhs.net<\/a>.<\/p>\n  <\/div>\r\n  <\/section><\/div><!-- .assembler_text-module.assembler_module.assembler_text-module_1.assembler_module_1..transparent --><\/div><!-- .assembler_module_area.assembler_module_area_1 --><\/div><!-- .assembler_default-group.assembler_module_group.assembler_default-group_1.assembler_module_group_1  -->","protected":false},"excerpt":{"rendered":"<p>Section titled module-1 The evaluation of Operation Topaz for child sexual and criminal exploitation on the health and wellbeing of service users Funding: Bristol, North Somerset and South Gloucestershire ICB Research Capability Funding\u00ad\u00ad. What is the problem? Child Sexual Exploitation (CSE) and Child Criminal Exploitation (CCE) are growing areas of concern for society currently, but [&hellip;]<\/p>\n","protected":false},"author":1,"featured_media":0,"parent":32891,"menu_order":0,"comment_status":"closed","ping_status":"closed","template":"","meta":{"_acf_changed":false,"footnotes":""},"tags":[],"class_list":["post-34596","page","type-page","status-publish","hentry"],"acf":[],"_links":{"self":[{"href":"https:\/\/bnssghealthiertogether.org.uk\/tr\/wp-json\/wp\/v2\/pages\/34596","targetHints":{"allow":["GET"]}}],"collection":[{"href":"https:\/\/bnssghealthiertogether.org.uk\/tr\/wp-json\/wp\/v2\/pages"}],"about":[{"href":"https:\/\/bnssghealthiertogether.org.uk\/tr\/wp-json\/wp\/v2\/types\/page"}],"author":[{"embeddable":true,"href":"https:\/\/bnssghealthiertogether.org.uk\/tr\/wp-json\/wp\/v2\/users\/1"}],"replies":[{"embeddable":true,"href":"https:\/\/bnssghealthiertogether.org.uk\/tr\/wp-json\/wp\/v2\/comments?post=34596"}],"version-history":[{"count":3,"href":"https:\/\/bnssghealthiertogether.org.uk\/tr\/wp-json\/wp\/v2\/pages\/34596\/revisions"}],"predecessor-version":[{"id":36243,"href":"https:\/\/bnssghealthiertogether.org.uk\/tr\/wp-json\/wp\/v2\/pages\/34596\/revisions\/36243"}],"up":[{"embeddable":true,"href":"https:\/\/bnssghealthiertogether.org.uk\/tr\/wp-json\/wp\/v2\/pages\/32891"}],"wp:attachment":[{"href":"https:\/\/bnssghealthiertogether.org.uk\/tr\/wp-json\/wp\/v2\/media?parent=34596"}],"wp:term":[{"taxonomy":"post_tag","embeddable":true,"href":"https:\/\/bnssghealthiertogether.org.uk\/tr\/wp-json\/wp\/v2\/tags?post=34596"}],"curies":[{"name":"wp","href":"https:\/\/api.w.org\/{rel}","templated":true}]}}