{"id":34644,"date":"2024-11-26T17:05:27","date_gmt":"2024-11-26T17:05:27","guid":{"rendered":"https:\/\/bnssghealthiertogether.org.uk\/?page_id=34644"},"modified":"2024-11-26T17:05:27","modified_gmt":"2024-11-26T17:05:27","slug":"how-can-vaccinations-be-delivered-opportunistically-in-primary-care-and-community-settings-in-a-way-that-is-feasible-accessible-and-acceptable-and-leads-to-increased-vaccine-uptake-in-adults","status":"publish","type":"page","link":"https:\/\/bnssghealthiertogether.org.uk\/tr\/integrated-care-board\/research-and-evidence\/our-research-portfolio\/type-2-rcf-funded-projects\/how-can-vaccinations-be-delivered-opportunistically-in-primary-care-and-community-settings-in-a-way-that-is-feasible-accessible-and-acceptable-and-leads-to-increased-vaccine-uptake-in-adults\/","title":{"rendered":"A\u015f\u0131lar, birinci basamak sa\u011fl\u0131k hizmetlerinde ve toplum ortamlar\u0131nda, uygulanabilir, eri\u015filebilir ve kabul edilebilir bir \u015fekilde, yeti\u015fkinlerde a\u015f\u0131lanma oran\u0131n\u0131 art\u0131racak bi\u00e7imde nas\u0131l f\u0131rsat\u00e7\u0131 bir yakla\u015f\u0131mla sunulabilir?"},"content":{"rendered":"<div class=\"assembler_default-group assembler_module_group assembler_default-group_1 assembler_module_group_1\"><div class=\"assembler_module_area assembler_module_area_1\"><div class=\"assembler_text-module assembler_module assembler_text-module_1 assembler_module_1  transparent\"><a tabindex=\"-1\" title=\"Mod\u00fcl-1 ba\u015fl\u0131kl\u0131 b\u00f6l\u00fcm\" id=\"module-1\" href=\"https:\/\/bnssghealthiertogether.org.uk\/tr\/wp-json\/wp\/v2\/pages\/34644\/#module-1\" class=\"anchor\"><span class=\"hidden\">Mod\u00fcl-1 ba\u015fl\u0131kl\u0131 b\u00f6l\u00fcm<\/span><\/a><!-- Template found for text-module - Template: template-text - Matched: _only --><section class=\"w-full mx-auto max-w-content pt-12 sm:pt-24 pb-12 sm:pb-24\">\r\n  <div class=\"entry-content w-full !px-0 max-w-small\">\r\n        <h1>A\u015f\u0131lar, birinci basamak sa\u011fl\u0131k hizmetlerinde ve toplum ortamlar\u0131nda, uygulanabilir, eri\u015filebilir ve kabul edilebilir bir \u015fekilde, yeti\u015fkinlerde a\u015f\u0131lanma oran\u0131n\u0131 art\u0131racak bi\u00e7imde nas\u0131l f\u0131rsat\u00e7\u0131 bir yakla\u015f\u0131mla sunulabilir?<\/h1>\n<h2>Finansman:<\/h2>\n<p>BNSSG ICB Ara\u015ft\u0131rma Kapasitesi Geli\u015ftirme Fonu.<\/p>\n<h2>Sorun nedir?<\/h2>\n<p>Baz\u0131 gruplarda a\u015f\u0131lanma oran\u0131 daha d\u00fc\u015f\u00fckt\u00fcr. NICE, sa\u011fl\u0131k hizmeti sa\u011flay\u0131c\u0131lar\u0131n\u0131n bu gruplardaki ki\u015filere m\u00fcmk\u00fcn oldu\u011funca a\u015f\u0131 sunmalar\u0131n\u0131 \u00f6nermektedir. Ancak halk ve sa\u011fl\u0131k hizmeti sa\u011flay\u0131c\u0131lar\u0131 bunun her zaman iyi bir fikir olmayabilece\u011fini d\u00fc\u015f\u00fcnmektedir.<\/p>\n<h2>Ara\u015ft\u0131rman\u0131n amac\u0131 nedir?<\/h2>\n<p>Bu ara\u015ft\u0131rman\u0131n amac\u0131, a\u015f\u0131lar\u0131n ne zaman, nas\u0131l ve kimler taraf\u0131ndan uygulanmas\u0131 gerekti\u011fini incelemektir.<\/p>\n<p>Ard\u0131ndan, insanlar\u0131n bize anlatt\u0131klar\u0131n\u0131 kullanarak, sa\u011fl\u0131k hizmeti sa\u011flay\u0131c\u0131lar\u0131n\u0131n a\u015f\u0131lar\u0131 kabul edilebilir ve eri\u015filebilir bir \u015fekilde sunmalar\u0131na ve da\u011f\u0131tmalar\u0131na yard\u0131mc\u0131 olacak bir m\u00fcdahale geli\u015ftirmek i\u00e7in daha fazla fon ba\u015fvurusunda bulunaca\u011f\u0131z.<\/p>\n<h2>Bu nas\u0131l ba\u015far\u0131lacak?<\/h2>\n<p>Sa\u011fl\u0131k hizmeti sunan ki\u015filerle a\u015f\u0131lar\u0131n nas\u0131l ve ne zaman sunulabilece\u011fi ve olas\u0131 zorluklar hakk\u0131nda g\u00f6r\u00fc\u015fece\u011fiz. Ayr\u0131ca, kendilerine sunulan rutin a\u015f\u0131lar\u0131 hen\u00fcz yapt\u0131rmam\u0131\u015f ki\u015filerle de g\u00f6r\u00fc\u015fece\u011fiz. Onlara, a\u015f\u0131larla ilgisi olmayan nedenlerle sa\u011fl\u0131k hizmeti sa\u011flay\u0131c\u0131lar\u0131na ba\u015fvurduklar\u0131nda a\u015f\u0131 teklif edilmesinin kendileri i\u00e7in ne anlama geldi\u011fini soraca\u011f\u0131z. A\u015f\u0131lar\u0131n, insanlar\u0131n memnuniyetle kabul edece\u011fi \u015fekilde nas\u0131l sunulabilece\u011fi konusunda g\u00f6r\u00fc\u015f al\u0131\u015fveri\u015finde bulunaca\u011f\u0131z.<br \/>\nBu \u00e7al\u0131\u015fma, insanlar\u0131n f\u0131rsat\u00e7\u0131 bir \u015fekilde a\u015f\u0131 yapt\u0131rmalar\u0131na ve a\u015f\u0131 almalar\u0131na yard\u0131mc\u0131 olacak bir destek paketini nas\u0131l birlikte olu\u015fturabilece\u011fimizi anlamam\u0131za yard\u0131mc\u0131 olacakt\u0131r.<\/p>\n<h2><strong>Ara\u015ft\u0131rmay\u0131 kim y\u00fcr\u00fct\u00fcyor?<\/strong><\/h2>\n<p>Dr. Sarah Denford, Bristol \u00dcniversitesi Sa\u011fl\u0131k Koruma Ara\u015ft\u0131rma Birimi&#039;nde Ara\u015ft\u0131rma G\u00f6revlisi.<\/p>\n<h2>Daha fazla bilgi<\/h2>\n<p>Hakk\u0131nda <a href=\"https:\/\/research-information.bris.ac.uk\/en\/persons\/sarah-denford\" rel=\"noopener\">Dr. Sarah Denford<\/a>.<\/p>\n<p>Daha fazla bilgi almak veya bu projeye dahil olmak i\u00e7in l\u00fctfen ileti\u015fime ge\u00e7in.\u00a0<a href=\"mailto:bnssg.research@nhs.net\" target=\"_blank\" rel=\"nofollow noopener\">bnssg.research@nhs.net<\/a>.<\/p>\n<p>&nbsp;<\/p>\n  <\/div>\r\n  <\/section><\/div><!-- .assembler_text-module.assembler_module.assembler_text-module_1.assembler_module_1..transparent --><\/div><!-- .assembler_module_area.assembler_module_area_1 --><\/div><!-- .assembler_default-group.assembler_module_group.assembler_default-group_1.assembler_module_group_1  -->","protected":false},"excerpt":{"rendered":"<p>Section titled module-1 How can vaccinations be delivered opportunistically in primary care and community settings in a way that is feasible, accessible, and acceptable, and leads to increased vaccine uptake in adults? Funding: BNSSG ICB Research Capability Funding. What is the problem? Uptake of vaccines is lower among some groups. NICE recommends that healthcare providers [&hellip;]<\/p>\n","protected":false},"author":1,"featured_media":0,"parent":32896,"menu_order":0,"comment_status":"closed","ping_status":"closed","template":"","meta":{"_acf_changed":false,"footnotes":""},"tags":[],"class_list":["post-34644","page","type-page","status-publish","hentry"],"acf":[],"_links":{"self":[{"href":"https:\/\/bnssghealthiertogether.org.uk\/tr\/wp-json\/wp\/v2\/pages\/34644","targetHints":{"allow":["GET"]}}],"collection":[{"href":"https:\/\/bnssghealthiertogether.org.uk\/tr\/wp-json\/wp\/v2\/pages"}],"about":[{"href":"https:\/\/bnssghealthiertogether.org.uk\/tr\/wp-json\/wp\/v2\/types\/page"}],"author":[{"embeddable":true,"href":"https:\/\/bnssghealthiertogether.org.uk\/tr\/wp-json\/wp\/v2\/users\/1"}],"replies":[{"embeddable":true,"href":"https:\/\/bnssghealthiertogether.org.uk\/tr\/wp-json\/wp\/v2\/comments?post=34644"}],"version-history":[{"count":2,"href":"https:\/\/bnssghealthiertogether.org.uk\/tr\/wp-json\/wp\/v2\/pages\/34644\/revisions"}],"predecessor-version":[{"id":34646,"href":"https:\/\/bnssghealthiertogether.org.uk\/tr\/wp-json\/wp\/v2\/pages\/34644\/revisions\/34646"}],"up":[{"embeddable":true,"href":"https:\/\/bnssghealthiertogether.org.uk\/tr\/wp-json\/wp\/v2\/pages\/32896"}],"wp:attachment":[{"href":"https:\/\/bnssghealthiertogether.org.uk\/tr\/wp-json\/wp\/v2\/media?parent=34644"}],"wp:term":[{"taxonomy":"post_tag","embeddable":true,"href":"https:\/\/bnssghealthiertogether.org.uk\/tr\/wp-json\/wp\/v2\/tags?post=34644"}],"curies":[{"name":"wp","href":"https:\/\/api.w.org\/{rel}","templated":true}]}}