{"id":34668,"date":"2024-11-26T17:08:38","date_gmt":"2024-11-26T17:08:38","guid":{"rendered":"https:\/\/bnssghealthiertogether.org.uk\/?page_id=34668"},"modified":"2024-11-26T17:08:38","modified_gmt":"2024-11-26T17:08:38","slug":"is-romi-a-conversational-artificial-intelligence-an-effective-way-to-deliver-support-and-structured-education-to-people-with-type-2-diabetes-who-do-not-engage-with-usual-care-services","status":"publish","type":"page","link":"https:\/\/bnssghealthiertogether.org.uk\/tr\/integrated-care-board\/research-and-evidence\/our-research-portfolio\/type-2-rcf-funded-projects\/is-romi-a-conversational-artificial-intelligence-an-effective-way-to-deliver-support-and-structured-education-to-people-with-type-2-diabetes-who-do-not-engage-with-usual-care-services\/","title":{"rendered":"ROMI adl\u0131 konu\u015fma tabanl\u0131 yapay zek\u00e2, normal sa\u011fl\u0131k hizmetlerinden yararlanamayan tip 2 diyabetli ki\u015filere destek ve yap\u0131land\u0131r\u0131lm\u0131\u015f e\u011fitim sunman\u0131n etkili bir yolu mu?"},"content":{"rendered":"<div class=\"assembler_default-group assembler_module_group assembler_default-group_1 assembler_module_group_1\"><div class=\"assembler_module_area assembler_module_area_1\"><div class=\"assembler_text-module assembler_module assembler_text-module_1 assembler_module_1  transparent\"><a tabindex=\"-1\" title=\"Mod\u00fcl-1 ba\u015fl\u0131kl\u0131 b\u00f6l\u00fcm\" id=\"module-1\" href=\"https:\/\/bnssghealthiertogether.org.uk\/tr\/wp-json\/wp\/v2\/pages\/34668\/#module-1\" class=\"anchor\"><span class=\"hidden\">Mod\u00fcl-1 ba\u015fl\u0131kl\u0131 b\u00f6l\u00fcm<\/span><\/a><!-- Template found for text-module - Template: template-text - Matched: _only --><section class=\"w-full mx-auto max-w-content pt-12 sm:pt-24 pb-12 sm:pb-24\">\r\n  <div class=\"entry-content w-full !px-0 max-w-small\">\r\n        <header class=\"local_header\">\n<div class=\"local_header__inner\">\n<h1 class=\"local_header__title\">ROMI adl\u0131 konu\u015fma tabanl\u0131 yapay zek\u00e2, normal sa\u011fl\u0131k hizmetlerinden yararlanamayan tip 2 diyabetli ki\u015filere destek ve yap\u0131land\u0131r\u0131lm\u0131\u015f e\u011fitim sunman\u0131n etkili bir yolu mu?<\/h1>\n<\/div>\n<\/header>\n<article class=\"page_content\"><\/article>\n<h2>Ara\u015ft\u0131rma sorusu nedir?<\/h2>\n<p>Sanal yapay zek\u00e2 (YZ) destekli diyabet ekibi \u00fcyesi, hasta sonu\u00e7lar\u0131n\u0131 ve NHS diyabet ekibinin eri\u015fimini ve etkinli\u011fini iyile\u015ftirebilir mi?<\/p>\n<h2>Sorun nedir?<\/h2>\n<p>NHS Digital&#039;in 2018 Ulusal Diyabet Denetimi raporuna g\u00f6re, Birle\u015fik Krall\u0131k&#039;ta yakla\u015f\u0131k 3,9 milyon ki\u015fi Tip 2 Diyabetten (T2D) etkileniyor ve bu durum genellikle bireylerin ya\u015fam kalitesini olumsuz etkiliyor. T2D&#039;li her on ki\u015fiden alt\u0131s\u0131, komplikasyon riskini azaltacak \u00f6nerilen tedavi hedeflerine ula\u015fam\u0131yor. \u00c7al\u0131\u015fma ekibimizin iki \u00fcyesi, NHS diyabet ekiplerini y\u00f6netiyor ve hastalar\u0131n ihtiya\u00e7lar\u0131n\u0131 kar\u015f\u0131lamak i\u00e7in verdikleri g\u00fcnl\u00fck m\u00fccadeleden bunu biliyorlar.<\/p>\n<h2>Ara\u015ft\u0131rman\u0131n amac\u0131 nedir?<\/h2>\n<p>Amac\u0131m\u0131z, hem hastalar ve personel taraf\u0131ndan kabul edilebilirli\u011fini g\u00f6stermek hem de \u00f6z y\u00f6netimi te\u015fvik etmede i\u015fe yarad\u0131\u011f\u0131n\u0131 kan\u0131tlamak i\u00e7in ROMI (\u0130li\u015fkisel \u00c7evrimi\u00e7i Motivasyon Arac\u0131) adl\u0131 \u00e7al\u0131\u015fan bir sanal yapay zek\u00e2 (YZ) diyabet ekip \u00fcyesi olu\u015fturmakt\u0131r. Tip 2 diyabetli ki\u015filer, Siri&#039;ye benzer \u015fekilde, telefon\/tablet\/bilgisayar arac\u0131l\u0131\u011f\u0131yla ROMI ile ileti\u015fim kuracaklar, ancak ROMI&#039;nin ekranda animasyonlu bir avatar\u0131 da olacak. Konu\u015fma yoluyla ROMI, bilgi sunacak ve olumlu ya\u015fam tarz\u0131 de\u011fi\u015fikliklerini te\u015fvik eden bir mentor g\u00f6revi g\u00f6recek. Zamanla ROMI, hastan\u0131n \u00f6z y\u00f6netimini iyile\u015ftirme amac\u0131yla, hastaya neyin yard\u0131mc\u0131 oldu\u011funu ve neyin engel oldu\u011funu \u00f6\u011frenecek. ROMI&#039;yi kullanmak \u00fczere \u00e7ok \u00e7e\u015fitli topluluklardan Tip 2 diyabetli ki\u015fileri i\u015fe alaca\u011f\u0131z. Onlara b\u00f6yle bir sistemin Tip 2 diyabet \u00f6z y\u00f6netimlerini iyile\u015ftirip iyile\u015ftirmeyece\u011fini soraca\u011f\u0131z. E\u011fer \u00f6yleyse, ROMI sonu\u00e7lar\u0131 iyile\u015ftirecek ve NHS ekiplerine bak\u0131m\u0131 iyile\u015ftirebilmeleri i\u00e7in de\u011ferli hasta bilgileri sa\u011flayacakt\u0131r. Ayr\u0131ca ROMI&#039;nin \u015fu anda NHS hizmetlerini kullanmayan hastalara ula\u015f\u0131p ula\u015famayaca\u011f\u0131n\u0131 da g\u00f6rmek istiyoruz.<\/p>\n<h2>Bu nas\u0131l ba\u015far\u0131lacak?<\/h2>\n<p>Hasta kat\u0131l\u0131m\u0131 (PPI) \u00e7al\u0131\u015fmalar\u0131 sonucunda kabul edilebilirlik incelendikten sonra, ROMI, topluluk gruplar\u0131 arac\u0131l\u0131\u011f\u0131yla toplanan 40 tip 2 diyabet hastas\u0131 taraf\u0131ndan geli\u015ftirilecek ve test edilecektir. Daha sonra iyile\u015ftirilecek ve 30 hasta daha taraf\u0131ndan test edilecektir. Toplanan kullan\u0131m verileri, ROMI&#039;nin i\u015flevi ve kabul edilebilirli\u011fi hakk\u0131ndaki kullan\u0131c\u0131 ve sa\u011fl\u0131k profesyonellerinin g\u00f6r\u00fc\u015fleriyle birlikte analiz edilecektir.<\/p>\n<h2>Ara\u015ft\u0131rmay\u0131 kim y\u00fcr\u00fct\u00fcyor?<\/h2>\n<p>Rik Lander, Bat\u0131 \u0130ngiltere \u00dcniversitesi, Sanat, Yarat\u0131c\u0131 End\u00fcstriler ve E\u011fitim Fak\u00fcltesi K\u0131demli \u00d6\u011fretim \u00dcyesi.<\/p>\n<h2>Daha fazla bilgi:<\/h2>\n<p><a href=\"https:\/\/people.uwe.ac.uk\/Person\/RikLander\" target=\"_blank\" rel=\"nofollow noopener\">Rik Lander hakk\u0131nda<\/a><\/p>\n<p>Daha fazla bilgi almak veya bu projeye kat\u0131lmak i\u00e7in l\u00fctfen ileti\u015fime ge\u00e7in. <a href=\"mailto:bnssg.research@nhs.net\" target=\"_blank\" rel=\"noopener\">bnssg.research@nhs.net<\/a>.<\/p>\n  <\/div>\r\n  <\/section><\/div><!-- .assembler_text-module.assembler_module.assembler_text-module_1.assembler_module_1..transparent --><\/div><!-- .assembler_module_area.assembler_module_area_1 --><\/div><!-- .assembler_default-group.assembler_module_group.assembler_default-group_1.assembler_module_group_1  -->","protected":false},"excerpt":{"rendered":"<p>Section titled module-1 Is ROMI, a conversational artificial intelligence, an effective way to deliver support and structured education to people with type 2 diabetes who do not engage with usual care services? What is the research question? Can virtual artificial intelligence (AI) diabetes team member improve patient outcomes and NHS diabetes team reach and efficacy? [&hellip;]<\/p>\n","protected":false},"author":1,"featured_media":0,"parent":32896,"menu_order":0,"comment_status":"closed","ping_status":"closed","template":"","meta":{"_acf_changed":false,"footnotes":""},"tags":[],"class_list":["post-34668","page","type-page","status-publish","hentry"],"acf":[],"_links":{"self":[{"href":"https:\/\/bnssghealthiertogether.org.uk\/tr\/wp-json\/wp\/v2\/pages\/34668","targetHints":{"allow":["GET"]}}],"collection":[{"href":"https:\/\/bnssghealthiertogether.org.uk\/tr\/wp-json\/wp\/v2\/pages"}],"about":[{"href":"https:\/\/bnssghealthiertogether.org.uk\/tr\/wp-json\/wp\/v2\/types\/page"}],"author":[{"embeddable":true,"href":"https:\/\/bnssghealthiertogether.org.uk\/tr\/wp-json\/wp\/v2\/users\/1"}],"replies":[{"embeddable":true,"href":"https:\/\/bnssghealthiertogether.org.uk\/tr\/wp-json\/wp\/v2\/comments?post=34668"}],"version-history":[{"count":2,"href":"https:\/\/bnssghealthiertogether.org.uk\/tr\/wp-json\/wp\/v2\/pages\/34668\/revisions"}],"predecessor-version":[{"id":34670,"href":"https:\/\/bnssghealthiertogether.org.uk\/tr\/wp-json\/wp\/v2\/pages\/34668\/revisions\/34670"}],"up":[{"embeddable":true,"href":"https:\/\/bnssghealthiertogether.org.uk\/tr\/wp-json\/wp\/v2\/pages\/32896"}],"wp:attachment":[{"href":"https:\/\/bnssghealthiertogether.org.uk\/tr\/wp-json\/wp\/v2\/media?parent=34668"}],"wp:term":[{"taxonomy":"post_tag","embeddable":true,"href":"https:\/\/bnssghealthiertogether.org.uk\/tr\/wp-json\/wp\/v2\/tags?post=34668"}],"curies":[{"name":"wp","href":"https:\/\/api.w.org\/{rel}","templated":true}]}}