{"id":34691,"date":"2024-11-26T17:11:45","date_gmt":"2024-11-26T17:11:45","guid":{"rendered":"https:\/\/bnssghealthiertogether.org.uk\/?page_id=34691"},"modified":"2024-11-26T17:11:45","modified_gmt":"2024-11-26T17:11:45","slug":"the-safety-and-quality-of-online-consulting-and-prescribing-services","status":"publish","type":"page","link":"https:\/\/bnssghealthiertogether.org.uk\/tr\/integrated-care-board\/research-and-evidence\/our-research-portfolio\/type-2-rcf-funded-projects\/the-safety-and-quality-of-online-consulting-and-prescribing-services\/","title":{"rendered":"\u00c7evrimi\u00e7i dan\u0131\u015fmanl\u0131k ve re\u00e7ete yazma hizmetlerinin g\u00fcvenli\u011fi ve kalitesi"},"content":{"rendered":"<div class=\"assembler_default-group assembler_module_group assembler_default-group_1 assembler_module_group_1\"><div class=\"assembler_module_area assembler_module_area_1\"><div class=\"assembler_text-module assembler_module assembler_text-module_1 assembler_module_1  transparent\"><a tabindex=\"-1\" title=\"Mod\u00fcl-1 ba\u015fl\u0131kl\u0131 b\u00f6l\u00fcm\" id=\"module-1\" href=\"https:\/\/bnssghealthiertogether.org.uk\/tr\/wp-json\/wp\/v2\/pages\/34691\/#module-1\" class=\"anchor\"><span class=\"hidden\">Mod\u00fcl-1 ba\u015fl\u0131kl\u0131 b\u00f6l\u00fcm<\/span><\/a><!-- Template found for text-module - Template: template-text - Matched: _only --><section class=\"w-full mx-auto max-w-content pt-12 sm:pt-24 pb-12 sm:pb-24\">\r\n  <div class=\"entry-content w-full !px-0 max-w-small\">\r\n        <header class=\"local_header\">\n<div class=\"local_header__inner\">\n<h1 class=\"local_header__title\">\u00c7evrimi\u00e7i dan\u0131\u015fmanl\u0131k ve re\u00e7ete yazma hizmetlerinin g\u00fcvenli\u011fi ve kalitesi<\/h1>\n<\/div>\n<\/header>\n<article class=\"page_content\">\n<h2 class=\"page_content__inner\">Finansman<\/h2>\n<\/article>\n<p>BNSSCG CCG Ara\u015ft\u0131rma Kapasitesi Fonlamas\u0131 (Yerel Kalk\u0131nma)<\/p>\n<h2>Ara\u015ft\u0131rma sorusu nedir?<\/h2>\n<p>\u00c7evrimi\u00e7i dan\u0131\u015fmanl\u0131k ve re\u00e7ete yazma hizmetlerinin g\u00fcvenli\u011fi ve kalitesi nedir? Bu hizmetlerin riskleri, faydalar\u0131 ve kullan\u0131c\u0131 deneyimleri nelerdir?<\/p>\n<h2>Sorun nedir?<\/h2>\n<p>NHS ve \u00f6zel \u00e7evrimi\u00e7i sa\u011fl\u0131k hizmetleri, re\u00e7ete yazmay\u0131 da i\u00e7erebilen ger\u00e7ek zamanl\u0131 video veya anket tabanl\u0131 t\u0131bbi kons\u00fcltasyonlar sa\u011flayan \u00e7evrimi\u00e7i doktor web sitelerini kapsamaktad\u0131r. \u00c7evrimi\u00e7i eczaneler, re\u00e7ete yazma, ila\u00e7lar\u0131n posta yoluyla sipari\u015fi ve pratisyen hekim gibi d\u00fczenli re\u00e7ete yazan bir doktor taraf\u0131ndan re\u00e7ete edilen ila\u00e7lar\u0131n toplanmas\u0131 ve teslim edilmesi de dahil olmak \u00fczere \u00e7e\u015fitli hizmetler sunmaktad\u0131r. \u00c7evrimi\u00e7i kons\u00fcltasyonlar ve di\u011fer \u00e7evrimi\u00e7i bak\u0131m modelleri geni\u015fleyip geli\u015ftik\u00e7e, sa\u011fl\u0131k hizmetlerine eri\u015fimin ve verimlili\u011fin artmas\u0131 umulmaktad\u0131r; ancak beklenen faydalar her zaman elde edilememektedir. Bu yeni dijital yeteneklerin mevcut sa\u011fl\u0131k sistemine nas\u0131l entegre edilece\u011fi ve NHS genel prati\u011findeki ola\u011fan bak\u0131ma ama\u00e7lanan olumlu etkiyi yap\u0131p yapmayaca\u011f\u0131 konusunda s\u0131n\u0131rl\u0131 bir anlay\u0131\u015f vard\u0131r. Re\u00e7ete yazma, bu hizmetlerin \u00e7o\u011funun temel bir unsuru oldu\u011fundan, endi\u015felerin \u00f6zellikle ila\u00e7 kullan\u0131m\u0131n\u0131n kalitesi ve g\u00fcvenli\u011fine kadar uzanmas\u0131 m\u00fcmk\u00fcnd\u00fcr.<\/p>\n<h2>Ara\u015ft\u0131rman\u0131n amac\u0131 nedir?<\/h2>\n<p>\u00c7evrimi\u00e7i hizmetler arac\u0131l\u0131\u011f\u0131yla ila\u00e7 re\u00e7eteleme ve da\u011f\u0131t\u0131m\u0131n\u0131n g\u00fcvenli ve uygun olup olmad\u0131\u011f\u0131n\u0131 belirlemek, bu hizmetlerin hastalar\u0131n bak\u0131m deneyimlerini nas\u0131l etkiledi\u011fini a\u00e7\u0131klamak ve NHS Uzun Vadeli Plan\u0131&#039;nda belirtilen ila\u00e7 optimizasyonu ve a\u015f\u0131r\u0131 re\u00e7eteleme endi\u015feleri gibi temel ila\u00e7la ilgili \u00f6nceliklerin kar\u015f\u0131lan\u0131p kar\u015f\u0131lanmad\u0131\u011f\u0131n\u0131 da i\u00e7eren daha geni\u015f hizmet ortam\u0131na nas\u0131l uyduklar\u0131n\u0131 de\u011ferlendirmek.<\/p>\n<h2>Bu nas\u0131l ba\u015far\u0131lacak?<\/h2>\n<p>Ekip, \u00e7evrimi\u00e7i re\u00e7ete yaz\u0131m\u0131n\u0131n faydalar\u0131 ve zararlar\u0131na ili\u015fkin mevcut kan\u0131tlar\u0131n sistematik bir incelemesini yapacak ve ard\u0131ndan a\u015fa\u011f\u0131daki gruplarla yar\u0131 yap\u0131land\u0131r\u0131lm\u0131\u015f g\u00f6r\u00fc\u015fmeler ger\u00e7ekle\u015ftirecektir: yeni \u00e7evrimi\u00e7i hizmetler arac\u0131l\u0131\u011f\u0131yla bak\u0131m sa\u011flayan klinisyenler; yeni \u00e7evrimi\u00e7i hizmetler arac\u0131l\u0131\u011f\u0131yla bak\u0131m alan hastalar; yeni \u00e7evrimi\u00e7i hizmetler arac\u0131l\u0131\u011f\u0131yla ba\u015fka bak\u0131m alm\u0131\u015f hastalara ola\u011fan bak\u0131m sa\u011flayan klinisyenler (\u00f6rne\u011fin pratisyen hekimler); ve yerel ve ulusal d\u00fczenleyici ve izleme otoritelerinde (\u00f6rne\u011fin CCG&#039;ler, CQC) \u00e7al\u0131\u015fan ki\u015filer. Ayr\u0131ca, hasta re\u00e7ete kalemlerini ve bunlara kar\u015f\u0131l\u0131k gelen klinik vakalar\u0131 inceleyerek \u00e7evrimi\u00e7i hizmetler arac\u0131l\u0131\u011f\u0131yla re\u00e7ete yaz\u0131m\u0131n\u0131n niteli\u011fini de ara\u015ft\u0131racaklard\u0131r.<\/p>\n<ul>\n<li><\/li>\n<\/ul>\n<h2>Bu nas\u0131l ba\u015far\u0131lacak?<\/h2>\n<p>Ekip, mevcut veya yeni ortaya \u00e7\u0131kan yeme bozuklu\u011fu olan ki\u015filer i\u00e7in birinci basamak sa\u011fl\u0131k hizmetlerini iyile\u015ftirmeye y\u00f6nelik farkl\u0131 m\u00fcdahalelerin uygulanabilirli\u011fini ve etkisini test etmeyi ama\u00e7lamaktad\u0131r. \u0130ki m\u00fcdahale, pratisyen hekimlerin uygun destek ve y\u00f6nlendirmeyi h\u0131zla sa\u011flamas\u0131n\u0131, di\u011fer iki m\u00fcdahale ise hastalar\u0131n ve bak\u0131m verenlerin gecikmeden uygun destek aramalar\u0131n\u0131 sa\u011flamay\u0131 hedeflemektedir.<\/p>\n<h2>Ara\u015ft\u0131rmay\u0131 kim y\u00fcr\u00fct\u00fcyor?<\/h2>\n<p>Dr. Rupert Payne, Bristol \u00dcniversitesi, Halk Sa\u011fl\u0131\u011f\u0131 Bilimleri, Akademik Birinci Basamak Sa\u011fl\u0131k Merkezi&#039;nde K\u0131demli \u00d6\u011fretim \u00dcyesi ve Dan\u0131\u015fman Doktor.<\/p>\n<h2>Daha fazla bilgi:<\/h2>\n<p><a href=\"https:\/\/research-information.bris.ac.uk\/en\/persons\/rupert-a-payne\" target=\"_blank\" rel=\"nofollow noopener\">Dr. Rupert Payne hakk\u0131nda<\/a><\/p>\n<p>Daha fazla bilgi almak veya bu projeye kat\u0131lmak i\u00e7in l\u00fctfen ileti\u015fime ge\u00e7in. <a href=\"mailto:bnssg.research@nhs.net\" target=\"_blank\" rel=\"noopener\">bnssg.research@nhs.net<\/a>.<\/p>\n  <\/div>\r\n  <\/section><\/div><!-- .assembler_text-module.assembler_module.assembler_text-module_1.assembler_module_1..transparent --><\/div><!-- .assembler_module_area.assembler_module_area_1 --><\/div><!-- .assembler_default-group.assembler_module_group.assembler_default-group_1.assembler_module_group_1  -->","protected":false},"excerpt":{"rendered":"<p>Section titled module-1 The safety and quality of online consulting and prescribing services Funding BNSSCG CCG Research Capability Funding (Local development) What is the research question? What is the safety and quality of online consulting and prescribing services, and what are the risks, benefits and user experiences of these services? What is the problem? NHS [&hellip;]<\/p>\n","protected":false},"author":1,"featured_media":0,"parent":32896,"menu_order":0,"comment_status":"closed","ping_status":"closed","template":"","meta":{"_acf_changed":false,"footnotes":""},"tags":[],"class_list":["post-34691","page","type-page","status-publish","hentry"],"acf":[],"_links":{"self":[{"href":"https:\/\/bnssghealthiertogether.org.uk\/tr\/wp-json\/wp\/v2\/pages\/34691","targetHints":{"allow":["GET"]}}],"collection":[{"href":"https:\/\/bnssghealthiertogether.org.uk\/tr\/wp-json\/wp\/v2\/pages"}],"about":[{"href":"https:\/\/bnssghealthiertogether.org.uk\/tr\/wp-json\/wp\/v2\/types\/page"}],"author":[{"embeddable":true,"href":"https:\/\/bnssghealthiertogether.org.uk\/tr\/wp-json\/wp\/v2\/users\/1"}],"replies":[{"embeddable":true,"href":"https:\/\/bnssghealthiertogether.org.uk\/tr\/wp-json\/wp\/v2\/comments?post=34691"}],"version-history":[{"count":2,"href":"https:\/\/bnssghealthiertogether.org.uk\/tr\/wp-json\/wp\/v2\/pages\/34691\/revisions"}],"predecessor-version":[{"id":34693,"href":"https:\/\/bnssghealthiertogether.org.uk\/tr\/wp-json\/wp\/v2\/pages\/34691\/revisions\/34693"}],"up":[{"embeddable":true,"href":"https:\/\/bnssghealthiertogether.org.uk\/tr\/wp-json\/wp\/v2\/pages\/32896"}],"wp:attachment":[{"href":"https:\/\/bnssghealthiertogether.org.uk\/tr\/wp-json\/wp\/v2\/media?parent=34691"}],"wp:term":[{"taxonomy":"post_tag","embeddable":true,"href":"https:\/\/bnssghealthiertogether.org.uk\/tr\/wp-json\/wp\/v2\/tags?post=34691"}],"curies":[{"name":"wp","href":"https:\/\/api.w.org\/{rel}","templated":true}]}}