{"id":34702,"date":"2024-11-26T17:13:14","date_gmt":"2024-11-26T17:13:14","guid":{"rendered":"https:\/\/bnssghealthiertogether.org.uk\/?page_id=34702"},"modified":"2024-11-26T17:13:14","modified_gmt":"2024-11-26T17:13:14","slug":"which-communities-are-underserved-by-perinatal-mental-health-services-in-the-bnssg-area-what-are-the-barriers-to-access-and-what-interventions-are-needed-to-address-these","status":"publish","type":"page","link":"https:\/\/bnssghealthiertogether.org.uk\/tr\/integrated-care-board\/research-and-evidence\/our-research-portfolio\/type-2-rcf-funded-projects\/which-communities-are-underserved-by-perinatal-mental-health-services-in-the-bnssg-area-what-are-the-barriers-to-access-and-what-interventions-are-needed-to-address-these\/","title":{"rendered":"BNSSG b\u00f6lgesinde perinatal ruh sa\u011fl\u0131\u011f\u0131 hizmetlerinden yeterince yararlanamayan topluluklar hangileridir, eri\u015fimdeki engeller nelerdir ve bunlar\u0131 gidermek i\u00e7in hangi m\u00fcdahaleler gereklidir?"},"content":{"rendered":"<div class=\"assembler_default-group assembler_module_group assembler_default-group_1 assembler_module_group_1\"><div class=\"assembler_module_area assembler_module_area_1\"><div class=\"assembler_text-module assembler_module assembler_text-module_1 assembler_module_1  transparent\"><a tabindex=\"-1\" title=\"Mod\u00fcl-1 ba\u015fl\u0131kl\u0131 b\u00f6l\u00fcm\" id=\"module-1\" href=\"https:\/\/bnssghealthiertogether.org.uk\/tr\/wp-json\/wp\/v2\/pages\/34702\/#module-1\" class=\"anchor\"><span class=\"hidden\">Mod\u00fcl-1 ba\u015fl\u0131kl\u0131 b\u00f6l\u00fcm<\/span><\/a><!-- Template found for text-module - Template: template-text - Matched: _only --><section class=\"w-full mx-auto max-w-content pt-12 sm:pt-24 pb-12 sm:pb-24\">\r\n  <div class=\"entry-content w-full !px-0 max-w-small\">\r\n        <h1>BNSSG b\u00f6lgesinde perinatal ruh sa\u011fl\u0131\u011f\u0131 hizmetlerinden yeterince yararlanamayan topluluklar hangileridir, eri\u015fimdeki engeller nelerdir ve bunlar\u0131 gidermek i\u00e7in hangi m\u00fcdahaleler gereklidir?<\/h1>\n<p>&nbsp;<\/p>\n<h2><strong>Finansman:<\/strong><\/h2>\n<p>BNSSG ICB Ara\u015ft\u0131rma Kapasitesi Fonlamas\u0131<\/p>\n<h2><strong>Sorun nedir?<\/strong><\/h2>\n<p>Sa\u011fl\u0131kta e\u015fitsizliklerin azalt\u0131lmas\u0131 ihtiyac\u0131, NHS Uzun Vadeli Plan\u0131&#039;n\u0131n merkezinde yer almaktad\u0131r. \u00d6zellikle, ruh sa\u011fl\u0131\u011f\u0131, NHS \u0130ngiltere taraf\u0131ndan Ruh Sa\u011fl\u0131\u011f\u0131 E\u015fitsizliklerini Geli\u015ftirme Stratejisi raporunda vurgulanm\u0131\u015ft\u0131r. Bu e\u015fitsizlikler pandemi d\u00f6neminde daha da belirginle\u015fmi\u015f ve aradaki u\u00e7urum geni\u015flemi\u015ftir. Anne Ruh Sa\u011fl\u0131\u011f\u0131 Birli\u011fi ve Ruh Sa\u011fl\u0131\u011f\u0131 Vakf\u0131 taraf\u0131ndan Mart 2021&#039;de yay\u0131nlanan bir raporda, hamile kald\u0131klar\u0131 andan do\u011fumdan sonraki bir y\u0131la kadar olan d\u00f6nemde (perinatal) kad\u0131nlar\u0131n t\u0131bbi s\u00fcre\u00e7lerine olan etkisi vurgulanm\u0131\u015ft\u0131r. Bu e\u015fitsizliklerin ulusal ve yerel d\u00fczeyde ele al\u0131nmas\u0131 gerekmektedir. Yerel d\u00fczeyde, perinatal ruh sa\u011fl\u0131\u011f\u0131 s\u00fcreci de dahil olmak \u00fczere ruh sa\u011fl\u0131\u011f\u0131 hizmetlerine eri\u015fimde e\u015fitsizlik oldu\u011funa dair kan\u0131tlar mevcuttur; bu kapsamda BAME gruplar\u0131ndan, ergenlerden ve g\u00f6\u00e7ebelerden olu\u015fan gruplar\u0131n yetersiz hizmet alan topluluklar oldu\u011fu belirlenmi\u015ftir.<\/p>\n<h2><strong>Ara\u015ft\u0131rman\u0131n amac\u0131 nedir?<\/strong><\/h2>\n<p>Bu \u00e7al\u0131\u015fma, yeterince hizmet alamayan bu topluluklar\u0131 ve eri\u015fimdeki engelleri belirlemeyi ve bu engellerle ba\u015fa \u00e7\u0131kmak i\u00e7in m\u00fcdahaleler geli\u015ftirmeyi ama\u00e7lamaktad\u0131r. Bu engelleri ele almak i\u00e7in yap\u0131lacak m\u00fcdahaleler, uygulama bi\u00e7iminde ve muhtemelen yerel politikalarda bir de\u011fi\u015fikli\u011fi i\u00e7erecektir, ancak gerekli de\u011fi\u015fikliklerin tam niteli\u011fi bu \u00e7al\u0131\u015fma tamamlanana kadar netle\u015fmeyecektir.<\/p>\n<h2><strong>Bu nas\u0131l ba\u015far\u0131lacak?<\/strong><\/h2>\n<p>Do\u011fum hizmetleri, ruh sa\u011fl\u0131\u011f\u0131 hizmetleri ve g\u00f6n\u00fcll\u00fc sekt\u00f6r (psikolojik tedavi hizmetleri) dahil olmak \u00fczere Psikolojik Terapilere Eri\u015fimi Geli\u015ftirme hizmetleriyle \u00e7al\u0131\u015fmak \u00fczere alt\u0131 ayl\u0131\u011f\u0131na bir ara\u015ft\u0131rma asistan\u0131 istihdam edece\u011fiz. Bu ki\u015fi, perinatal s\u00fcre\u00e7 boyunca yetersiz hizmet alan gruplar\u0131n oran\u0131na ili\u015fkin bilgi sa\u011flayan veri kaynaklar\u0131n\u0131 belirleyecektir. Bu, m\u00fcdahaleler geli\u015ftirildik\u00e7e ortaya \u00e7\u0131kan de\u011fi\u015fiklikleri de\u011ferlendirmek i\u00e7in kullan\u0131labilecek bir veri toplama y\u00f6ntemi olu\u015fturacakt\u0131r.<\/p>\n<p>Ara\u015ft\u0131rma asistan\u0131 daha sonra, dezavantajl\u0131 kilit topluluklardan payda\u015flar\u0131 belirleyecek ve nominal grup tekni\u011fini kullanarak payda\u015flar\u0131 hizmet sa\u011flay\u0131c\u0131 temsilcileriyle bir dizi toplant\u0131da bir araya getirerek engelleri tespit edecek ve bu engellerin \u00fcstesinden gelebilecek m\u00fcdahaleler geli\u015ftirecektir.<\/p>\n<p>Hastalar\u0131n ve halk\u0131n g\u00fc\u00e7l\u00fc kat\u0131l\u0131m\u0131, engelleri ele almak ve m\u00fcdahaleleri birlikte tasarlamak i\u00e7in gruplar olu\u015fturmada kilit \u00f6nem ta\u015f\u0131yacakt\u0131r. Bu fon, bu \u00f6n \u00e7al\u0131\u015fma s\u00fcrecini ba\u015flatmak ve m\u00fcdahale geli\u015ftirme ortak tasar\u0131m \u00e7al\u0131\u015fmas\u0131ndan tam bir hibe geli\u015ftirme olana\u011f\u0131 sa\u011flamak i\u00e7in ICB taraf\u0131ndan sa\u011flanan fonlara ek olarak verilecektir.<\/p>\n<h2><strong>Ara\u015ft\u0131rmay\u0131 kim y\u00fcr\u00fct\u00fcyor?<\/strong><\/h2>\n<p><a href=\"https:\/\/www.bristol.ac.uk\/people\/person\/Jonathan-Evans-42232ddf-c59e-4203-a116-8a89d5871a36\/\" rel=\"noopener\">Dr. Johnathan Evans<\/a>, Bristol \u00dcniversitesi&#039;nde Dan\u0131\u015fman K\u0131demli \u00d6\u011fretim \u00dcyesi.<\/p>\n<h2>Daha fazla bilgi:<\/h2>\n<p>Daha fazla bilgi almak veya bu projeye dahil olmak i\u00e7in l\u00fctfen bnssg.research@nhs.net adresinden ileti\u015fime ge\u00e7in.<\/p>\n<p>&nbsp;<\/p>\n  <\/div>\r\n  <\/section><\/div><!-- .assembler_text-module.assembler_module.assembler_text-module_1.assembler_module_1..transparent --><\/div><!-- .assembler_module_area.assembler_module_area_1 --><\/div><!-- .assembler_default-group.assembler_module_group.assembler_default-group_1.assembler_module_group_1  -->","protected":false},"excerpt":{"rendered":"<p>Section titled module-1 Which communities are underserved by perinatal mental health services in the BNSSG area, what are the barriers to access and what interventions are needed to address these? &nbsp; Funding: BNSSG ICB Research Capability Funding What is the problem? The need to reduce inequalities in health is central to the NHS Long Term [&hellip;]<\/p>\n","protected":false},"author":1,"featured_media":0,"parent":32896,"menu_order":0,"comment_status":"closed","ping_status":"closed","template":"","meta":{"_acf_changed":false,"footnotes":""},"tags":[],"class_list":["post-34702","page","type-page","status-publish","hentry"],"acf":[],"_links":{"self":[{"href":"https:\/\/bnssghealthiertogether.org.uk\/tr\/wp-json\/wp\/v2\/pages\/34702","targetHints":{"allow":["GET"]}}],"collection":[{"href":"https:\/\/bnssghealthiertogether.org.uk\/tr\/wp-json\/wp\/v2\/pages"}],"about":[{"href":"https:\/\/bnssghealthiertogether.org.uk\/tr\/wp-json\/wp\/v2\/types\/page"}],"author":[{"embeddable":true,"href":"https:\/\/bnssghealthiertogether.org.uk\/tr\/wp-json\/wp\/v2\/users\/1"}],"replies":[{"embeddable":true,"href":"https:\/\/bnssghealthiertogether.org.uk\/tr\/wp-json\/wp\/v2\/comments?post=34702"}],"version-history":[{"count":2,"href":"https:\/\/bnssghealthiertogether.org.uk\/tr\/wp-json\/wp\/v2\/pages\/34702\/revisions"}],"predecessor-version":[{"id":34704,"href":"https:\/\/bnssghealthiertogether.org.uk\/tr\/wp-json\/wp\/v2\/pages\/34702\/revisions\/34704"}],"up":[{"embeddable":true,"href":"https:\/\/bnssghealthiertogether.org.uk\/tr\/wp-json\/wp\/v2\/pages\/32896"}],"wp:attachment":[{"href":"https:\/\/bnssghealthiertogether.org.uk\/tr\/wp-json\/wp\/v2\/media?parent=34702"}],"wp:term":[{"taxonomy":"post_tag","embeddable":true,"href":"https:\/\/bnssghealthiertogether.org.uk\/tr\/wp-json\/wp\/v2\/tags?post=34702"}],"curies":[{"name":"wp","href":"https:\/\/api.w.org\/{rel}","templated":true}]}}