{"id":34708,"date":"2024-11-26T17:15:33","date_gmt":"2024-11-26T17:15:33","guid":{"rendered":"https:\/\/bnssghealthiertogether.org.uk\/?page_id=34708"},"modified":"2025-01-19T21:21:33","modified_gmt":"2025-01-19T21:21:33","slug":"community-researcher-to-establish-the-research-priorities-of-chinese-caribbean-and-south-asian-communities-living-with-dementia","status":"publish","type":"page","link":"https:\/\/bnssghealthiertogether.org.uk\/tr\/integrated-care-board\/research-and-evidence\/our-research-portfolio\/type-1-rcf-funded-projects\/community-researcher-to-establish-the-research-priorities-of-chinese-caribbean-and-south-asian-communities-living-with-dementia\/","title":{"rendered":"Topluluk ara\u015ft\u0131rmac\u0131s\u0131, demansla ya\u015fayan \u00c7inli, Karayipli ve G\u00fcney Asyal\u0131 topluluklar\u0131n ara\u015ft\u0131rma \u00f6nceliklerini belirleyecektir."},"content":{"rendered":"<div class=\"assembler_default-group assembler_module_group assembler_default-group_1 assembler_module_group_1\"><div class=\"assembler_module_area assembler_module_area_1\"><div class=\"assembler_text-module assembler_module assembler_text-module_1 assembler_module_1  transparent\"><a tabindex=\"-1\" title=\"Mod\u00fcl-1 ba\u015fl\u0131kl\u0131 b\u00f6l\u00fcm\" id=\"module-1\" href=\"https:\/\/bnssghealthiertogether.org.uk\/tr\/wp-json\/wp\/v2\/pages\/34708\/#module-1\" class=\"anchor\"><span class=\"hidden\">Mod\u00fcl-1 ba\u015fl\u0131kl\u0131 b\u00f6l\u00fcm<\/span><\/a><!-- Template found for text-module - Template: template-text - Matched: _only --><section class=\"w-full mx-auto max-w-content pt-12 sm:pt-24 pb-12 sm:pb-24\">\r\n  <div class=\"entry-content w-full !px-0 max-w-small\">\r\n        <h1>Demansla ya\u015fayan \u00c7inli, Karayipli ve G\u00fcney Asyal\u0131 topluluklar\u0131n ara\u015ft\u0131rma \u00f6nceliklerini belirlemek \u00fczere topluluk ara\u015ft\u0131rmac\u0131s\u0131.<\/h1>\n<p>Bu ara\u015ft\u0131rma projesi, bunama hastal\u0131\u011f\u0131yla ya\u015fayan \u00c7inli, Karayipli ve G\u00fcney Asyal\u0131 topluluklar\u0131n ara\u015ft\u0131rma \u00f6nceliklerini belirlemek amac\u0131yla bir topluluk ara\u015ft\u0131rmac\u0131s\u0131 istihdam etmeyi hedeflemektedir.<\/p>\n<h2>Finansman<\/h2>\n<p>NHS Bristol, North Somerset ve South Gloucestershire ICB Ara\u015ft\u0131rma Kapasitesi Fonu.<\/p>\n<h2>Bu ara\u015ft\u0131rmay\u0131 kim y\u00fcr\u00fct\u00fcyor?<\/h2>\n<p>Bu ara\u015ft\u0131rma, \u00fc\u00e7 yerel topluluk odakl\u0131 kurulu\u015f (Dhek Bhal, \u00c7in Toplulu\u011fu Refah Derne\u011fi ve Bristol Siyah Bak\u0131c\u0131lar), Bristol Belediyesi, G\u00fcney Bat\u0131 Siyah A\u011f\u0131 ve Bat\u0131 \u0130ngiltere \u00dcniversitesi&#039;nin i\u015f birli\u011fiyle ger\u00e7ekle\u015ftirilmi\u015ftir.<\/p>\n<h2>Daha fazla bilgi:<\/h2>\n<p>Daha fazla bilgi almak veya bu projeye dahil olmak i\u00e7in l\u00fctfen e-posta g\u00f6nderin. <a href=\"mailto:bnssg.research@nhs.net\">bnssg.research@nhs.net<\/a>.<\/p>\n  <\/div>\r\n  <\/section><\/div><!-- .assembler_text-module.assembler_module.assembler_text-module_1.assembler_module_1..transparent --><\/div><!-- .assembler_module_area.assembler_module_area_1 --><\/div><!-- .assembler_default-group.assembler_module_group.assembler_default-group_1.assembler_module_group_1  -->","protected":false},"excerpt":{"rendered":"<p>Section titled module-1 Community researcher to establish the research priorities of Chinese, Caribbean and South Asian communities living with dementia This research project aims to employ a community researcher to establish the research priorities of Chinese, Caribbean and South Asian communities living with dementia. Funding NHS Bristol, North Somerset and South Gloucestershire ICB Research Capability [&hellip;]<\/p>\n","protected":false},"author":1,"featured_media":0,"parent":32894,"menu_order":0,"comment_status":"closed","ping_status":"closed","template":"","meta":{"_acf_changed":false,"footnotes":""},"tags":[],"class_list":["post-34708","page","type-page","status-publish","hentry"],"acf":[],"_links":{"self":[{"href":"https:\/\/bnssghealthiertogether.org.uk\/tr\/wp-json\/wp\/v2\/pages\/34708","targetHints":{"allow":["GET"]}}],"collection":[{"href":"https:\/\/bnssghealthiertogether.org.uk\/tr\/wp-json\/wp\/v2\/pages"}],"about":[{"href":"https:\/\/bnssghealthiertogether.org.uk\/tr\/wp-json\/wp\/v2\/types\/page"}],"author":[{"embeddable":true,"href":"https:\/\/bnssghealthiertogether.org.uk\/tr\/wp-json\/wp\/v2\/users\/1"}],"replies":[{"embeddable":true,"href":"https:\/\/bnssghealthiertogether.org.uk\/tr\/wp-json\/wp\/v2\/comments?post=34708"}],"version-history":[{"count":3,"href":"https:\/\/bnssghealthiertogether.org.uk\/tr\/wp-json\/wp\/v2\/pages\/34708\/revisions"}],"predecessor-version":[{"id":36246,"href":"https:\/\/bnssghealthiertogether.org.uk\/tr\/wp-json\/wp\/v2\/pages\/34708\/revisions\/36246"}],"up":[{"embeddable":true,"href":"https:\/\/bnssghealthiertogether.org.uk\/tr\/wp-json\/wp\/v2\/pages\/32894"}],"wp:attachment":[{"href":"https:\/\/bnssghealthiertogether.org.uk\/tr\/wp-json\/wp\/v2\/media?parent=34708"}],"wp:term":[{"taxonomy":"post_tag","embeddable":true,"href":"https:\/\/bnssghealthiertogether.org.uk\/tr\/wp-json\/wp\/v2\/tags?post=34708"}],"curies":[{"name":"wp","href":"https:\/\/api.w.org\/{rel}","templated":true}]}}