{"id":34721,"date":"2024-11-26T17:17:20","date_gmt":"2024-11-26T17:17:20","guid":{"rendered":"https:\/\/bnssghealthiertogether.org.uk\/?page_id=34721"},"modified":"2025-01-19T21:25:50","modified_gmt":"2025-01-19T21:25:50","slug":"functional-neurological-disorders-ambulance-services-recognition-care-and-management-of-fnd-patient-presentations","status":"publish","type":"page","link":"https:\/\/bnssghealthiertogether.org.uk\/tr\/integrated-care-board\/research-and-evidence\/our-research-portfolio\/type-1-rcf-funded-projects\/functional-neurological-disorders-ambulance-services-recognition-care-and-management-of-fnd-patient-presentations\/","title":{"rendered":"Fonksiyonel N\u00f6rolojik Bozukluklar \u2013 Ambulans hizmetlerinin fonksiyonel n\u00f6rolojik bozukluk vakalar\u0131n\u0131 tan\u0131ma, bak\u0131m ve y\u00f6netimi."},"content":{"rendered":"<div class=\"assembler_default-group assembler_module_group assembler_default-group_1 assembler_module_group_1\"><div class=\"assembler_module_area assembler_module_area_1\"><div class=\"assembler_text-module assembler_module assembler_text-module_1 assembler_module_1  transparent\"><a tabindex=\"-1\" title=\"Mod\u00fcl-1 ba\u015fl\u0131kl\u0131 b\u00f6l\u00fcm\" id=\"module-1\" href=\"https:\/\/bnssghealthiertogether.org.uk\/tr\/wp-json\/wp\/v2\/pages\/34721\/#module-1\" class=\"anchor\"><span class=\"hidden\">Mod\u00fcl-1 ba\u015fl\u0131kl\u0131 b\u00f6l\u00fcm<\/span><\/a><!-- Template found for text-module - Template: template-text - Matched: _only --><section class=\"w-full mx-auto max-w-content pt-12 sm:pt-24 pb-12 sm:pb-24\">\r\n  <div class=\"entry-content w-full !px-0 max-w-small\">\r\n        <h1>Fonksiyonel N\u00f6rolojik Bozukluklar \u2013 Ambulans hizmetlerinin fonksiyonel n\u00f6rolojik bozukluk hastalar\u0131n\u0131n vakalar\u0131n\u0131 tan\u0131ma, bak\u0131m ve y\u00f6netimi<\/h1>\n<p>Bu fon, RDS deste\u011fiyle bir ara\u015ft\u0131rma ekibi olu\u015fturmak, hasta ve halk sa\u011fl\u0131\u011f\u0131 alan\u0131ndaki payda\u015flarla i\u015f birli\u011fi yapmak ve fonksiyonel n\u00f6rolojik bozukluklar alan\u0131ndaki klinik uzmanlarla ileti\u015fim kurmak i\u00e7in kullan\u0131lacakt\u0131r.<\/p>\n<p>Ayr\u0131ca, ambulans personeli taraf\u0131ndan FND&#039;nin yayg\u0131nl\u0131\u011f\u0131 ve y\u00f6netimi konusunda bir ara\u015ft\u0131rma sorusu geli\u015ftirmek i\u00e7in PPI kat\u0131l\u0131mc\u0131lar\u0131, klinik uzmanlar ve ara\u015ft\u0131rma ekibiyle birlikte \u00e7al\u0131\u015facak; hastalar i\u00e7in sonu\u00e7lar\u0131 iyile\u015ftirmek ve uygunsuz kaynak kullan\u0131m\u0131n\u0131 azaltmak amac\u0131yla FND&#039;nin hastane \u00f6ncesi tedavisini nas\u0131l geli\u015ftirebilece\u011fimizi anlamay\u0131 hedefleyecektir.<\/p>\n<article class=\"page_content\">\n<h2 class=\"page_content__inner\">Finansman<\/h2>\n<\/article>\n<p>NHS Bristol, Kuzey Somerset ve G\u00fcney Gloucestershire ICB Ara\u015ft\u0131rma Kapasitesi Fonu (Yerel geli\u015ftirme)<\/p>\n<h2>Ara\u015ft\u0131rmay\u0131 kim y\u00fcr\u00fct\u00fcyor?<\/h2>\n<p><a href=\"https:\/\/people.uwe.ac.uk\/Person\/David29Williams\" rel=\"noopener\">Say\u0131n David Williams<\/a>, Bat\u0131 \u0130ngiltere \u00dcniversitesi&#039;nde Paramedik Bilimleri K\u0131demli \u00d6\u011fretim \u00dcyesi.<\/p>\n<h2>Daha fazla bilgi:<\/h2>\n<p>Daha fazla bilgi almak veya bu projeye kat\u0131lmak i\u00e7in l\u00fctfen e-posta g\u00f6nderin. <a href=\"mailto:bnssg.research@nhs.net\" target=\"_blank\" rel=\"noopener\">bnssg.research@nhs.net<\/a>.<\/p>\n  <\/div>\r\n  <\/section><\/div><!-- .assembler_text-module.assembler_module.assembler_text-module_1.assembler_module_1..transparent --><\/div><!-- .assembler_module_area.assembler_module_area_1 --><\/div><!-- .assembler_default-group.assembler_module_group.assembler_default-group_1.assembler_module_group_1  -->","protected":false},"excerpt":{"rendered":"<p>Section titled module-1 Functional Neurological Disorders \u2013 Ambulance services recognition, care and management of FND patient presentations The funding will be used to develop a research team with RDS support, engage with PPI and engage with clinical experts in the FND field. It will also be used to work with PPI contributors, clinical experts and [&hellip;]<\/p>\n","protected":false},"author":1,"featured_media":0,"parent":32894,"menu_order":0,"comment_status":"closed","ping_status":"closed","template":"","meta":{"_acf_changed":false,"footnotes":""},"tags":[],"class_list":["post-34721","page","type-page","status-publish","hentry"],"acf":[],"_links":{"self":[{"href":"https:\/\/bnssghealthiertogether.org.uk\/tr\/wp-json\/wp\/v2\/pages\/34721","targetHints":{"allow":["GET"]}}],"collection":[{"href":"https:\/\/bnssghealthiertogether.org.uk\/tr\/wp-json\/wp\/v2\/pages"}],"about":[{"href":"https:\/\/bnssghealthiertogether.org.uk\/tr\/wp-json\/wp\/v2\/types\/page"}],"author":[{"embeddable":true,"href":"https:\/\/bnssghealthiertogether.org.uk\/tr\/wp-json\/wp\/v2\/users\/1"}],"replies":[{"embeddable":true,"href":"https:\/\/bnssghealthiertogether.org.uk\/tr\/wp-json\/wp\/v2\/comments?post=34721"}],"version-history":[{"count":3,"href":"https:\/\/bnssghealthiertogether.org.uk\/tr\/wp-json\/wp\/v2\/pages\/34721\/revisions"}],"predecessor-version":[{"id":36252,"href":"https:\/\/bnssghealthiertogether.org.uk\/tr\/wp-json\/wp\/v2\/pages\/34721\/revisions\/36252"}],"up":[{"embeddable":true,"href":"https:\/\/bnssghealthiertogether.org.uk\/tr\/wp-json\/wp\/v2\/pages\/32894"}],"wp:attachment":[{"href":"https:\/\/bnssghealthiertogether.org.uk\/tr\/wp-json\/wp\/v2\/media?parent=34721"}],"wp:term":[{"taxonomy":"post_tag","embeddable":true,"href":"https:\/\/bnssghealthiertogether.org.uk\/tr\/wp-json\/wp\/v2\/tags?post=34721"}],"curies":[{"name":"wp","href":"https:\/\/api.w.org\/{rel}","templated":true}]}}