{"id":34726,"date":"2024-11-26T17:17:58","date_gmt":"2024-11-26T17:17:58","guid":{"rendered":"https:\/\/bnssghealthiertogether.org.uk\/?page_id=34726"},"modified":"2025-01-19T21:27:31","modified_gmt":"2025-01-19T21:27:31","slug":"improving-continuity-of-care-and-health-outcomes-of-people-with-learning-disabilities-living-in-assisted-housing-developing-and-enhancing-work-initiated-by-the-bnssg-icb","status":"publish","type":"page","link":"https:\/\/bnssghealthiertogether.org.uk\/tr\/integrated-care-board\/research-and-evidence\/our-research-portfolio\/type-1-rcf-funded-projects\/improving-continuity-of-care-and-health-outcomes-of-people-with-learning-disabilities-living-in-assisted-housing-developing-and-enhancing-work-initiated-by-the-bnssg-icb\/","title":{"rendered":"Bak\u0131m evlerinde ya\u015fayan \u00f6\u011frenme g\u00fc\u00e7l\u00fc\u011f\u00fc olan ki\u015filerin bak\u0131m s\u00fcreklili\u011fini ve sa\u011fl\u0131k sonu\u00e7lar\u0131n\u0131 iyile\u015ftirmek. BNSSG ICB taraf\u0131ndan ba\u015flat\u0131lan \u00e7al\u0131\u015fmalar\u0131 geli\u015ftirmek ve g\u00fc\u00e7lendirmek."},"content":{"rendered":"<div class=\"assembler_default-group assembler_module_group assembler_default-group_1 assembler_module_group_1\"><div class=\"assembler_module_area assembler_module_area_1\"><div class=\"assembler_text-module assembler_module assembler_text-module_1 assembler_module_1  transparent\"><a tabindex=\"-1\" title=\"Mod\u00fcl-1 ba\u015fl\u0131kl\u0131 b\u00f6l\u00fcm\" id=\"module-1\" href=\"https:\/\/bnssghealthiertogether.org.uk\/tr\/wp-json\/wp\/v2\/pages\/34726\/#module-1\" class=\"anchor\"><span class=\"hidden\">Mod\u00fcl-1 ba\u015fl\u0131kl\u0131 b\u00f6l\u00fcm<\/span><\/a><!-- Template found for text-module - Template: template-text - Matched: _only --><section class=\"w-full mx-auto max-w-content pt-12 sm:pt-24 pb-12 sm:pb-24\">\r\n  <div class=\"entry-content w-full !px-0 max-w-small\">\r\n        <h1>Destekli konutlarda ya\u015fayan \u00f6\u011frenme g\u00fc\u00e7l\u00fc\u011f\u00fc olan ki\u015filerin bak\u0131m s\u00fcreklili\u011fini ve sa\u011fl\u0131k sonu\u00e7lar\u0131n\u0131 iyile\u015ftirmek. NHS Bristol, North Somerset ve South Gloucestershire ICB taraf\u0131ndan ba\u015flat\u0131lan \u00e7al\u0131\u015fmalar\u0131 geli\u015ftirmek ve g\u00fc\u00e7lendirmek.<\/h1>\n<h2>Finansman<\/h2>\n<p>NHS Bristol, North Somerset ve South Gloucestershire ICB Ara\u015ft\u0131rma Kapasitesi Fonu.<\/p>\n<h2>Bu ara\u015ft\u0131rmay\u0131 kim y\u00fcr\u00fct\u00fcyor?<\/h2>\n<p>Bu ara\u015ft\u0131rma, Sosyal Politika \u00d6\u011fretim G\u00f6revlisi ve NIHR Sosyal Bak\u0131m Okulu Ara\u015ft\u0131rma G\u00f6revlisi Joseph Webb ve NHS Bristol, Kuzey Somerset ve G\u00fcney Gloucestershire&#039;da \u00d6\u011frenme G\u00fc\u00e7l\u00fc\u011f\u00fc Projeleri Sorumlusu Lesley Le-Pine taraf\u0131ndan y\u00fcr\u00fct\u00fclmektedir.<\/p>\n<h2>Daha fazla bilgi<\/h2>\n<p>Daha fazla bilgi almak veya bu projeye dahil olmak i\u00e7in l\u00fctfen e-posta g\u00f6nderin. <a href=\"mailto:bnssg.research@nhs.net\">bnssg.research@nhs.net<\/a>.<\/p>\n  <\/div>\r\n  <\/section><\/div><!-- .assembler_text-module.assembler_module.assembler_text-module_1.assembler_module_1..transparent --><\/div><!-- .assembler_module_area.assembler_module_area_1 --><\/div><!-- .assembler_default-group.assembler_module_group.assembler_default-group_1.assembler_module_group_1  -->","protected":false},"excerpt":{"rendered":"<p>Section titled module-1 Improving continuity of care and health outcomes of people with Learning Disabilities living in assisted housing. Developing and enhancing work initiated by NHS Bristol, North Somerset and South Gloucestershire ICB Funding NHS Bristol, North Somerset and South Gloucestershire ICB Research Capability Funding. Who is leading this research? This research is led by [&hellip;]<\/p>\n","protected":false},"author":1,"featured_media":0,"parent":32894,"menu_order":0,"comment_status":"closed","ping_status":"closed","template":"","meta":{"_acf_changed":false,"footnotes":""},"tags":[],"class_list":["post-34726","page","type-page","status-publish","hentry"],"acf":[],"_links":{"self":[{"href":"https:\/\/bnssghealthiertogether.org.uk\/tr\/wp-json\/wp\/v2\/pages\/34726","targetHints":{"allow":["GET"]}}],"collection":[{"href":"https:\/\/bnssghealthiertogether.org.uk\/tr\/wp-json\/wp\/v2\/pages"}],"about":[{"href":"https:\/\/bnssghealthiertogether.org.uk\/tr\/wp-json\/wp\/v2\/types\/page"}],"author":[{"embeddable":true,"href":"https:\/\/bnssghealthiertogether.org.uk\/tr\/wp-json\/wp\/v2\/users\/1"}],"replies":[{"embeddable":true,"href":"https:\/\/bnssghealthiertogether.org.uk\/tr\/wp-json\/wp\/v2\/comments?post=34726"}],"version-history":[{"count":3,"href":"https:\/\/bnssghealthiertogether.org.uk\/tr\/wp-json\/wp\/v2\/pages\/34726\/revisions"}],"predecessor-version":[{"id":36254,"href":"https:\/\/bnssghealthiertogether.org.uk\/tr\/wp-json\/wp\/v2\/pages\/34726\/revisions\/36254"}],"up":[{"embeddable":true,"href":"https:\/\/bnssghealthiertogether.org.uk\/tr\/wp-json\/wp\/v2\/pages\/32894"}],"wp:attachment":[{"href":"https:\/\/bnssghealthiertogether.org.uk\/tr\/wp-json\/wp\/v2\/media?parent=34726"}],"wp:term":[{"taxonomy":"post_tag","embeddable":true,"href":"https:\/\/bnssghealthiertogether.org.uk\/tr\/wp-json\/wp\/v2\/tags?post=34726"}],"curies":[{"name":"wp","href":"https:\/\/api.w.org\/{rel}","templated":true}]}}