{"id":36348,"date":"2025-01-21T10:31:28","date_gmt":"2025-01-21T10:31:28","guid":{"rendered":"https:\/\/bnssghealthiertogether.org.uk\/?page_id=36348"},"modified":"2025-01-21T10:31:28","modified_gmt":"2025-01-21T10:31:28","slug":"how-health-inequalities-experienced-by-disabled-people-have-been-exacerbated-by-the-cost-of-living-crisis","status":"publish","type":"page","link":"https:\/\/bnssghealthiertogether.org.uk\/tr\/integrated-care-board\/research-and-evidence\/our-research-portfolio\/type-1-rcf-funded-projects\/how-health-inequalities-experienced-by-disabled-people-have-been-exacerbated-by-the-cost-of-living-crisis\/","title":{"rendered":"Ya\u015fam maliyeti krizinin engelli bireylerin ya\u015fad\u0131\u011f\u0131 sa\u011fl\u0131k e\u015fitsizliklerini nas\u0131l daha da k\u00f6t\u00fcle\u015ftirdi\u011fi"},"content":{"rendered":"<div class=\"assembler_default-group assembler_module_group assembler_default-group_1 assembler_module_group_1\"><div class=\"assembler_module_area assembler_module_area_1\"><div class=\"assembler_text-module assembler_module assembler_text-module_1 assembler_module_1  transparent\"><a tabindex=\"-1\" title=\"Mod\u00fcl-1 ba\u015fl\u0131kl\u0131 b\u00f6l\u00fcm\" id=\"module-1\" href=\"https:\/\/bnssghealthiertogether.org.uk\/tr\/wp-json\/wp\/v2\/pages\/36348\/#module-1\" class=\"anchor\"><span class=\"hidden\">Mod\u00fcl-1 ba\u015fl\u0131kl\u0131 b\u00f6l\u00fcm<\/span><\/a><!-- Template found for text-module - Template: template-text - Matched: _only --><section class=\"w-full mx-auto max-w-content pt-12 sm:pt-24 pb-12 sm:pb-24\">\r\n  <div class=\"entry-content w-full !px-0 max-w-small\">\r\n        <h1>Ya\u015fam maliyeti krizinin engelli bireylerin ya\u015fad\u0131\u011f\u0131 sa\u011fl\u0131k e\u015fitsizliklerini nas\u0131l daha da k\u00f6t\u00fcle\u015ftirdi\u011fi<\/h1>\n<h2 class=\"x_MsoNormal\" data-olk-copy-source=\"MessageBody\">Finansman<\/h2>\n<p class=\"x_MsoNormal\">NHS Bristol, North Somerset ve South Gloucestershire ICB Ara\u015ft\u0131rma Kapasitesi Fonu.<\/p>\n<h2 class=\"x_MsoNormal\">Ara\u015ft\u0131rmay\u0131 kim y\u00f6netiyor?<\/h2>\n<p class=\"x_MsoNormal\">Ara\u015ft\u0131rma, Bat\u0131 \u0130ngiltere Ba\u011f\u0131ms\u0131z Ya\u015fam Merkezi Topluluk Hizmetleri Ba\u015fkan\u0131 Lucie Martin Jones liderli\u011finde ve Bat\u0131 \u0130ngiltere \u00dcniversitesi&#039;nin deste\u011fiyle y\u00fcr\u00fct\u00fclmektedir.<\/p>\n<p class=\"x_MsoNormal\">Bu, hizmet odakl\u0131 bir ara\u015ft\u0131rma projesidir.<\/p>\n<h2 class=\"x_MsoNormal\">Daha fazla bilgi<\/h2>\n<p class=\"x_MsoNormal\">Daha fazla bilgi almak veya bu projeye dahil olmak i\u00e7in l\u00fctfen e-posta g\u00f6nderin. <a title=\"file:\/\/\/C:\/Users\/paul.roy\/AppData\/Local\/Microsoft\/Windows\/INetCache\/Content.Outlook\/FVMRYFRY\/bnssg.research@nhs.net\" href=\"https:\/\/outlook.office.com\/local\/path\/file:\/\/\/C:\/Users\/paul.roy\/AppData\/Local\/Microsoft\/Windows\/INetCache\/Content.Outlook\/FVMRYFRY\/bnssg.research@nhs.net\" data-auth=\"NotApplicable\" data-linkindex=\"4\" rel=\"noopener\">bnssg.research@nhs.net<\/a>.<\/p>\n  <\/div>\r\n  <\/section><\/div><!-- .assembler_text-module.assembler_module.assembler_text-module_1.assembler_module_1..transparent --><\/div><!-- .assembler_module_area.assembler_module_area_1 --><\/div><!-- .assembler_default-group.assembler_module_group.assembler_default-group_1.assembler_module_group_1  -->","protected":false},"excerpt":{"rendered":"<p>Section titled module-1 How health inequalities experienced by disabled people have been exacerbated by the cost-of-living crisis Funding NHS Bristol, North Somerset and South Gloucestershire ICB Research Capability Funding. Who is leading the research The research is led by Lucie Martin Jones, Head of Community Services at West of England Centre for Independent Living with [&hellip;]<\/p>\n","protected":false},"author":7,"featured_media":0,"parent":32894,"menu_order":0,"comment_status":"closed","ping_status":"closed","template":"","meta":{"_acf_changed":false,"footnotes":""},"tags":[],"class_list":["post-36348","page","type-page","status-publish","hentry"],"acf":[],"_links":{"self":[{"href":"https:\/\/bnssghealthiertogether.org.uk\/tr\/wp-json\/wp\/v2\/pages\/36348","targetHints":{"allow":["GET"]}}],"collection":[{"href":"https:\/\/bnssghealthiertogether.org.uk\/tr\/wp-json\/wp\/v2\/pages"}],"about":[{"href":"https:\/\/bnssghealthiertogether.org.uk\/tr\/wp-json\/wp\/v2\/types\/page"}],"author":[{"embeddable":true,"href":"https:\/\/bnssghealthiertogether.org.uk\/tr\/wp-json\/wp\/v2\/users\/7"}],"replies":[{"embeddable":true,"href":"https:\/\/bnssghealthiertogether.org.uk\/tr\/wp-json\/wp\/v2\/comments?post=36348"}],"version-history":[{"count":1,"href":"https:\/\/bnssghealthiertogether.org.uk\/tr\/wp-json\/wp\/v2\/pages\/36348\/revisions"}],"predecessor-version":[{"id":36349,"href":"https:\/\/bnssghealthiertogether.org.uk\/tr\/wp-json\/wp\/v2\/pages\/36348\/revisions\/36349"}],"up":[{"embeddable":true,"href":"https:\/\/bnssghealthiertogether.org.uk\/tr\/wp-json\/wp\/v2\/pages\/32894"}],"wp:attachment":[{"href":"https:\/\/bnssghealthiertogether.org.uk\/tr\/wp-json\/wp\/v2\/media?parent=36348"}],"wp:term":[{"taxonomy":"post_tag","embeddable":true,"href":"https:\/\/bnssghealthiertogether.org.uk\/tr\/wp-json\/wp\/v2\/tags?post=36348"}],"curies":[{"name":"wp","href":"https:\/\/api.w.org\/{rel}","templated":true}]}}