{"id":36519,"date":"2025-01-28T13:33:08","date_gmt":"2025-01-28T13:33:08","guid":{"rendered":"https:\/\/bnssghealthiertogether.org.uk\/?page_id=36519"},"modified":"2025-07-14T16:37:48","modified_gmt":"2025-07-14T15:37:48","slug":"change-nhs-a-health-service-fit-for-the-future","status":"publish","type":"page","link":"https:\/\/bnssghealthiertogether.org.uk\/tr\/get-involved\/change-nhs-a-health-service-fit-for-the-future\/","title":{"rendered":"NHS&#039;yi De\u011fi\u015ftirin: Gelece\u011fe Uygun Bir Sa\u011fl\u0131k Hizmeti"},"content":{"rendered":"<div class=\"assembler_default-group assembler_module_group assembler_default-group_1 assembler_module_group_1\"><div class=\"assembler_module_area assembler_module_area_1\"><div class=\"assembler_banner-split-module assembler_module assembler_banner-split-module_1 assembler_module_1 \"><a tabindex=\"-1\" title=\"Section titled module-1\" id=\"module-1\" href=\"https:\/\/bnssghealthiertogether.org.uk\/tr\/wp-json\/wp\/v2\/pages\/36519\/#module-1\" class=\"anchor\"><span class=\"hidden\">Section titled module-1<\/span><\/a><!-- Template found for banner-split-module - Template: template-banner-split - Matched: _only -->\r\n<section class=\"relative\">\r\n      \r\n    \r\n    <div class=\"w-full max-w-content mx-auto !p-0 lg:flex lg:flex-row lg:gap-10 banner-split--default\">\r\n      <!-- Text Column -->\r\n      <div class=\"w-full nk-9 pt-6 sm:pt-12 pb-6 sm:pb-12 lg:w-1\/2\" style=\"display: flex; flex-direction: column; justify-content: center;\">\r\n        <div class=\"entry-content\">\r\n          <h1><strong>Change NHS: A health service fit for the future<\/strong><\/h1>\n        <\/div>\r\n      <\/div>\r\n\r\n      <!-- Image Column -->\r\n      <div class=\"relative overflow-hidden lg:w-1\/2\">\r\n              <picture  class=\" no-lazy\">\n                    <source media=\"(min-width: 640px)\" srcset=\"https:\/\/bnssghealthiertogether.org.uk\/wp-content\/uploads\/2025\/01\/Your-paragraph-text-1-e1731603220131-1024x686.jpg.webp 1024w, https:\/\/bnssghealthiertogether.org.uk\/wp-content\/uploads\/2025\/01\/Your-paragraph-text-1-e1731603220131-300x201.jpg.webp 300w, https:\/\/bnssghealthiertogether.org.uk\/wp-content\/uploads\/2025\/01\/Your-paragraph-text-1-e1731603220131-768x515.jpg.webp 768w, https:\/\/bnssghealthiertogether.org.uk\/wp-content\/uploads\/2025\/01\/Your-paragraph-text-1-e1731603220131-1536x1029.jpg.webp 1536w, https:\/\/bnssghealthiertogether.org.uk\/wp-content\/uploads\/2025\/01\/Your-paragraph-text-1-e1731603220131-2048x1372.jpg.webp 2048w, https:\/\/bnssghealthiertogether.org.uk\/wp-content\/uploads\/2025\/01\/Your-paragraph-text-1-e1731603220131-1320x885.jpg.webp 1320w\" type=\"image\/webp\">\n                    <source media=\"(min-width: 640px)\" srcset=\"https:\/\/bnssghealthiertogether.org.uk\/wp-content\/uploads\/2025\/01\/Your-paragraph-text-1-e1731603220131-1024x686.jpg 1024w, https:\/\/bnssghealthiertogether.org.uk\/wp-content\/uploads\/2025\/01\/Your-paragraph-text-1-e1731603220131-300x201.jpg 300w, https:\/\/bnssghealthiertogether.org.uk\/wp-content\/uploads\/2025\/01\/Your-paragraph-text-1-e1731603220131-768x515.jpg 768w, https:\/\/bnssghealthiertogether.org.uk\/wp-content\/uploads\/2025\/01\/Your-paragraph-text-1-e1731603220131-1536x1029.jpg 1536w, https:\/\/bnssghealthiertogether.org.uk\/wp-content\/uploads\/2025\/01\/Your-paragraph-text-1-e1731603220131-2048x1372.jpg 2048w, https:\/\/bnssghealthiertogether.org.uk\/wp-content\/uploads\/2025\/01\/Your-paragraph-text-1-e1731603220131-1320x885.jpg 1320w\" type=\"image\/jpeg\">\n                    <source media=\"(min-width: 0px)\" srcset=\"https:\/\/bnssghealthiertogether.org.uk\/wp-content\/uploads\/2025\/01\/Your-paragraph-text-1-e1731603220131-300x201.jpg.webp 300w, https:\/\/bnssghealthiertogether.org.uk\/wp-content\/uploads\/2025\/01\/Your-paragraph-text-1-e1731603220131-1024x686.jpg.webp 1024w, https:\/\/bnssghealthiertogether.org.uk\/wp-content\/uploads\/2025\/01\/Your-paragraph-text-1-e1731603220131-768x515.jpg.webp 768w, https:\/\/bnssghealthiertogether.org.uk\/wp-content\/uploads\/2025\/01\/Your-paragraph-text-1-e1731603220131-1536x1029.jpg.webp 1536w, https:\/\/bnssghealthiertogether.org.uk\/wp-content\/uploads\/2025\/01\/Your-paragraph-text-1-e1731603220131-2048x1372.jpg.webp 2048w, https:\/\/bnssghealthiertogether.org.uk\/wp-content\/uploads\/2025\/01\/Your-paragraph-text-1-e1731603220131-1320x885.jpg.webp 1320w\" type=\"image\/webp\">\n                    <source media=\"(min-width: 0px)\" srcset=\"https:\/\/bnssghealthiertogether.org.uk\/wp-content\/uploads\/2025\/01\/Your-paragraph-text-1-e1731603220131-300x201.jpg 300w, https:\/\/bnssghealthiertogether.org.uk\/wp-content\/uploads\/2025\/01\/Your-paragraph-text-1-e1731603220131-1024x686.jpg 1024w, https:\/\/bnssghealthiertogether.org.uk\/wp-content\/uploads\/2025\/01\/Your-paragraph-text-1-e1731603220131-768x515.jpg 768w, https:\/\/bnssghealthiertogether.org.uk\/wp-content\/uploads\/2025\/01\/Your-paragraph-text-1-e1731603220131-1536x1029.jpg 1536w, https:\/\/bnssghealthiertogether.org.uk\/wp-content\/uploads\/2025\/01\/Your-paragraph-text-1-e1731603220131-2048x1372.jpg 2048w, https:\/\/bnssghealthiertogether.org.uk\/wp-content\/uploads\/2025\/01\/Your-paragraph-text-1-e1731603220131-1320x885.jpg 1320w\" type=\"image\/jpeg\">\n                          <img decoding=\"async\" src=\"https:\/\/bnssghealthiertogether.org.uk\/wp-content\/uploads\/2025\/01\/Your-paragraph-text-1-e1731603220131-300x201.jpg\" width=\"300\"  height=\"201\"  alt=\"\"   class=\"w-full h-auto lg:object-cover lg:h-full no-lazy\" \/>\n              <\/picture>\n    \r\n              <\/div>\r\n    <\/div>\r\n\r\n  <\/section><\/div><!-- .assembler_banner-split-module.assembler_module.assembler_banner-split-module_1.assembler_module_1. --><div class=\"assembler_text-module assembler_module assembler_text-module_2 assembler_module_2  transparent\"><a tabindex=\"-1\" title=\"Section titled module-2\" id=\"module-2\" href=\"https:\/\/bnssghealthiertogether.org.uk\/tr\/wp-json\/wp\/v2\/pages\/36519\/#module-2\" class=\"anchor\"><span class=\"hidden\">Section titled module-2<\/span><\/a><!-- Template found for text-module - Template: template-text - Matched: _only --><section class=\"w-full mx-auto max-w-content pt-12 sm:pt-24 pb-3 sm:pb-6\">\r\n  <div class=\"entry-content w-full !px-0 max-w-small\">\r\n        <p>NHS, local authority and voluntary sector staff are working harder than ever to get services back on track, to get waiting lists down and consistently deliver the best care.<\/p>\n<p>We know change is needed. But we also know that many of the solutions we need are already here, working somewhere in the NHS today. In Bristol, North Somerset and South Gloucestershire we are already working hard to deliver change for our area and are supporting the NHS to tackle these challenges head on.<\/p>\n<p><a href=\"https:\/\/change.nhs.uk\/en-GB\/\" rel=\"noopener\">Change NHS<\/a> was launched in October 2024 to hear your views, experiences and ideas to help shape the new 10 Year Health Plan for England. The engagement had over 270,000 contributions nationwide.<\/p>\n<p>The government has now launched the <a href=\"https:\/\/www.gov.uk\/government\/publications\/10-year-health-plan-for-england-fit-for-the-future\" rel=\"noopener\">10 Year Health Plan for England<\/a> to make the NHS fit for the future.<\/p>\n  <\/div>\r\n  <\/section><\/div><!-- .assembler_text-module.assembler_module.assembler_text-module_2.assembler_module_2..transparent --><div class=\"assembler_text-module assembler_module assembler_text-module_3 assembler_module_3  transparent\"><a tabindex=\"-1\" title=\"Section titled module-3\" id=\"module-3\" href=\"https:\/\/bnssghealthiertogether.org.uk\/tr\/wp-json\/wp\/v2\/pages\/36519\/#module-3\" class=\"anchor\"><span class=\"hidden\">Section titled module-3<\/span><\/a><!-- Template found for text-module - Template: template-text - Matched: _only --><section class=\"w-full mx-auto max-w-content pt-3 sm:pt-6 pb-12 sm:pb-24\">\r\n  <div class=\"entry-content w-full !px-0 max-w-small\">\r\n        <h2>Your feedback in Bristol, North Somerset and South Gloucestershire<\/h2>\n<p>In Bristol, North Somerset and South Gloucestershire, we heard from 900 people and held 30 engagement sessions with members of the public, voluntary, community and social enterprise (VCSE) organisations, and health and care staff. We shared this feedback as part of the national consultation and will also use it to support the development of our local work.<\/p>\n<p>Our <a href=\"https:\/\/bnssghealthiertogether.org.uk\/library\/nhs-10-year-plan-engagement-summary-report\/\">10 Year Plan Engagement Report<\/a> summarises the outputs from our engagement activities undertaken within Bristol, North Somerset and South Gloucestershire.<\/p>\n<p>In summary, we listened and heard that:<\/p>\n<h3><strong>Shift 1: Hospital to community <\/strong><\/h3>\n<p>People are generally supportive of moving more care into the community, but it needs to be done with appropriate resource and funding.<\/p>\n<h3><strong>Shift 2: Analogue to digital<\/strong><\/h3>\n<p>People welcome digital improvements, particularly if it means organisations are better connected and it will result in more holistic care. However, there are concerns about digital exclusion, risk of losing human interactions, and data security.<\/p>\n<h3><strong>Shift 3: Sickness to prevention<\/strong><\/h3>\n<p>People felt that strengthening partner and community relationships is key to ensuring a supportive and positive approach to preventative care. This would require greater focus on educational resources, community assets and easy access to screening programmes.<\/p>\n      <a href=\"https:\/\/bnssghealthiertogether.org.uk\/library\/nhs-10-year-plan-engagement-summary-report\/\" class=\"btn-link flex w-[fit-content] \">Read our full 10 Year Plan engagement summary report<\/a>\n\n<p>If you would like to discuss this work, share your views or receive documents in an alternative format, please contact us at: <a href=\"mailto:bnssg.communications@nhs.net\">bnssg.communications@nhs.net<\/a>.<\/p>\n      <a href=\"https:\/\/change.nhs.uk\/en-GB\/\" class=\"btn-link flex w-[fit-content] \" rel=\"noopener\">Read more about Change NHS<\/a>\n\n      <a href=\"https:\/\/www.gov.uk\/government\/publications\/10-year-health-plan-for-england-fit-for-the-future\" class=\"btn-link flex w-[fit-content] \" rel=\"noopener\">Gov.uk - 10 Year Health Plan for England: fit for the future<\/a>\n\n  <\/div>\r\n  <\/section><\/div><!-- .assembler_text-module.assembler_module.assembler_text-module_3.assembler_module_3..transparent --><\/div><!-- .assembler_module_area.assembler_module_area_1 --><\/div><!-- .assembler_default-group.assembler_module_group.assembler_default-group_1.assembler_module_group_1  -->","protected":false},"excerpt":{"rendered":"<p>The NHS is inviting local people to help shape a 10-Year Health Plan.<\/p>","protected":false},"author":28,"featured_media":0,"parent":986,"menu_order":0,"comment_status":"closed","ping_status":"closed","template":"","meta":{"_acf_changed":false,"footnotes":""},"tags":[],"class_list":["post-36519","page","type-page","status-publish","hentry"],"acf":[],"_links":{"self":[{"href":"https:\/\/bnssghealthiertogether.org.uk\/tr\/wp-json\/wp\/v2\/pages\/36519","targetHints":{"allow":["GET"]}}],"collection":[{"href":"https:\/\/bnssghealthiertogether.org.uk\/tr\/wp-json\/wp\/v2\/pages"}],"about":[{"href":"https:\/\/bnssghealthiertogether.org.uk\/tr\/wp-json\/wp\/v2\/types\/page"}],"author":[{"embeddable":true,"href":"https:\/\/bnssghealthiertogether.org.uk\/tr\/wp-json\/wp\/v2\/users\/28"}],"replies":[{"embeddable":true,"href":"https:\/\/bnssghealthiertogether.org.uk\/tr\/wp-json\/wp\/v2\/comments?post=36519"}],"version-history":[{"count":17,"href":"https:\/\/bnssghealthiertogether.org.uk\/tr\/wp-json\/wp\/v2\/pages\/36519\/revisions"}],"predecessor-version":[{"id":41083,"href":"https:\/\/bnssghealthiertogether.org.uk\/tr\/wp-json\/wp\/v2\/pages\/36519\/revisions\/41083"}],"up":[{"embeddable":true,"href":"https:\/\/bnssghealthiertogether.org.uk\/tr\/wp-json\/wp\/v2\/pages\/986"}],"wp:attachment":[{"href":"https:\/\/bnssghealthiertogether.org.uk\/tr\/wp-json\/wp\/v2\/media?parent=36519"}],"wp:term":[{"taxonomy":"post_tag","embeddable":true,"href":"https:\/\/bnssghealthiertogether.org.uk\/tr\/wp-json\/wp\/v2\/tags?post=36519"}],"curies":[{"name":"wp","href":"https:\/\/api.w.org\/{rel}","templated":true}]}}