{"id":36974,"date":"2025-02-03T08:41:51","date_gmt":"2025-02-03T08:41:51","guid":{"rendered":"https:\/\/bnssghealthiertogether.org.uk\/?page_id=36974"},"modified":"2025-02-04T06:23:15","modified_gmt":"2025-02-04T06:23:15","slug":"chronic-obstructive-pulmonary-disease-copd","status":"publish","type":"page","link":"https:\/\/bnssghealthiertogether.org.uk\/tr\/chronic-obstructive-pulmonary-disease-copd\/","title":{"rendered":"Kronik Obstr\u00fcktif Akci\u011fer Hastal\u0131\u011f\u0131 (KOAH)"},"content":{"rendered":"<div class=\"assembler_default-group assembler_module_group assembler_default-group_1 assembler_module_group_1\"><div class=\"assembler_module_area assembler_module_area_1\"><div class=\"assembler_text-module assembler_module assembler_text-module_1 assembler_module_1  transparent\"><a tabindex=\"-1\" title=\"Section titled module-1\" id=\"module-1\" href=\"https:\/\/bnssghealthiertogether.org.uk\/tr\/wp-json\/wp\/v2\/pages\/36974\/#module-1\" class=\"anchor\"><span class=\"hidden\">Section titled module-1<\/span><\/a><!-- Template found for text-module - Template: template-text - Matched: _only --><section class=\"w-full mx-auto max-w-content pt-12 sm:pt-24 pb-3 sm:pb-6\">\r\n  <div class=\"entry-content w-full !px-0 max-w-small\">\r\n        <h1>Chronic Obstructive Pulmonary Disease (COPD)<\/h1>\n  <\/div>\r\n  <\/section><\/div><!-- .assembler_text-module.assembler_module.assembler_text-module_1.assembler_module_1..transparent --><div class=\"assembler_quick-links-module assembler_module assembler_quick-links-module_2 assembler_module_2  transparent\"><a tabindex=\"-1\" title=\"Section titled module-2\" id=\"module-2\" href=\"https:\/\/bnssghealthiertogether.org.uk\/tr\/wp-json\/wp\/v2\/pages\/36974\/#module-2\" class=\"anchor\"><span class=\"hidden\">Section titled module-2<\/span><\/a><!-- Template found for quick-links-module - Template: template-quick-links - Matched: _only --><section class=\"w-full mx-auto flex flex-col max-w-content pt-3 sm:pt-6 pb-12 sm:pb-24\">\n    <div class=\"flex flex-col w-full gap-8 sm:gap-11 sm:grid sm:grid-cols-12 sm:grid-flow-row\">\n            <div class=\"relative focus-within overflow-hidden transition-shadow focus-within:shadow-lg focus-within:shadow-[rgba(4,17,41,0.4)]  hover:shadow-lg hover:shadow-[rgba(4,17,41,0.4)] sm:col-span-6 lg:col-start-3 lg:col-span-4\">\n                    <div class=\"relative p-6 space-y-5 sm:space-y-11 h-full bg-primary text-white\">\n            <h2 class=\"text-2xl leading-42 \">Living Well with COPD<\/h2>\n                          <div class=\"\">\n                  Supporting people with chronic obstructive pulmonary disease (COPD) at home.              <\/div>\n                                  <\/div>\n                                <a class=\"absolute inset-0\" href=\"https:\/\/bnssghealthiertogether.org.uk\/tr\/chronic-obstructive-pulmonary-disease-copd\/living-well-with-copd\/\">\n              <span class=\"sr-only\">Living Well with COPD<\/span>\n            <\/a>\n                  <\/div>\n            <div class=\"relative focus-within overflow-hidden transition-shadow focus-within:shadow-lg focus-within:shadow-[rgba(4,17,41,0.4)]  hover:shadow-lg hover:shadow-[rgba(4,17,41,0.4)] sm:col-span-6 lg:col-start-7 lg:col-span-4\">\n                    <div class=\"relative p-6 space-y-5 sm:space-y-11 h-full bg-primary text-white\">\n            <h2 class=\"text-2xl leading-42 \">COPD Digital CHAMP (Coaching Health App Implementation Partnership)<\/h2>\n                          <div class=\"\">\n                  Aiming to improve the lives of local patients living with COPD.              <\/div>\n                                  <\/div>\n                                <a class=\"absolute inset-0\" href=\"https:\/\/bnssghealthiertogether.org.uk\/tr\/chronic-obstructive-pulmonary-disease-copd\/copd-digital-champ-coaching-health-app-implementation-partnership\/\">\n              <span class=\"sr-only\">COPD Digital CHAMP (Coaching Health App Implementation Partnership)<\/span>\n            <\/a>\n                  <\/div>\n      <\/div>\n<\/section>\n<\/div><!-- .assembler_quick-links-module.assembler_module.assembler_quick-links-module_2.assembler_module_2..transparent --><\/div><!-- .assembler_module_area.assembler_module_area_1 --><\/div><!-- .assembler_default-group.assembler_module_group.assembler_default-group_1.assembler_module_group_1  -->","protected":false},"excerpt":{"rendered":"<p>Information and support for managing Chronic Obstructive Pulmonary Disease (COPD).<\/p>","protected":false},"author":7,"featured_media":0,"parent":0,"menu_order":0,"comment_status":"closed","ping_status":"closed","template":"","meta":{"_acf_changed":false,"footnotes":""},"tags":[],"class_list":["post-36974","page","type-page","status-publish","hentry"],"acf":[],"_links":{"self":[{"href":"https:\/\/bnssghealthiertogether.org.uk\/tr\/wp-json\/wp\/v2\/pages\/36974","targetHints":{"allow":["GET"]}}],"collection":[{"href":"https:\/\/bnssghealthiertogether.org.uk\/tr\/wp-json\/wp\/v2\/pages"}],"about":[{"href":"https:\/\/bnssghealthiertogether.org.uk\/tr\/wp-json\/wp\/v2\/types\/page"}],"author":[{"embeddable":true,"href":"https:\/\/bnssghealthiertogether.org.uk\/tr\/wp-json\/wp\/v2\/users\/7"}],"replies":[{"embeddable":true,"href":"https:\/\/bnssghealthiertogether.org.uk\/tr\/wp-json\/wp\/v2\/comments?post=36974"}],"version-history":[{"count":6,"href":"https:\/\/bnssghealthiertogether.org.uk\/tr\/wp-json\/wp\/v2\/pages\/36974\/revisions"}],"predecessor-version":[{"id":37057,"href":"https:\/\/bnssghealthiertogether.org.uk\/tr\/wp-json\/wp\/v2\/pages\/36974\/revisions\/37057"}],"wp:attachment":[{"href":"https:\/\/bnssghealthiertogether.org.uk\/tr\/wp-json\/wp\/v2\/media?parent=36974"}],"wp:term":[{"taxonomy":"post_tag","embeddable":true,"href":"https:\/\/bnssghealthiertogether.org.uk\/tr\/wp-json\/wp\/v2\/tags?post=36974"}],"curies":[{"name":"wp","href":"https:\/\/api.w.org\/{rel}","templated":true}]}}