{"id":37031,"date":"2025-02-03T16:29:09","date_gmt":"2025-02-03T16:29:09","guid":{"rendered":"https:\/\/bnssghealthiertogether.org.uk\/?page_id=37031"},"modified":"2025-04-16T16:45:51","modified_gmt":"2025-04-16T15:45:51","slug":"freedom-of-information-publication-scheme","status":"publish","type":"page","link":"https:\/\/bnssghealthiertogether.org.uk\/tr\/integrated-care-board\/contact-us\/freedom-of-information-requests\/freedom-of-information-publication-scheme\/","title":{"rendered":"Bilgi Edinme \u00d6zg\u00fcrl\u00fc\u011f\u00fc Yay\u0131n \u015eemas\u0131"},"content":{"rendered":"<div class=\"assembler_default-group assembler_module_group assembler_default-group_1 assembler_module_group_1\"><div class=\"assembler_module_area assembler_module_area_1\"><div class=\"assembler_text-module assembler_module assembler_text-module_1 assembler_module_1  transparent\"><a tabindex=\"-1\" title=\"Mod\u00fcl-1 ba\u015fl\u0131kl\u0131 b\u00f6l\u00fcm\" id=\"module-1\" href=\"https:\/\/bnssghealthiertogether.org.uk\/tr\/wp-json\/wp\/v2\/pages\/37031\/#module-1\" class=\"anchor\"><span class=\"hidden\">Mod\u00fcl-1 ba\u015fl\u0131kl\u0131 b\u00f6l\u00fcm<\/span><\/a><!-- Template found for text-module - Template: template-text - Matched: _only --><section class=\"w-full mx-auto max-w-content pt-12 sm:pt-24 pb-3 sm:pb-6\">\r\n  <div class=\"entry-content w-full !px-0 max-w-small\">\r\n        <h1>Bilgi Edinme \u00d6zg\u00fcrl\u00fc\u011f\u00fc Yay\u0131n \u015eemas\u0131<\/h1>\n<p>NHS Bristol, North Somerset ve South Gloucestershire Entegre Bak\u0131m Kurulu (ICB), Bilgi Edinme \u00d6zg\u00fcrl\u00fc\u011f\u00fc Yasas\u0131&#039;n\u0131n yasal gerekliliklerini yerine getirmeye kararl\u0131d\u0131r ve bu nedenle Bilgi Komiserli\u011fi Ofisi&#039;nin (ICO) Yay\u0131n \u015eemas\u0131n\u0131 benimsemi\u015ftir.<\/p>\n<p>Yay\u0131n plan\u0131, kamu kurumlar\u0131 taraf\u0131ndan yay\u0131nlanmas\u0131 gereken yedi bilgi s\u0131n\u0131f\u0131n\u0131 tan\u0131mlar.<\/p>\n<ul>\n<li><a href=\"#module-2\">Biz kimiz ve ne yap\u0131yoruz<\/a><\/li>\n<li><a href=\"#module-3\">Ne harc\u0131yoruz ve nas\u0131l harc\u0131yoruz<\/a><\/li>\n<li><a href=\"#module-4\">\u00d6nceliklerimiz neler ve nas\u0131l gidiyoruz?<\/a><\/li>\n<li><a href=\"#module-5\">kararlar\u0131 nas\u0131l veriyoruz<\/a><\/li>\n<li><a href=\"#module-6\">politikalar ve prosed\u00fcrler<\/a><\/li>\n<li><a href=\"#module-7\">listeler ve kay\u0131tlar<\/a><\/li>\n<li><a href=\"#module-8\">sundu\u011fumuz hizmetler<\/a><\/li>\n<\/ul>\n<p>Kamuoyu, kamu yarar\u0131na olan ve a\u00e7\u0131klanmas\u0131 g\u00fcvenli olan bilgilere d\u00fczenli olarak eri\u015febilmelidir. Yay\u0131n plan\u0131, bireyleri elimizde bulunan bilgilere y\u00f6nlendirmek \u00fczere tasarlanm\u0131\u015ft\u0131r.<\/p>\n<p>ICB, yay\u0131n \u015femas\u0131na uygun olarak \u00e7al\u0131\u015fmaktad\u0131r ve a\u015fa\u011f\u0131da yedi bilgi s\u0131n\u0131f\u0131n\u0131n her birinin k\u0131sa bir \u00f6zetini ve ilgili belgelere ve sayfalara ba\u011flant\u0131lar\u0131 bulabilirsiniz.<\/p>\n<p>Ayr\u0131ca kamuoyunun faydal\u0131 bulabilece\u011fini d\u00fc\u015f\u00fcnd\u00fc\u011f\u00fcm\u00fcz bir dizi \u00f6nemli belge de bulunmaktad\u0131r. Bunlara a\u015fa\u011f\u0131daki &#039;Di\u011fer \u00f6nemli belgeler&#039; ba\u015fl\u0131\u011f\u0131 alt\u0131nda ba\u011flant\u0131lar verilmi\u015ftir.<\/p>\n<p>Bu sayfada yer almayan bilgilere eri\u015fmek isteyen vatanda\u015flar, bilgi edinme \u00f6zg\u00fcrl\u00fc\u011f\u00fc talebinde bulunabilirler. Bilgi edinme \u00f6zg\u00fcrl\u00fc\u011f\u00fc (FOI) talebinde bulunma hakk\u0131nda daha fazla bilgi i\u00e7in l\u00fctfen web sitemizi ziyaret edin. <a href=\"https:\/\/bnssghealthiertogether.org.uk\/tr\/integrated-care-board\/contact-us\/\">ileti\u015fim sayfas\u0131<\/a>.<\/p>\n<p>Yay\u0131n program\u0131 hakk\u0131nda daha fazla bilgi i\u00e7in l\u00fctfen <a href=\"https:\/\/ico.org.uk\/for-organisations\/guide-to-freedom-of-information\/publication-scheme\/\" target=\"_blank\" rel=\"noopener\">ICO web sitesini ziyaret edin<\/a>.<\/p>\n<p>L\u00fctfen bu sayfadaki baz\u0131 ba\u011flant\u0131lar\u0131n ar\u015fivlenmi\u015f CCG web sitesine y\u00f6nlendirdi\u011fini unutmay\u0131n. Bu sayfalar ve belgeler ICB i\u00e7in haz\u0131r hale geldi\u011finde ba\u011flant\u0131lar g\u00fcncellenecektir.<\/p>\n  <\/div>\r\n  <\/section><\/div><!-- .assembler_text-module.assembler_module.assembler_text-module_1.assembler_module_1..transparent --><div class=\"assembler_text-module assembler_module assembler_text-module_2 assembler_module_2  transparent\"><a tabindex=\"-1\" title=\"Mod\u00fcl-2 ba\u015fl\u0131kl\u0131 b\u00f6l\u00fcm\" id=\"module-2\" href=\"https:\/\/bnssghealthiertogether.org.uk\/tr\/wp-json\/wp\/v2\/pages\/37031\/#module-2\" class=\"anchor\"><span class=\"hidden\">Mod\u00fcl-2 ba\u015fl\u0131kl\u0131 b\u00f6l\u00fcm<\/span><\/a><!-- Template found for text-module - Template: template-text - Matched: _only --><section class=\"w-full mx-auto max-w-content pt-3 sm:pt-6 pb-3 sm:pb-6\">\r\n  <div class=\"entry-content w-full !px-0 max-w-small\">\r\n        <h2>Biz kimiz ve ne yap\u0131yoruz?<\/h2>\n<p>Bu belge, ICB&#039;nin NHS yap\u0131s\u0131na nas\u0131l uyum sa\u011flad\u0131\u011f\u0131n\u0131, rollerimizi ve sorumluluklar\u0131m\u0131z\u0131 nas\u0131l geni\u015fletti\u011fini \u00f6zetlemektedir. Ayr\u0131ca, organizasyon yap\u0131m\u0131zla ilgili belgelere ve bilgilere, y\u00f6netim kurulu \u00fcyelerine ve di\u011fer kilit personele ili\u015fkin ayr\u0131nt\u0131lara da eri\u015febilirsiniz.<\/p>\n<ul>\n<li><a href=\"https:\/\/bnssghealthiertogether.org.uk\/tr\/integrated-care-board\/about-us\/\">Biz kimiz ve ne yap\u0131yoruz?<\/a><\/li>\n<\/ul>\n  <\/div>\r\n  <\/section><\/div><!-- .assembler_text-module.assembler_module.assembler_text-module_2.assembler_module_2..transparent --><div class=\"assembler_text-module assembler_module assembler_text-module_3 assembler_module_3  transparent\"><a tabindex=\"-1\" title=\"Mod\u00fcl-3 ba\u015fl\u0131kl\u0131 b\u00f6l\u00fcm\" id=\"module-3\" href=\"https:\/\/bnssghealthiertogether.org.uk\/tr\/wp-json\/wp\/v2\/pages\/37031\/#module-3\" class=\"anchor\"><span class=\"hidden\">Mod\u00fcl-3 ba\u015fl\u0131kl\u0131 b\u00f6l\u00fcm<\/span><\/a><!-- Template found for text-module - Template: template-text - Matched: _only --><section class=\"w-full mx-auto max-w-content pt-3 sm:pt-6 pb-3 sm:pb-6\">\r\n  <div class=\"entry-content w-full !px-0 max-w-small\">\r\n        <h2>Ne harc\u0131yoruz ve nas\u0131l harc\u0131yoruz?<\/h2>\n<p>Bu, \u00f6ng\u00f6r\u00fclen ve ger\u00e7ekle\u015fen gelirler, b\u00fct\u00e7eler ve harcamalar, tedarik, ihale ve s\u00f6zle\u015fmelere ili\u015fkin finansal bilgileri i\u00e7erir.<\/p>\n<p>Personel \u00fccretleri ve seyahat masraflar\u0131n\u0131n geri \u00f6denmesi konusunda, t\u00fcm Ulusal Sa\u011fl\u0131k Hizmeti (NHS) personeli (doktorlar, di\u015f hekimleri ve baz\u0131 \u00fcst d\u00fczey y\u00f6neticiler hari\u00e7) i\u00e7in ge\u00e7erli olan mevcut NHS s\u0131n\u0131fland\u0131rma ve \u00fccret sistemi olan De\u011fi\u015fim G\u00fcndemi&#039;ni (AfC) takip ediyoruz.<\/p>\n<p>NHS \u00e7al\u0131\u015fanlar\u0131n\u0131n seyahat masraflar\u0131 ve ge\u00e7im \u00f6deneklerinin geri \u00f6denmesine ili\u015fkin ayr\u0131nt\u0131lar \u015furada bulunabilir: <a href=\"http:\/\/www.nhsemployers.org\/your-workforce\/pay-and-reward\/agenda-for-change\/nhs-terms-and-conditions-of-service-handbook\" target=\"_blank\" rel=\"nofollow noopener\">NHS Hizmet \u015eartlar\u0131 ve Ko\u015fullar\u0131 El Kitab\u0131<\/a>.<\/p>\n<ul>\n<li><a href=\"https:\/\/bnssghealthiertogether.org.uk\/tr\/library\/?keywords=spend+over+%C2%A325%2C000&amp;start_date=&amp;end_date=&amp;orderby=&amp;order=\">25.000 \u00a3&#039;dan fazla harcay\u0131n<\/a><\/li>\n<li><a href=\"https:\/\/bnssghealthiertogether.org.uk\/tr\/integrated-care-board\/about-us\/annual-reports\/\">Y\u0131ll\u0131k Raporlar ve Hesaplar<\/a><\/li>\n<\/ul>\n  <\/div>\r\n  <\/section><\/div><!-- .assembler_text-module.assembler_module.assembler_text-module_3.assembler_module_3..transparent --><div class=\"assembler_text-module assembler_module assembler_text-module_4 assembler_module_4  transparent\"><a tabindex=\"-1\" title=\"Mod\u00fcl-4 ba\u015fl\u0131kl\u0131 b\u00f6l\u00fcm\" id=\"module-4\" href=\"https:\/\/bnssghealthiertogether.org.uk\/tr\/wp-json\/wp\/v2\/pages\/37031\/#module-4\" class=\"anchor\"><span class=\"hidden\">Mod\u00fcl-4 ba\u015fl\u0131kl\u0131 b\u00f6l\u00fcm<\/span><\/a><!-- Template found for text-module - Template: template-text - Matched: _only --><section class=\"w-full mx-auto max-w-content pt-3 sm:pt-6 pb-3 sm:pb-6\">\r\n  <div class=\"entry-content w-full !px-0 max-w-small\">\r\n        <h2>\u00d6nceliklerimiz neler ve bu konuda ne durumday\u0131z?<\/h2>\n<p>Stratejilerimiz, planlar\u0131m\u0131z, performans g\u00f6stergelerimiz, denetimlerimiz ve de\u011ferlendirmelerimizle ilgili bilgiler ve belgeler.<\/p>\n<ul>\n<li><a href=\"https:\/\/bnssghealthiertogether.org.uk\/tr\/integrated-care-board\/annual-review-2023-to-2024\/\">2023-2024 Y\u0131ll\u0131k De\u011ferlendirmesi<\/a><\/li>\n<li><a href=\"https:\/\/bnssghealthiertogether.org.uk\/tr\/about-us\/our-strategy\/joint-forward-plan\/\">Ortak \u0130leriye D\u00f6n\u00fck Plan<\/a><\/li>\n<li>Kalite ve finans performans\u0131 raporlar\u0131, y\u00f6netim kurulu belgelerimizin bir par\u00e7as\u0131 olarak her ay yay\u0131nlanmaktad\u0131r. Her y\u00f6netim kurulu toplant\u0131s\u0131na ait belgeleri web sitemizde bulabilirsiniz. <a href=\"https:\/\/bnssg.icb.nhs.uk\/events\/\" target=\"_blank\" rel=\"nofollow noopener\">etkinlikler b\u00f6l\u00fcm\u00fc<\/a>.<\/li>\n<li><a href=\"https:\/\/bnssghealthiertogether.org.uk\/tr\/about-us\/\">Entegre Bak\u0131m Sistemi (ICS)<\/a><\/li>\n<li>ICB performans bilgilerine \u015furadan ula\u015f\u0131labilir: <a href=\"https:\/\/bnssghealthiertogether.org.uk\/tr\/events\/\">ICB Kurulu belgeleri<\/a> ve <a href=\"https:\/\/bnssghealthiertogether.org.uk\/tr\/integrated-care-board\/about-us\/annual-reports\/\">ICB y\u0131ll\u0131k raporu ve de\u011ferlendirmesi<\/a>. NHS England ayr\u0131ca ICB performans\u0131n\u0131 y\u0131ll\u0131k olarak de\u011ferlendiriyor ve bilgileri web sitesinde yay\u0131nl\u0131yor: <a href=\"https:\/\/www.england.nhs.uk\/long-read\/annual-assessment-of-integrated-care-boards-2023-24\/#south-west-integrated-care-boards\" rel=\"noopener\">NHS \u0130ngiltere \u00bb Entegre bak\u0131m kurullar\u0131n\u0131n y\u0131ll\u0131k de\u011ferlendirmesi 2023\/24<\/a>.<\/li>\n<\/ul>\n  <\/div>\r\n  <\/section><\/div><!-- .assembler_text-module.assembler_module.assembler_text-module_4.assembler_module_4..transparent --><div class=\"assembler_text-module assembler_module assembler_text-module_5 assembler_module_5  transparent\"><a tabindex=\"-1\" title=\"Mod\u00fcl-5 ba\u015fl\u0131kl\u0131 b\u00f6l\u00fcm\" id=\"module-5\" href=\"https:\/\/bnssghealthiertogether.org.uk\/tr\/wp-json\/wp\/v2\/pages\/37031\/#module-5\" class=\"anchor\"><span class=\"hidden\">Mod\u00fcl-5 ba\u015fl\u0131kl\u0131 b\u00f6l\u00fcm<\/span><\/a><!-- Template found for text-module - Template: template-text - Matched: _only --><section class=\"w-full mx-auto max-w-content pt-3 sm:pt-6 pb-3 sm:pb-6\">\r\n  <div class=\"entry-content w-full !px-0 max-w-small\">\r\n        <h2>Kararlar\u0131m\u0131z\u0131 nas\u0131l veriyoruz?<\/h2>\n<p>Bu b\u00f6l\u00fcm, karar alma s\u00fcre\u00e7lerimiz ve kararlar\u0131n nas\u0131l kaydedildi\u011fi hakk\u0131nda bilgi vermektedir. Buna y\u00f6netim kurulu belgeleri, t\u00fcz\u00fc\u011f\u00fcm\u00fcz, komite g\u00f6rev tan\u0131mlar\u0131 ve \u00fcyelik bilgileri dahildir.<\/p>\n<ul>\n<li><a href=\"https:\/\/bnssghealthiertogether.org.uk\/tr\/integrated-care-board\/about-us\/our-board\/how-we-make-decisions\/\">Kararlar\u0131m\u0131z\u0131 nas\u0131l veriyoruz?<\/a><\/li>\n<li><a href=\"https:\/\/bnssghealthiertogether.org.uk\/tr\/integrated-care-board\/governance-handbook\/\">Anayasam\u0131z<\/a><\/li>\n<li><a href=\"https:\/\/bnssghealthiertogether.org.uk\/tr\/integrated-care-board\/innf\/\">Bireysel Finansman Talepleri (IFR)<\/a><\/li>\n<li><a href=\"https:\/\/bnssghealthiertogether.org.uk\/tr\/integrated-care-board\/governance-handbook\/\">Komite g\u00f6rev tan\u0131m\u0131<\/a><\/li>\n<li><a href=\"https:\/\/bnssghealthiertogether.org.uk\/tr\/integrated-care-board\/governance-handbook\/\">Y\u00f6netimimiz \u2013 Sorumluluklar\u0131n \u00d6zeti<\/a><\/li>\n<\/ul>\n  <\/div>\r\n  <\/section><\/div><!-- .assembler_text-module.assembler_module.assembler_text-module_5.assembler_module_5..transparent --><div class=\"assembler_text-module assembler_module assembler_text-module_6 assembler_module_6  transparent\"><a tabindex=\"-1\" title=\"Mod\u00fcl-6 ba\u015fl\u0131kl\u0131 b\u00f6l\u00fcm\" id=\"module-6\" href=\"https:\/\/bnssghealthiertogether.org.uk\/tr\/wp-json\/wp\/v2\/pages\/37031\/#module-6\" class=\"anchor\"><span class=\"hidden\">Mod\u00fcl-6 ba\u015fl\u0131kl\u0131 b\u00f6l\u00fcm<\/span><\/a><!-- Template found for text-module - Template: template-text - Matched: _only --><section class=\"w-full mx-auto max-w-content pt-3 sm:pt-6 pb-3 sm:pb-6\">\r\n  <div class=\"entry-content w-full !px-0 max-w-small\">\r\n        <h2>Politikalar ve Prosed\u00fcrler<\/h2>\n<p>Y\u00fcr\u00fcrl\u00fckte olan ve uymaya kararl\u0131 oldu\u011fumuz politika ve prosed\u00fcrlerimiz \u015funlard\u0131r.<\/p>\n<ul>\n<li><a href=\"https:\/\/bnssghealthiertogether.org.uk\/tr\/library\/\">Politikalar ve prosed\u00fcrler<\/a><\/li>\n<\/ul>\n  <\/div>\r\n  <\/section><\/div><!-- .assembler_text-module.assembler_module.assembler_text-module_6.assembler_module_6..transparent --><div class=\"assembler_text-module assembler_module assembler_text-module_7 assembler_module_7  transparent\"><a tabindex=\"-1\" title=\"Mod\u00fcl-7 ba\u015fl\u0131kl\u0131 b\u00f6l\u00fcm\" id=\"module-7\" href=\"https:\/\/bnssghealthiertogether.org.uk\/tr\/wp-json\/wp\/v2\/pages\/37031\/#module-7\" class=\"anchor\"><span class=\"hidden\">Mod\u00fcl-7 ba\u015fl\u0131kl\u0131 b\u00f6l\u00fcm<\/span><\/a><!-- Template found for text-module - Template: template-text - Matched: _only --><section class=\"w-full mx-auto max-w-content pt-3 sm:pt-6 pb-3 sm:pb-6\">\r\n  <div class=\"entry-content w-full !px-0 max-w-small\">\r\n        <h2>Listeler ve Kay\u0131tlar<\/h2>\n<p>Yasal olarak kamuya a\u00e7\u0131k kay\u0131tlar tutmak zorunday\u0131z. Bunu nas\u0131l yapt\u0131\u011f\u0131m\u0131za bak\u0131n. <a href=\"https:\/\/bnssghealthiertogether.org.uk\/tr\/library\/managing-conflicts-of-interest-policy\/\">\u00e7\u0131kar \u00e7at\u0131\u015fmalar\u0131n\u0131 y\u00f6netmek<\/a> bizim i\u00e7in:<\/p>\n<ul>\n<li><a href=\"https:\/\/bnssghealthiertogether.org.uk\/tr\/library\/conflicts-of-interest-register\/\">\u00c7\u0131kar Beyan\u0131 Kayd\u0131<\/a><\/li>\n<li><a href=\"https:\/\/bnssghealthiertogether.org.uk\/tr\/library\/gifts-hospitality-and-sponsorship-register\/\">Hediye ve Misafirperverlik Kay\u0131t Defteri<\/a><\/li>\n<li><a href=\"https:\/\/bnssghealthiertogether.org.uk\/tr\/library\/icb-procurement-register\/\">Sat\u0131n Alma Kararlar\u0131 Kayd\u0131<\/a><\/li>\n<li><a href=\"https:\/\/bnssghealthiertogether.org.uk\/tr\/library\/icb-contracts-register-clinical\/\">S\u00f6zle\u015fmeler Sicili<\/a><\/li>\n<\/ul>\n  <\/div>\r\n  <\/section><\/div><!-- .assembler_text-module.assembler_module.assembler_text-module_7.assembler_module_7..transparent --><div class=\"assembler_text-module assembler_module assembler_text-module_8 assembler_module_8  transparent\"><a tabindex=\"-1\" title=\"Mod\u00fcl-8 ba\u015fl\u0131kl\u0131 b\u00f6l\u00fcm\" id=\"module-8\" href=\"https:\/\/bnssghealthiertogether.org.uk\/tr\/wp-json\/wp\/v2\/pages\/37031\/#module-8\" class=\"anchor\"><span class=\"hidden\">Mod\u00fcl-8 ba\u015fl\u0131kl\u0131 b\u00f6l\u00fcm<\/span><\/a><!-- Template found for text-module - Template: template-text - Matched: _only --><section class=\"w-full mx-auto max-w-content pt-3 sm:pt-6 pb-12 sm:pb-24\">\r\n  <div class=\"entry-content w-full !px-0 max-w-small\">\r\n        <h2>Sundu\u011fumuz Hizmetler<\/h2>\n<p>Halka sunulan hizmetleri ve mevcut olan t\u00fcm rehberlik bilgilerini ayr\u0131nt\u0131lar\u0131yla a\u00e7\u0131klayan belgeler ve bilgiler.<\/p>\n<ul>\n<li><a href=\"https:\/\/bnssghealthiertogether.org.uk\/tr\/integrated-care-board\/innf\/commissioning-policy-directory\/\">Hizmet sipari\u015fini verdi\u011fimiz klinik hizmetler<\/a><\/li>\n<li><a href=\"https:\/\/bnssghealthiertogether.org.uk\/tr\/your-health\/which-nhs-service-should-i-use\/\">Yerel sa\u011fl\u0131k hizmetlerine ili\u015fkin rehberlik<\/a><\/li>\n<li><a href=\"https:\/\/bnssghealthiertogether.org.uk\/tr\/your-health\/\">Sa\u011fl\u0131k tavsiyesi ve deste\u011fi<\/a><\/li>\n<li><a href=\"https:\/\/bnssg.icb.nhs.uk\/contact-us\/\" target=\"_blank\" rel=\"noopener\">M\u00fc\u015fteri Hizmetleri Ekibi<\/a><\/li>\n<li><a href=\"https:\/\/bnssghealthiertogether.org.uk\/tr\/news\/\">Son haberler<\/a><\/li>\n<\/ul>\n  <\/div>\r\n  <\/section><\/div><!-- .assembler_text-module.assembler_module.assembler_text-module_8.assembler_module_8..transparent --><\/div><!-- .assembler_module_area.assembler_module_area_1 --><\/div><!-- .assembler_default-group.assembler_module_group.assembler_default-group_1.assembler_module_group_1  -->","protected":false},"excerpt":{"rendered":"<p>Section titled module-1 Freedom of Information Publication Scheme NHS Bristol, North Somerset and South Gloucestershire Integrated Care Board (ICB) is committed to meeting the statutory requirements of the Freedom of Information Act and as such has adopted the Information Commissioners Office\u2019s (ICO) Publication Scheme. The publication scheme identifies seven classes of information which should be [&hellip;]<\/p>\n","protected":false},"author":7,"featured_media":0,"parent":34155,"menu_order":0,"comment_status":"closed","ping_status":"closed","template":"","meta":{"_acf_changed":false,"footnotes":""},"tags":[],"class_list":["post-37031","page","type-page","status-publish","hentry"],"acf":[],"_links":{"self":[{"href":"https:\/\/bnssghealthiertogether.org.uk\/tr\/wp-json\/wp\/v2\/pages\/37031","targetHints":{"allow":["GET"]}}],"collection":[{"href":"https:\/\/bnssghealthiertogether.org.uk\/tr\/wp-json\/wp\/v2\/pages"}],"about":[{"href":"https:\/\/bnssghealthiertogether.org.uk\/tr\/wp-json\/wp\/v2\/types\/page"}],"author":[{"embeddable":true,"href":"https:\/\/bnssghealthiertogether.org.uk\/tr\/wp-json\/wp\/v2\/users\/7"}],"replies":[{"embeddable":true,"href":"https:\/\/bnssghealthiertogether.org.uk\/tr\/wp-json\/wp\/v2\/comments?post=37031"}],"version-history":[{"count":9,"href":"https:\/\/bnssghealthiertogether.org.uk\/tr\/wp-json\/wp\/v2\/pages\/37031\/revisions"}],"predecessor-version":[{"id":38921,"href":"https:\/\/bnssghealthiertogether.org.uk\/tr\/wp-json\/wp\/v2\/pages\/37031\/revisions\/38921"}],"up":[{"embeddable":true,"href":"https:\/\/bnssghealthiertogether.org.uk\/tr\/wp-json\/wp\/v2\/pages\/34155"}],"wp:attachment":[{"href":"https:\/\/bnssghealthiertogether.org.uk\/tr\/wp-json\/wp\/v2\/media?parent=37031"}],"wp:term":[{"taxonomy":"post_tag","embeddable":true,"href":"https:\/\/bnssghealthiertogether.org.uk\/tr\/wp-json\/wp\/v2\/tags?post=37031"}],"curies":[{"name":"wp","href":"https:\/\/api.w.org\/{rel}","templated":true}]}}