{"id":37032,"date":"2025-02-03T16:29:37","date_gmt":"2025-02-03T16:29:37","guid":{"rendered":"https:\/\/bnssghealthiertogether.org.uk\/?page_id=37032"},"modified":"2025-02-03T16:29:37","modified_gmt":"2025-02-03T16:29:37","slug":"research-governance","status":"publish","type":"page","link":"https:\/\/bnssghealthiertogether.org.uk\/tr\/integrated-care-board\/research-and-evidence\/support-for-researchers\/research-governance\/","title":{"rendered":"Ara\u015ft\u0131rma y\u00f6netimi"},"content":{"rendered":"<div class=\"assembler_default-group assembler_module_group assembler_default-group_1 assembler_module_group_1\"><div class=\"assembler_module_area assembler_module_area_1\"><div class=\"assembler_text-module assembler_module assembler_text-module_1 assembler_module_1  transparent\"><a tabindex=\"-1\" title=\"Mod\u00fcl-1 ba\u015fl\u0131kl\u0131 b\u00f6l\u00fcm\" id=\"module-1\" href=\"https:\/\/bnssghealthiertogether.org.uk\/tr\/wp-json\/wp\/v2\/pages\/37032\/#module-1\" class=\"anchor\"><span class=\"hidden\">Mod\u00fcl-1 ba\u015fl\u0131kl\u0131 b\u00f6l\u00fcm<\/span><\/a><!-- Template found for text-module - Template: template-text - Matched: _only --><section class=\"w-full mx-auto max-w-content pt-12 sm:pt-24 pb-12 sm:pb-24\">\r\n  <div class=\"entry-content w-full !px-0 max-w-small\">\r\n        <h1>Ara\u015ft\u0131rma y\u00f6netimi<\/h1>\n<p>Bristol, Kuzey Somerset ve G\u00fcney Gloucestershire genelinde birinci basamak ve toplum sa\u011fl\u0131\u011f\u0131 hizmetleri ortamlar\u0131nda y\u00fcr\u00fct\u00fclen ara\u015ft\u0131rmalar i\u00e7in (hem akademik hem de ticari) ara\u015ft\u0131rma toplulu\u011funa ara\u015ft\u0131rma y\u00f6netimi hizmeti sunuyoruz. \u00d6zellikle, b\u00f6lgemizdeki NHS personeli, hastalar, hasta verileri ve tesisleri i\u00e7eren \u00e7al\u0131\u015fmalara hizmet veriyoruz.<\/p>\n<p>Ara\u015ft\u0131rma y\u00f6neti\u015fimi, sa\u011fl\u0131k hizmetlerinin t\u00fcm alanlar\u0131nda ara\u015ft\u0131rma kalitesini sa\u011flamak amac\u0131yla olu\u015fturulmu\u015f geni\u015f bir yelpazedeki d\u00fczenlemeler, ilkeler ve iyi uygulama standartlar\u0131d\u0131r.<\/p>\n<p>Ara\u015ft\u0131rma y\u00f6neti\u015fim \u00e7er\u00e7evesi, ara\u015ft\u0131rmaya kat\u0131lanlar\u0131n g\u00fcvenli\u011fini sa\u011flamak, etik ve bilimsel kaliteyi art\u0131rmak, riski en aza indirmek ve iyi uygulamalar\u0131 te\u015fvik etmek de dahil olmak \u00fczere bir\u00e7ok nedenden dolay\u0131 uygulamaya konmu\u015ftur.<\/p>\n<h2>Yerel projeler ad\u0131na IRAS \u00e7al\u0131\u015fmalar\u0131n\u0131 y\u00fcr\u00fctmek<\/h2>\n<p>Bu\u00a0<a href=\"https:\/\/www.myresearchproject.org.uk\/Help\/HelpPage.aspx\" target=\"_blank\" rel=\"nofollow noopener\">Entegre Ara\u015ft\u0131rma Uygulama Sistemi<\/a>\u00a0(IRAS), Birle\u015fik Krall\u0131k&#039;ta sa\u011fl\u0131k ve sosyal bak\u0131m veya toplum bak\u0131m\u0131 ara\u015ft\u0131rmalar\u0131 yapmak i\u00e7in gerekli izin ve onaylara ba\u015fvurmak i\u00e7in kullan\u0131lan tek sistemdir.<\/p>\n<p>Ba\u015fvuru sahiplerine IRAS s\u00fcrecinde yol g\u00f6stermeye ve ba\u015fvuru \u00f6ncesinde ilgili formlar\u0131 incelemeye yard\u0131mc\u0131 oluyoruz.<\/p>\n<h2>\u00c7al\u0131\u015fma kurulumunu desteklemek amac\u0131yla Klinik Ara\u015ft\u0131rma A\u011f\u0131 ile i\u015fbirli\u011fi yapmak.<\/h2>\n<p>Bu\u00a0<a href=\"https:\/\/www.nihr.ac.uk\/nihr-in-your-area\/west-of-england\/\" target=\"_blank\" rel=\"nofollow noopener\">Bat\u0131 \u0130ngiltere Klinik Ara\u015ft\u0131rma A\u011f\u0131 (CRN)<\/a>\u00a0\u0130ngiltere genelinde faaliyet g\u00f6steren 15 Yerel Klinik Ara\u015ft\u0131rma A\u011f\u0131&#039;ndan (LCRN) biridir. CRN&#039;ler, Ulusal Sa\u011fl\u0131k Ara\u015ft\u0131rma Enstit\u00fcs\u00fc (NIHR) taraf\u0131ndan finanse edilmektedir. G\u00f6revleri, \u0130ngiltere&#039;deki NHS genelinde ara\u015ft\u0131rmalar\u0131n y\u00fcr\u00fct\u00fclmesini koordine etmek ve desteklemektir.<\/p>\n<p>Biz, CRN Bat\u0131 \u0130ngiltere&#039;nin ortak kurulu\u015fuyuz ve akademik giri\u015fimlerle ba\u015flat\u0131lan birinci basamak sa\u011fl\u0131k hizmetleri ara\u015ft\u0131rmalar\u0131n\u0131n ve baz\u0131 ticari ara\u015ft\u0131rma \u00e7al\u0131\u015fmalar\u0131n\u0131n kurulmas\u0131na ve y\u00fcr\u00fct\u00fclmesine destek olmak i\u00e7in onlarla birlikte \u00e7al\u0131\u015f\u0131yoruz.<\/p>\n<h2>Yerel Toplum Sa\u011fl\u0131\u011f\u0131 Hizmeti Sa\u011flay\u0131c\u0131m\u0131z Sirona Care &amp; Health ile birlikte \u00e7al\u0131\u015f\u0131yoruz.<\/h2>\n<p>Bizlerle \u00e7al\u0131\u015f\u0131yoruz\u00a0<a href=\"http:\/\/www.sirona-cic.org.uk\/\" target=\"_blank\" rel=\"nofollow noopener\">Sirona bak\u0131m ve sa\u011fl\u0131k<\/a>\u00a0Kurulu\u015flar\u0131 b\u00fcnyesinde y\u00fcr\u00fct\u00fclen ara\u015ft\u0131rmalar\u0131 desteklemek. Bu, Ulusal Sa\u011fl\u0131k Ara\u015ft\u0131rmalar\u0131 Enstit\u00fcs\u00fc (NIHR) portf\u00f6y\u00fcn\u00fc, ticari ve \u00f6\u011frenci ara\u015ft\u0131rmalar\u0131n\u0131 i\u00e7erir.<\/p>\n<p>Sirona Care &amp; Health ile ara\u015ft\u0131rma yapmakla ilgileniyorsan\u0131z l\u00fctfen\u00a0<a href=\"mailto:Penny.agent@nhs.net\" target=\"_blank\" rel=\"nofollow noopener\">Penny Agent ile ileti\u015fime ge\u00e7in,<\/a>\u00a0Ba\u015f Terapi ve Yard\u0131mc\u0131 Sa\u011fl\u0131k Meslekleri Sorumlusu.<\/p>\n<h2>B\u00f6lgemizde ara\u015ft\u0131rma yapan personele eri\u015fim izin mektuplar\u0131 verilmesi<\/h2>\n<p>Eri\u015fim izni, bir ara\u015ft\u0131rmac\u0131n\u0131n NHS&#039;de ara\u015ft\u0131rma faaliyetlerinde bulunmas\u0131na olanak tan\u0131r. Bu izni alma \u015fekli, ara\u015ft\u0131rmac\u0131n\u0131n nas\u0131l istihdam edildi\u011fine ba\u011fl\u0131d\u0131r.<\/p>\n<p>E\u011fer NHS \u00e7al\u0131\u015fan\u0131 de\u011filseniz, ba\u015fvurunuzu \u015fu \u015fekilde yapmal\u0131s\u0131n\u0131z:\u00a0<a href=\"https:\/\/www.hra.nhs.uk\/planning-and-improving-research\/best-practice\/research-passport\/\" target=\"_blank\" rel=\"nofollow noopener\">NIHR Ara\u015ft\u0131rma Pasaportu<\/a>. E\u011fer NHS&#039;de (Ulusal Sa\u011fl\u0131k Sistemi) \u00e7al\u0131\u015f\u0131yorsan\u0131z, i\u015fe ba\u015flamadan \u00f6nceki kontrolleri teyit eden k\u0131sa bir formu doldurman\u0131z gerekmektedir.<\/p>\n<p>Sa\u011fl\u0131k Ara\u015ft\u0131rma Kurumu&#039;nun onay mektubu, \u00e7al\u0131\u015fma i\u00e7in gerekli eri\u015fim d\u00fczeyine ve yap\u0131lmas\u0131 gereken veya yap\u0131lmamas\u0131 gereken \u00f6n kontrollere ili\u015fkin beklentileri do\u011frulamaktad\u0131r.<\/p>\n<h2>Ara\u015ft\u0131rmac\u0131lara ara\u015ft\u0131rma \u00e7al\u0131\u015fmalar\u0131nda yap\u0131lacak de\u011fi\u015fiklikler konusunda destek sa\u011flamak.<\/h2>\n<p>\u0130lk d\u00fczenleyici onay\u0131 ald\u0131ktan sonra ara\u015ft\u0131rma projenizde de\u011fi\u015fiklik yapman\u0131z gerekirse, orijinal projeyi onaylayan inceleme organ\u0131n\u0131 veya organlar\u0131n\u0131 bilgilendirmeniz gerekir.<\/p>\n<p>Gereksinimler \u015furada belirtilmi\u015ftir:\u00a0<a href=\"https:\/\/www.myresearchproject.org.uk\/help\/hlpamendments.aspx\" target=\"_blank\" rel=\"nofollow noopener\">Entegre Ara\u015ft\u0131rma Uygulama Sistemi<\/a>\u00a0(IRAS). NHS kurulu\u015flar\u0131m\u0131z\u0131n kat\u0131l\u0131mc\u0131 merkezler oldu\u011fu durumlarda, ba\u015fvuru sahiplerine de\u011fi\u015fikliklerin nas\u0131l sunulaca\u011f\u0131 konusunda tavsiye ve rehberlik sa\u011flayabiliriz. Ayr\u0131ca, b\u00f6lgemizi i\u00e7eren ara\u015ft\u0131rma \u00e7al\u0131\u015fmalar\u0131ndaki de\u011fi\u015fikliklerden haberdar edilmeyi bekliyoruz ve uygun oldu\u011fu durumlarda de\u011fi\u015fikli\u011fi onaylayaca\u011f\u0131z. Bu, de\u011fi\u015fikli\u011fin kategorizasyonuna ba\u011fl\u0131d\u0131r.<\/p>\n  <\/div>\r\n  <\/section><\/div><!-- .assembler_text-module.assembler_module.assembler_text-module_1.assembler_module_1..transparent --><\/div><!-- .assembler_module_area.assembler_module_area_1 --><\/div><!-- .assembler_default-group.assembler_module_group.assembler_default-group_1.assembler_module_group_1  -->","protected":false},"excerpt":{"rendered":"<p>Bristol, Kuzey Somerset ve G\u00fcney Gloucestershire genelinde birinci basamak ve toplum sa\u011fl\u0131\u011f\u0131 hizmetleri ortamlar\u0131nda y\u00fcr\u00fct\u00fclen ara\u015ft\u0131rmalar i\u00e7in (hem akademik hem de ticari) ara\u015ft\u0131rma toplulu\u011funa ara\u015ft\u0131rma y\u00f6netimi hizmeti sunuyoruz. \u00d6zellikle, b\u00f6lgemizdeki NHS personeli, hastalar, hasta verileri ve tesisleri i\u00e7eren \u00e7al\u0131\u015fmalara hizmet veriyoruz.<\/p>","protected":false},"author":28,"featured_media":0,"parent":32910,"menu_order":0,"comment_status":"closed","ping_status":"closed","template":"","meta":{"_acf_changed":false,"footnotes":""},"tags":[],"class_list":["post-37032","page","type-page","status-publish","hentry"],"acf":[],"_links":{"self":[{"href":"https:\/\/bnssghealthiertogether.org.uk\/tr\/wp-json\/wp\/v2\/pages\/37032","targetHints":{"allow":["GET"]}}],"collection":[{"href":"https:\/\/bnssghealthiertogether.org.uk\/tr\/wp-json\/wp\/v2\/pages"}],"about":[{"href":"https:\/\/bnssghealthiertogether.org.uk\/tr\/wp-json\/wp\/v2\/types\/page"}],"author":[{"embeddable":true,"href":"https:\/\/bnssghealthiertogether.org.uk\/tr\/wp-json\/wp\/v2\/users\/28"}],"replies":[{"embeddable":true,"href":"https:\/\/bnssghealthiertogether.org.uk\/tr\/wp-json\/wp\/v2\/comments?post=37032"}],"version-history":[{"count":2,"href":"https:\/\/bnssghealthiertogether.org.uk\/tr\/wp-json\/wp\/v2\/pages\/37032\/revisions"}],"predecessor-version":[{"id":37035,"href":"https:\/\/bnssghealthiertogether.org.uk\/tr\/wp-json\/wp\/v2\/pages\/37032\/revisions\/37035"}],"up":[{"embeddable":true,"href":"https:\/\/bnssghealthiertogether.org.uk\/tr\/wp-json\/wp\/v2\/pages\/32910"}],"wp:attachment":[{"href":"https:\/\/bnssghealthiertogether.org.uk\/tr\/wp-json\/wp\/v2\/media?parent=37032"}],"wp:term":[{"taxonomy":"post_tag","embeddable":true,"href":"https:\/\/bnssghealthiertogether.org.uk\/tr\/wp-json\/wp\/v2\/tags?post=37032"}],"curies":[{"name":"wp","href":"https:\/\/api.w.org\/{rel}","templated":true}]}}