{"id":37456,"date":"2025-02-13T11:46:27","date_gmt":"2025-02-13T11:46:27","guid":{"rendered":"https:\/\/bnssghealthiertogether.org.uk\/?page_id=37456"},"modified":"2025-02-13T11:46:27","modified_gmt":"2025-02-13T11:46:27","slug":"health-impact-of-e-bikes-and-e-scooters-helmet","status":"publish","type":"page","link":"https:\/\/bnssghealthiertogether.org.uk\/tr\/integrated-care-board\/research-and-evidence\/our-research-portfolio\/nihr-funded-projects\/health-impact-of-e-bikes-and-e-scooters-helmet\/","title":{"rendered":"Elektrikli bisikletlerin ve elektrikli scooterlar\u0131n sa\u011fl\u0131k \u00fczerindeki etkisi (KASK)"},"content":{"rendered":"<div class=\"assembler_default-group assembler_module_group assembler_default-group_1 assembler_module_group_1\"><div class=\"assembler_module_area assembler_module_area_1\"><div class=\"assembler_text-module assembler_module assembler_text-module_1 assembler_module_1  transparent\"><a tabindex=\"-1\" title=\"Mod\u00fcl-1 ba\u015fl\u0131kl\u0131 b\u00f6l\u00fcm\" id=\"module-1\" href=\"https:\/\/bnssghealthiertogether.org.uk\/tr\/wp-json\/wp\/v2\/pages\/37456\/#module-1\" class=\"anchor\"><span class=\"hidden\">Mod\u00fcl-1 ba\u015fl\u0131kl\u0131 b\u00f6l\u00fcm<\/span><\/a><!-- Template found for text-module - Template: template-text - Matched: _only --><section class=\"w-full mx-auto max-w-content pt-12 sm:pt-24 pb-12 sm:pb-24\">\r\n  <div class=\"entry-content w-full !px-0 max-w-small\">\r\n        <h1>Elektrikli bisikletlerin ve elektrikli scooterlar\u0131n sa\u011fl\u0131k \u00fczerindeki etkisi (KASK)<\/h1>\n<h2>Finansman<\/h2>\n<p>Ulusal Sa\u011fl\u0131k ve Bak\u0131m Ara\u015ft\u0131rma Enstit\u00fcs\u00fc (NIHR) Halk Sa\u011fl\u0131\u011f\u0131 Ara\u015ft\u0131rmas\u0131 (PHR) Referans No: NIHR163726<\/p>\n<h2>Ara\u015ft\u0131rma sorusu nedir?<\/h2>\n<ul>\n<li>Elektrikli bisiklet ve elektrikli scooter payla\u015f\u0131ml\u0131 kiralama sistemleri kullan\u0131ma sunuldu\u011funda insanlar\u0131n seyahat tercihleri de\u011fi\u015fiyor mu?<\/li>\n<li>\u0130nsanlar bu t\u00fcr hisseli ara\u00e7 kiralama planlar\u0131 hakk\u0131nda ne d\u00fc\u015f\u00fcn\u00fcyor?<\/li>\n<li>\u0130nsanlar\u0131 bu t\u00fcr hisse senedi kiralama sistemlerini kullanmaya te\u015fvik eden veya cayd\u0131ran unsurlar nelerdir?<\/li>\n<li>\u0130nsanlar elektrikli scooter kullanarak ne kadar fiziksel aktivite yap\u0131yorlar?<\/li>\n<li>Elektrikli bisiklet ve elektrikli scooter payla\u015f\u0131ml\u0131 kiralama sistemlerinin \u00e7evresel etkisi nedir?<\/li>\n<li>Elektrikli bisiklet ve elektrikli scooter payla\u015f\u0131ml\u0131 kiralama sistemleri trafik kazalar\u0131n\u0131 nas\u0131l etkiliyor?<\/li>\n<li>Bu t\u00fcr planlar paran\u0131n kar\u015f\u0131l\u0131\u011f\u0131n\u0131 veriyor mu?<\/li>\n<li>Bu t\u00fcr projeler hakk\u0131nda karar vermelerine yard\u0131mc\u0131 olmak i\u00e7in yerel ve ulusal h\u00fck\u00fcmetlerle hangi bilgileri payla\u015fabiliriz?<\/li>\n<\/ul>\n<h2>Sorun nedir?<\/h2>\n<p>H\u00fck\u00fcmet, elektrikli scooter&#039;lar\u0131n \u00f6zel kullan\u0131m\u0131n\u0131 yasalla\u015ft\u0131r\u0131p yasalla\u015ft\u0131rmayaca\u011f\u0131na hen\u00fcz karar vermedi. H\u00fck\u00fcmet, 2020&#039;den beri Birle\u015fik Krall\u0131k&#039;\u0131n baz\u0131 b\u00f6lgelerinde elektrikli scooter kiralama sistemlerini test ediyor. \u0130nsanlar, bu b\u00f6lgelerin her birinde seyahatler i\u00e7in bunlar\u0131 kullanmak \u00fczere \u00fccret \u00f6deyebiliyor. \u015eu anda Birle\u015fik Krall\u0131k&#039;ta baz\u0131 elektrikli bisiklet t\u00fcrleri yasal olsa da, sat\u0131n almak pahal\u0131 olabilir ve evde g\u00fcvenli bir \u015fekilde saklamak zor olabilir. Sadece ihtiya\u00e7 duyuldu\u011funda kullanmak i\u00e7in \u00fccret \u00f6deyebilmek, daha fazla kullan\u0131m\u0131 te\u015fvik edebilir.<\/p>\n<p>Fiziksel aktivite, fiziksel ve zihinsel sa\u011fl\u0131k i\u00e7in \u00f6nemlidir. Yerler aras\u0131nda y\u00fcr\u00fcmek veya bisiklet s\u00fcrmek, fiziksel olarak aktif olman\u0131n bir yoludur. Elektrikli bisikletler, \u00f6zellikle yoku\u015flarda bisiklet s\u00fcrmeyi kolayla\u015ft\u0131rmak ve ayn\u0131 zamanda fiziksel aktivite seviyesini korumak i\u00e7in bataryaya sahip pedall\u0131 bisikletlerdir. Elektrikli bisiklet kullanmak fiziksel aktiviteyi art\u0131rmak i\u00e7in iyi bir se\u00e7enek olabilir, ancak daha fazla bilimsel kan\u0131ta ihtiyac\u0131m\u0131z var. Elektrikli scooter&#039;lar batarya ile \u00e7al\u0131\u015f\u0131r, yani onlar\u0131 itmenize gerek yoktur. \u0130nsanlar y\u00fcr\u00fcmek veya bisiklet s\u00fcrmek yerine elektrikli scooter kullan\u0131rlarsa, bu durum fiziksel aktiviteyi azaltabilir.<\/p>\n<h2>Ara\u015ft\u0131rman\u0131n amac\u0131 nedir?<\/h2>\n<p>\u0130nsanlar\u0131n seyahat tercihlerinin, elektrikli bisiklet ve elektrikli scooter kiralama hizmetleri sunuldu\u011funda de\u011fi\u015fip de\u011fi\u015fmedi\u011fini bilmiyoruz. \u00d6rne\u011fin, daha \u00f6nce araba kullanan veya otob\u00fcse binen ki\u015filer, bunun yerine elektrikli bisiklet veya elektrikli scooter&#039;\u0131 m\u0131 tercih edecekler? Daha \u00f6nce y\u00fcr\u00fcyen ki\u015filer, bunun yerine elektrikli scooter&#039;\u0131 m\u0131 tercih edecekler? Bu durum, fiziksel aktivite d\u00fczeylerini etkileyecektir.<\/p>\n<p>Elektrikli scooter kullanman\u0131n ne kadar fiziksel aktivite sa\u011flad\u0131\u011f\u0131n\u0131 bilmiyoruz. Ayr\u0131ca, elektrikli bisiklet ve elektrikli scooter sistemlerinin \u00e7evre \u00fczerindeki etkisini ve iklim de\u011fi\u015fikli\u011fini etkileyen karbondioksit emisyonlar\u0131n\u0131 azalt\u0131p azaltmad\u0131\u011f\u0131n\u0131 da bilmiyoruz. Elektrikli bisiklet ve elektrikli scooter kiralama sistemleri trafik kazalar\u0131n\u0131 art\u0131rabilir veya azaltabilir. Bu bilgilere sahip olmak, yerel ve ulusal y\u00f6netimlerin daha iyi kararlar almas\u0131n\u0131 sa\u011flayacakt\u0131r. Paran\u0131n kar\u015f\u0131l\u0131\u011f\u0131n\u0131 alma konusunda bilgi sahibi olmak da, elektrikli bisiklet ve elektrikli scooter kullan\u0131m\u0131n\u0131 te\u015fvik edip etmeme konusunda karar vermelerine yard\u0131mc\u0131 olabilir.<\/p>\n<h2>Bu nas\u0131l ba\u015far\u0131lacak?<\/h2>\n<p>Bristol, 2023 sonbahar\u0131nda elektrikli scooter kiralama sistemine elektrikli bisikletleri de ekledi. Ayn\u0131 zamanda Leeds, yaln\u0131zca elektrikli bisiklet kiralama sistemini uygulamaya koydu. Bu kiralama sistemlerinin insanlar\u0131n aktivite d\u00fczeylerini veya seyahat \u015fekillerini de\u011fi\u015ftirip de\u011fi\u015ftirmedi\u011fini anlamak i\u00e7in 2023 yaz\u0131nda Bristol, Leeds, Bradford ve Sheffield sakinleri aras\u0131nda bir anket ger\u00e7ekle\u015ftirdik. Cevaplar\u0131 kar\u015f\u0131la\u015ft\u0131rabilmek ve kiralama sistemlerinin insanlar\u0131n aktivite d\u00fczeylerini veya seyahat \u015fekillerini de\u011fi\u015ftirip de\u011fi\u015ftirmedi\u011fini g\u00f6rebilmek i\u00e7in anketi 2024 yaz\u0131nda tekrarlad\u0131k (Bu \u00e7al\u0131\u015fma, Kamu Sa\u011fl\u0131\u011f\u0131 Ara\u015ft\u0131rma Fonu panelinden al\u0131nan h\u0131zl\u0131 bir hibe ile finanse edildi). Ayr\u0131ca insanlara bu t\u00fcr kiralama sistemleri hakk\u0131nda ne d\u00fc\u015f\u00fcnd\u00fcklerini de soraca\u011f\u0131z. Payla\u015f\u0131ml\u0131 kiralama sistemiyle elektrikli scooter kullanan ki\u015filerin ne kadar aktivite yapt\u0131\u011f\u0131n\u0131 kontrol edece\u011fiz. Bu kiralama sistemleri ba\u015flad\u0131\u011f\u0131nda veya durdu\u011funda kaza say\u0131s\u0131n\u0131n de\u011fi\u015fip de\u011fi\u015fmedi\u011fine bakaca\u011f\u0131z. Maliyetleri ve faydalar\u0131 ile \u00e7evresel etkilerini de\u011ferlendirece\u011fiz. Son olarak, belediyelerin ve h\u00fck\u00fcmetin gelecekte elektrikli bisiklet ve elektrikli scooter&#039;lar\u0131 nas\u0131l te\u015fvik edece\u011fine dair kararlar almas\u0131na yard\u0131mc\u0131 olacak k\u0131lavuzlar olu\u015fturmak i\u00e7in \u00e7e\u015fitli gruplarla \u00e7al\u0131\u015fmay\u0131 planl\u0131yoruz.<\/p>\n<p>Bu \u00e7al\u0131\u015fmay\u0131 tasarlarken halk \u00fcyeleri ve yerel konseylerle birlikte \u00e7al\u0131\u015ft\u0131k. Halk \u00fcyeleri ve yerel y\u00f6netimlerde \u00e7al\u0131\u015fan meslekta\u015flar\u0131m\u0131z projenin t\u00fcm a\u015famalar\u0131na dahil oldular. Bu gruplarla \u00e7al\u0131\u015fmaya devam etmeyi planl\u0131yoruz. Bu, proje bulgular\u0131n\u0131n halk ve politika yap\u0131c\u0131lar i\u00e7in m\u00fcmk\u00fcn oldu\u011funca faydal\u0131 olmas\u0131na yard\u0131mc\u0131 olacakt\u0131r.<\/p>\n<h2>Ara\u015ft\u0131rmay\u0131 kim y\u00f6netiyor?<\/h2>\n<p>Dr. Miranda Armstrong, Bristol \u00dcniversitesi Fiziksel Aktivite ve Sa\u011fl\u0131k B\u00f6l\u00fcm\u00fc Do\u00e7enti.<\/p>\n<h2>Daha Fazla Bilgi<\/h2>\n<p>CI E-postas\u0131: <a href=\"mailto:miranda.armstrong@bristol.ac.uk\">miranda.armstrong@bristol.ac.uk<\/a><\/p>\n<p>Daha fazla bilgi almak veya bu projeye kat\u0131lmak i\u00e7in l\u00fctfen ileti\u015fime ge\u00e7in.\u00a0<a href=\"mailto:bnssg.research@nhs.net\">bnssg.research@nhs.net<\/a>.<\/p>\n<p>Burada ifade edilen g\u00f6r\u00fc\u015fler yazar(lar)a aittir ve NIHR veya Sa\u011fl\u0131k ve Sosyal Bak\u0131m Bakanl\u0131\u011f\u0131&#039;n\u0131n g\u00f6r\u00fc\u015flerini yans\u0131tmayabilir.<\/p>\n  <\/div>\r\n  <\/section><\/div><!-- .assembler_text-module.assembler_module.assembler_text-module_1.assembler_module_1..transparent --><\/div><!-- .assembler_module_area.assembler_module_area_1 --><\/div><!-- .assembler_default-group.assembler_module_group.assembler_default-group_1.assembler_module_group_1  -->","protected":false},"excerpt":{"rendered":"<p>Section titled module-1 HEaLth iMpact of E-bikes and e-scooTers (HELMET) Funding National Institute for Health and Care Research (NIHR) Public Health Research (PHR) Ref. NIHR163726 What is the Research Question? Do people\u2019s travel choices change when e-bike and e-scooter share hire schemes are available What do people think about these types of share hire schemes? [&hellip;]<\/p>\n","protected":false},"author":28,"featured_media":0,"parent":32881,"menu_order":0,"comment_status":"closed","ping_status":"closed","template":"","meta":{"_acf_changed":false,"footnotes":""},"tags":[],"class_list":["post-37456","page","type-page","status-publish","hentry"],"acf":[],"_links":{"self":[{"href":"https:\/\/bnssghealthiertogether.org.uk\/tr\/wp-json\/wp\/v2\/pages\/37456","targetHints":{"allow":["GET"]}}],"collection":[{"href":"https:\/\/bnssghealthiertogether.org.uk\/tr\/wp-json\/wp\/v2\/pages"}],"about":[{"href":"https:\/\/bnssghealthiertogether.org.uk\/tr\/wp-json\/wp\/v2\/types\/page"}],"author":[{"embeddable":true,"href":"https:\/\/bnssghealthiertogether.org.uk\/tr\/wp-json\/wp\/v2\/users\/28"}],"replies":[{"embeddable":true,"href":"https:\/\/bnssghealthiertogether.org.uk\/tr\/wp-json\/wp\/v2\/comments?post=37456"}],"version-history":[{"count":3,"href":"https:\/\/bnssghealthiertogether.org.uk\/tr\/wp-json\/wp\/v2\/pages\/37456\/revisions"}],"predecessor-version":[{"id":37460,"href":"https:\/\/bnssghealthiertogether.org.uk\/tr\/wp-json\/wp\/v2\/pages\/37456\/revisions\/37460"}],"up":[{"embeddable":true,"href":"https:\/\/bnssghealthiertogether.org.uk\/tr\/wp-json\/wp\/v2\/pages\/32881"}],"wp:attachment":[{"href":"https:\/\/bnssghealthiertogether.org.uk\/tr\/wp-json\/wp\/v2\/media?parent=37456"}],"wp:term":[{"taxonomy":"post_tag","embeddable":true,"href":"https:\/\/bnssghealthiertogether.org.uk\/tr\/wp-json\/wp\/v2\/tags?post=37456"}],"curies":[{"name":"wp","href":"https:\/\/api.w.org\/{rel}","templated":true}]}}