{"id":37472,"date":"2025-02-13T12:32:26","date_gmt":"2025-02-13T12:32:26","guid":{"rendered":"https:\/\/bnssghealthiertogether.org.uk\/?page_id=37472"},"modified":"2025-02-13T12:32:26","modified_gmt":"2025-02-13T12:32:26","slug":"accessible-results-enabling-patients-with-diverse-needs-to-access-and-understand-their-blood-test-results-online","status":"publish","type":"page","link":"https:\/\/bnssghealthiertogether.org.uk\/tr\/integrated-care-board\/research-and-evidence\/our-research-portfolio\/nihr-funded-projects\/accessible-results-enabling-patients-with-diverse-needs-to-access-and-understand-their-blood-test-results-online\/","title":{"rendered":"Eri\u015filebilir Sonu\u00e7lar: Farkl\u0131 ihtiya\u00e7lara sahip hastalar\u0131n kan testi sonu\u00e7lar\u0131na \u00e7evrimi\u00e7i olarak eri\u015fmelerini ve anlamalar\u0131n\u0131 sa\u011flamak."},"content":{"rendered":"<div class=\"assembler_default-group assembler_module_group assembler_default-group_1 assembler_module_group_1\"><div class=\"assembler_module_area assembler_module_area_1\"><div class=\"assembler_text-module assembler_module assembler_text-module_1 assembler_module_1  transparent\"><a tabindex=\"-1\" title=\"Mod\u00fcl-1 ba\u015fl\u0131kl\u0131 b\u00f6l\u00fcm\" id=\"module-1\" href=\"https:\/\/bnssghealthiertogether.org.uk\/tr\/wp-json\/wp\/v2\/pages\/37472\/#module-1\" class=\"anchor\"><span class=\"hidden\">Mod\u00fcl-1 ba\u015fl\u0131kl\u0131 b\u00f6l\u00fcm<\/span><\/a><!-- Template found for text-module - Template: template-text - Matched: _only --><section class=\"w-full mx-auto max-w-content pt-12 sm:pt-24 pb-12 sm:pb-24\">\r\n  <div class=\"entry-content w-full !px-0 max-w-small\">\r\n        <h1>Eri\u015filebilir Sonu\u00e7lar: Farkl\u0131 ihtiya\u00e7lara sahip hastalar\u0131n kan testi sonu\u00e7lar\u0131na \u00e7evrimi\u00e7i olarak eri\u015fmelerini ve anlamalar\u0131n\u0131 sa\u011flamak.<\/h1>\n<h2>Finansman<\/h2>\n<p>Ulusal Sa\u011fl\u0131k ve Bak\u0131m Ara\u015ft\u0131rma Enstit\u00fcs\u00fc (NIHR) Sa\u011fl\u0131k Hizmeti ve Sunumu Ara\u015ft\u0131rmas\u0131 (HS&amp;DR) Ref. NIHR 159467<\/p>\n<h2>Ara\u015ft\u0131rma sorusu nedir?<\/h2>\n<p>Hastalar\u0131n kan tahlili sonu\u00e7lar\u0131n\u0131 \u00e7evrimi\u00e7i olarak anlamalar\u0131na nas\u0131l yard\u0131mc\u0131 olabiliriz?<\/p>\n<h2>Sorun nedir?<\/h2>\n<p>NHS England, hastalar\u0131n kan testi sonu\u00e7lar\u0131n\u0131 \u00e7evrimi\u00e7i olarak g\u00f6r\u00fcnt\u00fcleyebilmeleri ve bu sayede hasta kat\u0131l\u0131m\u0131n\u0131 ve memnuniyetini art\u0131rabilmeleri amac\u0131yla NHS Uygulamas\u0131 arac\u0131l\u0131\u011f\u0131yla test sonu\u00e7lar\u0131na \u00e7evrimi\u00e7i eri\u015fim imkan\u0131 sa\u011flad\u0131. Ancak bu durum, hastalarda kayg\u0131ya yol a\u00e7abilir ve daha fazla hastan\u0131n sonu\u00e7lar\u0131 g\u00f6r\u00fc\u015fmek \u00fczere aile hekimleriyle ileti\u015fime ge\u00e7mesine neden olabilir.<\/p>\n<p>Birinci basamak sa\u011fl\u0131k hizmetlerinde en s\u0131k istenen test t\u00fcr\u00fc kan testleridir. Bu nedenle, hastalar\u0131n kan test sonu\u00e7lar\u0131n\u0131 \u00e7evrimi\u00e7i olarak anlayabilmesini sa\u011flamak, birinci basamak sa\u011fl\u0131k hizmetlerinin i\u015f y\u00fck\u00fc \u00fczerinde \u00f6nemli bir etkiye sahip olabilir. Hastalar\u0131n kan test sonu\u00e7lar\u0131n\u0131 ald\u0131klar\u0131nda ne yapmalar\u0131 gerekti\u011fini bilmeleri gerekir; bu iyi bir \u015fekilde iletilmezse hastalar zarar g\u00f6rebilir. Bu nedenle, test sonucu ileti\u015fimi hasta g\u00fcvenli\u011fi i\u00e7in \u00f6nemlidir.<\/p>\n<p>T\u00fcm hastalar\u0131n test sonu\u00e7lar\u0131n\u0131 anlayabildi\u011finden ve dijital okuryazarl\u0131\u011f\u0131 d\u00fc\u015f\u00fck ya\u015fl\u0131lar, az\u0131nl\u0131k etnik gruplar ve engelliler gibi gruplar\u0131n \u00e7evrimi\u00e7i kan testi sonucu ileti\u015fimine ge\u00e7i\u015ften dezavantajl\u0131 duruma d\u00fc\u015fmedi\u011finden emin olmak \u00f6nemlidir. NHS England, NHS Uygulamas\u0131n\u0131n \u015fu anda tam olarak eri\u015filebilir olmad\u0131\u011f\u0131n\u0131 kabul etmi\u015ftir.<\/p>\n<h2>Ara\u015ft\u0131rman\u0131n amac\u0131 nedir?<\/h2>\n<p>Bu ara\u015ft\u0131rman\u0131n amac\u0131, \u00e7e\u015fitli ihtiya\u00e7lara sahip hastalar\u0131n \u00e7evrimi\u00e7i kan testi sonu\u00e7lar\u0131na eri\u015fmelerine ve bunlar\u0131 anlamalar\u0131na yard\u0131mc\u0131 olacak ara\u00e7lar ve k\u0131lavuzlar geli\u015ftirmektir.<\/p>\n<h2>Bu nas\u0131l ba\u015far\u0131lacak?<\/h2>\n<p>Sa\u011fl\u0131k m\u00fcdahalelerinin geli\u015ftirilmesinde \u00e7e\u015fitli kullan\u0131c\u0131lar\u0131 dahil etmek i\u00e7in yerle\u015fik bir y\u00f6ntem olan &#039;ki\u015fi merkezli yakla\u015f\u0131m\u0131&#039; kullanaca\u011f\u0131z. Ara\u015ft\u0131rman\u0131n \u00fc\u00e7 a\u015famas\u0131 boyunca (bunlara &#039;\u00e7al\u0131\u015fma paketleri&#039; veya WP&#039;ler denir) hasta ve bak\u0131m verenlerden olu\u015fan bir dan\u0131\u015fma paneli yer alacakt\u0131r.<\/p>\n<p>WP1 kapsam\u0131nda, birinci basamak sa\u011fl\u0131k hizmetlerinde kan testi yapt\u0131ran yakla\u015f\u0131k 40 hasta ve 20 birinci basamak sa\u011fl\u0131k personeliyle g\u00f6r\u00fc\u015fme yapaca\u011f\u0131z. Engellilik, d\u00fc\u015f\u00fck dijital okuryazarl\u0131k veya k\u00fclt\u00fcrel engeller nedeniyle sonu\u00e7lar\u0131na eri\u015fmekte zorluk \u00e7eken hastalar\u0131 da dahil edece\u011fiz. Onlardan test sonu\u00e7lar\u0131n\u0131 bizimle birlikte sesli olarak de\u011ferlendirmelerini isteyece\u011fiz. Kendi sonu\u00e7lar\u0131n\u0131 \u00e7evrimi\u00e7i olarak g\u00f6r\u00fcnt\u00fcleyemiyorlarsa, onlara \u00e7evrimi\u00e7i kan testi sonu\u00e7lar\u0131n\u0131n nas\u0131l g\u00f6r\u00fcnd\u00fc\u011f\u00fcn\u00fc g\u00f6sterece\u011fiz ve bunun onlar i\u00e7in nas\u0131l daha eri\u015filebilir hale getirilebilece\u011fini ara\u015ft\u0131raca\u011f\u0131z. Personelden \u00e7evrimi\u00e7i test ileti\u015fimine ge\u00e7i\u015f konusundaki tutumlar\u0131n\u0131 ve deneyimlerini soraca\u011f\u0131z.<\/p>\n<p>WP2 i\u00e7in, \u00e7evrimi\u00e7i kan testi sonucu ileti\u015fimine y\u00f6nelik \u015fablon ara\u00e7lar geli\u015ftirmek amac\u0131yla hastalar, hasta yak\u0131nlar\u0131 ve sa\u011fl\u0131k profesyonelleriyle bir dizi ortak \u00fcretim at\u00f6lyesi d\u00fczenleyece\u011fiz.<\/p>\n<p>WP3 i\u00e7in, bu \u015fablon ara\u00e7lar\u0131n\u0131 \u00e7evrimi\u00e7i anketler kullanarak geni\u015f bir insan grubuyla test edece\u011fiz. Bu geri bildirimleri, ara\u00e7lar\u0131n nihai s\u00fcr\u00fcm\u00fcn\u00fc geli\u015ftirmek i\u00e7in kullanaca\u011f\u0131z.<\/p>\n<p>NHS Uygulama ekibi de dahil olmak \u00fczere payda\u015flarla ara\u00e7lar\u0131m\u0131z\u0131 ve k\u0131lavuzlar\u0131m\u0131z\u0131, s\u00fcre\u00e7 boyunca ger\u00e7ekle\u015ftirilecek etkile\u015fim etkinlikleri ve bir yayg\u0131nla\u015ft\u0131rma etkinli\u011fi arac\u0131l\u0131\u011f\u0131yla payla\u015faca\u011f\u0131z. Bu, bunlar\u0131n m\u00fcmk\u00fcn oldu\u011funca geni\u015f bir kitle taraf\u0131ndan kullan\u0131lmas\u0131n\u0131 sa\u011flamak i\u00e7in \u00f6nemlidir.<\/p>\n<h2>Ara\u015ft\u0131rmay\u0131 kim y\u00f6netiyor?<\/h2>\n<p>Dr. Jessica Watson, NIHR Akademik Klinik \u00d6\u011fretim G\u00f6revlisi ve Genel Pratisyen Hekim, Bristol \u00dcniversitesi Bristol T\u0131p Fak\u00fcltesi.<\/p>\n<h2>Daha Fazla Bilgi<\/h2>\n<p>CI E-postas\u0131: <a href=\"mailto:Jessica.Watson@bristol.ac.uk\">Jessica.Watson@bristol.ac.uk<\/a><\/p>\n<p>Daha fazla bilgi almak veya bu projeye kat\u0131lmak i\u00e7in l\u00fctfen ileti\u015fime ge\u00e7in.\u00a0<a href=\"mailto:bnssg.research@nhs.net\">bnssg.research@nhs.net<\/a>.<\/p>\n<p>Burada ifade edilen g\u00f6r\u00fc\u015fler yazar(lar)a aittir ve NIHR veya Sa\u011fl\u0131k ve Sosyal Bak\u0131m Bakanl\u0131\u011f\u0131&#039;n\u0131n g\u00f6r\u00fc\u015flerini yans\u0131tmayabilir.<\/p>\n  <\/div>\r\n  <\/section><\/div><!-- .assembler_text-module.assembler_module.assembler_text-module_1.assembler_module_1..transparent --><\/div><!-- .assembler_module_area.assembler_module_area_1 --><\/div><!-- .assembler_default-group.assembler_module_group.assembler_default-group_1.assembler_module_group_1  -->","protected":false},"excerpt":{"rendered":"<p>Section titled module-1 Accessible Results: enabling patients with diverse needs to access and understand their blood test results online Funding National Institute for Health and Care Research (NIHR) Health Service &amp; Delivery Research (HS&amp;DR) Ref. NIHR 159467 What is the Research Question? How can we help patients understand their blood test results online? What is [&hellip;]<\/p>\n","protected":false},"author":28,"featured_media":0,"parent":32881,"menu_order":0,"comment_status":"closed","ping_status":"closed","template":"","meta":{"_acf_changed":false,"footnotes":""},"tags":[],"class_list":["post-37472","page","type-page","status-publish","hentry"],"acf":[],"_links":{"self":[{"href":"https:\/\/bnssghealthiertogether.org.uk\/tr\/wp-json\/wp\/v2\/pages\/37472","targetHints":{"allow":["GET"]}}],"collection":[{"href":"https:\/\/bnssghealthiertogether.org.uk\/tr\/wp-json\/wp\/v2\/pages"}],"about":[{"href":"https:\/\/bnssghealthiertogether.org.uk\/tr\/wp-json\/wp\/v2\/types\/page"}],"author":[{"embeddable":true,"href":"https:\/\/bnssghealthiertogether.org.uk\/tr\/wp-json\/wp\/v2\/users\/28"}],"replies":[{"embeddable":true,"href":"https:\/\/bnssghealthiertogether.org.uk\/tr\/wp-json\/wp\/v2\/comments?post=37472"}],"version-history":[{"count":2,"href":"https:\/\/bnssghealthiertogether.org.uk\/tr\/wp-json\/wp\/v2\/pages\/37472\/revisions"}],"predecessor-version":[{"id":37474,"href":"https:\/\/bnssghealthiertogether.org.uk\/tr\/wp-json\/wp\/v2\/pages\/37472\/revisions\/37474"}],"up":[{"embeddable":true,"href":"https:\/\/bnssghealthiertogether.org.uk\/tr\/wp-json\/wp\/v2\/pages\/32881"}],"wp:attachment":[{"href":"https:\/\/bnssghealthiertogether.org.uk\/tr\/wp-json\/wp\/v2\/media?parent=37472"}],"wp:term":[{"taxonomy":"post_tag","embeddable":true,"href":"https:\/\/bnssghealthiertogether.org.uk\/tr\/wp-json\/wp\/v2\/tags?post=37472"}],"curies":[{"name":"wp","href":"https:\/\/api.w.org\/{rel}","templated":true}]}}