{"id":42232,"date":"2025-09-08T16:20:55","date_gmt":"2025-09-08T15:20:55","guid":{"rendered":"https:\/\/bnssghealthiertogether.org.uk\/?page_id=42232"},"modified":"2026-02-23T13:02:57","modified_gmt":"2026-02-23T13:02:57","slug":"inner-city-and-east-bristol-locality-partnership-our-projects","status":"publish","type":"page","link":"https:\/\/bnssghealthiertogether.org.uk\/tr\/inner-city-and-east-bristol-locality-partnership\/inner-city-and-east-bristol-locality-partnership-our-projects\/","title":{"rendered":"\u0130\u00e7 \u015eehir ve Do\u011fu Bristol Yerel Ortakl\u0131\u011f\u0131 Projelerimiz"},"content":{"rendered":"<div class=\"assembler_default-group assembler_module_group assembler_default-group_1 assembler_module_group_1\"><div class=\"assembler_module_area assembler_module_area_1\"><div class=\"assembler_banner-narrow-module assembler_module assembler_banner-narrow-module_1 assembler_module_1 \"><a tabindex=\"-1\" title=\"Section titled module-1\" id=\"module-1\" href=\"https:\/\/bnssghealthiertogether.org.uk\/tr\/wp-json\/wp\/v2\/pages\/42232\/#module-1\" class=\"anchor\"><span class=\"hidden\">Section titled module-1<\/span><\/a><!-- Template found for banner-narrow-module - Template: template-banner-narrow - Matched: _only --><section role=\"group\">\r\n  <div\r\n    class=\"relative !p-0 w-full min-h-[400px]\" >\r\n          <div class=\"w-full max-w-content !p-0 mx-auto absolute bottom-5 lg:bottom-9 left-0 right-0\">\r\n        <ul class=\"splide__pagination !p-0 2xl:!left-auto 2xl:!right-9\"><\/ul>\r\n      <\/div>\r\n        <div class=\"splide__track\">\r\n      <div class=\"splide__list\">\r\n                            <div class=\"splide__slide relative xl:border-b-[20px] lg:border-white\"\r\n               >\r\n                  <picture  class=\" no-lazy\">\n                  <source media=\"(min-width: 640px)\" srcset=\"https:\/\/bnssghealthiertogether.org.uk\/wp-content\/uploads\/2025\/08\/DSC09159-scaled-e1761310224410-1024x550.jpg 1024w, https:\/\/bnssghealthiertogether.org.uk\/wp-content\/uploads\/2025\/08\/DSC09159-scaled-e1761310224410-300x161.jpg 300w, https:\/\/bnssghealthiertogether.org.uk\/wp-content\/uploads\/2025\/08\/DSC09159-scaled-e1761310224410-768x412.jpg 768w, https:\/\/bnssghealthiertogether.org.uk\/wp-content\/uploads\/2025\/08\/DSC09159-scaled-e1761310224410-1536x824.jpg 1536w, https:\/\/bnssghealthiertogether.org.uk\/wp-content\/uploads\/2025\/08\/DSC09159-scaled-e1761310224410-2048x1099.jpg 2048w, https:\/\/bnssghealthiertogether.org.uk\/wp-content\/uploads\/2025\/08\/DSC09159-scaled-e1761310224410-1320x708.jpg 1320w\" type=\"image\/jpeg\">\n                  <source media=\"(min-width: 0px)\" srcset=\"https:\/\/bnssghealthiertogether.org.uk\/wp-content\/uploads\/2025\/08\/DSC09159-scaled-e1761310224410-300x161.jpg 300w, https:\/\/bnssghealthiertogether.org.uk\/wp-content\/uploads\/2025\/08\/DSC09159-scaled-e1761310224410-1024x550.jpg 1024w, https:\/\/bnssghealthiertogether.org.uk\/wp-content\/uploads\/2025\/08\/DSC09159-scaled-e1761310224410-768x412.jpg 768w, https:\/\/bnssghealthiertogether.org.uk\/wp-content\/uploads\/2025\/08\/DSC09159-scaled-e1761310224410-1536x824.jpg 1536w, https:\/\/bnssghealthiertogether.org.uk\/wp-content\/uploads\/2025\/08\/DSC09159-scaled-e1761310224410-2048x1099.jpg 2048w, https:\/\/bnssghealthiertogether.org.uk\/wp-content\/uploads\/2025\/08\/DSC09159-scaled-e1761310224410-1320x708.jpg 1320w\" type=\"image\/jpeg\">\n                          <img decoding=\"async\" src=\"https:\/\/bnssghealthiertogether.org.uk\/wp-content\/uploads\/2025\/08\/DSC09159-scaled-e1761310224410-300x161.jpg\" width=\"300\"  height=\"161\"  alt=\"\"   class=\"w-full h-auto object-none md:h-[400px] md:object-cover 2xl:h-[400px] no-lazy\" \/>\n              <\/picture>\n                                      <\/div>\r\n              <\/div>\r\n    <\/div>\r\n  <\/div>\r\n<\/section>\r\n<\/div><!-- .assembler_banner-narrow-module.assembler_module.assembler_banner-narrow-module_1.assembler_module_1. --><div class=\"assembler_table-of-contents-module assembler_module assembler_table-of-contents-module_2 assembler_module_2  transparent\"><a tabindex=\"-1\" title=\"Section titled module-2\" id=\"module-2\" href=\"https:\/\/bnssghealthiertogether.org.uk\/tr\/wp-json\/wp\/v2\/pages\/42232\/#module-2\" class=\"anchor\"><span class=\"hidden\">Section titled module-2<\/span><\/a><!-- Template found for table-of-contents-module - Template: template-table-of-contents - Matched: _only -->\r\n<section class=\"w-full mx-auto max-w-content border-b border-pale-grey pt-6 sm:pt-12 pb-3 sm:pb-6\">\r\n    <div class=\"entry-content w-full\">\r\n    <h1>Inner City and East Bristol Locality Partnership<\/h1>\n<p>Contents<\/p>\n    <div class=\"navigation-list\">\r\n                    <ul>\r\n                      <li class=\"text-sm\">\r\n                              <a href=\"https:\/\/bnssghealthiertogether.org.uk\/tr\/inner-city-and-east-bristol-locality-partnership\/\" class=\"text-sm underline-offset-4 font-normal hover:!underline-4\">\r\n                                                                About us                                <\/a>\r\n                          <\/li>\r\n                                <li class=\"text-sm\">\r\n                              <a href=\"https:\/\/bnssghealthiertogether.org.uk\/tr\/inner-city-and-east-bristol-locality-partnership\/inner-city-and-east-bristol-locality-partnership-our-partners\/\" class=\"text-sm underline-offset-4 font-normal hover:!underline-4\">\r\n                                                                Our partners                                <\/a>\r\n                          <\/li>\r\n                      <li class=\"text-sm\">\r\n                                                              Our projects                            <\/li>\r\n                  <\/ul>\r\n          <\/div>\r\n  <\/div>\r\n<\/section><\/div><!-- .assembler_table-of-contents-module.assembler_module.assembler_table-of-contents-module_2.assembler_module_2..transparent --><\/div><!-- .assembler_module_area.assembler_module_area_1 --><\/div><!-- .assembler_default-group.assembler_module_group.assembler_default-group_1.assembler_module_group_1  --><div class=\"assembler_default-group assembler_module_group assembler_default-group_2 assembler_module_group_2\"><div class=\"assembler_module_area assembler_module_area_1\"><div class=\"assembler_text-module assembler_module assembler_text-module_1 assembler_module_1  transparent\"><a tabindex=\"-1\" title=\"Section titled module-3\" id=\"module-3\" href=\"https:\/\/bnssghealthiertogether.org.uk\/tr\/wp-json\/wp\/v2\/pages\/42232\/#module-3\" class=\"anchor\"><span class=\"hidden\">Section titled module-3<\/span><\/a><!-- Template found for text-module - Template: template-text - Matched: _only --><section class=\"w-full mx-auto max-w-content pt-3 sm:pt-6 pb-3 sm:pb-6\">\r\n  <div class=\"entry-content w-full !px-0 max-w-small\">\r\n          <h1>\r\n        Our projects      <\/h1>\r\n        <p><span data-teams=\"true\">We deliver a number of projects to improve health, wellbeing and access to care in our communities. Some of these are listed below.<\/span><\/p>\n  <\/div>\r\n  <\/section><\/div><!-- .assembler_text-module.assembler_module.assembler_text-module_1.assembler_module_1..transparent --><div class=\"assembler_text-module assembler_module assembler_text-module_2 assembler_module_2  transparent\"><a tabindex=\"-1\" title=\"Section titled module-4\" id=\"module-4\" href=\"https:\/\/bnssghealthiertogether.org.uk\/tr\/wp-json\/wp\/v2\/pages\/42232\/#module-4\" class=\"anchor\"><span class=\"hidden\">Section titled module-4<\/span><\/a><!-- Template found for text-module - Template: template-text - Matched: _only --><section class=\"w-full mx-auto max-w-content pt-3 sm:pt-6 pb-3 sm:pb-6\">\n    <div class=\"flex gap-11 md:grid md:grid-cols-2 flex-col\">\n    <div class=\"entry-content\">\n      <h2>Green Social Prescribing<\/h2>\n<p>Inner City and East Bristol continues to support Green Social Prescribing initiatives for our local community.<\/p>\n<p>In 2024\/25 we funded seven organisations to deliver nature-based activities, such as gardening, Nordic walking, and wild swimming, aimed at improving mental health, physical activity and social connection.<\/p>\n<p>The activities were targeted at our under-served communities, in a bid to reduce GP demand, support recovery and tackle isolation.<\/p>\n      <a href=\"https:\/\/bnssghealthiertogether.org.uk\/our-work\/healthier-with-nature\/\"  target=\"https:\/\/bnssghealthiertogether.org.uk\/our-work\/healthier-with-nature\/\" class=\"btn-link flex w-[fit-content] \">Find out more about some of our local projects<\/a>\n\n    <\/div>\n    <div class=\"entry-content\">\n      <p><img decoding=\"async\" class=\"alignnone size-medium wp-image-39724\" src=\"https:\/\/bnssghealthiertogether.org.uk\/wp-content\/uploads\/2025\/05\/DSC00042-300x200.jpg\" alt=\"\" width=\"600\" height=\"400\" srcset=\"https:\/\/bnssghealthiertogether.org.uk\/wp-content\/uploads\/2025\/05\/DSC00042-300x200.jpg 300w, https:\/\/bnssghealthiertogether.org.uk\/wp-content\/uploads\/2025\/05\/DSC00042-1024x683.jpg 1024w, https:\/\/bnssghealthiertogether.org.uk\/wp-content\/uploads\/2025\/05\/DSC00042-768x512.jpg 768w, https:\/\/bnssghealthiertogether.org.uk\/wp-content\/uploads\/2025\/05\/DSC00042-1536x1024.jpg 1536w, https:\/\/bnssghealthiertogether.org.uk\/wp-content\/uploads\/2025\/05\/DSC00042-2048x1365.jpg 2048w, https:\/\/bnssghealthiertogether.org.uk\/wp-content\/uploads\/2025\/05\/DSC00042-1320x880.jpg 1320w\" sizes=\"(max-width: 600px) 100vw, 600px\" \/><\/p>\n    <\/div>\n      <\/div>\n<\/section><\/div><!-- .assembler_text-module.assembler_module.assembler_text-module_2.assembler_module_2..transparent --><div class=\"assembler_text-module assembler_module assembler_text-module_3 assembler_module_3  transparent\"><a tabindex=\"-1\" title=\"Section titled module-5\" id=\"module-5\" href=\"https:\/\/bnssghealthiertogether.org.uk\/tr\/wp-json\/wp\/v2\/pages\/42232\/#module-5\" class=\"anchor\"><span class=\"hidden\">Section titled module-5<\/span><\/a><!-- Template found for text-module - Template: template-text - Matched: _only --><section class=\"w-full mx-auto max-w-content pt-3 sm:pt-6 pb-3 sm:pb-6\">\r\n  <div class=\"entry-content w-full !px-0 max-w-small\">\r\n          <h2>\r\n        Community Link Workers      <\/h2>\r\n        <p>Working with Nilaari, our Community Link Workers provide culturally sensitive mental health and wellbeing support for Somali, African-Caribbean, and South Asian communities, to address poor access and outcomes across health and care services.<\/p>\n<p>Workers offer personalised care and translation, using trauma-informed approaches, to improve engagement and reduce inequality.<\/p>\n      <a href=\"https:\/\/nilaari.co.uk\/\" target=\"https:\/\/nilaari.co.uk\/\" class=\"btn-link flex w-[fit-content] \" rel=\"noopener\">Find out more on the Nilaari website<\/a>\n\n  <\/div>\r\n  <\/section><\/div><!-- .assembler_text-module.assembler_module.assembler_text-module_3.assembler_module_3..transparent --><div class=\"assembler_text-module assembler_module assembler_text-module_4 assembler_module_4  transparent\"><a tabindex=\"-1\" title=\"Section titled module-6\" id=\"module-6\" href=\"https:\/\/bnssghealthiertogether.org.uk\/tr\/wp-json\/wp\/v2\/pages\/42232\/#module-6\" class=\"anchor\"><span class=\"hidden\">Section titled module-6<\/span><\/a><!-- Template found for text-module - Template: template-text - Matched: _only --><section class=\"w-full mx-auto max-w-content pt-3 sm:pt-6 pb-12 sm:pb-24\">\n      <div class=\"entry-content no-last\">\n      <h2>\n        Health Inequalities Fund      <\/h2>\n    <\/div>\n    <div class=\"flex gap-11 md:grid md:grid-cols-2 flex-col\">\n    <div class=\"entry-content\">\n      <p>Inner City and East Bristol Locality Partnership receives funding from the Integrated Care Board to support projects in the local area that aim to reduce health inequalities.<\/p>\n<p>Using the health inequalities funding Inner City and East Bristol Locality Partnership supports the following projects:<\/p>\n<p><a href=\"https:\/\/www.blackmothersmatter.org\/\" rel=\"noopener\">Black Mother\u2019s Matter<\/a> &#8211; an organisation working to improve outcomes for expectant mothers racialised as Black. They provide support to health professionals to help them better support Black mothers to give birth, by providing resources, tailored guidance and signposting to further support.<\/p>\n<p><a href=\"https:\/\/www.caafihealth.org.uk\/\" rel=\"noopener\">Caafi Health Community Clinics<\/a> &#8211; delivering accessible health checks, advice, and long-term condition management in community settings, in multiple languages. This helps support early detection of conditions such as diabetes, hypertension and cancer, linking residents with GPs and culturally appropriate prevention advice.<\/p>\n<p><a href=\"https:\/\/www.caafihealth.org.uk\/\" rel=\"noopener\">Caafi Health Fruit and Vegetables on Prescription<\/a> &#8211; this project focuses on supporting local families in Inner City and East Bristol who are at risk of food inequality, by providing them with weekly fruit and vegetables. The project targets families living in poverty, those on benefits, those with long term health conditions or those from ethnic minority groups.<\/p>\n<p><a href=\"https:\/\/chinesecws.org.uk\/our-support\/dementia\/\" rel=\"noopener\">Dementia Support Project<\/a> &#8211; this is a partnership between the Chinese Community Wellbeing Society, Bristol Black Carers, and Dhek Bhal. The project delivers dementia screening, healthy ageing workshops, carer peer support and targeted interventions for ethnic minority communities.<\/p>\n<p><a href=\"https:\/\/www.openmindsactive.org\/natureconsortia\" rel=\"noopener\">Nature Consortia<\/a> &#8211; a collaboration between Open Mind\u2019s Active, ActiveBeing and Soul Trail to support women&#8217;s mental and physical wellbeing, through a range of nature-based interventions.<\/p>\n<p><a href=\"https:\/\/www.sarsas.org.uk\/\" rel=\"noopener\">Drop in and Reach out<\/a> &#8211; a\u00a0programme led by SARSAS that offers fortnightly safe, supportive drop-in spaces from a central Bristol venue and in Inner City and East Bristol community venues for survivors of sexual violence and abuse.<\/p>\n<p><a href=\"https:\/\/wellspringsettlement.org.uk\/\" rel=\"noopener\">Gardening for Health<\/a> &#8211; a\u00a0project led by the Wellspring Settlement to support people to engage in nature-based interventions and activities to improve their physical and mental health, by building links with partner organisations and supporting people to connect through activities, groups, and services that support health and wellbeing.<\/p>\n<p><a href=\"https:\/\/swcityfarm.co.uk\/\" rel=\"noopener\">St Werburgh\u2019s City Farm<\/a> &#8211; this project delivers a volunteering, skills and wellbeing programme of practical courses, placements and activities for people experiencing mental health challenges and\/or exclusion and marginalisation from the workplace.<\/p>\n<p>&nbsp;<\/p>\n    <\/div>\n    <div class=\"entry-content\">\n      <p>&nbsp;<\/p>\n<p><iframe title=\"YouTube video player\" src=\"https:\/\/www.youtube.com\/embed\/EOIXaXFnLTo?si=iswzfWOgFx-IzdHe\" width=\"560\" height=\"315\" frameborder=\"0\" allowfullscreen=\"allowfullscreen\"><\/iframe><\/p>\n<p>The above video highlights some of the organisations we support as part of the health inequalities funding. <a href=\"https:\/\/www.youtube.com\/playlist?list=PLfycPGqSL-PLpO7lMQ697iOpwIDagrr1N\" rel=\"noopener\">Visit our Healthier Together YouTube channel to find out more about each of the individual organisations<\/a>.<\/p>\n    <\/div>\n      <\/div>\n<\/section><\/div><!-- .assembler_text-module.assembler_module.assembler_text-module_4.assembler_module_4..transparent --><\/div><!-- .assembler_module_area.assembler_module_area_1 --><\/div><!-- .assembler_default-group.assembler_module_group.assembler_default-group_2.assembler_module_group_2  -->","protected":false},"excerpt":{"rendered":"<p>Section titled module-1 Section titled module-2 Inner City and East Bristol Locality Partnership Contents About us Our partners Our projects Section titled module-3 Our projects We deliver a number of projects to improve health, wellbeing and access to care in our communities. Some of these are listed below. Section titled module-4 Green Social Prescribing Inner [&hellip;]<\/p>\n","protected":false},"author":21,"featured_media":0,"parent":42224,"menu_order":3,"comment_status":"closed","ping_status":"closed","template":"","meta":{"_acf_changed":false,"footnotes":""},"tags":[1043,812],"class_list":["post-42232","page","type-page","status-publish","hentry","tag-inner-city-and-east-bristol","tag-locality-partnerships"],"acf":[],"_links":{"self":[{"href":"https:\/\/bnssghealthiertogether.org.uk\/tr\/wp-json\/wp\/v2\/pages\/42232","targetHints":{"allow":["GET"]}}],"collection":[{"href":"https:\/\/bnssghealthiertogether.org.uk\/tr\/wp-json\/wp\/v2\/pages"}],"about":[{"href":"https:\/\/bnssghealthiertogether.org.uk\/tr\/wp-json\/wp\/v2\/types\/page"}],"author":[{"embeddable":true,"href":"https:\/\/bnssghealthiertogether.org.uk\/tr\/wp-json\/wp\/v2\/users\/21"}],"replies":[{"embeddable":true,"href":"https:\/\/bnssghealthiertogether.org.uk\/tr\/wp-json\/wp\/v2\/comments?post=42232"}],"version-history":[{"count":26,"href":"https:\/\/bnssghealthiertogether.org.uk\/tr\/wp-json\/wp\/v2\/pages\/42232\/revisions"}],"predecessor-version":[{"id":46957,"href":"https:\/\/bnssghealthiertogether.org.uk\/tr\/wp-json\/wp\/v2\/pages\/42232\/revisions\/46957"}],"up":[{"embeddable":true,"href":"https:\/\/bnssghealthiertogether.org.uk\/tr\/wp-json\/wp\/v2\/pages\/42224"}],"wp:attachment":[{"href":"https:\/\/bnssghealthiertogether.org.uk\/tr\/wp-json\/wp\/v2\/media?parent=42232"}],"wp:term":[{"taxonomy":"post_tag","embeddable":true,"href":"https:\/\/bnssghealthiertogether.org.uk\/tr\/wp-json\/wp\/v2\/tags?post=42232"}],"curies":[{"name":"wp","href":"https:\/\/api.w.org\/{rel}","templated":true}]}}