{"id":43250,"date":"2025-10-08T15:46:35","date_gmt":"2025-10-08T14:46:35","guid":{"rendered":"https:\/\/bnssghealthiertogether.org.uk\/?page_id=43250"},"modified":"2025-10-08T15:46:35","modified_gmt":"2025-10-08T14:46:35","slug":"evaluation-of-a-pilot-for-use-of-obesity-medications-outside-hospital-settings","status":"publish","type":"page","link":"https:\/\/bnssghealthiertogether.org.uk\/tr\/integrated-care-board\/research-and-evidence\/our-research-portfolio\/nihr-funded-projects\/evaluation-of-a-pilot-for-use-of-obesity-medications-outside-hospital-settings\/","title":{"rendered":"Hastane ortam\u0131 d\u0131\u015f\u0131nda obezite ila\u00e7lar\u0131n\u0131n kullan\u0131m\u0131na y\u00f6nelik bir pilot uygulaman\u0131n de\u011ferlendirilmesi"},"content":{"rendered":"<div class=\"assembler_default-group assembler_module_group assembler_default-group_1 assembler_module_group_1\"><div class=\"assembler_module_area assembler_module_area_1\"><div class=\"assembler_text-module assembler_module assembler_text-module_1 assembler_module_1  transparent\"><a tabindex=\"-1\" title=\"Mod\u00fcl-1 ba\u015fl\u0131kl\u0131 b\u00f6l\u00fcm\" id=\"module-1\" href=\"https:\/\/bnssghealthiertogether.org.uk\/tr\/wp-json\/wp\/v2\/pages\/43250\/#module-1\" class=\"anchor\"><span class=\"hidden\">Mod\u00fcl-1 ba\u015fl\u0131kl\u0131 b\u00f6l\u00fcm<\/span><\/a><!-- Template found for text-module - Template: template-text - Matched: _only --><section class=\"w-full mx-auto max-w-content pt-12 sm:pt-24 pb-12 sm:pb-24\">\r\n  <div class=\"entry-content w-full !px-0 max-w-small\">\r\n        <h1><strong>Hastane ortam\u0131 d\u0131\u015f\u0131nda obezite ila\u00e7lar\u0131n\u0131n kullan\u0131m\u0131na y\u00f6nelik bir pilot uygulaman\u0131n de\u011ferlendirilmesi<\/strong><\/h1>\n<p>&nbsp;<\/p>\n<h2>Finansman<\/h2>\n<p>Ulusal Sa\u011fl\u0131k ve Bak\u0131m Ara\u015ft\u0131rma Enstit\u00fcs\u00fc (NIHR) Sa\u011fl\u0131k ve Sosyal Bak\u0131m Sunumu Ara\u015ft\u0131rmas\u0131 Referans No: NIHR162959.<\/p>\n<h2>Arka plan<\/h2>\n<p>Tirzepatid (Mounjaro) ve Semaglutid (Wegovy) gibi yeni obezite ila\u00e7lar\u0131, davran\u0131\u015fsal m\u00fcdahalelerle birlikte kullan\u0131ld\u0131\u011f\u0131nda daha etkili obezite tedavisi sunmaktad\u0131r. Bu ila\u00e7lar, \u00fclke genelinde yeterli eri\u015fime ve uygun bireyler i\u00e7in yeterli kapasiteye sahip olmayan uzman kilo y\u00f6netimi hizmetleri (SWMS) kapsam\u0131nda re\u00e7ete edilebilir. Bu nedenle NHS England (NHSE), birinci basamak sa\u011fl\u0131k hizmetlerinde obezite ila\u00e7lar\u0131na eri\u015fim i\u00e7in d\u00f6rt yeni hizmet modelini test etmektedir ve gelecekteki uygulamaya rehberlik edecek kapsaml\u0131 bir de\u011ferlendirme gerekmektedir.<\/p>\n<h2>Ama\u00e7lar<\/h2>\n<p>1) Sosyo-demografik gruplar genelinde obezite kar\u015f\u0131t\u0131 ila\u00e7 sa\u011flama konusunda yeni modellerin uygulanabilirli\u011fini, kabul edilebilirli\u011fini, g\u00fcvenli\u011fini, etkinli\u011fini ve maliyet etkinli\u011fini de\u011ferlendirmek,<\/p>\n<p>2) Obezite kar\u015f\u0131t\u0131 ila\u00e7lara e\u015fit eri\u015fimi te\u015fvik eden hizmet modellerinin gelecekteki uygulanmas\u0131na rehberlik edecek bilgiler sa\u011flay\u0131n.<\/p>\n<h2>Hedefler<\/h2>\n<ol>\n<li>Entegre Bak\u0131m Kurullar\u0131 (ICB&#039;ler) genelinde benimsenen hizmet modeli t\u00fcrleri ve temel \u00f6zellikleri, sosyo-demografik bilgiler ve ilgili payda\u015flar dahil olmak \u00fczere \u00f6nemli bilgileri haritaland\u0131r\u0131n.<\/li>\n<li>Obezite kar\u015f\u0131t\u0131 ila\u00e7 tedavisi modellerine y\u00f6nlendirme, kat\u0131l\u0131m ve tamamlanma oranlar\u0131yla ili\u015fkili sosyo-demografik fakt\u00f6rleri belirleyin.<\/li>\n<li>Sosyo-demografik farkl\u0131l\u0131klar\u0131 dikkate alarak, modeller genelinde k\u0131sa vadeli klinik etkinli\u011fi, maliyet etkinli\u011fini ve g\u00fcvenli\u011fi de\u011ferlendirin.<\/li>\n<li>Farkl\u0131 hizmet modelleri i\u00e7in uzun vadeli sa\u011fl\u0131k sonu\u00e7lar\u0131n\u0131 ve maliyetlerini modelleyin.<\/li>\n<li>Hizmet kullan\u0131m\u0131n\u0131 ve uyumunu art\u0131rmaya y\u00f6nelik uygulama giri\u015fimlerinin potansiyel maliyet etkinli\u011fini ara\u015ft\u0131r\u0131n.<\/li>\n<li>Personel ihtiya\u00e7lar\u0131, e\u011fitim, birinci basamak sa\u011fl\u0131k hizmetlerine etkisi ve daha geni\u015f kapsaml\u0131 kilo y\u00f6netimi kademeli sistemi \u00fczerindeki sonu\u00e7lar\u0131 g\u00f6z \u00f6n\u00fcnde bulundurarak yeni hizmet modellerinin uygulanabilirli\u011fini ve g\u00fcvenli\u011fini ara\u015ft\u0131r\u0131n.<\/li>\n<li>Davran\u0131\u015fsal destek bile\u015fenleri de dahil olmak \u00fczere hizmet modellerinin sosyo-demografik gruplar genelinde kabul edilebilirli\u011fini ve kullan\u0131c\u0131 deneyimini de\u011ferlendirin.<\/li>\n<li>\u00d6ncelikli bir mant\u0131k modeli arac\u0131l\u0131\u011f\u0131yla, farkl\u0131 sosyodemografik gruplar i\u00e7in en kabul edilebilir, etkili, g\u00fcvenli ve maliyet etkin modeller hakk\u0131nda fikir geli\u015ftirin.<\/li>\n<li>Gelecekteki uygulamalar i\u00e7in temel sa\u011fl\u0131k hizmetleri e\u011fitim ihtiya\u00e7lar\u0131n\u0131 ve kaynaklar\u0131n\u0131 belirleyin.<\/li>\n<li>Obezite kar\u015f\u0131t\u0131 ila\u00e7lar\u0131n kullan\u0131m\u0131n\u0131n sonraki a\u015famalar\u0131n\u0131n tam olarak de\u011ferlendirilmesi i\u00e7in temel kriterleri belirleyin.<\/li>\n<\/ol>\n<h2>Y\u00f6ntemler, zaman \u00e7izelgeleri ve beklenen etki ve yay\u0131l\u0131m<\/h2>\n<p>Proje \u015eubat 2025&#039;ten Ocak 2028&#039;e kadar s\u00fcrecektir. Be\u015f \u00e7al\u0131\u015fma paketinde (WP) karma y\u00f6ntemler kullan\u0131lmaktad\u0131r:<\/p>\n<p>WP1 (1-36. Aylar, 1. Ama\u00e7): Proje y\u00f6netimi, PPIE, payda\u015f kat\u0131l\u0131m\u0131 ve sonraki WP&#039;leri desteklemek i\u00e7in ICB hizmet modelleri hakk\u0131nda temel bilgilerin haritaland\u0131r\u0131lmas\u0131.<\/p>\n<p>WP2 (6-33. Aylar, 2-5. Hedefler): Hizmet kullan\u0131m\u0131na ili\u015fkin sosyo-demografik fakt\u00f6rleri belirleyin. Hedef deneme \u00e7er\u00e7evesini kullanarak modeller ve sosyo-demografik gruplar genelinde klinik, maliyet etkinli\u011fi ve g\u00fcvenli\u011fi de\u011ferlendirin. Veri toplama, elektronik sa\u011fl\u0131k kay\u0131tlar\u0131n\u0131 ve obezite ile ya\u015fayan ki\u015filer (PLWO), hizmet sa\u011flay\u0131c\u0131lar ve yetkililerle yap\u0131lan anketleri i\u00e7erir.<\/p>\n<p>WP3 (6-30. Aylar, 6. ve 7. Hedefler): Farkl\u0131 sosyo-demografik gruplarda uygulanabilirlik, kabul edilebilirlik, g\u00fcvenlik ve davran\u0131\u015f de\u011fi\u015fikli\u011fi fakt\u00f6rlerini de\u011ferlendirmek i\u00e7in d\u00f6rt vaka \u00e7al\u0131\u015fmas\u0131 alan\u0131nda (her bir hizmet modelini temsil eden) nitel y\u00f6ntemler kullan\u0131lacakt\u0131r. Bu \u00e7al\u0131\u015fma, &quot;yerle\u015fik ara\u015ft\u0131rmac\u0131&quot; modeli ve PPIE topluluk ara\u015ft\u0131rmac\u0131lar\u0131 taraf\u0131ndan desteklenecektir.<\/p>\n<p>WP4 (6-36. Aylar, hedef 8): WP 2 ve 3&#039;teki verileri karma y\u00f6ntem analiziyle entegre edin. Hizmetin devreye al\u0131nmas\u0131 ve kurulumunu hasta sonu\u00e7lar\u0131yla e\u015fle\u015ftiren bir mant\u0131k modeli olu\u015fturmak i\u00e7in kilit payda\u015flarla bir \u00fc\u00e7genleme protokol\u00fc kullan\u0131n.<\/p>\n<p>WP5 (1-36. Aylar, 9. ve 10. hedefler): Yayg\u0131nla\u015ft\u0131rma, \u00e7\u0131kt\u0131lar ve beklenen etki. Uygulaman\u0131n sonraki a\u015famalar\u0131na ve gelecekteki de\u011ferlendirmeye rehberlik etmesi i\u00e7in NHSE&#039;yi bilgilendirin; sosyo-demografik gruplar aras\u0131nda eri\u015fime vurgu yap\u0131n.<\/p>\n<h2>Ara\u015ft\u0131rmay\u0131 kim y\u00fcr\u00fct\u00fcyor?<\/h2>\n<p>Dr. Karen Coulman, Bristol \u00dcniversitesi, Bristol T\u0131p Fak\u00fcltesi (PHS) Obezite Ara\u015ft\u0131rma ve Uygulamalar\u0131 B\u00f6l\u00fcm\u00fc&#039;nde Do\u00e7ent Doktor.<\/p>\n<h2>Daha fazla bilgi<\/h2>\n<p>CI E-postas\u0131: Karen.Coulman@bristol.ac.uk<\/p>\n<p>Daha fazla bilgi almak veya bu projeye kat\u0131lmak i\u00e7in l\u00fctfen ileti\u015fime ge\u00e7in.\u00a0<a href=\"mailto:bnssg.research@nhs.net\">bnssg.research@nhs.net<\/a>.<\/p>\n<p>Burada ifade edilen g\u00f6r\u00fc\u015fler yazar(lar)a aittir ve NIHR veya Sa\u011fl\u0131k ve Sosyal Bak\u0131m Bakanl\u0131\u011f\u0131&#039;n\u0131n g\u00f6r\u00fc\u015flerini yans\u0131tmayabilir.<\/p>\n<p>Daha fazla bilgi i\u00e7in l\u00fctfen inceleyin. <a href=\"https:\/\/www.fundingawards.nihr.ac.uk\/award\/NIHR162959\" rel=\"noopener\">Burada<\/a>.<\/p>\n  <\/div>\r\n  <\/section><\/div><!-- .assembler_text-module.assembler_module.assembler_text-module_1.assembler_module_1..transparent --><\/div><!-- .assembler_module_area.assembler_module_area_1 --><\/div><!-- .assembler_default-group.assembler_module_group.assembler_default-group_1.assembler_module_group_1  -->","protected":false},"excerpt":{"rendered":"<p>Hastane ortam\u0131 d\u0131\u015f\u0131nda obezite ila\u00e7lar\u0131n\u0131n kullan\u0131m\u0131na y\u00f6nelik bir pilot uygulaman\u0131n de\u011ferlendirilmesi<\/p>","protected":false},"author":16,"featured_media":0,"parent":32881,"menu_order":0,"comment_status":"closed","ping_status":"closed","template":"","meta":{"_acf_changed":false,"footnotes":""},"tags":[],"class_list":["post-43250","page","type-page","status-publish","hentry"],"acf":[],"_links":{"self":[{"href":"https:\/\/bnssghealthiertogether.org.uk\/tr\/wp-json\/wp\/v2\/pages\/43250","targetHints":{"allow":["GET"]}}],"collection":[{"href":"https:\/\/bnssghealthiertogether.org.uk\/tr\/wp-json\/wp\/v2\/pages"}],"about":[{"href":"https:\/\/bnssghealthiertogether.org.uk\/tr\/wp-json\/wp\/v2\/types\/page"}],"author":[{"embeddable":true,"href":"https:\/\/bnssghealthiertogether.org.uk\/tr\/wp-json\/wp\/v2\/users\/16"}],"replies":[{"embeddable":true,"href":"https:\/\/bnssghealthiertogether.org.uk\/tr\/wp-json\/wp\/v2\/comments?post=43250"}],"version-history":[{"count":2,"href":"https:\/\/bnssghealthiertogether.org.uk\/tr\/wp-json\/wp\/v2\/pages\/43250\/revisions"}],"predecessor-version":[{"id":43252,"href":"https:\/\/bnssghealthiertogether.org.uk\/tr\/wp-json\/wp\/v2\/pages\/43250\/revisions\/43252"}],"up":[{"embeddable":true,"href":"https:\/\/bnssghealthiertogether.org.uk\/tr\/wp-json\/wp\/v2\/pages\/32881"}],"wp:attachment":[{"href":"https:\/\/bnssghealthiertogether.org.uk\/tr\/wp-json\/wp\/v2\/media?parent=43250"}],"wp:term":[{"taxonomy":"post_tag","embeddable":true,"href":"https:\/\/bnssghealthiertogether.org.uk\/tr\/wp-json\/wp\/v2\/tags?post=43250"}],"curies":[{"name":"wp","href":"https:\/\/api.w.org\/{rel}","templated":true}]}}