{"id":43260,"date":"2025-10-08T16:17:16","date_gmt":"2025-10-08T15:17:16","guid":{"rendered":"https:\/\/bnssghealthiertogether.org.uk\/?page_id=43260"},"modified":"2025-10-08T16:17:16","modified_gmt":"2025-10-08T15:17:16","slug":"town-for-active-travel-a-systems-evaluation-of-a-welsh-multi-level-intervention-travels","status":"publish","type":"page","link":"https:\/\/bnssghealthiertogether.org.uk\/tr\/integrated-care-board\/research-and-evidence\/our-research-portfolio\/nihr-funded-projects\/town-for-active-travel-a-systems-evaluation-of-a-welsh-multi-level-intervention-travels\/","title":{"rendered":"Aktif Seyahat \u0130\u00e7in \u015eehir: Galler&#039;de \u00c7ok D\u00fczeyli Bir M\u00fcdahalenin Sistem De\u011ferlendirmesi (TRAVELS)"},"content":{"rendered":"<div class=\"assembler_default-group assembler_module_group assembler_default-group_1 assembler_module_group_1\"><div class=\"assembler_module_area assembler_module_area_1\"><div class=\"assembler_text-module assembler_module assembler_text-module_1 assembler_module_1  transparent\"><a tabindex=\"-1\" title=\"Mod\u00fcl-1 ba\u015fl\u0131kl\u0131 b\u00f6l\u00fcm\" id=\"module-1\" href=\"https:\/\/bnssghealthiertogether.org.uk\/tr\/wp-json\/wp\/v2\/pages\/43260\/#module-1\" class=\"anchor\"><span class=\"hidden\">Mod\u00fcl-1 ba\u015fl\u0131kl\u0131 b\u00f6l\u00fcm<\/span><\/a><!-- Template found for text-module - Template: template-text - Matched: _only --><section class=\"w-full mx-auto max-w-content pt-12 sm:pt-24 pb-12 sm:pb-24\">\r\n  <div class=\"entry-content w-full !px-0 max-w-small\">\r\n        <h1><strong>Aktif Seyahat \u0130\u00e7in \u015eehir: Galler&#039;de \u00c7ok D\u00fczeyli Bir M\u00fcdahalenin Sistem De\u011ferlendirmesi (TRAVELS)<\/strong><\/h1>\n<p>&nbsp;<\/p>\n<h2>Finansman<\/h2>\n<p>Ulusal Sa\u011fl\u0131k ve Bak\u0131m Ara\u015ft\u0131rma Enstit\u00fcs\u00fc (NIHR) Halk Sa\u011fl\u0131\u011f\u0131 Ara\u015ft\u0131rmas\u0131 Referans No: NIHR166142.<\/p>\n<h2>Arka plan<\/h2>\n<p>Aktif ula\u015f\u0131m, y\u00fcr\u00fcyerek, bisikletle veya tekerlekli sandalye ile yap\u0131lan g\u00fcnl\u00fck yolculuklar\u0131 ifade eder. Aktif ula\u015f\u0131m, fiziksel ve zihinsel sa\u011fl\u0131\u011f\u0131 iyile\u015ftiren fiziksel aktiviteyi art\u0131r\u0131r ve ara\u00e7 kullan\u0131m\u0131n\u0131 azaltarak yol g\u00fcvenli\u011fini ve hava kalitesini iyile\u015ftirir. Bununla birlikte, Birle\u015fik Krall\u0131k genelinde aktif ula\u015f\u0131m kullan\u0131m\u0131 d\u00fc\u015f\u00fckt\u00fcr ve Galler&#039;de yeti\u015fkinlerin yaln\u0131zca ,5&#039;i, ilkokul \u00f6\u011frencilerinin ,5&#039;i ve ortaokul \u00f6\u011frencilerinin ,5&#039;i ula\u015f\u0131m i\u00e7in aktif ula\u015f\u0131m\u0131 kullanmaktad\u0131r.<\/p>\n<h2>Araya girmek<\/h2>\n<p>Bu \u00e7al\u0131\u015fma, Galler H\u00fck\u00fcmeti taraf\u0131ndan finanse edilen ve Galler&#039;deki k\u00fc\u00e7\u00fck bir kasabada (n\u00fcfusu yakla\u015f\u0131k 12.000) aktif ula\u015f\u0131m sistemini de\u011fi\u015ftirmeyi ama\u00e7layan &#039;Aktif Ula\u015f\u0131m Kasabas\u0131&#039; projesini de\u011ferlendirecektir. Bu, yerel payda\u015flarla birlikte geli\u015ftirilen ve 4 y\u0131ll\u0131k bir s\u00fcre boyunca uygulanan, \u00e7ok bile\u015fenli yeni bir m\u00fcdahaledir. 2025-2029 y\u0131llar\u0131 aras\u0131nda rutin finansmana ek olarak \u00f6nemli miktarda sermaye (~ y\u0131ll\u0131k 5 milyon \u00a3) ve gelir (~ y\u0131ll\u0131k 1 milyon \u00a3) alacak ve altyap\u0131, e\u011fitim ve bireysel davran\u0131\u015f de\u011fi\u015fikli\u011fini birlikte hedefleyen bir dizi aktif ula\u015f\u0131m m\u00fcdahalesini uygulayacakt\u0131r.<\/p>\n<h2>Ama\u00e7lar<\/h2>\n<p>Bu projenin amac\u0131, Aktif Ula\u015f\u0131m \u015eehri m\u00fcdahalesinin hem ama\u00e7lanan hem de ama\u00e7lanmayan sonu\u00e7lar\u0131n\u0131, a\u015fa\u011f\u0131daki hedeflere ula\u015fmak i\u00e7in nicel anket verileri, nitel g\u00f6r\u00fc\u015fmeler ve karma\u015f\u0131k sistem haritalamas\u0131n\u0131n bir kar\u0131\u015f\u0131m\u0131n\u0131 kullanarak de\u011ferlendirmektir:<\/p>\n<ul>\n<li>Aktif ula\u015f\u0131m \u00fczerindeki genel etkiyi belirleyin.<\/li>\n<li>Karma\u015f\u0131k bir sistemde m\u00fcdahale bile\u015fenlerinin nas\u0131l etkile\u015fimde bulundu\u011funu inceleyin.<\/li>\n<li>M\u00fcdahalenin maliyet-fayda analizini belirleyin.<\/li>\n<li>Bu sonu\u00e7lar\u0131n Birle\u015fik Krall\u0131k&#039;taki di\u011fer k\u00fc\u00e7\u00fck kasabalara genellenebilirli\u011fini de\u011ferlendirin.<\/li>\n<\/ul>\n<h2>Y\u00f6ntemler<\/h2>\n<p>Bu de\u011ferlendirme, Galler H\u00fck\u00fcmeti taraf\u0131ndan finanse edilen, Aktif Seyahat Kasabas\u0131&#039;ndaki yeti\u015fkinler ve okul \u00e7ocuklar\u0131ndan elde edilen anket verilerini, kasaba \u00f6zelliklerine g\u00f6re e\u015fle\u015ftirilmi\u015f bir Kontrol Kasabas\u0131 ile kar\u015f\u0131la\u015ft\u0131rmak i\u00e7in kontroll\u00fc bir \u00f6ncesi-sonras\u0131 kesitsel tasar\u0131m kullanacakt\u0131r. Sonu\u00e7lar\u0131 3 zaman noktas\u0131nda kar\u015f\u0131la\u015ft\u0131rmak i\u00e7in farklar aras\u0131 fark modelleri kullan\u0131lacak ve ulusal verilerden olu\u015fturulan sentetik kontrollerle kar\u015f\u0131la\u015ft\u0131r\u0131larak sonu\u00e7lar \u00fc\u00e7genle\u015ftirilecektir. \u00c7ocuklar, \u00e7al\u0131\u015fan yeti\u015fkinler ve topluluk sakinleriyle yap\u0131lan seyahat g\u00fcnl\u00fckleri, ivme\u00f6l\u00e7er verileri ve nitel g\u00f6r\u00fc\u015fmelerden olu\u015fan karma y\u00f6ntemli bir alt \u00e7al\u0131\u015fma, aktif seyahat ve m\u00fcdahaleye ili\u015fkin alg\u0131lar hakk\u0131nda derinlemesine veriler ve tan\u0131mlay\u0131c\u0131 bir y\u0131ll\u0131k s\u00fcre\u00e7 \u00f6l\u00e7\u00fcm\u00fc sa\u011flayacakt\u0131r. Sistem haritalama yakla\u015f\u0131mlar\u0131, sistemin birbirine ba\u011fl\u0131 fakt\u00f6rlerinin ve bunlar\u0131n zaman i\u00e7inde nas\u0131l de\u011fi\u015fti\u011finin temel bir resmini sunmak i\u00e7in kullan\u0131lacakt\u0131r. Ayr\u0131ca, Aktif Seyahat Kasabas\u0131&#039;n\u0131n maliyet-faydas\u0131n\u0131 ve bulgular\u0131n Galler ve \u0130ngiltere&#039;deki 6 k\u00fc\u00e7\u00fck kasaba i\u00e7in bireyselle\u015ftirilmi\u015f aktif seyahat planlar\u0131 olu\u015fturmak \u00fczere ne \u00f6l\u00e7\u00fcde genelle\u015ftirilebilece\u011fini de\u011ferlendirece\u011fiz.<\/p>\n<h2>Zaman \u00e7izelgeleri<\/h2>\n<p>Bu, May\u0131s 2025&#039;ten Ekim 2029&#039;a kadar s\u00fcrecek 54 ayl\u0131k bir projedir. M\u00fcdahale i\u00e7in finansman Nisan 2025&#039;te ba\u015flayacak ve Galler H\u00fck\u00fcmeti, sonu\u00e7lara ili\u015fkin nicel verileri 3 zaman noktas\u0131nda toplayacakt\u0131r: Zaman 0: Sonbahar 2024; Zaman 1: Sonbahar 2026 ve Zaman 2: Sonbahar 2028. Ayr\u0131ca, m\u00fcdahalenin etkisini y\u0131ll\u0131k olarak 2025&#039;ten 2028&#039;e kadar olan sonbaharlarda de\u011ferlendirmek i\u00e7in nitel \u00f6l\u00e7\u00fcmler (seyahat g\u00fcnl\u00fckleri ve ivme\u00f6l\u00e7erler ile birlikte) kullanaca\u011f\u0131z.<\/p>\n<h2>Etki ve yay\u0131l\u0131m<\/h2>\n<p>Politika ve uygulama \u00fczerindeki etki, yerel ve ulusal h\u00fck\u00fcmet departmanlar\u0131yla payla\u015f\u0131lacak ortakla\u015fa haz\u0131rlanm\u0131\u015f bir halka y\u00f6nelik rapor, politika \u00f6zeti ve sunum slaytlar\u0131 arac\u0131l\u0131\u011f\u0131yla sa\u011flanacakt\u0131r.<\/p>\n<p>Toplumsal kat\u0131l\u0131m, bir bilgi grafi\u011fi, bir video ve iki halka a\u00e7\u0131k bilgilendirme etkinli\u011fini i\u00e7erecektir. Akademik etki, hakemli yay\u0131nlar ve konferans sunumlar\u0131 arac\u0131l\u0131\u011f\u0131yla sa\u011flanacakt\u0131r.<\/p>\n<p>TRAVELS projesi kapsam\u0131nda, uygulay\u0131c\u0131lara \u00e7al\u0131\u015fman\u0131n bulgular\u0131n\u0131n Birle\u015fik Krall\u0131k genelindeki yerel ba\u011flamlara nas\u0131l uyarlanabilece\u011fini ve uygulanabilece\u011fini, b\u00f6ylece \u00f6l\u00e7eklenebilirli\u011fi ve yayg\u0131nla\u015ft\u0131rmay\u0131 desteklemek amac\u0131yla bir ara\u00e7 seti olu\u015fturulacakt\u0131r.<\/p>\n<h2>Ara\u015ft\u0131rmay\u0131 kim y\u00f6netiyor?<\/h2>\n<p>Profes\u00f6r Russel Jago, Fiziksel Aktivite ve Halk Sa\u011fl\u0131\u011f\u0131 Profes\u00f6r\u00fc, Bristol T\u0131p Fak\u00fcltesi, Bristol \u00dcniversitesi.<\/p>\n<h2>Daha fazla bilgi<\/h2>\n<p>CI E-postas\u0131: Russ.Jago@bristol.ac.uk<\/p>\n<p>Daha fazla bilgi almak veya bu projeye kat\u0131lmak i\u00e7in l\u00fctfen ileti\u015fime ge\u00e7in.\u00a0<a href=\"mailto:bnssg.research@nhs.net\">bnssg.research@nhs.net<\/a>.<\/p>\n<p>Burada ifade edilen g\u00f6r\u00fc\u015fler yazar(lar)a aittir ve NIHR veya Sa\u011fl\u0131k ve Sosyal Bak\u0131m Bakanl\u0131\u011f\u0131&#039;n\u0131n g\u00f6r\u00fc\u015flerini yans\u0131tmayabilir.<\/p>\n<p>Daha fazla bilgi i\u00e7in l\u00fctfen inceleyin. <a href=\"https:\/\/www.fundingawards.nihr.ac.uk\/award\/NIHR166142\" rel=\"noopener\">Burada.<\/a><\/p>\n  <\/div>\r\n  <\/section><\/div><!-- .assembler_text-module.assembler_module.assembler_text-module_1.assembler_module_1..transparent --><\/div><!-- .assembler_module_area.assembler_module_area_1 --><\/div><!-- .assembler_default-group.assembler_module_group.assembler_default-group_1.assembler_module_group_1  -->","protected":false},"excerpt":{"rendered":"<p>The aim of this project is to evaluate the impact of the Active Travel Town intervention, both intended and unintended consequences, using a mixture of quantitative survey data, qualitative interviews and complex systems mapping.<\/p>","protected":false},"author":16,"featured_media":0,"parent":32881,"menu_order":0,"comment_status":"closed","ping_status":"closed","template":"","meta":{"_acf_changed":false,"footnotes":""},"tags":[],"class_list":["post-43260","page","type-page","status-publish","hentry"],"acf":[],"_links":{"self":[{"href":"https:\/\/bnssghealthiertogether.org.uk\/tr\/wp-json\/wp\/v2\/pages\/43260","targetHints":{"allow":["GET"]}}],"collection":[{"href":"https:\/\/bnssghealthiertogether.org.uk\/tr\/wp-json\/wp\/v2\/pages"}],"about":[{"href":"https:\/\/bnssghealthiertogether.org.uk\/tr\/wp-json\/wp\/v2\/types\/page"}],"author":[{"embeddable":true,"href":"https:\/\/bnssghealthiertogether.org.uk\/tr\/wp-json\/wp\/v2\/users\/16"}],"replies":[{"embeddable":true,"href":"https:\/\/bnssghealthiertogether.org.uk\/tr\/wp-json\/wp\/v2\/comments?post=43260"}],"version-history":[{"count":2,"href":"https:\/\/bnssghealthiertogether.org.uk\/tr\/wp-json\/wp\/v2\/pages\/43260\/revisions"}],"predecessor-version":[{"id":43263,"href":"https:\/\/bnssghealthiertogether.org.uk\/tr\/wp-json\/wp\/v2\/pages\/43260\/revisions\/43263"}],"up":[{"embeddable":true,"href":"https:\/\/bnssghealthiertogether.org.uk\/tr\/wp-json\/wp\/v2\/pages\/32881"}],"wp:attachment":[{"href":"https:\/\/bnssghealthiertogether.org.uk\/tr\/wp-json\/wp\/v2\/media?parent=43260"}],"wp:term":[{"taxonomy":"post_tag","embeddable":true,"href":"https:\/\/bnssghealthiertogether.org.uk\/tr\/wp-json\/wp\/v2\/tags?post=43260"}],"curies":[{"name":"wp","href":"https:\/\/api.w.org\/{rel}","templated":true}]}}