{"id":43848,"date":"2025-11-03T11:37:06","date_gmt":"2025-11-03T11:37:06","guid":{"rendered":"https:\/\/bnssghealthiertogether.org.uk\/?page_id=43848"},"modified":"2026-01-23T16:46:46","modified_gmt":"2026-01-23T16:46:46","slug":"accessing-autism-and-adhd-assessments-via-right-to-choose","status":"publish","type":"page","link":"https:\/\/bnssghealthiertogether.org.uk\/tr\/accessing-autism-and-adhd-assessments-via-right-to-choose\/","title":{"rendered":"Right to Choose arac\u0131l\u0131\u011f\u0131yla otizm ve DEHB de\u011ferlendirmelerine eri\u015fim"},"content":{"rendered":"<div class=\"assembler_default-group assembler_module_group assembler_default-group_1 assembler_module_group_1\"><div class=\"assembler_module_area assembler_module_area_1\"><div class=\"assembler_text-module assembler_module assembler_text-module_1 assembler_module_1  transparent\"><a tabindex=\"-1\" title=\"Mod\u00fcl-1 ba\u015fl\u0131kl\u0131 b\u00f6l\u00fcm\" id=\"module-1\" href=\"https:\/\/bnssghealthiertogether.org.uk\/tr\/wp-json\/wp\/v2\/pages\/43848\/#module-1\" class=\"anchor\"><span class=\"hidden\">Mod\u00fcl-1 ba\u015fl\u0131kl\u0131 b\u00f6l\u00fcm<\/span><\/a><!-- Template found for text-module - Template: template-text - Matched: _only --><section class=\"w-full mx-auto max-w-content pt-12 sm:pt-24 pb-3 sm:pb-6\">\r\n  <div class=\"entry-content w-full !px-0 max-w-small\">\r\n        <h1><strong>Right to Choose arac\u0131l\u0131\u011f\u0131yla otizm ve DEHB de\u011ferlendirmelerine eri\u015fim<\/strong><\/h1>\n<p>\u0130ngiltere&#039;de ya\u015f\u0131yorsan\u0131z ve aile hekiminiz otizm veya DEHB de\u011ferlendirmesine ihtiyac\u0131n\u0131z oldu\u011funa karar verirse, NHS onayl\u0131 hangi sa\u011fl\u0131k kurulu\u015funa gitmek istedi\u011finizi se\u00e7me yasal hakk\u0131na sahipsiniz. Bu, Bristol, Kuzey Somerset ve G\u00fcney Gloucestershire b\u00f6lgesi d\u0131\u015f\u0131ndaki klinikleri ve NHS ile \u00e7al\u0131\u015fan baz\u0131 ba\u011f\u0131ms\u0131z sa\u011flay\u0131c\u0131lar\u0131 da i\u00e7erir.<\/p>\n<p>Se\u00e7me hakk\u0131n\u0131z hakk\u0131nda daha fazla bilgiyi ulusal web sitesinde bulabilirsiniz. <a href=\"https:\/\/www.nhs.uk\/using-the-nhs\/about-the-nhs\/your-choices-in-the-nhs\/\" rel=\"noopener\">NHS web sitesi<\/a>.<\/p>\n<h2><strong>Right to Choose arac\u0131l\u0131\u011f\u0131yla otizm veya DEHB de\u011ferlendirmesi nas\u0131l yapt\u0131rabilirim?<\/strong><\/h2>\n<p>Otizm veya DEHB&#039;niz olabilece\u011fini d\u00fc\u015f\u00fcn\u00fcyorsan\u0131z, aile hekiminizle g\u00f6r\u00fc\u015fmelisiniz. De\u011ferlendirme yap\u0131lmas\u0131 gerekti\u011fi konusunda hemfikir olurlarsa, istedi\u011finiz bir uzmana y\u00f6nlendirilmenizi isteyebilirsiniz. Aile hekiminiz karar verme s\u00fcrecinizde size destek olabilir ve hangi uzman\u0131 se\u00e7ece\u011finize karar vermenize yard\u0131mc\u0131 olabilir.<\/p>\n<h2><strong>Se\u00e7me Hakk\u0131 de\u011ferlendirmelerini kimler yap\u0131yor?<\/strong><\/h2>\n<p>\u0130ngiltere genelinde bir\u00e7ok klinik, Dikkat Eksikli\u011fi ve Hiperaktivite Bozuklu\u011fu (DEHB) ve otizm de\u011ferlendirmeleri i\u00e7in &quot;Se\u00e7me Hakk\u0131&quot; hizmeti sunmaktad\u0131r. Bu hizmeti sunabilmek i\u00e7in klinikler, \u0130ngiltere&#039;nin herhangi bir yerinde NHS&#039;ye (Ulusal Sa\u011fl\u0131k Sistemi) de ayn\u0131 hizmeti sunmal\u0131d\u0131r. Sadece \u00f6zel klinikler bu hizmetten yararlanamaz. Bir sa\u011flay\u0131c\u0131n\u0131n web sitesini kontrol etmek, ihtiyac\u0131n\u0131z olan hizmetleri sunup sunmad\u0131\u011f\u0131n\u0131 belirlemenin iyi bir yoludur.<\/p>\n<h2><strong>T\u00fcm klinikler ayn\u0131 hizmetleri mi sunuyor?<\/strong><\/h2>\n<p>&quot;Se\u00e7me Hakk\u0131&quot; de\u011ferlendirmesi sunan bir\u00e7ok klinik, DEHB veya otizmi te\u015fhis edebilir, ancak titrasyon (sizin i\u00e7in do\u011fru ila\u00e7 dozunu bulma s\u00fcreci) hizmeti vermeyebilir. Bu, semptomlar\u0131 y\u00f6netmek i\u00e7in ila\u00e7 gerekiyorsa, de\u011ferlendirmenizden sonra yerel bir NHS (Ulusal Sa\u011fl\u0131k Sistemi) sevkine ihtiyac\u0131n\u0131z olabilece\u011fi anlam\u0131na gelir. DEHB te\u015fhisi konulmas\u0131 durumunda ila\u00e7 tedavisinin sizin i\u00e7in bir se\u00e7enek olabilece\u011fini d\u00fc\u015f\u00fcn\u00fcyorsan\u0131z, bir sa\u011flay\u0131c\u0131 se\u00e7erken bunu aile hekiminizle g\u00f6r\u00fc\u015fmelisiniz.<\/p>\n<h2><strong>Right to Choose sa\u011flay\u0131c\u0131s\u0131yla de\u011ferlendirme g\u00f6r\u00fc\u015fmesi i\u00e7in ne kadar beklemem gerekecek?<\/strong><\/h2>\n<p>Hizmet sa\u011flay\u0131c\u0131lar bekleme s\u00fcrelerini web sitelerinde yay\u0131nl\u0131yor ve se\u00e7im yaparken bunlar\u0131 kar\u015f\u0131la\u015ft\u0131rabileceksiniz.<\/p>\n<p>B\u00f6lgemizde, Se\u00e7me Hakk\u0131 (Right To Choose) hizmetine y\u00f6nelik fonlamay\u0131 \u00f6nemli \u00f6l\u00e7\u00fcde art\u0131rd\u0131k ve Bristol, Kuzey Somerset ve G\u00fcney Gloucestershire (BNSSG) hastalar\u0131 i\u00e7in her y\u0131l ger\u00e7ekle\u015ftirdikleri otizm ve DEHB de\u011ferlendirmelerinin say\u0131s\u0131n\u0131 planlamak ve y\u00f6netmek i\u00e7in sa\u011flay\u0131c\u0131larla birlikte \u00e7al\u0131\u015f\u0131yoruz.<\/p>\n<p>Baz\u0131 durumlarda, bir sa\u011fl\u0131k hizmeti sa\u011flay\u0131c\u0131s\u0131n\u0131n BNSSG hastalar\u0131 i\u00e7in y\u0131l i\u00e7inde planlad\u0131\u011f\u0131 de\u011ferlendirme say\u0131s\u0131n\u0131 zaten tamamlam\u0131\u015f oldu\u011funu g\u00f6rebilirsiniz. Bu durumlarda, de\u011ferlendirmeniz hen\u00fcz ba\u015flamad\u0131ysa, farkl\u0131 bir sa\u011fl\u0131k hizmeti sa\u011flay\u0131c\u0131s\u0131na y\u00f6nlendirilmenizi isteyebilirsiniz.<\/p>\n<p>Tercih etti\u011finiz sa\u011fl\u0131k hizmeti sa\u011flay\u0131c\u0131s\u0131yla devam etmeyi se\u00e7erseniz, onlar\u0131n bekleme listesinde kal\u0131rs\u0131n\u0131z ve onlar\u0131n s\u00fcre\u00e7lerine g\u00f6re muayene edilirsiniz.<\/p>\n<h2><strong>De\u011ferlendirme talebinde bulunuyorsam veya de\u011ferlendirme sonucunu bekliyorsam ne t\u00fcr yard\u0131mlar alabilirim?<\/strong><\/h2>\n<p>Kendinizde veya \u00e7ocu\u011funuzda otizm veya DEHB olabilece\u011fini d\u00fc\u015f\u00fcn\u00fcyorsan\u0131z, yerel kurulu\u015flardan alabilece\u011finiz yard\u0131m ve tavsiyeleri ara\u015ft\u0131rman\u0131z\u0131 \u015fiddetle tavsiye ederiz.<\/p>\n<p>NHS (Ulusal Sa\u011fl\u0131k Sistemi), okullar, belediyeler ve hay\u0131r kurumlar\u0131, otizm veya DEHB tan\u0131s\u0131 konulmadan da eri\u015filebilen geni\u015f bir destek yelpazesi sunmaktad\u0131r.<\/p>\n<p>N\u00f6rodiverjan bireylerde ihtiya\u00e7lar\u0131n erken a\u015famada anla\u015f\u0131lmas\u0131 ve kar\u015f\u0131lanmas\u0131 \u00e7ok daha iyi sonu\u00e7larla ili\u015fkilidir; bu nedenle de\u011ferlendirme beklerken yard\u0131m aramay\u0131 ertelememelisiniz.<\/p>\n<p>Yerel n\u00f6rodiverjan \u00e7ocuklara, gen\u00e7lere ve yeti\u015fkinlere sunulan destek, tavsiye ve rehberlik hakk\u0131nda bilgi edinmek i\u00e7in \u015fu adresi ziyaret edebilirsiniz: <a href=\"https:\/\/bnssghealthiertogether.org.uk\/tr\/neurodiversity\/\"><strong>Birlikte Daha Sa\u011fl\u0131kl\u0131 N\u00f6ro\u00e7e\u015fitlilik Merkezi<\/strong><\/a>.<\/p>\n<p>&nbsp;<\/p>\n  <\/div>\r\n  <\/section><\/div><!-- .assembler_text-module.assembler_module.assembler_text-module_1.assembler_module_1..transparent --><\/div><!-- .assembler_module_area.assembler_module_area_1 --><\/div><!-- .assembler_default-group.assembler_module_group.assembler_default-group_1.assembler_module_group_1  -->","protected":false},"excerpt":{"rendered":"<p>\u0130ngiltere&#039;de ya\u015f\u0131yorsan\u0131z ve aile hekiminiz otizm veya DEHB de\u011ferlendirmesine ihtiyac\u0131n\u0131z oldu\u011funa karar verirse, NHS onayl\u0131 hangi sa\u011fl\u0131k kurulu\u015funa gitmek istedi\u011finizi se\u00e7me yasal hakk\u0131na sahipsiniz. Bu, Bristol, Kuzey Somerset ve G\u00fcney Gloucestershire b\u00f6lgesi d\u0131\u015f\u0131ndaki klinikleri ve NHS ile \u00e7al\u0131\u015fan baz\u0131 ba\u011f\u0131ms\u0131z sa\u011flay\u0131c\u0131lar\u0131 da i\u00e7erir.<\/p>","protected":false},"author":28,"featured_media":0,"parent":0,"menu_order":0,"comment_status":"closed","ping_status":"closed","template":"","meta":{"_acf_changed":false,"footnotes":""},"tags":[],"class_list":["post-43848","page","type-page","status-publish","hentry"],"acf":[],"_links":{"self":[{"href":"https:\/\/bnssghealthiertogether.org.uk\/tr\/wp-json\/wp\/v2\/pages\/43848","targetHints":{"allow":["GET"]}}],"collection":[{"href":"https:\/\/bnssghealthiertogether.org.uk\/tr\/wp-json\/wp\/v2\/pages"}],"about":[{"href":"https:\/\/bnssghealthiertogether.org.uk\/tr\/wp-json\/wp\/v2\/types\/page"}],"author":[{"embeddable":true,"href":"https:\/\/bnssghealthiertogether.org.uk\/tr\/wp-json\/wp\/v2\/users\/28"}],"replies":[{"embeddable":true,"href":"https:\/\/bnssghealthiertogether.org.uk\/tr\/wp-json\/wp\/v2\/comments?post=43848"}],"version-history":[{"count":16,"href":"https:\/\/bnssghealthiertogether.org.uk\/tr\/wp-json\/wp\/v2\/pages\/43848\/revisions"}],"predecessor-version":[{"id":46350,"href":"https:\/\/bnssghealthiertogether.org.uk\/tr\/wp-json\/wp\/v2\/pages\/43848\/revisions\/46350"}],"wp:attachment":[{"href":"https:\/\/bnssghealthiertogether.org.uk\/tr\/wp-json\/wp\/v2\/media?parent=43848"}],"wp:term":[{"taxonomy":"post_tag","embeddable":true,"href":"https:\/\/bnssghealthiertogether.org.uk\/tr\/wp-json\/wp\/v2\/tags?post=43848"}],"curies":[{"name":"wp","href":"https:\/\/api.w.org\/{rel}","templated":true}]}}