{"id":45955,"date":"2026-01-05T14:07:36","date_gmt":"2026-01-05T14:07:36","guid":{"rendered":"https:\/\/bnssghealthiertogether.org.uk\/?page_id=45955"},"modified":"2026-04-01T15:28:34","modified_gmt":"2026-04-01T14:28:34","slug":"live-researcher-in-residence-opportunities","status":"publish","type":"page","link":"https:\/\/bnssghealthiertogether.org.uk\/tr\/integrated-care-board\/research-and-evidence\/support-for-researchers\/research-capability-funding\/live-researcher-in-residence-opportunities\/","title":{"rendered":"Ara\u015ft\u0131rmac\u0131 Konuk Program\u0131 F\u0131rsatlar\u0131"},"content":{"rendered":"<div class=\"assembler_default-group assembler_module_group assembler_default-group_1 assembler_module_group_1\"><div class=\"assembler_module_area assembler_module_area_1\"><div class=\"assembler_text-module assembler_module assembler_text-module_1 assembler_module_1  transparent\"><a tabindex=\"-1\" title=\"Mod\u00fcl-1 ba\u015fl\u0131kl\u0131 b\u00f6l\u00fcm\" id=\"module-1\" href=\"https:\/\/bnssghealthiertogether.org.uk\/tr\/wp-json\/wp\/v2\/pages\/45955\/#module-1\" class=\"anchor\"><span class=\"hidden\">Mod\u00fcl-1 ba\u015fl\u0131kl\u0131 b\u00f6l\u00fcm<\/span><\/a><!-- Template found for text-module - Template: template-text - Matched: _only --><section class=\"w-full mx-auto max-w-content pt-12 sm:pt-24 pb-12 sm:pb-24\">\r\n  <div class=\"entry-content w-full !px-0 max-w-small\">\r\n        <h1>Ara\u015ft\u0131rmac\u0131 Konuk Program\u0131 F\u0131rsatlar\u0131<\/h1>\n<p>&nbsp;<\/p>\n<p>A\u015fa\u011f\u0131da, Ara\u015ft\u0131rmac\u0131-Yerle\u015fik Program\u0131 kapsam\u0131nda sunulan f\u0131rsatlar yer almaktad\u0131r. Mevcut f\u0131rsatlar hakk\u0131nda daha fazla bilgi i\u00e7in l\u00fctfen Bristol, Kuzey Somerset ve G\u00fcney Gloucestershire Entegre Bak\u0131m Kurulu Ara\u015ft\u0131rma Ekibi ile ileti\u015fime ge\u00e7in: <a href=\"mailto:bnssg.research@nhs.net\">bnssg.research@nhs.net<\/a>.<\/p>\n<p><strong>There are currently no opportunities available. Please check back later.\u00a0<\/strong><\/p>\n  <\/div>\r\n  <\/section><\/div><!-- .assembler_text-module.assembler_module.assembler_text-module_1.assembler_module_1..transparent --><\/div><!-- .assembler_module_area.assembler_module_area_1 --><\/div><!-- .assembler_default-group.assembler_module_group.assembler_default-group_1.assembler_module_group_1  -->","protected":false},"excerpt":{"rendered":"<p>A\u015fa\u011f\u0131da, Ara\u015ft\u0131rmac\u0131-Yerle\u015fik Program\u0131 kapsam\u0131nda sunulan f\u0131rsatlar yer almaktad\u0131r. Mevcut f\u0131rsatlar hakk\u0131nda daha fazla bilgi i\u00e7in l\u00fctfen Bristol, North Somerset ve South Gloucestershire Entegre Bak\u0131m Kurulu Ara\u015ft\u0131rma Ekibi ile bnssg.research@nhs.net adresinden ileti\u015fime ge\u00e7in.<\/p>","protected":false},"author":16,"featured_media":0,"parent":32923,"menu_order":0,"comment_status":"closed","ping_status":"closed","template":"","meta":{"_acf_changed":false,"footnotes":""},"tags":[],"class_list":["post-45955","page","type-page","status-publish","hentry"],"acf":[],"_links":{"self":[{"href":"https:\/\/bnssghealthiertogether.org.uk\/tr\/wp-json\/wp\/v2\/pages\/45955","targetHints":{"allow":["GET"]}}],"collection":[{"href":"https:\/\/bnssghealthiertogether.org.uk\/tr\/wp-json\/wp\/v2\/pages"}],"about":[{"href":"https:\/\/bnssghealthiertogether.org.uk\/tr\/wp-json\/wp\/v2\/types\/page"}],"author":[{"embeddable":true,"href":"https:\/\/bnssghealthiertogether.org.uk\/tr\/wp-json\/wp\/v2\/users\/16"}],"replies":[{"embeddable":true,"href":"https:\/\/bnssghealthiertogether.org.uk\/tr\/wp-json\/wp\/v2\/comments?post=45955"}],"version-history":[{"count":26,"href":"https:\/\/bnssghealthiertogether.org.uk\/tr\/wp-json\/wp\/v2\/pages\/45955\/revisions"}],"predecessor-version":[{"id":47623,"href":"https:\/\/bnssghealthiertogether.org.uk\/tr\/wp-json\/wp\/v2\/pages\/45955\/revisions\/47623"}],"up":[{"embeddable":true,"href":"https:\/\/bnssghealthiertogether.org.uk\/tr\/wp-json\/wp\/v2\/pages\/32923"}],"wp:attachment":[{"href":"https:\/\/bnssghealthiertogether.org.uk\/tr\/wp-json\/wp\/v2\/media?parent=45955"}],"wp:term":[{"taxonomy":"post_tag","embeddable":true,"href":"https:\/\/bnssghealthiertogether.org.uk\/tr\/wp-json\/wp\/v2\/tags?post=45955"}],"curies":[{"name":"wp","href":"https:\/\/api.w.org\/{rel}","templated":true}]}}