{"id":46895,"date":"2026-02-18T13:49:58","date_gmt":"2026-02-18T13:49:58","guid":{"rendered":"https:\/\/bnssghealthiertogether.org.uk\/?page_id=46895"},"modified":"2026-02-18T13:49:58","modified_gmt":"2026-02-18T13:49:58","slug":"racial-inequalities-in-mental-health","status":"publish","type":"page","link":"https:\/\/bnssghealthiertogether.org.uk\/tr\/integrated-care-board\/research-and-evidence\/our-research-portfolio\/type-1-rcf-funded-projects\/racial-inequalities-in-mental-health\/","title":{"rendered":"Ruh sa\u011fl\u0131\u011f\u0131nda \u0131rksal e\u015fitsizlikler"},"content":{"rendered":"<div class=\"assembler_default-group assembler_module_group assembler_default-group_1 assembler_module_group_1\"><div class=\"assembler_module_area assembler_module_area_1\"><div class=\"assembler_text-module assembler_module assembler_text-module_1 assembler_module_1  transparent\"><a tabindex=\"-1\" title=\"Mod\u00fcl-1 ba\u015fl\u0131kl\u0131 b\u00f6l\u00fcm\" id=\"module-1\" href=\"https:\/\/bnssghealthiertogether.org.uk\/tr\/wp-json\/wp\/v2\/pages\/46895\/#module-1\" class=\"anchor\"><span class=\"hidden\">Mod\u00fcl-1 ba\u015fl\u0131kl\u0131 b\u00f6l\u00fcm<\/span><\/a><!-- Template found for text-module - Template: template-text - Matched: _only --><section class=\"w-full mx-auto max-w-content pt-12 sm:pt-24 pb-12 sm:pb-24\">\r\n  <div class=\"entry-content w-full !px-0 max-w-small\">\r\n        <h1>Ruh sa\u011fl\u0131\u011f\u0131nda \u0131rksal e\u015fitsizlikler<\/h1>\n<p>Bu Ara\u015ft\u0131rma Fonu, ruh sa\u011fl\u0131\u011f\u0131 hizmetlerinde \u0131rksal e\u015fitsizlikleri ele alan bir ara\u015ft\u0131rma sorusu geli\u015ftirmek i\u00e7in hastalar, topluluklar ve di\u011fer payda\u015flarla birlikte \u00e7al\u0131\u015fmak amac\u0131yla kullan\u0131lacakt\u0131r. Ekip yakla\u015f\u0131m\u0131, g\u00fcven olu\u015fturmaya, ortakl\u0131k i\u00e7inde \u00e7al\u0131\u015fmaya ve topluluklar\u0131 g\u00fc\u00e7lendirmeye odaklanacak, b\u00f6ylece ara\u015ft\u0131rma onlar\u0131n \u00f6nceliklerini ve deneyimlerini yans\u0131tacakt\u0131r.<\/p>\n<h2>Finansman<\/h2>\n<p>NHS Bristol, North Somerset ve South Gloucestershire ICB Ara\u015ft\u0131rma Kapasitesi Fonu.<\/p>\n<h2>Ara\u015ft\u0131rmay\u0131 kim y\u00fcr\u00fct\u00fcyor?<\/h2>\n<p>Bu ara\u015ft\u0131rma, Bristol&#039;deki Bat\u0131 \u0130ngiltere \u00dcniversitesi&#039;nden Dr. Chizoba Esio-Bassey taraf\u0131ndan y\u00fcr\u00fct\u00fclmektedir.<\/p>\n<h2>Daha fazla bilgi<\/h2>\n<p>Daha fazla bilgi almak veya bu projeye dahil olmak i\u00e7in l\u00fctfen e-posta g\u00f6nderin.\u00a0<a href=\"mailto:bnssg.research@nhs.net\"><strong>bnssg.research@nhs.net<\/strong><\/a>.<\/p>\n  <\/div>\r\n  <\/section><\/div><!-- .assembler_text-module.assembler_module.assembler_text-module_1.assembler_module_1..transparent --><\/div><!-- .assembler_module_area.assembler_module_area_1 --><\/div><!-- .assembler_default-group.assembler_module_group.assembler_default-group_1.assembler_module_group_1  -->","protected":false},"excerpt":{"rendered":"<p>Bu ara\u015ft\u0131rma fonu, ruh sa\u011fl\u0131\u011f\u0131 hizmetlerinde \u0131rksal e\u015fitsizlikleri ele alan bir ara\u015ft\u0131rma sorusu geli\u015ftirmek i\u00e7in hastalar, topluluklar ve di\u011fer payda\u015flarla birlikte \u00e7al\u0131\u015fmak amac\u0131yla kullan\u0131lacakt\u0131r.<\/p>","protected":false},"author":16,"featured_media":0,"parent":32894,"menu_order":0,"comment_status":"closed","ping_status":"closed","template":"","meta":{"_acf_changed":false,"footnotes":""},"tags":[],"class_list":["post-46895","page","type-page","status-publish","hentry"],"acf":[],"_links":{"self":[{"href":"https:\/\/bnssghealthiertogether.org.uk\/tr\/wp-json\/wp\/v2\/pages\/46895","targetHints":{"allow":["GET"]}}],"collection":[{"href":"https:\/\/bnssghealthiertogether.org.uk\/tr\/wp-json\/wp\/v2\/pages"}],"about":[{"href":"https:\/\/bnssghealthiertogether.org.uk\/tr\/wp-json\/wp\/v2\/types\/page"}],"author":[{"embeddable":true,"href":"https:\/\/bnssghealthiertogether.org.uk\/tr\/wp-json\/wp\/v2\/users\/16"}],"replies":[{"embeddable":true,"href":"https:\/\/bnssghealthiertogether.org.uk\/tr\/wp-json\/wp\/v2\/comments?post=46895"}],"version-history":[{"count":2,"href":"https:\/\/bnssghealthiertogether.org.uk\/tr\/wp-json\/wp\/v2\/pages\/46895\/revisions"}],"predecessor-version":[{"id":46897,"href":"https:\/\/bnssghealthiertogether.org.uk\/tr\/wp-json\/wp\/v2\/pages\/46895\/revisions\/46897"}],"up":[{"embeddable":true,"href":"https:\/\/bnssghealthiertogether.org.uk\/tr\/wp-json\/wp\/v2\/pages\/32894"}],"wp:attachment":[{"href":"https:\/\/bnssghealthiertogether.org.uk\/tr\/wp-json\/wp\/v2\/media?parent=46895"}],"wp:term":[{"taxonomy":"post_tag","embeddable":true,"href":"https:\/\/bnssghealthiertogether.org.uk\/tr\/wp-json\/wp\/v2\/tags?post=46895"}],"curies":[{"name":"wp","href":"https:\/\/api.w.org\/{rel}","templated":true}]}}