{"id":46901,"date":"2026-02-18T14:03:30","date_gmt":"2026-02-18T14:03:30","guid":{"rendered":"https:\/\/bnssghealthiertogether.org.uk\/?page_id=46901"},"modified":"2026-02-18T14:03:30","modified_gmt":"2026-02-18T14:03:30","slug":"healthcare-professionals-active-engagement-in-promoting-lifestyle-management","status":"publish","type":"page","link":"https:\/\/bnssghealthiertogether.org.uk\/tr\/integrated-care-board\/research-and-evidence\/our-research-portfolio\/type-1-rcf-funded-projects\/healthcare-professionals-active-engagement-in-promoting-lifestyle-management\/","title":{"rendered":"Sa\u011fl\u0131k profesyonellerinin ya\u015fam tarz\u0131 y\u00f6netimini te\u015fvik etmede aktif rol\u00fc"},"content":{"rendered":"<div class=\"assembler_default-group assembler_module_group assembler_default-group_1 assembler_module_group_1\"><div class=\"assembler_module_area assembler_module_area_1\"><div class=\"assembler_text-module assembler_module assembler_text-module_1 assembler_module_1  transparent\"><a tabindex=\"-1\" title=\"Mod\u00fcl-1 ba\u015fl\u0131kl\u0131 b\u00f6l\u00fcm\" id=\"module-1\" href=\"https:\/\/bnssghealthiertogether.org.uk\/tr\/wp-json\/wp\/v2\/pages\/46901\/#module-1\" class=\"anchor\"><span class=\"hidden\">Mod\u00fcl-1 ba\u015fl\u0131kl\u0131 b\u00f6l\u00fcm<\/span><\/a><!-- Template found for text-module - Template: template-text - Matched: _only --><section class=\"w-full mx-auto max-w-content pt-12 sm:pt-24 pb-12 sm:pb-24\">\r\n  <div class=\"entry-content w-full !px-0 max-w-small\">\r\n        <h1>Sa\u011fl\u0131k profesyonellerinin ya\u015fam tarz\u0131 y\u00f6netimini te\u015fvik etmede aktif rol\u00fc<\/h1>\n<p>Dr. Rebekah Stone, sa\u011fl\u0131k \u00e7al\u0131\u015fanlar\u0131n\u0131n beslenme gibi ya\u015fam tarz\u0131 y\u00f6netimini te\u015fvik etmede aktif rol almalar\u0131n\u0131n, dezavantajl\u0131 topluluklarda sa\u011fl\u0131k sonu\u00e7lar\u0131n\u0131 olumlu y\u00f6nde etkileyip etkilemeyece\u011fini ara\u015ft\u0131rmakla ilgilenmektedir. Bu topluluklar hem ara\u015ft\u0131rmalarda hem de sa\u011fl\u0131k hizmeti giri\u015fimlerinde s\u0131kl\u0131kla g\u00f6z ard\u0131 edilmektedir, ancak yetersiz beslenmeyle ba\u011flant\u0131l\u0131 olanlar da dahil olmak \u00fczere ya\u015fam tarz\u0131yla ilgili hastal\u0131klar\u0131n y\u00fck\u00fcn\u00fc en \u00e7ok \u00e7eken kesimdirler.<\/p>\n<h2>Finansman<\/h2>\n<p>NHS Bristol, North Somerset ve South Gloucestershire ICB Ara\u015ft\u0131rma Kapasitesi Fonu.<\/p>\n<h2>Ara\u015ft\u0131rmay\u0131 kim y\u00fcr\u00fct\u00fcyor?<\/h2>\n<p>Bu ara\u015ft\u0131rma, Downton Road Surgery&#039;de g\u00f6rev yapan pratisyen hekim Dr. Rebekah Stone taraf\u0131ndan y\u00fcr\u00fct\u00fclmektedir.<\/p>\n<h2>Daha fazla bilgi<\/h2>\n<p>Daha fazla bilgi almak veya bu projeye dahil olmak i\u00e7in l\u00fctfen e-posta g\u00f6nderin.\u00a0<a href=\"mailto:bnssg.research@nhs.net\"><strong>bnssg.research@nhs.net<\/strong><\/a>.<\/p>\n  <\/div>\r\n  <\/section><\/div><!-- .assembler_text-module.assembler_module.assembler_text-module_1.assembler_module_1..transparent --><\/div><!-- .assembler_module_area.assembler_module_area_1 --><\/div><!-- .assembler_default-group.assembler_module_group.assembler_default-group_1.assembler_module_group_1  -->","protected":false},"excerpt":{"rendered":"<p>Dr Rebekah Stone is interested in exploring whether healthcare professionals\u2019 active engagement in promoting lifestyle management such as nutrition can positively influence health outcomes in underserved populations.<\/p>","protected":false},"author":16,"featured_media":0,"parent":32894,"menu_order":0,"comment_status":"closed","ping_status":"closed","template":"","meta":{"_acf_changed":false,"footnotes":""},"tags":[],"class_list":["post-46901","page","type-page","status-publish","hentry"],"acf":[],"_links":{"self":[{"href":"https:\/\/bnssghealthiertogether.org.uk\/tr\/wp-json\/wp\/v2\/pages\/46901","targetHints":{"allow":["GET"]}}],"collection":[{"href":"https:\/\/bnssghealthiertogether.org.uk\/tr\/wp-json\/wp\/v2\/pages"}],"about":[{"href":"https:\/\/bnssghealthiertogether.org.uk\/tr\/wp-json\/wp\/v2\/types\/page"}],"author":[{"embeddable":true,"href":"https:\/\/bnssghealthiertogether.org.uk\/tr\/wp-json\/wp\/v2\/users\/16"}],"replies":[{"embeddable":true,"href":"https:\/\/bnssghealthiertogether.org.uk\/tr\/wp-json\/wp\/v2\/comments?post=46901"}],"version-history":[{"count":2,"href":"https:\/\/bnssghealthiertogether.org.uk\/tr\/wp-json\/wp\/v2\/pages\/46901\/revisions"}],"predecessor-version":[{"id":46904,"href":"https:\/\/bnssghealthiertogether.org.uk\/tr\/wp-json\/wp\/v2\/pages\/46901\/revisions\/46904"}],"up":[{"embeddable":true,"href":"https:\/\/bnssghealthiertogether.org.uk\/tr\/wp-json\/wp\/v2\/pages\/32894"}],"wp:attachment":[{"href":"https:\/\/bnssghealthiertogether.org.uk\/tr\/wp-json\/wp\/v2\/media?parent=46901"}],"wp:term":[{"taxonomy":"post_tag","embeddable":true,"href":"https:\/\/bnssghealthiertogether.org.uk\/tr\/wp-json\/wp\/v2\/tags?post=46901"}],"curies":[{"name":"wp","href":"https:\/\/api.w.org\/{rel}","templated":true}]}}