{"id":47003,"date":"2026-03-09T12:30:02","date_gmt":"2026-03-09T12:30:02","guid":{"rendered":"https:\/\/bnssghealthiertogether.org.uk\/?page_id=47003"},"modified":"2026-04-30T14:41:56","modified_gmt":"2026-04-30T13:41:56","slug":"cancer-support","status":"publish","type":"page","link":"https:\/\/bnssghealthiertogether.org.uk\/tr\/your-health\/cancer-support\/","title":{"rendered":"Kanser deste\u011fi"},"content":{"rendered":"<div class=\"assembler_default-group assembler_module_group assembler_default-group_1 assembler_module_group_1\"><div class=\"assembler_module_area assembler_module_area_1\"><div class=\"assembler_text-module assembler_module assembler_text-module_1 assembler_module_1  transparent\"><a tabindex=\"-1\" title=\"Mod\u00fcl-1 ba\u015fl\u0131kl\u0131 b\u00f6l\u00fcm\" id=\"module-1\" href=\"https:\/\/bnssghealthiertogether.org.uk\/tr\/wp-json\/wp\/v2\/pages\/47003\/#module-1\" class=\"anchor\"><span class=\"hidden\">Mod\u00fcl-1 ba\u015fl\u0131kl\u0131 b\u00f6l\u00fcm<\/span><\/a><!-- Template found for text-module - Template: template-text - Matched: _only --><section class=\"w-full mx-auto max-w-content pt-12 sm:pt-24 pb-3 sm:pb-6\">\r\n  <div class=\"entry-content w-full !px-0 max-w-small\">\r\n        <h1>Kanser deste\u011fi<\/h1>\n<p>Bu web sayfas\u0131, Bristol, Kuzey Somerset ve G\u00fcney Gloucestershire&#039;da kanser hastalar\u0131na destek olmak i\u00e7in bilgi ve kaynaklar sunmaktad\u0131r.<\/p>\n<p>Bristol, Kuzey Somerset ve G\u00fcney Gloucestershire&#039;da ya\u015fayan insanlar\u0131n refah\u0131n\u0131 art\u0131rmak, kanser riskini azaltmak, erken te\u015fhisi iyile\u015ftirmek ve hastal\u0131ktan etkilenen ki\u015filerin bu etkilerle ya\u015famalar\u0131na destek olmak i\u00e7in sa\u011fl\u0131k ve bak\u0131m ortaklar\u0131yla birlikte \u00e7al\u0131\u015f\u0131yoruz.<\/p>\n  <\/div>\r\n  <\/section><\/div><!-- .assembler_text-module.assembler_module.assembler_text-module_1.assembler_module_1..transparent --><div class=\"assembler_text-module assembler_module assembler_text-module_2 assembler_module_2  transparent\"><a tabindex=\"-1\" title=\"Mod\u00fcl-2 ba\u015fl\u0131kl\u0131 b\u00f6l\u00fcm\" id=\"module-2\" href=\"https:\/\/bnssghealthiertogether.org.uk\/tr\/wp-json\/wp\/v2\/pages\/47003\/#module-2\" class=\"anchor\"><span class=\"hidden\">Mod\u00fcl-2 ba\u015fl\u0131kl\u0131 b\u00f6l\u00fcm<\/span><\/a><!-- Template found for text-module - Template: template-text - Matched: _only --><section class=\"w-full mx-auto max-w-content pt-3 sm:pt-6 pb-3 sm:pb-6\">\r\n  <div class=\"entry-content w-full !px-0 max-w-small\">\r\n        <h2>E\u011fer kanser konusunda endi\u015feleniyorsan\u0131z<\/h2>\n<p>E\u011fer v\u00fccudunuzda a\u00e7\u0131klanamayan de\u011fi\u015fikliklerden endi\u015fe duyuyorsan\u0131z, \u00f6rne\u011fin aniden ortaya \u00e7\u0131kan bir kitle, idrar\u0131n\u0131zda kan veya normal ba\u011f\u0131rsak al\u0131\u015fkanl\u0131klar\u0131n\u0131zda bir de\u011fi\u015fiklik gibi, en k\u0131sa s\u00fcrede aile hekiminize ba\u015fvurmal\u0131s\u0131n\u0131z.<\/p>\n<p>Belirtileriniz kanser de dahil olmak \u00fczere bir\u00e7ok farkl\u0131 durumdan kaynaklanabilir, bu nedenle en k\u0131sa s\u00fcrede muayene olman\u0131z \u00f6nemlidir. Kanser ne kadar erken te\u015fhis edilirse, ba\u015far\u0131l\u0131 tedavi \u015fans\u0131 o kadar y\u00fcksek olur.<\/p>\n<p>Belirtiler genellikle di\u011fer nispeten hafif hastal\u0131klar nedeniyle ortaya \u00e7\u0131kabilir, ancak yine de kontrol ettirmek ve i\u00e7inizin rahat etmesini sa\u011flamak \u00e7ok \u00f6nemlidir.<\/p>\n<p>Size \u015fu \u015fekilde at\u0131fta bulunulabilir: <a href=\"https:\/\/www.uhbw.nhs.uk\/\" rel=\"noopener\">University Hospitals Bristol and Weston NHS Foundation Trust<\/a> veya <a href=\"https:\/\/www.nbt.nhs.uk\/our-services\/a-z-services\/cancer-care\" target=\"_blank\" rel=\"noopener\">Kuzey Bristol NHS Vakf\u0131<\/a> Size gerekli testleri yapt\u0131rd\u0131\u011f\u0131n\u0131zdan emin olacak ve bak\u0131m ve tedavi se\u00e7eneklerini sizinle g\u00f6r\u00fc\u015fecek ki\u015fiye ne denir? Buna &quot;uzman&quot; denir. <a href=\"https:\/\/bnssghealthiertogether.org.uk\/tr\/fast-track-referral\/\">Acil Kanser \u015e\u00fcphesi Sevk<\/a>. \u015eunu bilmek \u00f6nemlidir ki, bu yolla y\u00f6nlendirilen ki\u015filerin \u00e7o\u011fu kanser hastas\u0131 de\u011fildir.<\/p>\n<p>H\u0131zl\u0131 y\u00f6nlendirmeler hakk\u0131nda daha fazla bilgiyi \u015fu adreste bulabilirsiniz: <a href=\"https:\/\/www.nbt.nhs.uk\/our-services\/a-z-services\/cancer-services\/cancer-services-patient-information\/i-have-been-referred-possible-cancer-what-happens-now\/fast-track-referrals-cancer-information-video\" target=\"_blank\" rel=\"noopener\">Kuzey Bristol NHS Trust web sitesi<\/a>.<\/p>\n<p>Konu\u015facak birine ihtiyac\u0131n\u0131z varsa, <a href=\"https:\/\/www.macmillan.org.uk\/cancer-information-and-support\/get-help\/macmillan-support-line\" rel=\"noopener\">Macmillan Kanser Destek Kurulu\u015fu&#039;nun \u00fccretsiz bir yard\u0131m hatt\u0131 bulunmaktad\u0131r.<\/a> Her g\u00fcn sabah 8&#039;den ak\u015fam 8&#039;e kadar a\u00e7\u0131k. 0808 808 00 00 numaral\u0131 telefonu aray\u0131n.<\/p>\n  <\/div>\r\n  <\/section><\/div><!-- .assembler_text-module.assembler_module.assembler_text-module_2.assembler_module_2..transparent --><div class=\"assembler_text-module assembler_module assembler_text-module_3 assembler_module_3  transparent\"><a tabindex=\"-1\" title=\"Mod\u00fcl-3 ba\u015fl\u0131kl\u0131 b\u00f6l\u00fcm\" id=\"module-3\" href=\"https:\/\/bnssghealthiertogether.org.uk\/tr\/wp-json\/wp\/v2\/pages\/47003\/#module-3\" class=\"anchor\"><span class=\"hidden\">Mod\u00fcl-3 ba\u015fl\u0131kl\u0131 b\u00f6l\u00fcm<\/span><\/a><!-- Template found for text-module - Template: template-text - Matched: _only --><section class=\"w-full mx-auto max-w-content pt-3 sm:pt-6 pb-12 sm:pb-24\">\r\n  <div class=\"entry-content w-full !px-0 max-w-small\">\r\n        <h2>Kanser ve hizmetler hakk\u0131nda bilgi<\/h2>\n<ul>\n<li><a href=\"https:\/\/www.macmillan.org.uk\/cancer-information-and-support\/worried-about-cancer\/signs-and-symptoms-of-cancer\" rel=\"noopener\">Kanser belirtileri ve semptomlar\u0131 \u2013 MacMillan Kanser Destek Merkezi<\/a><\/li>\n<li><a href=\"https:\/\/www.cancerresearchuk.org\/our-research\/our-research-by-cancer-topic\/our-research-into-early-diagnosis\/early-diagnosis\" rel=\"noopener\">Tarama ve erken te\u015fhis \u2013 \u0130ngiltere Kanser Ara\u015ft\u0131rma Kurumu<\/a><\/li>\n<li><a href=\"https:\/\/swagcanceralliance.nhs.uk\/workforce-wellbeing-learning-and-development\/reasonable-adjustments-in-cancer-care\/\" rel=\"noopener\">Kanser bak\u0131m\u0131nda makul d\u00fczenlemeler \u2013 NHS Somerset, Wiltshire, Avon ve Gloucestershire Kanser \u0130ttifak\u0131<\/a><\/li>\n<\/ul>\n<h3>Yerel kanser deste\u011fi<\/h3>\n<p>Bu <a href=\"https:\/\/www.cancercaremap.org\/\" target=\"_blank\" rel=\"noopener\">Kanser Bak\u0131m Haritas\u0131<\/a> Bu, kanserle ya\u015fayan insanlara yard\u0131mc\u0131 olmak i\u00e7in sunulan destek hizmetlerine, aktivitelere ve terapilere kolay eri\u015fim sa\u011flayan bir rehberdir.<\/p>\n<p><a href=\"https:\/\/pennybrohn.org.uk\/\" target=\"_blank\" rel=\"noopener\">Penny Brohn Birle\u015fik Krall\u0131k<\/a>, Bristol merkezli bir hay\u0131r kurulu\u015fu olan , insanlara ki\u015fiye \u00f6zel kanser bak\u0131m\u0131 se\u00e7enekleri sunarak destek veriyor.<\/p>\n<p>Bulabilirsiniz <a href=\"https:\/\/www.nbt.nhs.uk\/our-services\/a-z-services\/ngs-macmillan-wellbeing-centre\" target=\"_blank\" rel=\"noopener\">Macmillan Sa\u011fl\u0131k Merkezi<\/a> Southmead Hastanesi&#039;nde kanser, finans ve sosyal yard\u0131mlar ile di\u011fer destekler hakk\u0131nda bilgi verilmektedir. Ayr\u0131ca bir <a href=\"https:\/\/www.waht.nhs.uk\/en-GB\/Our-Services1\/Departments\/Cancer-Services\/Macmillan-Cancer-Information-and-Support-Centre\/\" target=\"_blank\" rel=\"noopener\">Macmillan Kanser Bilgilendirme ve Destek Merkezi<\/a> Weston Genel Hastanesi&#039;nde ve orada <a href=\"https:\/\/www.uhbristol.nhs.uk\/patients-and-visitors\/your-hospitals\/bhoc\/information-and-support\/\" target=\"_blank\" rel=\"noopener\">Bristol Kraliyet Hastanesi<\/a>.<\/p>\n<p><a href=\"https:\/\/www.caafihealth.org.uk\/meet-the-champions\" target=\"_blank\" rel=\"noopener\">Caafi Sa\u011fl\u0131k<\/a> Kanser konusunda fark\u0131ndal\u0131k yaratmak ve kanserle ilgili konu\u015fmalar\u0131 normalle\u015ftirmek i\u00e7in kanser savunucular\u0131 sunuyor.<\/p>\n<p><a href=\"https:\/\/www.bristolcab.org.uk\/get-advice\/macmillan-cancer-support\/\" target=\"_blank\" rel=\"noopener\">Bristol Vatanda\u015f Dan\u0131\u015fma B\u00fcrosu<\/a> Kanserden etkilenen ki\u015filere destek olmak amac\u0131yla \u00f6zel sosyal yard\u0131m dan\u0131\u015fmanl\u0131\u011f\u0131 hizmeti sunabiliyoruz.<\/p>\n<p>Yeti\u015fkinlere y\u00f6nelik palyatif bak\u0131m deste\u011fi ve bilgileri \u015fu yollarla sa\u011flanmaktad\u0131r: <a href=\"https:\/\/www.stpetershospice.org\/\" target=\"_blank\" rel=\"noopener\">Aziz Petrus Bak\u0131mevi<\/a>, Bristol, Kuzey Somerset ve G\u00fcney Gloucestershire&#039;da 40 y\u0131l\u0131 a\u015fk\u0131n s\u00fcredir insanlara bak\u0131m hizmeti sunan yerel bir hay\u0131r kurumu.<\/p>\n<p>S\u0131\u011f\u0131nmac\u0131lar ve m\u00fclteciler ziyaret edebilirler. <a href=\"https:\/\/sirona-cic.org.uk\/nhsservices\/services\/the-haven\/\" target=\"_blank\" rel=\"noopener\">S\u0131\u011f\u0131nak<\/a> Bristol&#039;da bulunan ve Sirona Care &amp; Health taraf\u0131ndan desteklenen bu hizmet, temel sa\u011fl\u0131k hizmetleri ve di\u011fer sa\u011fl\u0131k hizmetlerine eri\u015fim konusunda bilgi sunmaktad\u0131r.<\/p>\n<p><a href=\"https:\/\/nilaari.co.uk\/\" target=\"_blank\" rel=\"noopener\">Nilaari<\/a> Siyahilerin \u00f6nc\u00fcl\u00fc\u011f\u00fcnde kurulan bu hay\u0131r kurulu\u015fu, farkl\u0131 k\u00fclt\u00fcrlere ve ihtiya\u00e7lara uygun olarak tasarlanm\u0131\u015f konu\u015fma terapileriyle insanlar\u0131 destekliyor.<\/p>\n  <\/div>\r\n  <\/section><\/div><!-- .assembler_text-module.assembler_module.assembler_text-module_3.assembler_module_3..transparent --><\/div><!-- .assembler_module_area.assembler_module_area_1 --><\/div><!-- .assembler_default-group.assembler_module_group.assembler_default-group_1.assembler_module_group_1  -->","protected":false},"excerpt":{"rendered":"<p>Bu web sayfas\u0131, Bristol, Kuzey Somerset ve G\u00fcney Gloucestershire&#039;da kanser hastalar\u0131na destek olmak i\u00e7in bilgi ve kaynaklar sunmaktad\u0131r.<\/p>","protected":false},"author":16,"featured_media":0,"parent":170,"menu_order":0,"comment_status":"closed","ping_status":"closed","template":"","meta":{"_acf_changed":false,"footnotes":""},"tags":[1181,1028,1182],"class_list":["post-47003","page","type-page","status-publish","hentry","tag-cancer-services","tag-cancer-support","tag-nhs-cancer-care"],"acf":[],"_links":{"self":[{"href":"https:\/\/bnssghealthiertogether.org.uk\/tr\/wp-json\/wp\/v2\/pages\/47003","targetHints":{"allow":["GET"]}}],"collection":[{"href":"https:\/\/bnssghealthiertogether.org.uk\/tr\/wp-json\/wp\/v2\/pages"}],"about":[{"href":"https:\/\/bnssghealthiertogether.org.uk\/tr\/wp-json\/wp\/v2\/types\/page"}],"author":[{"embeddable":true,"href":"https:\/\/bnssghealthiertogether.org.uk\/tr\/wp-json\/wp\/v2\/users\/16"}],"replies":[{"embeddable":true,"href":"https:\/\/bnssghealthiertogether.org.uk\/tr\/wp-json\/wp\/v2\/comments?post=47003"}],"version-history":[{"count":16,"href":"https:\/\/bnssghealthiertogether.org.uk\/tr\/wp-json\/wp\/v2\/pages\/47003\/revisions"}],"predecessor-version":[{"id":47364,"href":"https:\/\/bnssghealthiertogether.org.uk\/tr\/wp-json\/wp\/v2\/pages\/47003\/revisions\/47364"}],"up":[{"embeddable":true,"href":"https:\/\/bnssghealthiertogether.org.uk\/tr\/wp-json\/wp\/v2\/pages\/170"}],"wp:attachment":[{"href":"https:\/\/bnssghealthiertogether.org.uk\/tr\/wp-json\/wp\/v2\/media?parent=47003"}],"wp:term":[{"taxonomy":"post_tag","embeddable":true,"href":"https:\/\/bnssghealthiertogether.org.uk\/tr\/wp-json\/wp\/v2\/tags?post=47003"}],"curies":[{"name":"wp","href":"https:\/\/api.w.org\/{rel}","templated":true}]}}