{"id":47288,"date":"2026-03-16T14:31:49","date_gmt":"2026-03-16T14:31:49","guid":{"rendered":"https:\/\/bnssghealthiertogether.org.uk\/?page_id=47288"},"modified":"2026-03-16T14:31:49","modified_gmt":"2026-03-16T14:31:49","slug":"exploring-how-loneliness-affects-people-living-with-chronic-pain-and-what-role-community-based-and-nature-based-social-prescribing-might-play-in-improving-connection-wellbeing-and-self-management","status":"publish","type":"page","link":"https:\/\/bnssghealthiertogether.org.uk\/tr\/integrated-care-board\/research-and-evidence\/our-research-portfolio\/type-1-rcf-funded-projects\/exploring-how-loneliness-affects-people-living-with-chronic-pain-and-what-role-community-based-and-nature-based-social-prescribing-might-play-in-improving-connection-wellbeing-and-self-management\/","title":{"rendered":"Yaln\u0131zl\u0131\u011f\u0131n kronik a\u011fr\u0131 ya\u015fayan insanlar\u0131 nas\u0131l etkiledi\u011fini ve topluluk temelli ve do\u011fa temelli sosyal re\u00e7eteleme y\u00f6ntemlerinin ba\u011flant\u0131y\u0131, refah\u0131 ve \u00f6z y\u00f6netimi geli\u015ftirmede ne gibi bir rol oynayabilece\u011fini ara\u015ft\u0131rmak."},"content":{"rendered":"<div class=\"assembler_default-group assembler_module_group assembler_default-group_1 assembler_module_group_1\"><div class=\"assembler_module_area assembler_module_area_1\"><div class=\"assembler_text-module assembler_module assembler_text-module_1 assembler_module_1  transparent\"><a tabindex=\"-1\" title=\"Mod\u00fcl-1 ba\u015fl\u0131kl\u0131 b\u00f6l\u00fcm\" id=\"module-1\" href=\"https:\/\/bnssghealthiertogether.org.uk\/tr\/wp-json\/wp\/v2\/pages\/47288\/#module-1\" class=\"anchor\"><span class=\"hidden\">Mod\u00fcl-1 ba\u015fl\u0131kl\u0131 b\u00f6l\u00fcm<\/span><\/a><!-- Template found for text-module - Template: template-text - Matched: _only --><section class=\"w-full mx-auto max-w-content pt-12 sm:pt-24 pb-12 sm:pb-24\">\r\n  <div class=\"entry-content w-full !px-0 max-w-small\">\r\n        <h1>Yaln\u0131zl\u0131\u011f\u0131n kronik a\u011fr\u0131 ya\u015fayan insanlar\u0131 nas\u0131l etkiledi\u011fini ve topluluk temelli ve do\u011fa temelli sosyal re\u00e7eteleme y\u00f6ntemlerinin ba\u011flant\u0131y\u0131, refah\u0131 ve \u00f6z y\u00f6netimi geli\u015ftirmede ne gibi bir rol oynayabilece\u011fini ara\u015ft\u0131rmak.<\/h1>\n<p>A\u015fa\u011f\u0131dakiler hakk\u0131nda bilgi edinmeyi ama\u00e7l\u0131yoruz:<\/p>\n<ul>\n<li>Ye\u015fil\/mavi alanlara ve topluluk temelli desteklere eri\u015fimin \u00f6n\u00fcndeki engeller ve kolayla\u015ft\u0131r\u0131c\u0131 fakt\u00f6rler<\/li>\n<li>BNSSG genelinde mevcut do\u011fa temelli sosyal re\u00e7eteleme faaliyetlerindeki farkl\u0131l\u0131klar<\/li>\n<li>eri\u015fim ve faydada e\u015fitsizliklerin ortaya \u00e7\u0131kabilece\u011fi yerlerde<\/li>\n<li>Payda\u015flar\u0131n gelecekteki ara\u015ft\u0131rmalar i\u00e7in \u00f6ncelikli alanlar olarak g\u00f6rd\u00fckleri \u015feyler.<\/li>\n<\/ul>\n<h2>Finansman<\/h2>\n<p>NHS Bristol, North Somerset ve South Gloucestershire ICB Ara\u015ft\u0131rma Kapasitesi Fonu.<\/p>\n<h2>Ara\u015ft\u0131rmay\u0131 kim y\u00fcr\u00fct\u00fcyor?<\/h2>\n<p>Bu ara\u015ft\u0131rma Dr. Sofie Martin taraf\u0131ndan y\u00fcr\u00fct\u00fclmektedir.<\/p>\n<h2>Daha fazla bilgi<\/h2>\n<p>Daha fazla bilgi almak veya bu projeye dahil olmak i\u00e7in l\u00fctfen e-posta g\u00f6nderin.\u00a0<a href=\"mailto:bnssg.research@nhs.net\"><strong>bnssg.research@nhs.net<\/strong><\/a>.<\/p>\n  <\/div>\r\n  <\/section><\/div><!-- .assembler_text-module.assembler_module.assembler_text-module_1.assembler_module_1..transparent --><\/div><!-- .assembler_module_area.assembler_module_area_1 --><\/div><!-- .assembler_default-group.assembler_module_group.assembler_default-group_1.assembler_module_group_1  -->","protected":false},"excerpt":{"rendered":"<p>Exploring how loneliness affects people living with chronic pain, and what role community based and nature based social prescribing might play in improving connection, wellbeing, and self management.<\/p>","protected":false},"author":16,"featured_media":0,"parent":32894,"menu_order":0,"comment_status":"closed","ping_status":"closed","template":"","meta":{"_acf_changed":false,"footnotes":""},"tags":[],"class_list":["post-47288","page","type-page","status-publish","hentry"],"acf":[],"_links":{"self":[{"href":"https:\/\/bnssghealthiertogether.org.uk\/tr\/wp-json\/wp\/v2\/pages\/47288","targetHints":{"allow":["GET"]}}],"collection":[{"href":"https:\/\/bnssghealthiertogether.org.uk\/tr\/wp-json\/wp\/v2\/pages"}],"about":[{"href":"https:\/\/bnssghealthiertogether.org.uk\/tr\/wp-json\/wp\/v2\/types\/page"}],"author":[{"embeddable":true,"href":"https:\/\/bnssghealthiertogether.org.uk\/tr\/wp-json\/wp\/v2\/users\/16"}],"replies":[{"embeddable":true,"href":"https:\/\/bnssghealthiertogether.org.uk\/tr\/wp-json\/wp\/v2\/comments?post=47288"}],"version-history":[{"count":2,"href":"https:\/\/bnssghealthiertogether.org.uk\/tr\/wp-json\/wp\/v2\/pages\/47288\/revisions"}],"predecessor-version":[{"id":47290,"href":"https:\/\/bnssghealthiertogether.org.uk\/tr\/wp-json\/wp\/v2\/pages\/47288\/revisions\/47290"}],"up":[{"embeddable":true,"href":"https:\/\/bnssghealthiertogether.org.uk\/tr\/wp-json\/wp\/v2\/pages\/32894"}],"wp:attachment":[{"href":"https:\/\/bnssghealthiertogether.org.uk\/tr\/wp-json\/wp\/v2\/media?parent=47288"}],"wp:term":[{"taxonomy":"post_tag","embeddable":true,"href":"https:\/\/bnssghealthiertogether.org.uk\/tr\/wp-json\/wp\/v2\/tags?post=47288"}],"curies":[{"name":"wp","href":"https:\/\/api.w.org\/{rel}","templated":true}]}}