{"id":47291,"date":"2026-03-16T14:34:51","date_gmt":"2026-03-16T14:34:51","guid":{"rendered":"https:\/\/bnssghealthiertogether.org.uk\/?page_id=47291"},"modified":"2026-03-16T14:34:51","modified_gmt":"2026-03-16T14:34:51","slug":"the-management-of-blunt-chest-wall-injuries-following-trauma-in-adults-presenting-to-standalone-urgent-treatment-centres-utc-and-minor-injury-units-miu-with-access-to-chest-x-ray-only","status":"publish","type":"page","link":"https:\/\/bnssghealthiertogether.org.uk\/tr\/integrated-care-board\/research-and-evidence\/our-research-portfolio\/type-1-rcf-funded-projects\/the-management-of-blunt-chest-wall-injuries-following-trauma-in-adults-presenting-to-standalone-urgent-treatment-centres-utc-and-minor-injury-units-miu-with-access-to-chest-x-ray-only\/","title":{"rendered":"Ba\u011f\u0131ms\u0131z Acil Tedavi Merkezlerine (UTC) ve K\u00fc\u00e7\u00fck Yaralanma Birimlerine (MIU) ba\u015fvuran ve yaln\u0131zca g\u00f6\u011f\u00fcs r\u00f6ntgenine eri\u015fimi olan yeti\u015fkinlerde travma sonras\u0131 k\u00fcnt g\u00f6\u011f\u00fcs duvar\u0131 yaralanmalar\u0131n\u0131n y\u00f6netimi"},"content":{"rendered":"<div class=\"assembler_default-group assembler_module_group assembler_default-group_1 assembler_module_group_1\"><div class=\"assembler_module_area assembler_module_area_1\"><div class=\"assembler_text-module assembler_module assembler_text-module_1 assembler_module_1  transparent\"><a tabindex=\"-1\" title=\"Mod\u00fcl-1 ba\u015fl\u0131kl\u0131 b\u00f6l\u00fcm\" id=\"module-1\" href=\"https:\/\/bnssghealthiertogether.org.uk\/tr\/wp-json\/wp\/v2\/pages\/47291\/#module-1\" class=\"anchor\"><span class=\"hidden\">Mod\u00fcl-1 ba\u015fl\u0131kl\u0131 b\u00f6l\u00fcm<\/span><\/a><!-- Template found for text-module - Template: template-text - Matched: _only --><section class=\"w-full mx-auto max-w-content pt-12 sm:pt-24 pb-12 sm:pb-24\">\r\n  <div class=\"entry-content w-full !px-0 max-w-small\">\r\n        <h1>Ba\u011f\u0131ms\u0131z Acil Tedavi Merkezlerine (UTC) ve K\u00fc\u00e7\u00fck Yaralanma Birimlerine (MIU) ba\u015fvuran ve yaln\u0131zca g\u00f6\u011f\u00fcs r\u00f6ntgenine eri\u015fimi olan yeti\u015fkinlerde travma sonras\u0131 k\u00fcnt g\u00f6\u011f\u00fcs duvar\u0131 yaralanmalar\u0131n\u0131n y\u00f6netimi<\/h1>\n<p>Bu RCF, Yer Temelli Acil ve Acil Bak\u0131m kapsam\u0131nda daha net, hasta merkezli ve kan\u0131tlarla bilgilendirilmi\u015f de\u011ferlendirme yollar\u0131 geli\u015ftirmeyi ama\u00e7lamaktad\u0131r.<\/p>\n<h2>Finansman<\/h2>\n<p>NHS Bristol, North Somerset ve South Gloucestershire ICB Ara\u015ft\u0131rma Kapasitesi Fonu.<\/p>\n<h2><strong>Bu ara\u015ft\u0131rmay\u0131 kim y\u00fcr\u00fct\u00fcyor?<\/strong><\/h2>\n<p>Dr. Matthew Cone, Paramedik Uygulay\u0131c\u0131, Sirona Ara\u015ft\u0131rma G\u00f6revlisi.<\/p>\n<h2><strong>Daha fazla bilgi<\/strong><\/h2>\n<p>Daha fazla bilgi almak veya bu projeye dahil olmak i\u00e7in l\u00fctfen e-posta g\u00f6nderin.\u00a0<a href=\"mailto:bnssg.research@nhs.net\"><strong>bnssg.research@nhs.net<\/strong><\/a>.<\/p>\n  <\/div>\r\n  <\/section><\/div><!-- .assembler_text-module.assembler_module.assembler_text-module_1.assembler_module_1..transparent --><\/div><!-- .assembler_module_area.assembler_module_area_1 --><\/div><!-- .assembler_default-group.assembler_module_group.assembler_default-group_1.assembler_module_group_1  -->","protected":false},"excerpt":{"rendered":"<p>The management of blunt chest wall injuries following trauma, in adults presenting to standalone Urgent Treatment Centres (UTC) and Minor Injury Units (MIU) with access to chest X-Ray only.<\/p>","protected":false},"author":16,"featured_media":0,"parent":32894,"menu_order":0,"comment_status":"closed","ping_status":"closed","template":"","meta":{"_acf_changed":false,"footnotes":""},"tags":[],"class_list":["post-47291","page","type-page","status-publish","hentry"],"acf":[],"_links":{"self":[{"href":"https:\/\/bnssghealthiertogether.org.uk\/tr\/wp-json\/wp\/v2\/pages\/47291","targetHints":{"allow":["GET"]}}],"collection":[{"href":"https:\/\/bnssghealthiertogether.org.uk\/tr\/wp-json\/wp\/v2\/pages"}],"about":[{"href":"https:\/\/bnssghealthiertogether.org.uk\/tr\/wp-json\/wp\/v2\/types\/page"}],"author":[{"embeddable":true,"href":"https:\/\/bnssghealthiertogether.org.uk\/tr\/wp-json\/wp\/v2\/users\/16"}],"replies":[{"embeddable":true,"href":"https:\/\/bnssghealthiertogether.org.uk\/tr\/wp-json\/wp\/v2\/comments?post=47291"}],"version-history":[{"count":2,"href":"https:\/\/bnssghealthiertogether.org.uk\/tr\/wp-json\/wp\/v2\/pages\/47291\/revisions"}],"predecessor-version":[{"id":47293,"href":"https:\/\/bnssghealthiertogether.org.uk\/tr\/wp-json\/wp\/v2\/pages\/47291\/revisions\/47293"}],"up":[{"embeddable":true,"href":"https:\/\/bnssghealthiertogether.org.uk\/tr\/wp-json\/wp\/v2\/pages\/32894"}],"wp:attachment":[{"href":"https:\/\/bnssghealthiertogether.org.uk\/tr\/wp-json\/wp\/v2\/media?parent=47291"}],"wp:term":[{"taxonomy":"post_tag","embeddable":true,"href":"https:\/\/bnssghealthiertogether.org.uk\/tr\/wp-json\/wp\/v2\/tags?post=47291"}],"curies":[{"name":"wp","href":"https:\/\/api.w.org\/{rel}","templated":true}]}}