{"id":47294,"date":"2026-03-16T14:41:47","date_gmt":"2026-03-16T14:41:47","guid":{"rendered":"https:\/\/bnssghealthiertogether.org.uk\/?page_id=47294"},"modified":"2026-03-16T14:41:47","modified_gmt":"2026-03-16T14:41:47","slug":"co-producing-a-research-proposal-to-co-develop-community-led-wellbeing-interventions-among-gypsy-roma-and-traveller-communities","status":"publish","type":"page","link":"https:\/\/bnssghealthiertogether.org.uk\/tr\/integrated-care-board\/research-and-evidence\/our-research-portfolio\/type-2-rcf-funded-projects\/co-producing-a-research-proposal-to-co-develop-community-led-wellbeing-interventions-among-gypsy-roma-and-traveller-communities\/","title":{"rendered":"\u00c7ingene, Roman ve Gezgin Topluluklar\u0131 aras\u0131nda topluluk odakl\u0131 refah m\u00fcdahalelerinin ortak geli\u015ftirilmesi i\u00e7in bir ara\u015ft\u0131rma \u00f6nerisinin ortak haz\u0131rlanmas\u0131."},"content":{"rendered":"<div class=\"assembler_default-group assembler_module_group assembler_default-group_1 assembler_module_group_1\"><div class=\"assembler_module_area assembler_module_area_1\"><div class=\"assembler_text-module assembler_module assembler_text-module_1 assembler_module_1  transparent\"><a tabindex=\"-1\" title=\"Mod\u00fcl-1 ba\u015fl\u0131kl\u0131 b\u00f6l\u00fcm\" id=\"module-1\" href=\"https:\/\/bnssghealthiertogether.org.uk\/tr\/wp-json\/wp\/v2\/pages\/47294\/#module-1\" class=\"anchor\"><span class=\"hidden\">Mod\u00fcl-1 ba\u015fl\u0131kl\u0131 b\u00f6l\u00fcm<\/span><\/a><!-- Template found for text-module - Template: template-text - Matched: _only --><section class=\"w-full mx-auto max-w-content pt-12 sm:pt-24 pb-12 sm:pb-24\">\r\n  <div class=\"entry-content w-full !px-0 max-w-small\">\r\n        <h1>\u00c7ingene, Roman ve Gezgin Topluluklar\u0131 aras\u0131nda topluluk odakl\u0131 refah m\u00fcdahalelerinin ortak geli\u015ftirilmesi i\u00e7in bir ara\u015ft\u0131rma \u00f6nerisinin ortak haz\u0131rlanmas\u0131.<\/h1>\n<h2>Finansman<\/h2>\n<p>NHS Bristol, North Somerset ve South Gloucestershire ICB Ara\u015ft\u0131rma Kapasitesi Fonu.<\/p>\n<h2><strong>Sorun nedir?<\/strong><\/h2>\n<p>Bu projeye duyulan ihtiya\u00e7, proje ortaklar\u0131yla ve mevcut bir GRT topluluklar\u0131 grubuna kat\u0131lan kad\u0131nlarla yap\u0131lan g\u00f6r\u00fc\u015fmeler sonucunda belirlendi.<\/p>\n<p>GRT, \u00c7ingene, Roman ve Gezgin topluluklar\u0131n\u0131 ifade eder, ancak g\u00f6\u00e7ebelik uygulayan di\u011fer gruplar\u0131 da i\u00e7erir (\u00f6rne\u011fin, G\u00f6steri \u0130nsanlar\u0131, Yeni Gezginler ve Tekneciler). Bu topluluklar, Kapsay\u0131c\u0131 Sa\u011fl\u0131k g\u00fcndemi kapsam\u0131nda &quot;\u00f6ncelikli topluluklar&quot; olarak kabul edilir(1), bu da ihtiya\u00e7 duyduklar\u0131 sa\u011fl\u0131k hizmetlerine eri\u015febilmelerini ve bunlardan faydalanabilmelerini sa\u011flamak i\u00e7in acil eyleme ihtiya\u00e7 duyuldu\u011fu anlam\u0131na gelir. Kan\u0131tlar, GRT topluluklar\u0131n\u0131n Birle\u015fik Krall\u0131k&#039;ta en b\u00fcy\u00fck sa\u011fl\u0131k e\u015fitsizliklerini ya\u015fad\u0131\u011f\u0131n\u0131, bir\u00e7ok uzun s\u00fcreli rahats\u0131zl\u0131\u011f\u0131n daha y\u00fcksek oranlarda g\u00f6r\u00fcld\u00fc\u011f\u00fcn\u00fc ve genel n\u00fcfusa g\u00f6re \u00f6nemli \u00f6l\u00e7\u00fcde daha k\u00f6t\u00fc sa\u011fl\u0131k sonu\u00e7lar\u0131na sahip oldu\u011funu vurgulamaktad\u0131r(2, 3). GRT topluluklar\u0131n\u0131n ya\u015fam beklentilerinin genel n\u00fcfusa g\u00f6re 10 ila 25 y\u0131l daha k\u0131sa oldu\u011fu tahmin edilmektedir(4). Ruh sa\u011fl\u0131\u011f\u0131 b\u00fcy\u00fck bir sorundur ve topluluklar\u0131n bir\u00e7o\u011fu kayg\u0131 ve depresyon ya\u015famaktad\u0131r(5). \u0130ntihar oranlar\u0131n\u0131n GRT topluluklar\u0131 i\u00e7in genel n\u00fcfusa g\u00f6re yedi kat daha y\u00fcksek oldu\u011fu tahmin edilmektedir ve \u0130rlandal\u0131 Gezginler i\u00e7in \u00f6l\u00fcmlerin 1&#039;inin nedeni oldu\u011fu d\u00fc\u015f\u00fcn\u00fclmektedir(5).<\/p>\n<p>Sa\u011fl\u0131k hizmetlerine kat\u0131l\u0131m\u0131 desteklemek i\u00e7in, hizmetler topluluklarla birlikte tasarlanmal\u0131, kabul edilebilir, eri\u015filebilir olmal\u0131 ve topluluklar\u0131n kar\u015f\u0131la\u015ft\u0131\u011f\u0131 \u00f6zel engelleri a\u015fmal\u0131d\u0131r. Bu, ara\u015ft\u0131rma ekipleri ve topluluklar aras\u0131nda e\u015fit, g\u00fc\u00e7lendirici ve sahiplenme duygusunu ve ortak sorumlulu\u011fu te\u015fvik eden i\u015fbirliklerini gerektirir. Ara\u015ft\u0131rma ekiplerinin, topluluklar\u0131n ihtiya\u00e7lar\u0131n\u0131 kar\u015f\u0131lamak i\u00e7in esnek ve k\u00fclt\u00fcrel olarak uygun y\u00f6ntemler benimsemesi gerekir.<\/p>\n<h2><strong>Ara\u015ft\u0131rman\u0131n amac\u0131 nedir?<\/strong><\/h2>\n<p>Bu proje, GRT topluluklar\u0131yla yak\u0131n i\u015f birli\u011fi i\u00e7inde \u00e7al\u0131\u015farak ruh sa\u011fl\u0131\u011f\u0131 \u00f6nceliklerini daha iyi anlamay\u0131 ve onlar\u0131n ihtiya\u00e7 ve deneyimlerine g\u00f6re \u015fekillenen gelecekteki ara\u015ft\u0131rmalar\u0131 geli\u015ftirmeyi ama\u00e7lamaktad\u0131r. Temel hedeflerden biri, kar\u015f\u0131l\u0131kl\u0131 sayg\u0131 ve ortak \u00f6\u011frenmeye dayal\u0131 olarak GRT topluluklar\u0131 ve ara\u015ft\u0131rmac\u0131lar aras\u0131nda g\u00fc\u00e7l\u00fc, g\u00fcvene dayal\u0131 ve kal\u0131c\u0131 ili\u015fkiler kurmakt\u0131r.<\/p>\n<p>Proje, kat\u0131l\u0131mc\u0131 yakla\u015f\u0131mlar kullanacak; yani grup \u00fcyeleri hangi konular\u0131n tart\u0131\u015f\u0131laca\u011f\u0131na, konu\u015fmalar\u0131n nas\u0131l ger\u00e7ekle\u015fece\u011fine ve projenin ne \u00fcretece\u011fine karar vermeye yard\u0131mc\u0131 olacaklar. GRT topluluklar\u0131ndan insanlar\u0131 12 ay boyunca iki haftada bir grup oturumlar\u0131na kat\u0131lmaya davet edece\u011fiz. Gruplar, yiyecek ve i\u00e7eceklerin sa\u011fland\u0131\u011f\u0131, tan\u0131d\u0131k ve eri\u015filebilir bir topluluk alan\u0131nda bulu\u015facaklar. \u00d6zellikle GRT topluluklar\u0131 ile sa\u011fl\u0131k hizmetleri aras\u0131ndaki ge\u00e7mi\u015f ve devam eden g\u00fcvensizlik g\u00f6z \u00f6n\u00fcne al\u0131nd\u0131\u011f\u0131nda, g\u00fcvenli, s\u0131cak ve esnek bir ortam yaratmak projenin merkezinde yer almaktad\u0131r. Sa\u011fl\u0131k bilgileri, topluluk i\u00e7indeki uzmanl\u0131k ve bilgi birikimini de dikkate alarak, g\u00fcvenilir profesyoneller taraf\u0131ndan payla\u015f\u0131lacakt\u0131r.<\/p>\n<p>Toplant\u0131lar, ruh sa\u011fl\u0131\u011f\u0131 ve sa\u011fl\u0131k ara\u015ft\u0131rmalar\u0131 deneyimleri hakk\u0131nda a\u00e7\u0131k ve rahat konu\u015fmalar\u0131 desteklemek amac\u0131yla el sanatlar\u0131 gibi yarat\u0131c\u0131 ve etkile\u015fimli etkinlikler ve k\u00fc\u00e7\u00fck grup tart\u0131\u015fmalar\u0131 i\u00e7erecektir. Bu tart\u0131\u015fmalar, grup i\u00e7in en \u00f6nemli olan konular\u0131 ve ara\u015ft\u0131rman\u0131n nas\u0131l daha kapsay\u0131c\u0131 olabilece\u011fini belirlemeye yard\u0131mc\u0131 olacakt\u0131r. Bu konu\u015fmalar, toplulu\u011fun ihtiya\u00e7lar\u0131na dayal\u0131, birlikte haz\u0131rlanan bir fon ba\u015fvurusuna temel olu\u015fturacakt\u0131r.<\/p>\n<h2><strong>Bu nas\u0131l ba\u015far\u0131lacak?<\/strong><\/h2>\n<p>RCF&#039;nin GRT topluluklar\u0131yla yapt\u0131\u011f\u0131 \u00e7al\u0131\u015fmalar, NIHR Halk Sa\u011fl\u0131\u011f\u0131 Program\u0131 i\u00e7in bir fon ba\u015fvurusunun geli\u015ftirilmesine yol a\u00e7acakt\u0131r. NIHR projesinin amac\u0131, topluluk temelli yakla\u015f\u0131mlar\u0131n refah\u0131 nas\u0131l destekleyebilece\u011fini daha iyi anlamak ve NHS \u0130ngiltere&#039;nin hastaneden toplulu\u011fa ve tedaviden \u00f6nlemeye ge\u00e7i\u015finin, bu yetersiz hizmet alan n\u00fcfusun ya\u015fad\u0131\u011f\u0131 sa\u011fl\u0131k e\u015fitsizliklerini ele almas\u0131n\u0131 sa\u011flamakt\u0131r. GRT topluluklar\u0131n\u0131 zaten destekleyen hay\u0131r kurumlar\u0131 ve yerel konseylerle yak\u0131n i\u015fbirli\u011fi i\u00e7inde \u00e7al\u0131\u015faca\u011f\u0131z. \u0130ki yerel y\u00f6netimle mevcut ba\u011flant\u0131lar\u0131m\u0131z var ve planlanan ili\u015fki kurma faaliyetleri arac\u0131l\u0131\u011f\u0131yla daha fazla ortak belirlenecektir.<\/p>\n<p>Proje iki ana b\u00f6l\u00fcmden olu\u015facak. \u0130lk olarak, mevcut topluluk faaliyetlerinin refah\u0131 nas\u0131l destekledi\u011fine bakaca\u011f\u0131z. Bu, topluluk \u00fcyeleriyle yerel giri\u015fimler (topluluk etkinlikleri, bilgilendirme oturumlar\u0131, sa\u011fl\u0131k ve g\u00fcvenlik g\u00fcnleri ve kad\u0131n gruplar\u0131 gibi) hakk\u0131ndaki g\u00f6r\u00fc\u015flerini dinlemek i\u00e7in yap\u0131lacak g\u00f6r\u00fc\u015fmeleri ve at\u00f6lye \u00e7al\u0131\u015fmalar\u0131n\u0131 i\u00e7erecektir. Nelerin iyi \u00e7al\u0131\u015ft\u0131\u011f\u0131n\u0131 ve nelerin geli\u015ftirilebilece\u011fini ara\u015ft\u0131raca\u011f\u0131z. Bu bilgiler, kurulu\u015flar\u0131n faaliyetlerinde pratik iyile\u015ftirmeler yapmalar\u0131na yard\u0131mc\u0131 olmak i\u00e7in mevcut ara\u015ft\u0131rma kan\u0131tlar\u0131yla birle\u015ftirilecektir.<\/p>\n<p>\u0130kinci olarak, iyile\u015ftirilmi\u015f topluluk giri\u015fimlerini de\u011ferlendirerek bunlar\u0131n nas\u0131l ve neden i\u015fe yarad\u0131\u011f\u0131n\u0131, kimler i\u00e7in i\u015fe yarad\u0131\u011f\u0131n\u0131 ve hangi durumlarda i\u015fe yarad\u0131\u011f\u0131n\u0131 anlayaca\u011f\u0131z. Bu, GRT topluluklar\u0131n\u0131n \u00e7e\u015fitlilik g\u00f6sterdi\u011fini ve yerel ba\u011flamlar\u0131n \u00f6nemli oldu\u011funu kabul etmektedir. Her bir b\u00f6lgede vaka \u00e7al\u0131\u015fmalar\u0131 olu\u015fturmak i\u00e7in g\u00f6r\u00fc\u015fmeler, \u00e7al\u0131\u015ftaylar ve proje materyallerinden yararlanaca\u011f\u0131z.<\/p>\n<p>Bulgular, topluluklar, ortaklar ve konseylerle eri\u015filebilir yollarla payla\u015f\u0131lacak ve \u00f6\u011frenmeyi ve etkiyi desteklemek amac\u0131yla politika, uygulama ve akademik a\u011flar arac\u0131l\u0131\u011f\u0131yla daha geni\u015f bir kitleye ula\u015ft\u0131r\u0131lacakt\u0131r.<\/p>\n<h2><strong>Ara\u015ft\u0131rmay\u0131 kim y\u00fcr\u00fct\u00fcyor?<\/strong><\/h2>\n<p>Bu ara\u015ft\u0131rma, Bristol \u00dcniversitesi ve Southampton \u00dcniversitesi&#039;nde k\u0131demli ara\u015ft\u0131rma g\u00f6revlisi olan Dr. Sarah Denford ve Dr. Hannah Bowers taraf\u0131ndan y\u00fcr\u00fct\u00fclmektedir.<\/p>\n<h2><strong>Daha fazla bilgi<\/strong><\/h2>\n<p>Daha fazla bilgi almak veya bu projeye dahil olmak i\u00e7in l\u00fctfen e-posta g\u00f6nderin.\u00a0<a href=\"mailto:bnssg.research@nhs.net\"><strong>bnssg.research@nhs.net<\/strong><\/a><\/p>\n  <\/div>\r\n  <\/section><\/div><!-- .assembler_text-module.assembler_module.assembler_text-module_1.assembler_module_1..transparent --><\/div><!-- .assembler_module_area.assembler_module_area_1 --><\/div><!-- .assembler_default-group.assembler_module_group.assembler_default-group_1.assembler_module_group_1  -->","protected":false},"excerpt":{"rendered":"<p>Bu projeye duyulan ihtiya\u00e7, proje ortaklar\u0131yla ve mevcut bir GRT topluluklar\u0131 grubuna kat\u0131lan kad\u0131nlarla yap\u0131lan g\u00f6r\u00fc\u015fmeler sonucunda belirlendi.<\/p>","protected":false},"author":16,"featured_media":0,"parent":32896,"menu_order":0,"comment_status":"closed","ping_status":"closed","template":"","meta":{"_acf_changed":false,"footnotes":""},"tags":[],"class_list":["post-47294","page","type-page","status-publish","hentry"],"acf":[],"_links":{"self":[{"href":"https:\/\/bnssghealthiertogether.org.uk\/tr\/wp-json\/wp\/v2\/pages\/47294","targetHints":{"allow":["GET"]}}],"collection":[{"href":"https:\/\/bnssghealthiertogether.org.uk\/tr\/wp-json\/wp\/v2\/pages"}],"about":[{"href":"https:\/\/bnssghealthiertogether.org.uk\/tr\/wp-json\/wp\/v2\/types\/page"}],"author":[{"embeddable":true,"href":"https:\/\/bnssghealthiertogether.org.uk\/tr\/wp-json\/wp\/v2\/users\/16"}],"replies":[{"embeddable":true,"href":"https:\/\/bnssghealthiertogether.org.uk\/tr\/wp-json\/wp\/v2\/comments?post=47294"}],"version-history":[{"count":2,"href":"https:\/\/bnssghealthiertogether.org.uk\/tr\/wp-json\/wp\/v2\/pages\/47294\/revisions"}],"predecessor-version":[{"id":47296,"href":"https:\/\/bnssghealthiertogether.org.uk\/tr\/wp-json\/wp\/v2\/pages\/47294\/revisions\/47296"}],"up":[{"embeddable":true,"href":"https:\/\/bnssghealthiertogether.org.uk\/tr\/wp-json\/wp\/v2\/pages\/32896"}],"wp:attachment":[{"href":"https:\/\/bnssghealthiertogether.org.uk\/tr\/wp-json\/wp\/v2\/media?parent=47294"}],"wp:term":[{"taxonomy":"post_tag","embeddable":true,"href":"https:\/\/bnssghealthiertogether.org.uk\/tr\/wp-json\/wp\/v2\/tags?post=47294"}],"curies":[{"name":"wp","href":"https:\/\/api.w.org\/{rel}","templated":true}]}}