{"id":47297,"date":"2026-03-16T14:45:32","date_gmt":"2026-03-16T14:45:32","guid":{"rendered":"https:\/\/bnssghealthiertogether.org.uk\/?page_id=47297"},"modified":"2026-03-16T14:45:32","modified_gmt":"2026-03-16T14:45:32","slug":"building-mens-mental-fitness-behind-bars-evaluating-talk-club-in-prisons","status":"publish","type":"page","link":"https:\/\/bnssghealthiertogether.org.uk\/tr\/integrated-care-board\/research-and-evidence\/our-research-portfolio\/type-2-rcf-funded-projects\/building-mens-mental-fitness-behind-bars-evaluating-talk-club-in-prisons\/","title":{"rendered":"Cezaevlerinde erkeklerin zihinsel sa\u011fl\u0131\u011f\u0131n\u0131 geli\u015ftirme: Cezaevlerindeki Konu\u015fma Kul\u00fcb\u00fc&#039;n\u00fcn de\u011ferlendirilmesi"},"content":{"rendered":"<div class=\"assembler_default-group assembler_module_group assembler_default-group_1 assembler_module_group_1\"><div class=\"assembler_module_area assembler_module_area_1\"><div class=\"assembler_text-module assembler_module assembler_text-module_1 assembler_module_1  transparent\"><a tabindex=\"-1\" title=\"Mod\u00fcl-1 ba\u015fl\u0131kl\u0131 b\u00f6l\u00fcm\" id=\"module-1\" href=\"https:\/\/bnssghealthiertogether.org.uk\/tr\/wp-json\/wp\/v2\/pages\/47297\/#module-1\" class=\"anchor\"><span class=\"hidden\">Mod\u00fcl-1 ba\u015fl\u0131kl\u0131 b\u00f6l\u00fcm<\/span><\/a><!-- Template found for text-module - Template: template-text - Matched: _only --><section class=\"w-full mx-auto max-w-content pt-12 sm:pt-24 pb-12 sm:pb-24\">\r\n  <div class=\"entry-content w-full !px-0 max-w-small\">\r\n        <h1>Cezaevlerinde erkeklerin zihinsel sa\u011fl\u0131\u011f\u0131n\u0131 geli\u015ftirme: Cezaevlerindeki Konu\u015fma Kul\u00fcb\u00fc&#039;n\u00fcn de\u011ferlendirilmesi<\/h1>\n<h2><strong>Finansman<\/strong><\/h2>\n<p>NHS Bristol, North Somerset ve South Gloucestershire ICB Ara\u015ft\u0131rma Kapasitesi Fonu.<\/p>\n<h2><strong>Sorun nedir?<\/strong><\/h2>\n<p>Birle\u015fik Krall\u0131k&#039;ta intiharlar\u0131n 4&#039;te 3&#039;\u00fc erkek olup, oranlar 1999&#039;dan bu yana en y\u00fcksek seviyede.<a href=\"https:\/\/www.ons.gov.uk\/peoplepopulationandcommunity\/birthsdeathsandmarriages\/deaths\/bulletins\/suicidesintheunitedkingdom\/2023\" rel=\"noopener\">ONS, 2023<\/a>Cezaevindeki erkeklerin intihar ederek \u00f6lme olas\u0131l\u0131\u011f\u0131, genel n\u00fcfustaki erkeklere g\u00f6re neredeyse d\u00f6rt kat daha fazlad\u0131r.<a href=\"https:\/\/commonslibrary.parliament.uk\/research-briefings\/cbp-10102\/\" rel=\"noopener\">Avam Kamaras\u0131 K\u00fct\u00fcphanesi, 2024<\/a>2023-2024 y\u0131llar\u0131nda erkek cezaevlerindeki kendine zarar verme oranlar\u0131 2022-2023 y\u0131llar\u0131na k\u0131yasla 1 oran\u0131nda artt\u0131.<a href=\"https:\/\/www.gov.uk\/government\/statistics\/safety-in-custody-quarterly-update-to-march-2024\/safety-in-custody-statistics-england-and-wales-deaths-in-prison-custody-to-june-2024-assaults-and-self-harm-to-march-2024\" rel=\"noopener\">HMPPS, 2024<\/a>).<\/p>\n<p>Erkeklerin ruh sa\u011fl\u0131\u011f\u0131 deste\u011fi arama olas\u0131l\u0131\u011f\u0131 kad\u0131nlara g\u00f6re daha d\u00fc\u015f\u00fckt\u00fcr (<a href=\"https:\/\/onlinelibrary.wiley.com\/doi\/full\/10.1111\/j.1365-2648.2004.03331.x?casa_token=tQHcOzhQ6jEAAAAA%3ANE-Ou1Ltesdr4oB2MavmJ8oCWJGTjPktRxzVmdFngH6NwXaCJqdxui4WSX9aT_IWtsEg8UQGLjxu8XXFdg\" rel=\"noopener\">Galdas ve ark., 2005<\/a>Erkekler etkile\u015fime girdiklerinde, duygular hakk\u0131nda konu\u015fmay\u0131 normalle\u015ftiren, gayri resmi ve erkek dostu alanlar\u0131 tercih ederler.<a href=\"https:\/\/academic.oup.com\/heapro\/article\/35\/5\/1230\/5585825?login=true\" rel=\"noopener\">Oliffe ve ark., 2020<\/a>Erkeklerin ihtiya\u00e7lar\u0131n\u0131 yans\u0131tan ruh sa\u011fl\u0131\u011f\u0131 deste\u011fi sa\u011flaman\u0131n \u00f6nemi uluslararas\u0131 d\u00fczeyde kabul g\u00f6rmektedir.<a href=\"https:\/\/www.who.int\/europe\/publications\/i\/item\/9789289053532\" rel=\"noopener\">DS\u00d6, 2018<\/a>) ve \u0130ngiltere&#039;nin ilk Erkek Sa\u011fl\u0131\u011f\u0131 Stratejisi&#039;nde (<a href=\"https:\/\/www.gov.uk\/government\/publications\/mens-health-strategy-for-england\" rel=\"noopener\">DHSC, 2025<\/a>Bu belge, ruh sa\u011fl\u0131\u011f\u0131n\u0131 ve intihar\u0131 \u00f6nlemeyi temel \u00f6ncelikler olarak belirlemektedir.<\/p>\n<p>Talk Club, erkekler i\u00e7in yap\u0131land\u0131r\u0131lm\u0131\u015f, akran liderli\u011findeki &#039;zihinsel sa\u011fl\u0131k&#039; gruplar\u0131 sunan, \u00f6d\u00fcll\u00fc, topluluk temelli bir hay\u0131r kurulu\u015fudur: <em>\u201c&quot;Biz buna zihinsel zindelik demeyi tercih ediyoruz \u00e7\u00fcnk\u00fc konu\u015fma gruplar\u0131m\u0131z, &#039;Nas\u0131l hissediyorsun? 10 \u00fczerinden ka\u00e7 puan?&#039; diye sorarak ve nedenini a\u00e7\u0131klayarak erkeklerin nas\u0131l hissettiklerini anlamalar\u0131na aktif olarak yard\u0131mc\u0131 oluyor.&quot;\u2018 <\/em>(<a href=\"https:\/\/talkclub.org\/\" rel=\"noopener\">https:\/\/talkclub.org\/<\/a>Talk Club \u015fu anda Birle\u015fik Krall\u0131k&#039;taki 21 hapishanede faaliyet g\u00f6steriyor ve mahkumlar oturumlar\u0131 y\u00f6netmek \u00fczere e\u011fitiliyor (&#039;Kaptanlar&#039;). Hem mahkumlar hem de personel olumlu deneyimler bildirse de, Talk Club&#039;\u0131n hapishanelerdeki etkisi resmi olarak de\u011ferlendirilmemi\u015ftir.<\/p>\n<p>Bu proje, ICB&#039;nin kayg\u0131 ve depresyonun erken te\u015fhisi ve desteklenmesi konusundaki \u00f6ncelikleriyle uyumludur. Sa\u011fl\u0131k e\u015fitsizlikleriyle m\u00fccadele eder ve y\u00fcksek d\u00fczeyde kar\u015f\u0131lanmam\u0131\u015f ruh sa\u011fl\u0131\u011f\u0131 ihtiya\u00e7lar\u0131 olan bir cezaevi n\u00fcfusuna ula\u015fmak i\u00e7in, sivil toplum kurulu\u015flar\u0131 temelli bir m\u00fcdahale yoluyla iyi sa\u011fl\u0131k ve refah\u0131n temel ta\u015flar\u0131n\u0131 g\u00fc\u00e7lendirir.<\/p>\n<h2><strong>Ara\u015ft\u0131rman\u0131n amac\u0131 nedir?<\/strong><\/h2>\n<p>Gelecekte NIHR taraf\u0131ndan finanse edilecek \u00e7al\u0131\u015fmalar, Talk Club&#039;\u0131n cezaevlerinde nas\u0131l i\u015fledi\u011fini ve kat\u0131lan erkekler ve \u00e7evrelerindekiler (aile, cezaevi personeli) i\u00e7in ne gibi bir fark yaratt\u0131\u011f\u0131n\u0131 inceleyecektir. \u0130ngiltere genelinde farkl\u0131 cezaevi t\u00fcrlerini ve mahkum ge\u00e7mi\u015flerini kapsayan be\u015f ila alt\u0131 cezaevi dahil edilecektir.<\/p>\n<p>Ara\u015ft\u0131rma, Talk Club&#039;a kimlerin kat\u0131ld\u0131\u011f\u0131n\u0131, erkeklerin ne s\u0131kl\u0131kla kat\u0131ld\u0131\u011f\u0131n\u0131 ve bundan ne kadar memnun olduklar\u0131n\u0131 inceleyecektir. Talk Club&#039;a kat\u0131lan erkekler, \u00e7al\u0131\u015fma s\u00fcresi boyunca farkl\u0131 zamanlarda zihinsel sa\u011fl\u0131k, ba\u015fa \u00e7\u0131kma, sosyal destek, yaln\u0131zl\u0131k ve ki\u015fileraras\u0131 beceri geli\u015ftirme konular\u0131nda k\u0131sa anketler doldurmaya davet edilecektir. Ayr\u0131ca, Talk Club&#039;a kat\u0131lmaya devam ettik\u00e7e erkeklerin nas\u0131l hissettiklerindeki de\u011fi\u015fiklikleri incelemek i\u00e7in, her Talk Club \u00f6ncesinde ve sonras\u0131nda zaten kullan\u0131lan &quot;Kendinizi nas\u0131l hissediyorsunuz? 10 \u00fczerinden?&quot; puan\u0131 analiz edilecektir.<\/p>\n<p>Mahkumlarla g\u00f6r\u00fc\u015fmeler yap\u0131larak, Talk Club&#039;a ili\u015fkin deneyimleri, kat\u0131l\u0131m\u0131 kolayla\u015ft\u0131ran veya engelleyen fakt\u00f6rler ve bunun g\u00fcnl\u00fck ya\u015famlar\u0131n\u0131 ve ili\u015fkilerini nas\u0131l etkiledi\u011fi anla\u015f\u0131lacakt\u0131r. Daha geni\u015f g\u00f6r\u00fc\u015fler toplamak i\u00e7in cezaevi personeli ve aile \u00fcyeleriyle de g\u00f6r\u00fc\u015fmeler yap\u0131lacakt\u0131r.<\/p>\n<p>Son olarak, m\u00fcmk\u00fcn olan yerlerde, Talk Club&#039;\u0131n uygulamaya konulmas\u0131ndan \u00f6nce ve sonraki d\u00f6nemlerdeki kal\u0131plar\u0131 incelemek amac\u0131yla, kendine zarar verme, intihar ve ciddi olaylarla ilgili mevcut cezaevi kay\u0131tlar\u0131 g\u00f6zden ge\u00e7irilecektir. Bu \u00e7al\u0131\u015fmalar, Talk Club&#039;\u0131n mevcut cezaevi sa\u011fl\u0131k hizmetleriyle birlikte nas\u0131l i\u015fledi\u011fine ve nas\u0131l geli\u015ftirilebilece\u011fine dair net bir tablo olu\u015fturacakt\u0131r.<\/p>\n<h2><strong>Bu nas\u0131l ba\u015far\u0131lacak?<\/strong><\/h2>\n<ol>\n<li>S\u00fcregelen Kat\u0131l\u0131mc\u0131 ve Payda\u015f \u0130li\u015fkileri: \u00c7al\u0131\u015fma tasar\u0131m\u0131n\u0131 \u015fekillendirmek, \u00e7al\u0131\u015fma materyallerini iyile\u015ftirmek ve pratik veya etik zorluklar\u0131 belirlemek i\u00e7in, topluluk \u00fcyeleri ve mahkumlar da dahil olmak \u00fczere, Talk Club ile do\u011frudan deneyimi olan ki\u015filerin s\u00fcrekli kat\u0131l\u0131m\u0131.<\/li>\n<li>Y\u00f6nlendirme grubu toplant\u0131lar\u0131:\n<ol>\n<li>\u00c7al\u0131\u015fma tasar\u0131m\u0131n\u0131 \u015fekillendirmek, zorluklar\u0131 vurgulamak, toplanan kan\u0131tlar\u0131n cezaevlerinde Talk Club&#039;\u0131n daha geni\u015f \u00e7apl\u0131 uygulanmas\u0131na ili\u015fkin karar verme s\u00fcre\u00e7leri i\u00e7in uygun olmas\u0131n\u0131 sa\u011flamak ve Talk Club&#039;\u0131n denetimli serbestlik hizmetlerinde kullan\u0131m\u0131na ili\u015fkin gelecekteki kararlar\u0131 desteklemek i\u00e7in toplanabilecek bilgileri belirlemek amac\u0131yla cezaevi, denetimli serbestlik ve g\u00f6revlendirme personeli ile i\u015fbirli\u011fi yap\u0131lacakt\u0131r.<\/li>\n<li>Klinik ve g\u00f6revlendirme personeli, Talk Club&#039;\u0131n daha geni\u015f NHS hizmetlerinde (\u00f6rne\u011fin, kronik hastal\u0131klar) kullan\u0131m\u0131na ili\u015fkin gelecekteki kararlar\u0131 desteklemek i\u00e7in toplanabilecek herhangi bir bilgiyi belirleyecektir.<\/li>\n<\/ol>\n<\/li>\n<li>H\u0131zl\u0131 literat\u00fcr taramas\u0131: Cezaevindeki erkeklere y\u00f6nelik ruh sa\u011fl\u0131\u011f\u0131 ve refah deste\u011fi konusunda mevcut ara\u015ft\u0131rmalar\u0131n odaklanm\u0131\u015f bir incelemesi; bu inceleme, halihaz\u0131rda bilinenleri, benzer m\u00fcdahalelerin nas\u0131l de\u011ferlendirildi\u011fini ve \u00f6nemli eksikliklerin nerede kald\u0131\u011f\u0131n\u0131 anlamay\u0131 ama\u00e7lamaktad\u0131r.<\/li>\n<li>Bristol Cezaevi&#039;nde ara\u015ft\u0131rma s\u00fcrecini pilot uygulama olarak ba\u015flat\u0131n:\n<ol>\n<li>Test i\u015fe al\u0131m s\u00fcre\u00e7leri.<\/li>\n<li>Talk Club oturumlar\u0131n\u0131n ama\u00e7land\u0131\u011f\u0131 gibi verilip verilmedi\u011fini de\u011ferlendirmenin yollar\u0131n\u0131 ara\u015ft\u0131r\u0131n; bu kapsamda, verili\u015f tutarl\u0131l\u0131\u011f\u0131n\u0131 kontrol etmenin pratik ve kabul edilebilir yollar\u0131n\u0131 belirleyin.<\/li>\n<li>Sorular\u0131 iyile\u015ftirmek ve ara\u015ft\u0131rma s\u00fcrecindeki pratik ve etik zorluklar\u0131 belirlemek i\u00e7in az say\u0131da mahkumla g\u00f6r\u00fc\u015fme yap\u0131n.<\/li>\n<li>\u00d6nerilen anketlerin uzunlu\u011funu ve anla\u015f\u0131l\u0131rl\u0131\u011f\u0131n\u0131 test edin.<\/li>\n<li>Rutin olarak toplanan \u201cNas\u0131ls\u0131n\u0131z? 10 \u00fczerinden ka\u00e7?\u201d puanlar\u0131n\u0131n ara\u015ft\u0131rma ekibiyle g\u00fcvenli bir \u015fekilde payla\u015f\u0131lmas\u0131 i\u00e7in pratik y\u00f6ntemleri test edin.<\/li>\n<li>Kendine zarar verme, intihar ve ciddi olaylarla ilgili cezaevi kay\u0131tlar\u0131na eri\u015fmenin pratik olup olmad\u0131\u011f\u0131n\u0131 test edin.<\/li>\n<li>NIHR ba\u015fvuru geli\u015ftirme: Y\u00fcksek kaliteli bir NIHR hibe ba\u015fvurusunu iyile\u015ftirmek ve sunmak i\u00e7in ara\u015ft\u0131rma ekibi toplant\u0131lar\u0131 ve yazma s\u00fcresi.<\/li>\n<\/ol>\n<\/li>\n<\/ol>\n<h2><strong>Ara\u015ft\u0131rmay\u0131 kim y\u00fcr\u00fct\u00fcyor?<\/strong><\/h2>\n<p>Bu ara\u015ft\u0131rma, Bat\u0131 \u0130ngiltere \u00dcniversitesi, Bristol, Sa\u011fl\u0131k, Bilim ve Toplum Fak\u00fcltesi, Sosyal Bilimler Okulu&#039;nda Erkek Sa\u011fl\u0131\u011f\u0131 ve Uzun S\u00fcreli Hastal\u0131klar Do\u00e7enti Dr. Caroline Flurey taraf\u0131ndan y\u00fcr\u00fct\u00fclmektedir.<\/p>\n<h2><strong>Daha fazla bilgi<\/strong><\/h2>\n<p>Daha fazla bilgi almak veya bu projeye dahil olmak i\u00e7in l\u00fctfen e-posta g\u00f6nderin.\u00a0<a href=\"mailto:bnssg.research@nhs.net\"><strong>bnssg.research@nhs.net<\/strong><\/a><\/p>\n  <\/div>\r\n  <\/section><\/div><!-- .assembler_text-module.assembler_module.assembler_text-module_1.assembler_module_1..transparent --><\/div><!-- .assembler_module_area.assembler_module_area_1 --><\/div><!-- .assembler_default-group.assembler_module_group.assembler_default-group_1.assembler_module_group_1  -->","protected":false},"excerpt":{"rendered":"<p>Bu proje, ICB&#039;nin kayg\u0131 ve depresyonun erken te\u015fhisi ve desteklenmesi konusundaki \u00f6ncelikleriyle uyumludur. Sa\u011fl\u0131k e\u015fitsizlikleriyle m\u00fccadele eder ve y\u00fcksek d\u00fczeyde kar\u015f\u0131lanmam\u0131\u015f ruh sa\u011fl\u0131\u011f\u0131 ihtiya\u00e7lar\u0131 olan bir cezaevi n\u00fcfusuna ula\u015fmak i\u00e7in, sivil toplum kurulu\u015flar\u0131 temelli bir m\u00fcdahale yoluyla iyi sa\u011fl\u0131k ve refah\u0131n temel ta\u015flar\u0131n\u0131 g\u00fc\u00e7lendirir.<\/p>","protected":false},"author":16,"featured_media":0,"parent":32896,"menu_order":0,"comment_status":"closed","ping_status":"closed","template":"","meta":{"_acf_changed":false,"footnotes":""},"tags":[],"class_list":["post-47297","page","type-page","status-publish","hentry"],"acf":[],"_links":{"self":[{"href":"https:\/\/bnssghealthiertogether.org.uk\/tr\/wp-json\/wp\/v2\/pages\/47297","targetHints":{"allow":["GET"]}}],"collection":[{"href":"https:\/\/bnssghealthiertogether.org.uk\/tr\/wp-json\/wp\/v2\/pages"}],"about":[{"href":"https:\/\/bnssghealthiertogether.org.uk\/tr\/wp-json\/wp\/v2\/types\/page"}],"author":[{"embeddable":true,"href":"https:\/\/bnssghealthiertogether.org.uk\/tr\/wp-json\/wp\/v2\/users\/16"}],"replies":[{"embeddable":true,"href":"https:\/\/bnssghealthiertogether.org.uk\/tr\/wp-json\/wp\/v2\/comments?post=47297"}],"version-history":[{"count":2,"href":"https:\/\/bnssghealthiertogether.org.uk\/tr\/wp-json\/wp\/v2\/pages\/47297\/revisions"}],"predecessor-version":[{"id":47303,"href":"https:\/\/bnssghealthiertogether.org.uk\/tr\/wp-json\/wp\/v2\/pages\/47297\/revisions\/47303"}],"up":[{"embeddable":true,"href":"https:\/\/bnssghealthiertogether.org.uk\/tr\/wp-json\/wp\/v2\/pages\/32896"}],"wp:attachment":[{"href":"https:\/\/bnssghealthiertogether.org.uk\/tr\/wp-json\/wp\/v2\/media?parent=47297"}],"wp:term":[{"taxonomy":"post_tag","embeddable":true,"href":"https:\/\/bnssghealthiertogether.org.uk\/tr\/wp-json\/wp\/v2\/tags?post=47297"}],"curies":[{"name":"wp","href":"https:\/\/api.w.org\/{rel}","templated":true}]}}