{"id":47304,"date":"2026-03-16T14:48:51","date_gmt":"2026-03-16T14:48:51","guid":{"rendered":"https:\/\/bnssghealthiertogether.org.uk\/?page_id=47304"},"modified":"2026-03-16T14:48:51","modified_gmt":"2026-03-16T14:48:51","slug":"pain-cafes-in-lower-socio-economic-regions-of-weston-super-mare-south-bristol-evaluation-development-work","status":"publish","type":"page","link":"https:\/\/bnssghealthiertogether.org.uk\/tr\/integrated-care-board\/research-and-evidence\/our-research-portfolio\/type-2-rcf-funded-projects\/pain-cafes-in-lower-socio-economic-regions-of-weston-super-mare-south-bristol-evaluation-development-work\/","title":{"rendered":"Weston-Super-Mare ve G\u00fcney Bristol&#039;\u00fcn d\u00fc\u015f\u00fck sosyo-ekonomik b\u00f6lgelerindeki Pain Cafe&#039;ler: De\u011ferlendirme geli\u015ftirme \u00e7al\u0131\u015fmalar\u0131"},"content":{"rendered":"<div class=\"assembler_default-group assembler_module_group assembler_default-group_1 assembler_module_group_1\"><div class=\"assembler_module_area assembler_module_area_1\"><div class=\"assembler_text-module assembler_module assembler_text-module_1 assembler_module_1  transparent\"><a tabindex=\"-1\" title=\"Mod\u00fcl-1 ba\u015fl\u0131kl\u0131 b\u00f6l\u00fcm\" id=\"module-1\" href=\"https:\/\/bnssghealthiertogether.org.uk\/tr\/wp-json\/wp\/v2\/pages\/47304\/#module-1\" class=\"anchor\"><span class=\"hidden\">Mod\u00fcl-1 ba\u015fl\u0131kl\u0131 b\u00f6l\u00fcm<\/span><\/a><!-- Template found for text-module - Template: template-text - Matched: _only --><section class=\"w-full mx-auto max-w-content pt-12 sm:pt-24 pb-12 sm:pb-24\">\r\n  <div class=\"entry-content w-full !px-0 max-w-small\">\r\n        <h1>Weston-Super-Mare ve G\u00fcney Bristol&#039;\u00fcn d\u00fc\u015f\u00fck sosyo-ekonomik b\u00f6lgelerindeki Pain Cafe&#039;ler: De\u011ferlendirme geli\u015ftirme \u00e7al\u0131\u015fmalar\u0131<\/h1>\n<h2><strong>Finansman<\/strong><\/h2>\n<p>NHS Bristol, North Somerset ve South Gloucestershire ICB Ara\u015ft\u0131rma Kapasitesi Fonu.<\/p>\n<h2><strong>Sorun nedir?<\/strong><\/h2>\n<p>Birle\u015fik Krall\u0131k&#039;taki yeti\u015fkinlerin neredeyse yar\u0131s\u0131n\u0131 etkileyen kronik a\u011fr\u0131, \u00f6nemli bir sakatl\u0131k ve gelir kayb\u0131 nedenidir. Bu, BNSSG ICB i\u00e7in \u00f6ncelikli bir konudur. Weston-Super-Mare ve G\u00fcney Bristol&#039;\u00fcn d\u00fc\u015f\u00fck sosyo-ekonomik b\u00f6lgelerinde kronik a\u011fr\u0131dan etkilenen insan say\u0131s\u0131n\u0131n daha y\u00fcksek olmas\u0131, bu sorunun topluluklar aras\u0131nda e\u015fit \u015fekilde y\u00f6netilmedi\u011fini g\u00f6stermektedir. Bu durum, daha geni\u015f sa\u011fl\u0131k e\u015fitsizliklerine katk\u0131da bulunmaktad\u0131r. BNSSG&#039;nin sa\u011fl\u0131k e\u015fitsizliklerini azaltma stratejik hedefi do\u011frultusunda, bu ara\u015ft\u0131rma kronik a\u011fr\u0131n\u0131n ilerlemesini ele almay\u0131 \u00f6nermektedir. <em>devre d\u0131\u015f\u0131 b\u0131rakma<\/em> Bu b\u00f6lgelerde kronik a\u011fr\u0131.<\/p>\n<p>A\u011fr\u0131 Kafeleri, kronik a\u011fr\u0131 ya\u015fayan ki\u015filerin yerel, t\u0131bbi olmayan ortamlarda d\u00fczenli olarak bir araya geldi\u011fi, topluluk temelli m\u00fcdahalelerdir. Kolayla\u015ft\u0131r\u0131lm\u0131\u015f oturumlar, ki\u015filere a\u011fr\u0131 deneyimlerini payla\u015fma, pratik ipu\u00e7lar\u0131 \u00f6\u011frenme ve a\u011fr\u0131lar\u0131n\u0131 y\u00f6netme konusunda \u00f6zg\u00fcven kazanma f\u0131rsat\u0131 sunar. A\u011fr\u0131 Kafeleri b\u00f6lge genelinde h\u0131zla yay\u0131l\u0131yor ve i\u015fleyi\u015f bi\u00e7imleri ile sunduklar\u0131 hizmetler a\u00e7\u0131s\u0131ndan farkl\u0131l\u0131k g\u00f6steriyor. Hen\u00fcz a\u011fr\u0131 \u00fczerindeki etkilerinin ne kadar etkili oldu\u011fu konusunda kapsaml\u0131 bir de\u011ferlendirme yap\u0131lmam\u0131\u015ft\u0131r.<\/p>\n<p>A\u011fr\u0131 Kafelerinin, \u00f6zellikle d\u00fc\u015f\u00fck sosyoekonomik b\u00f6lgelerde, engellili\u011fi azaltarak ya\u015fam kalitesini iyile\u015ftirmede ve dolay\u0131s\u0131yla sa\u011fl\u0131k hizmetlerine olan ba\u011f\u0131ml\u0131l\u0131\u011f\u0131 d\u00fc\u015f\u00fcrmede etkili olup olmad\u0131\u011f\u0131n\u0131 \u00f6\u011frenmek istiyoruz.<\/p>\n<h2><strong>Ara\u015ft\u0131rman\u0131n amac\u0131 nedir?<\/strong><\/h2>\n<p>Bunu ba\u015farmak i\u00e7in \u00f6ncelikle Weston-super-Mare ve G\u00fcney Bristol&#039;deki A\u011fr\u0131 Kafelerini de\u011ferlendirmek i\u00e7in yap\u0131land\u0131r\u0131lm\u0131\u015f bir yakla\u015f\u0131m geli\u015ftirmemiz gerekiyor.<\/p>\n<p>\u00c7al\u0131\u015fma \u00fc\u00e7 ana alana odaklanacakt\u0131r. Birincisi, bir A\u011fr\u0131 Kafesini ba\u015far\u0131l\u0131 k\u0131lan unsurlar\u0131, insanlar\u0131n ona nas\u0131l eri\u015fti\u011fini, seanslarda neler oldu\u011funu, nerede d\u00fczenlendi\u011fini ve nas\u0131l sunuldu\u011funu a\u00e7\u0131klayaca\u011f\u0131z. \u0130kincisi, A\u011fr\u0131 Kafelerinin etkili olup olmad\u0131\u011f\u0131n\u0131 anlamak i\u00e7in nelerin \u00f6l\u00e7\u00fclmesi gerekti\u011fine ve bu bilgileri toplamak i\u00e7in en iyi ara\u00e7 ve y\u00f6ntemlerin hangileri oldu\u011funa karar verece\u011fiz. \u00dc\u00e7\u00fcnc\u00fcs\u00fc, kronik a\u011fr\u0131 ya\u015fayan ve \u015fu anda destek almayan ki\u015filere ula\u015fmak ve onlar\u0131 kat\u0131lmaktan al\u0131koyan nedenleri anlamak i\u00e7in yerel, dezavantajl\u0131 topluluklarla \u00e7al\u0131\u015faca\u011f\u0131z.<\/p>\n<p>Bunu yapmak i\u00e7in, bu iki b\u00f6lgedeki mevcut A\u011fr\u0131 Kafelerinin nas\u0131l i\u015fledi\u011fini anlamak amac\u0131yla mevcut kafeleri tan\u0131mlayaca\u011f\u0131z. Hangi bilgilerin toplanmas\u0131 gerekti\u011fine ve nas\u0131l toplanmas\u0131 gerekti\u011fine karar vermeye yard\u0131mc\u0131 olmak i\u00e7in, a\u011fr\u0131 deneyimi ya\u015fam\u0131\u015f ki\u015filer, A\u011fr\u0131 Kafesi kolayla\u015ft\u0131r\u0131c\u0131lar\u0131 ve yerel pratisyen hekimlerden olu\u015fan bir dan\u0131\u015fma grubu kuraca\u011f\u0131z. Ayr\u0131ca, A\u011fr\u0131 Kafelerinin ihtiya\u00e7lar\u0131n\u0131 daha iyi kar\u015f\u0131layabilmesi i\u00e7in, dezavantajl\u0131 topluluklar\u0131n g\u00fcvenilir \u00fcyeleriyle de \u00e7al\u0131\u015farak onlar\u0131n deneyimlerini anlamaya \u00e7al\u0131\u015faca\u011f\u0131z.<\/p>\n<h2><strong>Bu nas\u0131l ba\u015far\u0131lacak?<\/strong><\/h2>\n<p>Bu RCF geli\u015ftirme \u00e7al\u0131\u015fmas\u0131, A\u011fr\u0131 Kafelerini do\u011fru bir \u015fekilde de\u011ferlendirmek i\u00e7in kullan\u0131labilecek yap\u0131land\u0131r\u0131lm\u0131\u015f bir de\u011ferlendirme paketi sa\u011flayacakt\u0131r. Bu \u00e7al\u0131\u015fmaya, yetersiz hizmet alan topluluklarda kronik a\u011fr\u0131 ya\u015fayan ki\u015filerin g\u00f6r\u00fc\u015fleri de katk\u0131da bulunacakt\u0131r. Bir sonraki a\u015fama, de\u011ferlendirme yakla\u015f\u0131m\u0131n\u0131n farkl\u0131 topluluk ortamlar\u0131nda, \u00f6zellikle daha y\u00fcksek yoksunluk ve sa\u011fl\u0131k hizmetlerine d\u00fc\u015f\u00fck kat\u0131l\u0131m\u0131n oldu\u011fu b\u00f6lgelerde sunulan A\u011fr\u0131 Kafelerinde uygulanabilir ve kabul edilebilir olup olmad\u0131\u011f\u0131n\u0131 test etmek i\u00e7in gelecekte yap\u0131lacak bir NIHR RfPB ba\u015fvurusudur. Bu uygulanabilirlik \u00e7al\u0131\u015fmas\u0131n\u0131n sonu\u00e7lar\u0131, hem de\u011ferlendirme ara\u00e7lar\u0131nda hem de A\u011fr\u0131 Kafelerinin sunulma bi\u00e7iminde iyile\u015ftirmelere yol a\u00e7acakt\u0131r.<\/p>\n<p>Bu \u00e7al\u0131\u015fman\u0131n uzun vadeli amac\u0131, NIHR Sa\u011fl\u0131k Hizmetleri ve Sunum Ara\u015ft\u0131rmalar\u0131 (HSDR) hibesine ba\u015fvurmakt\u0131r. Bu hibe, A\u011fr\u0131 Kafelerinin ya\u015fam kalitesini iyile\u015ftirme, engellili\u011fi azaltma ve sa\u011fl\u0131k hizmetlerine ba\u011f\u0131ml\u0131l\u0131\u011f\u0131 d\u00fc\u015f\u00fcrme konusunda etkili olup olmad\u0131\u011f\u0131n\u0131 sa\u011flam bir \u015fekilde test etmek i\u00e7in tam \u00f6l\u00e7ekli bir deneyi destekleyecektir. Deney ayr\u0131ca, hangi gruplar\u0131n A\u011fr\u0131 Kafelerinden en \u00e7ok fayda sa\u011flad\u0131\u011f\u0131n\u0131 da ara\u015ft\u0131racak ve bu t\u00fcr deste\u011fin nerede ve kimler i\u00e7in en de\u011ferli oldu\u011funu anlamalar\u0131na yard\u0131mc\u0131 olacakt\u0131r.<\/p>\n<h2><strong>Ara\u015ft\u0131rmay\u0131 kim y\u00fcr\u00fct\u00fcyor?<\/strong><\/h2>\n<p>Bu ara\u015ft\u0131rma, Bat\u0131 \u0130ngiltere \u00dcniversitesi Kronik A\u011fr\u0131 Sa\u011fl\u0131k Entegrasyon Ekibi (HIT) E\u015f Direkt\u00f6r\u00fc ve Klinik Ara\u015ft\u0131rmalar Do\u00e7enti ve Bath Ulusal A\u011fr\u0131 Merkezi, Royal United Hospitals NHS Trust, Bath&#039;ta Ba\u015f Klinik Ara\u015ft\u0131rma Meslek Terapisti olan Dr. Jenny Lewis taraf\u0131ndan y\u00fcr\u00fct\u00fclmektedir.<\/p>\n<h2><strong>Daha fazla bilgi<\/strong><\/h2>\n<p>Daha fazla bilgi almak veya bu projeye dahil olmak i\u00e7in l\u00fctfen e-posta g\u00f6nderin.\u00a0<a href=\"mailto:bnssg.research@nhs.net\"><strong>bnssg.research@nhs.net<\/strong><\/a><\/p>\n  <\/div>\r\n  <\/section><\/div><!-- .assembler_text-module.assembler_module.assembler_text-module_1.assembler_module_1..transparent --><\/div><!-- .assembler_module_area.assembler_module_area_1 --><\/div><!-- .assembler_default-group.assembler_module_group.assembler_default-group_1.assembler_module_group_1  -->","protected":false},"excerpt":{"rendered":"<p>A\u011fr\u0131 Kafelerinin, \u00f6zellikle d\u00fc\u015f\u00fck sosyoekonomik b\u00f6lgelerde, engellili\u011fi azaltarak ya\u015fam kalitesini iyile\u015ftirmede ve dolay\u0131s\u0131yla sa\u011fl\u0131k hizmetlerine olan ba\u011f\u0131ml\u0131l\u0131\u011f\u0131 d\u00fc\u015f\u00fcrmede etkili olup olmad\u0131\u011f\u0131n\u0131 \u00f6\u011frenmek istiyoruz.<\/p>","protected":false},"author":16,"featured_media":0,"parent":32896,"menu_order":0,"comment_status":"closed","ping_status":"closed","template":"","meta":{"_acf_changed":false,"footnotes":""},"tags":[],"class_list":["post-47304","page","type-page","status-publish","hentry"],"acf":[],"_links":{"self":[{"href":"https:\/\/bnssghealthiertogether.org.uk\/tr\/wp-json\/wp\/v2\/pages\/47304","targetHints":{"allow":["GET"]}}],"collection":[{"href":"https:\/\/bnssghealthiertogether.org.uk\/tr\/wp-json\/wp\/v2\/pages"}],"about":[{"href":"https:\/\/bnssghealthiertogether.org.uk\/tr\/wp-json\/wp\/v2\/types\/page"}],"author":[{"embeddable":true,"href":"https:\/\/bnssghealthiertogether.org.uk\/tr\/wp-json\/wp\/v2\/users\/16"}],"replies":[{"embeddable":true,"href":"https:\/\/bnssghealthiertogether.org.uk\/tr\/wp-json\/wp\/v2\/comments?post=47304"}],"version-history":[{"count":2,"href":"https:\/\/bnssghealthiertogether.org.uk\/tr\/wp-json\/wp\/v2\/pages\/47304\/revisions"}],"predecessor-version":[{"id":47306,"href":"https:\/\/bnssghealthiertogether.org.uk\/tr\/wp-json\/wp\/v2\/pages\/47304\/revisions\/47306"}],"up":[{"embeddable":true,"href":"https:\/\/bnssghealthiertogether.org.uk\/tr\/wp-json\/wp\/v2\/pages\/32896"}],"wp:attachment":[{"href":"https:\/\/bnssghealthiertogether.org.uk\/tr\/wp-json\/wp\/v2\/media?parent=47304"}],"wp:term":[{"taxonomy":"post_tag","embeddable":true,"href":"https:\/\/bnssghealthiertogether.org.uk\/tr\/wp-json\/wp\/v2\/tags?post=47304"}],"curies":[{"name":"wp","href":"https:\/\/api.w.org\/{rel}","templated":true}]}}