{"id":47323,"date":"2026-03-16T15:11:56","date_gmt":"2026-03-16T15:11:56","guid":{"rendered":"https:\/\/bnssghealthiertogether.org.uk\/?page_id=47323"},"modified":"2026-03-16T15:11:56","modified_gmt":"2026-03-16T15:11:56","slug":"experiences-of-hrt-prescribing-in-the-perimenopause","status":"publish","type":"page","link":"https:\/\/bnssghealthiertogether.org.uk\/tr\/integrated-care-board\/research-and-evidence\/our-research-portfolio\/type-1-rcf-funded-projects\/experiences-of-hrt-prescribing-in-the-perimenopause\/","title":{"rendered":"Perimenopoz d\u00f6neminde HRT re\u00e7eteleme deneyimleri"},"content":{"rendered":"<div class=\"assembler_default-group assembler_module_group assembler_default-group_1 assembler_module_group_1\"><div class=\"assembler_module_area assembler_module_area_1\"><div class=\"assembler_text-module assembler_module assembler_text-module_1 assembler_module_1  transparent\"><a tabindex=\"-1\" title=\"Mod\u00fcl-1 ba\u015fl\u0131kl\u0131 b\u00f6l\u00fcm\" id=\"module-1\" href=\"https:\/\/bnssghealthiertogether.org.uk\/tr\/wp-json\/wp\/v2\/pages\/47323\/#module-1\" class=\"anchor\"><span class=\"hidden\">Mod\u00fcl-1 ba\u015fl\u0131kl\u0131 b\u00f6l\u00fcm<\/span><\/a><!-- Template found for text-module - Template: template-text - Matched: _only --><section class=\"w-full mx-auto max-w-content pt-12 sm:pt-24 pb-12 sm:pb-24\">\r\n  <div class=\"entry-content w-full !px-0 max-w-small\">\r\n        <h1>Perimenopoz d\u00f6neminde HRT re\u00e7eteleme deneyimleri<\/h1>\n<h2><strong>Finansman<\/strong><\/h2>\n<p>BNSSG ICB Ara\u015ft\u0131rma Kapasitesi Geli\u015ftirme Fonu.<\/p>\n<h2><strong>Ara\u015ft\u0131rmay\u0131 Kim Y\u00f6netiyor?<\/strong><\/h2>\n<p>Ara\u015ft\u0131rma, Pratisyen Hekim Dr. Victoria Pitts taraf\u0131ndan y\u00fcr\u00fct\u00fclmektedir<\/p>\n<p>Bu ara\u015ft\u0131rma hizmet odakl\u0131d\u0131r, Dr. Pitts, Downtown Road Surgery adl\u0131 muayenehanesinde menopoz bak\u0131m\u0131n\u0131 iyile\u015ftirmeye odaklanan bir BNSSG Sa\u011fl\u0131k E\u015fitsizlikleri bursu ile \u00f6d\u00fcllendirilmi\u015ftir.<\/p>\n<h2><strong>Daha Fazla Bilgi<\/strong><\/h2>\n<p>Daha fazla bilgi almak veya bu projeye dahil olmak i\u00e7in l\u00fctfen ileti\u015fime ge\u00e7in. <a href=\"mailto:bnssg.research@nhs.net\">bnssg.research@nhs.net<\/a>.<\/p>\n  <\/div>\r\n  <\/section><\/div><!-- .assembler_text-module.assembler_module.assembler_text-module_1.assembler_module_1..transparent --><\/div><!-- .assembler_module_area.assembler_module_area_1 --><\/div><!-- .assembler_default-group.assembler_module_group.assembler_default-group_1.assembler_module_group_1  -->","protected":false},"excerpt":{"rendered":"<p>Bu ara\u015ft\u0131rma hizmet odakl\u0131d\u0131r, Dr. Pitts, Downtown Road Surgery adl\u0131 muayenehanesinde menopoz bak\u0131m\u0131n\u0131 iyile\u015ftirmeye odaklanan bir BNSSG Sa\u011fl\u0131k E\u015fitsizlikleri bursu ile \u00f6d\u00fcllendirilmi\u015ftir.<\/p>","protected":false},"author":16,"featured_media":0,"parent":32894,"menu_order":0,"comment_status":"closed","ping_status":"closed","template":"","meta":{"_acf_changed":false,"footnotes":""},"tags":[],"class_list":["post-47323","page","type-page","status-publish","hentry"],"acf":[],"_links":{"self":[{"href":"https:\/\/bnssghealthiertogether.org.uk\/tr\/wp-json\/wp\/v2\/pages\/47323","targetHints":{"allow":["GET"]}}],"collection":[{"href":"https:\/\/bnssghealthiertogether.org.uk\/tr\/wp-json\/wp\/v2\/pages"}],"about":[{"href":"https:\/\/bnssghealthiertogether.org.uk\/tr\/wp-json\/wp\/v2\/types\/page"}],"author":[{"embeddable":true,"href":"https:\/\/bnssghealthiertogether.org.uk\/tr\/wp-json\/wp\/v2\/users\/16"}],"replies":[{"embeddable":true,"href":"https:\/\/bnssghealthiertogether.org.uk\/tr\/wp-json\/wp\/v2\/comments?post=47323"}],"version-history":[{"count":2,"href":"https:\/\/bnssghealthiertogether.org.uk\/tr\/wp-json\/wp\/v2\/pages\/47323\/revisions"}],"predecessor-version":[{"id":47325,"href":"https:\/\/bnssghealthiertogether.org.uk\/tr\/wp-json\/wp\/v2\/pages\/47323\/revisions\/47325"}],"up":[{"embeddable":true,"href":"https:\/\/bnssghealthiertogether.org.uk\/tr\/wp-json\/wp\/v2\/pages\/32894"}],"wp:attachment":[{"href":"https:\/\/bnssghealthiertogether.org.uk\/tr\/wp-json\/wp\/v2\/media?parent=47323"}],"wp:term":[{"taxonomy":"post_tag","embeddable":true,"href":"https:\/\/bnssghealthiertogether.org.uk\/tr\/wp-json\/wp\/v2\/tags?post=47323"}],"curies":[{"name":"wp","href":"https:\/\/api.w.org\/{rel}","templated":true}]}}