{"id":5884,"date":"2023-05-30T15:10:58","date_gmt":"2023-05-30T14:10:58","guid":{"rendered":"https:\/\/bnssghealthiertogether.org.uk\/?page_id=5884"},"modified":"2025-01-29T21:53:58","modified_gmt":"2025-01-29T21:53:58","slug":"your-pathway-home","status":"publish","type":"page","link":"https:\/\/bnssghealthiertogether.org.uk\/tr\/your-health\/home-first\/your-pathway-home\/","title":{"rendered":"\u00d6nce Ev: Evinize giden yol"},"content":{"rendered":"<div class=\"assembler_default-group assembler_module_group assembler_default-group_1 assembler_module_group_1\"><div class=\"assembler_module_area assembler_module_area_1\"><div class=\"assembler_table-of-contents-module assembler_module assembler_table-of-contents-module_1 assembler_module_1  transparent\"><a tabindex=\"-1\" title=\"Mod\u00fcl-1 ba\u015fl\u0131kl\u0131 b\u00f6l\u00fcm\" id=\"module-1\" href=\"https:\/\/bnssghealthiertogether.org.uk\/tr\/wp-json\/wp\/v2\/pages\/5884\/#module-1\" class=\"anchor\"><span class=\"hidden\">Mod\u00fcl-1 ba\u015fl\u0131kl\u0131 b\u00f6l\u00fcm<\/span><\/a><!-- Template found for table-of-contents-module - Template: template-table-of-contents - Matched: _only -->\r\n<section class=\"w-full mx-auto max-w-content border-b border-pale-grey pt-6 sm:pt-12 pb-3 sm:pb-6\">\r\n    <div class=\"entry-content w-full\">\r\n    <h1>\u00d6nce Ev<\/h1>\n<p>\u0130\u00e7indekiler<\/p>\n    <div class=\"navigation-list\">\r\n                    <ul>\r\n                      <li class=\"text-sm\">\r\n                              <a href=\"https:\/\/bnssghealthiertogether.org.uk\/tr\/your-health\/home-first\/\" class=\"text-sm underline-offset-4 font-normal hover:!underline-4\">\r\n                                                                Neden \u00d6nce Ev?                                <\/a>\r\n                          <\/li>\r\n                                <li class=\"text-sm\">\r\n                              <a href=\"https:\/\/bnssghealthiertogether.org.uk\/tr\/your-health\/home-first\/nhs-home\/\" class=\"text-sm underline-offset-4 font-normal hover:!underline-4\">\r\n                                                                NHS@Home                                <\/a>\r\n                          <\/li>\r\n                      <li class=\"text-sm\">\r\n                                                              Eve giden yolunuz                            <\/li>\r\n                  <\/ul>\r\n          <\/div>\r\n  <\/div>\r\n<\/section><\/div><!-- .assembler_table-of-contents-module.assembler_module.assembler_table-of-contents-module_1.assembler_module_1..transparent --><div class=\"assembler_text-module assembler_module assembler_text-module_2 assembler_module_2  transparent\"><a tabindex=\"-1\" title=\"Mod\u00fcl-2 ba\u015fl\u0131kl\u0131 b\u00f6l\u00fcm\" id=\"module-2\" href=\"https:\/\/bnssghealthiertogether.org.uk\/tr\/wp-json\/wp\/v2\/pages\/5884\/#module-2\" class=\"anchor\"><span class=\"hidden\">Mod\u00fcl-2 ba\u015fl\u0131kl\u0131 b\u00f6l\u00fcm<\/span><\/a><!-- Template found for text-module - Template: template-text - Matched: _only --><section class=\"w-full mx-auto max-w-content pt-3 sm:pt-6 pb-3 sm:pb-6\">\r\n  <div class=\"entry-content w-full !px-0 max-w-small\">\r\n        <h1>Eve giden yolunuz<\/h1>\n  <\/div>\r\n  <\/section><\/div><!-- .assembler_text-module.assembler_module.assembler_text-module_2.assembler_module_2..transparent --><div class=\"assembler_text-module assembler_module assembler_text-module_3 assembler_module_3  transparent\"><a tabindex=\"-1\" title=\"Mod\u00fcl-3 ba\u015fl\u0131kl\u0131 b\u00f6l\u00fcm\" id=\"module-3\" href=\"https:\/\/bnssghealthiertogether.org.uk\/tr\/wp-json\/wp\/v2\/pages\/5884\/#module-3\" class=\"anchor\"><span class=\"hidden\">Mod\u00fcl-3 ba\u015fl\u0131kl\u0131 b\u00f6l\u00fcm<\/span><\/a><!-- Template found for text-module - Template: template-text - Matched: _only --><section class=\"w-full mx-auto max-w-content pt-3 sm:pt-6 pb-3 sm:pb-6\">\r\n  <div class=\"entry-content w-full !px-0 max-w-small\">\r\n        <p>\u00d6nceli\u011fimiz daha iyi olman\u0131za yard\u0131mc\u0131 olmak ve art\u0131k bak\u0131ma ihtiyac\u0131n\u0131z kalmad\u0131\u011f\u0131nda hastaneden ayr\u0131lman\u0131za destek olmakt\u0131r. \u0130nsanlar\u0131n en iyi yo\u011fun hastane ortam\u0131ndan uzakta, ideal olarak ev dedikleri yerde iyile\u015ftiklerini biliyoruz.<\/p>\n<p>\u0130nsanlar evde kendileri i\u00e7in daha fazlas\u0131n\u0131 yap\u0131yor ve tan\u0131d\u0131k bir \u00e7evrede aktif kal\u0131yorlar. \u0130nsanlar bize arkada\u015flar\u0131n\u0131n, ailelerinin ve her zamanki ev konforlar\u0131n\u0131n aras\u0131nda daha iyi uyuduklar\u0131n\u0131 ve daha iyi bir ruh haline sahip olduklar\u0131n\u0131 s\u00f6yl\u00fcyor.<\/p>\n<p>Hastanede gere\u011finden uzun s\u00fcre kalman\u0131n ba\u011f\u0131ms\u0131zl\u0131\u011f\u0131 ve g\u00fcveni azaltt\u0131\u011f\u0131, kas kayb\u0131na yol a\u00e7t\u0131\u011f\u0131 ve enfeksiyon, bas\u0131 yaras\u0131 ve inkontinans riskini art\u0131rd\u0131\u011f\u0131 g\u00f6sterilmi\u015ftir.<\/p>\n<p>Art\u0131k hastane bak\u0131m\u0131na ihtiyac\u0131n\u0131z kalmad\u0131\u011f\u0131nda ayr\u0131lmak sadece sizin i\u00e7in en iyisi olmakla kalmaz, ayn\u0131 zamanda hastane bak\u0131m\u0131na ihtiya\u00e7 duyanlar i\u00e7in yatak bulunmas\u0131na da yard\u0131mc\u0131 olur.<\/p>\n<p>Hastane ekibiniz sizinle birlikte taburculu\u011funuzu planlamaya ba\u015flam\u0131\u015f olabilir. Biz yapaca\u011f\u0131z<br \/>\nSize, ailenize ve bak\u0131c\u0131lar\u0131n\u0131za eve d\u00f6n\u00fc\u015fle ilgili d\u00fc\u015f\u00fcncelerinizi ve isteklerinizi sorun ve bunlar\u0131 toplum ortaklar\u0131yla payla\u015f\u0131n, b\u00f6ylece sizin i\u00e7in m\u00fcmk\u00fcn olan en iyi d\u00fczenlemeleri yapabilelim.<\/p>\n<h2>Biraz daha deste\u011fe ihtiyac\u0131n\u0131z varsa<\/h2>\n<p>\u00c7o\u011fu ki\u015fi i\u00e7in eve d\u00f6n\u00fc\u015f\u00fcn ilk g\u00fcnlerinde aile ve arkada\u015flardan destek almak yeterli olacakt\u0131r. Bunu sizinle konu\u015faca\u011f\u0131z ve ihtiya\u00e7 duyman\u0131z halinde size ekstra destek sa\u011flayabilecek g\u00f6n\u00fcll\u00fc sekt\u00f6r ortaklar\u0131n\u0131n ayr\u0131nt\u0131lar\u0131n\u0131 verebiliriz.<\/p>\n<p>Arkada\u015flar\u0131n\u0131z\u0131n ve ailenizin sa\u011flayabilece\u011finden daha fazla deste\u011fe ihtiyac\u0131n\u0131z varsa, hastaneden ayr\u0131lmak i\u00e7in \u2018yollar\u2019 olarak bilinen farkl\u0131 yollar vard\u0131r. Sizinle ilgilenen ekip, bireysel ihtiya\u00e7lar\u0131n\u0131za ve ko\u015fullar\u0131n\u0131za g\u00f6re sizin i\u00e7in hangisinin do\u011fru oldu\u011funu de\u011ferlendirecektir. Ba\u011flant\u0131 \u00c7al\u0131\u015fanlar\u0131 hizmetimiz arac\u0131l\u0131\u011f\u0131yla da size destek sunulabilir.<\/p>\n<p><a href=\"https:\/\/bnssghealthiertogether.org.uk\/tr\/your-health\/home-first\/your-pathway-home\/recovery-and-rehab-at-home\/\">Yol 1: Evde iyile\u015fme ve rehabilitasyon:<\/a> Rehabilitasyonunuza ve iyile\u015fmenize devam etmek i\u00e7in toplum terapistlerinden ve di\u011ferlerinden destek alarak evinize d\u00f6nersiniz.<\/p>\n<p><a href=\"https:\/\/bnssghealthiertogether.org.uk\/tr\/your-health\/home-first\/your-pathway-home\/rehab-to-home\/\">Yol 2: Evde rehabilitasyon:<\/a> Ev dedi\u011finiz yere d\u00f6nmeden \u00f6nce rehabilitasyonunuza ve iyile\u015fmenize devam etmek i\u00e7in bir toplum rehabilitasyon yata\u011f\u0131na transfer edilirsiniz.<\/p>\n<p><a href=\"https:\/\/bnssghealthiertogether.org.uk\/tr\/your-health\/home-first\/your-pathway-home\/community-bed\/\">Yol 3: Toplum yata\u011f\u0131<\/a><span style=\"font-size: 1.125rem;\">: Uzun vadeli bak\u0131m ihtiya\u00e7lar\u0131n\u0131z\u0131n de\u011ferlendirilebilece\u011fi ve bunlar\u0131 kar\u015f\u0131lamak i\u00e7in d\u00fczenlemelerin yap\u0131labilece\u011fi bir toplum yata\u011f\u0131na transfer edilirsiniz.<\/span><\/p>\n<p><a href=\"https:\/\/bnssghealthiertogether.org.uk\/tr\/your-health\/home-first\/your-pathway-home\/link-workers\/\">Ba\u011flant\u0131 \u00c7al\u0131\u015fanlar\u0131 ve di\u011fer destekler<\/a>: Ba\u011flant\u0131 \u00c7al\u0131\u015fanlar\u0131, yerel hastanelerimizde bulunan ba\u011f\u0131ms\u0131z destek \u00e7al\u0131\u015fanlar\u0131d\u0131r. Taburcu edilmeden \u00f6nce sizinle konu\u015fabilir ve evde ba\u011f\u0131ms\u0131zl\u0131\u011f\u0131n\u0131z ve refah\u0131n\u0131z i\u00e7in \u00f6nerilerde bulunabilirler. Daha sonra da size yard\u0131mc\u0131 olabilecek toplum kurulu\u015flar\u0131 ve kurumlarla ba\u011flant\u0131 kurabilirler.<\/p>\n<p>Eve d\u00f6n\u00fc\u015f yolunuzda kar\u015f\u0131la\u015fabilece\u011finiz farkl\u0131 sa\u011fl\u0131k ve bak\u0131m uzmanlar\u0131 hakk\u0131nda daha fazla bilgi edinmek i\u00e7in <a href=\"https:\/\/bnssghealthiertogether.org.uk\/tr\/our-work\/discharge-to-assess\/whos-who-and-what-they-do\/\">personel vaka \u00e7ali\u015fmalari.<\/a><\/p>\n  <\/div>\r\n  <\/section><\/div><!-- .assembler_text-module.assembler_module.assembler_text-module_3.assembler_module_3..transparent --><\/div><!-- .assembler_module_area.assembler_module_area_1 --><\/div><!-- .assembler_default-group.assembler_module_group.assembler_default-group_1.assembler_module_group_1  -->","protected":false},"excerpt":{"rendered":"<p>We know that people recover best away from the busy hospital environment, ideally in the place they call home.<\/p>","protected":false},"author":7,"featured_media":0,"parent":5881,"menu_order":0,"comment_status":"closed","ping_status":"closed","template":"","meta":{"_acf_changed":false,"footnotes":""},"tags":[],"class_list":["post-5884","page","type-page","status-publish","hentry"],"acf":[],"_links":{"self":[{"href":"https:\/\/bnssghealthiertogether.org.uk\/tr\/wp-json\/wp\/v2\/pages\/5884","targetHints":{"allow":["GET"]}}],"collection":[{"href":"https:\/\/bnssghealthiertogether.org.uk\/tr\/wp-json\/wp\/v2\/pages"}],"about":[{"href":"https:\/\/bnssghealthiertogether.org.uk\/tr\/wp-json\/wp\/v2\/types\/page"}],"author":[{"embeddable":true,"href":"https:\/\/bnssghealthiertogether.org.uk\/tr\/wp-json\/wp\/v2\/users\/7"}],"replies":[{"embeddable":true,"href":"https:\/\/bnssghealthiertogether.org.uk\/tr\/wp-json\/wp\/v2\/comments?post=5884"}],"version-history":[{"count":17,"href":"https:\/\/bnssghealthiertogether.org.uk\/tr\/wp-json\/wp\/v2\/pages\/5884\/revisions"}],"predecessor-version":[{"id":36647,"href":"https:\/\/bnssghealthiertogether.org.uk\/tr\/wp-json\/wp\/v2\/pages\/5884\/revisions\/36647"}],"up":[{"embeddable":true,"href":"https:\/\/bnssghealthiertogether.org.uk\/tr\/wp-json\/wp\/v2\/pages\/5881"}],"wp:attachment":[{"href":"https:\/\/bnssghealthiertogether.org.uk\/tr\/wp-json\/wp\/v2\/media?parent=5884"}],"wp:term":[{"taxonomy":"post_tag","embeddable":true,"href":"https:\/\/bnssghealthiertogether.org.uk\/tr\/wp-json\/wp\/v2\/tags?post=5884"}],"curies":[{"name":"wp","href":"https:\/\/api.w.org\/{rel}","templated":true}]}}