{"id":677,"date":"2022-11-28T11:16:58","date_gmt":"2022-11-28T11:16:58","guid":{"rendered":"https:\/\/bnssghealthiertogether.org.uk\/?page_id=677"},"modified":"2026-04-08T15:36:30","modified_gmt":"2026-04-08T14:36:30","slug":"covid-vaccination","status":"publish","type":"page","link":"https:\/\/bnssghealthiertogether.org.uk\/tr\/vaccination\/covid-vaccination\/","title":{"rendered":"COVID-19 a\u015f\u0131s\u0131"},"content":{"rendered":"<div class=\"assembler_default-group assembler_module_group assembler_default-group_1 assembler_module_group_1\"><div class=\"assembler_module_area assembler_module_area_1\"><div class=\"assembler_info-module assembler_module assembler_info-module_1 assembler_module_1  relative z-10 text-white transparent\"><a tabindex=\"-1\" title=\"Mod\u00fcl-1 ba\u015fl\u0131kl\u0131 b\u00f6l\u00fcm\" id=\"module-1\" href=\"https:\/\/bnssghealthiertogether.org.uk\/tr\/wp-json\/wp\/v2\/pages\/677\/#module-1\" class=\"anchor\"><span class=\"hidden\">Mod\u00fcl-1 ba\u015fl\u0131kl\u0131 b\u00f6l\u00fcm<\/span><\/a><!-- Template found for info-module - Template: template-info - Matched: _only --><section>\n  <div class=\"w-full max-w-content mx-auto text-center py-8 md:py-9 flex flex-col md:flex-row justify-center items-center gap-8 md:gap-20 font-bold text-xl\">\n    <div class=\"md:text-2xl\">Discover more ways to stay well this winter<\/div>\n          <a class=\"btn-tertiary\" href=\"https:\/\/bnssghealthiertogether.org.uk\/tr\/stay-well-this-winter\/\" >Bu K\u0131\u015f \u0130yi Kal\u0131n<\/a>\n      <\/div>\n<\/section>      <picture  class=\"no-lazy\">\n                    <source media=\"(min-width: 640px)\" srcset=\"https:\/\/bnssghealthiertogether.org.uk\/wp-content\/uploads\/2025\/10\/Stay-Well-This-Winter-child-page-banner-1024x387.png.webp 1024w, https:\/\/bnssghealthiertogether.org.uk\/wp-content\/uploads\/2025\/10\/Stay-Well-This-Winter-child-page-banner-300x113.png.webp 300w, https:\/\/bnssghealthiertogether.org.uk\/wp-content\/uploads\/2025\/10\/Stay-Well-This-Winter-child-page-banner-768x290.png.webp 768w, https:\/\/bnssghealthiertogether.org.uk\/wp-content\/uploads\/2025\/10\/Stay-Well-This-Winter-child-page-banner-1536x580.png.webp 1536w, https:\/\/bnssghealthiertogether.org.uk\/wp-content\/uploads\/2025\/10\/Stay-Well-This-Winter-child-page-banner-1320x498.png.webp 1320w, https:\/\/bnssghealthiertogether.org.uk\/wp-content\/uploads\/2025\/10\/Stay-Well-This-Winter-child-page-banner.png.webp 2048w\" type=\"image\/webp\">\n                    <source media=\"(min-width: 640px)\" srcset=\"https:\/\/bnssghealthiertogether.org.uk\/wp-content\/uploads\/2025\/10\/Stay-Well-This-Winter-child-page-banner-1024x387.png 1024w, https:\/\/bnssghealthiertogether.org.uk\/wp-content\/uploads\/2025\/10\/Stay-Well-This-Winter-child-page-banner-300x113.png 300w, https:\/\/bnssghealthiertogether.org.uk\/wp-content\/uploads\/2025\/10\/Stay-Well-This-Winter-child-page-banner-768x290.png 768w, https:\/\/bnssghealthiertogether.org.uk\/wp-content\/uploads\/2025\/10\/Stay-Well-This-Winter-child-page-banner-1536x580.png 1536w, https:\/\/bnssghealthiertogether.org.uk\/wp-content\/uploads\/2025\/10\/Stay-Well-This-Winter-child-page-banner-1320x498.png 1320w, https:\/\/bnssghealthiertogether.org.uk\/wp-content\/uploads\/2025\/10\/Stay-Well-This-Winter-child-page-banner.png 2048w\" type=\"image\/png\">\n                    <source media=\"(min-width: 0px)\" srcset=\"https:\/\/bnssghealthiertogether.org.uk\/wp-content\/uploads\/2025\/10\/Stay-Well-This-Winter-child-page-banner-300x113.png.webp 300w, https:\/\/bnssghealthiertogether.org.uk\/wp-content\/uploads\/2025\/10\/Stay-Well-This-Winter-child-page-banner-1024x387.png.webp 1024w, https:\/\/bnssghealthiertogether.org.uk\/wp-content\/uploads\/2025\/10\/Stay-Well-This-Winter-child-page-banner-768x290.png.webp 768w, https:\/\/bnssghealthiertogether.org.uk\/wp-content\/uploads\/2025\/10\/Stay-Well-This-Winter-child-page-banner-1536x580.png.webp 1536w, https:\/\/bnssghealthiertogether.org.uk\/wp-content\/uploads\/2025\/10\/Stay-Well-This-Winter-child-page-banner-1320x498.png.webp 1320w, https:\/\/bnssghealthiertogether.org.uk\/wp-content\/uploads\/2025\/10\/Stay-Well-This-Winter-child-page-banner.png.webp 2048w\" type=\"image\/webp\">\n                    <source media=\"(min-width: 0px)\" srcset=\"https:\/\/bnssghealthiertogether.org.uk\/wp-content\/uploads\/2025\/10\/Stay-Well-This-Winter-child-page-banner-300x113.png 300w, https:\/\/bnssghealthiertogether.org.uk\/wp-content\/uploads\/2025\/10\/Stay-Well-This-Winter-child-page-banner-1024x387.png 1024w, https:\/\/bnssghealthiertogether.org.uk\/wp-content\/uploads\/2025\/10\/Stay-Well-This-Winter-child-page-banner-768x290.png 768w, https:\/\/bnssghealthiertogether.org.uk\/wp-content\/uploads\/2025\/10\/Stay-Well-This-Winter-child-page-banner-1536x580.png 1536w, https:\/\/bnssghealthiertogether.org.uk\/wp-content\/uploads\/2025\/10\/Stay-Well-This-Winter-child-page-banner-1320x498.png 1320w, https:\/\/bnssghealthiertogether.org.uk\/wp-content\/uploads\/2025\/10\/Stay-Well-This-Winter-child-page-banner.png 2048w\" type=\"image\/png\">\n                          <img decoding=\"async\" src=\"https:\/\/bnssghealthiertogether.org.uk\/wp-content\/uploads\/2025\/10\/Stay-Well-This-Winter-child-page-banner-300x113.png\" width=\"300\"  height=\"113\"  alt=\"\"   class=\"absolute inset-0 -z-10 w-full h-full transparent object-cover object-right-top  no-lazy\" \/>\n              <\/picture>\n    <\/div><!-- .assembler_info-module.assembler_module.assembler_info-module_1.assembler_module_1..relative z-10.text-white transparent --><div class=\"assembler_table-of-contents-module assembler_module assembler_table-of-contents-module_2 assembler_module_2  transparent\"><a tabindex=\"-1\" title=\"Mod\u00fcl-2 ba\u015fl\u0131kl\u0131 b\u00f6l\u00fcm\" id=\"module-2\" href=\"https:\/\/bnssghealthiertogether.org.uk\/tr\/wp-json\/wp\/v2\/pages\/677\/#module-2\" class=\"anchor\"><span class=\"hidden\">Mod\u00fcl-2 ba\u015fl\u0131kl\u0131 b\u00f6l\u00fcm<\/span><\/a><!-- Template found for table-of-contents-module - Template: template-table-of-contents - Matched: _only -->\r\n<section class=\"w-full mx-auto max-w-content border-b border-pale-grey pt-6 sm:pt-12 pb-3 sm:pb-6\">\r\n    <div class=\"entry-content w-full\">\r\n    <h1>COVID-19 a\u015f\u0131s\u0131<\/h1>\n<p>\u0130\u00e7indekiler<\/p>\n    <div class=\"navigation-list\">\r\n                    <ul>\r\n                      <li class=\"text-sm\">\r\n                                                              COVID-19 a\u015f\u0131s\u0131                            <\/li>\r\n                                <li class=\"text-sm\">\r\n                              <a href=\"https:\/\/bnssghealthiertogether.org.uk\/tr\/vaccination\/covid-vaccination\/walk-in-covid-vaccination-clinics\/\" class=\"text-sm underline-offset-4 font-normal hover:!underline-4\">\r\n                                                                Randevusuz a\u015f\u0131 klinikleri                                <\/a>\r\n                          <\/li>\r\n                      <li class=\"text-sm\">\r\n                              <a href=\"https:\/\/bnssghealthiertogether.org.uk\/tr\/vaccination\/covid-vaccination\/local-research-and-insight\/\" class=\"text-sm underline-offset-4 font-normal hover:!underline-4\">\r\n                                                                Yerel ara\u015ft\u0131rma ve i\u00e7g\u00f6r\u00fc                                <\/a>\r\n                          <\/li>\r\n                  <\/ul>\r\n          <\/div>\r\n  <\/div>\r\n<\/section><\/div><!-- .assembler_table-of-contents-module.assembler_module.assembler_table-of-contents-module_2.assembler_module_2..transparent --><\/div><!-- .assembler_module_area.assembler_module_area_1 --><\/div><!-- .assembler_default-group.assembler_module_group.assembler_default-group_1.assembler_module_group_1  --><div class=\"assembler_default-group assembler_module_group assembler_default-group_2 assembler_module_group_2\"><div class=\"assembler_module_area assembler_module_area_1\"><div class=\"assembler_text-module assembler_module assembler_text-module_1 assembler_module_1  transparent\"><a tabindex=\"-1\" title=\"Mod\u00fcl-3 ba\u015fl\u0131kl\u0131 b\u00f6l\u00fcm\" id=\"module-3\" href=\"https:\/\/bnssghealthiertogether.org.uk\/tr\/wp-json\/wp\/v2\/pages\/677\/#module-3\" class=\"anchor\"><span class=\"hidden\">Mod\u00fcl-3 ba\u015fl\u0131kl\u0131 b\u00f6l\u00fcm<\/span><\/a><!-- Template found for text-module - Template: template-text - Matched: _only --><section class=\"w-full mx-auto max-w-content pt-3 sm:pt-6 pb-3 sm:pb-6\">\n    <div class=\"flex gap-11 md:grid md:grid-cols-2 flex-col\">\n    <div class=\"entry-content\">\n      <div class=\"ewa-rteLine\">\n<p>From 13 April 2026 \u2013 30 June 2026 the NHS is offering a seasonal COVID-19 vaccination to people at highest risk from a COVID infection. This includes:<\/p>\n<ul>\n<li><span style=\"font-size: 1.125rem;\">all adults aged 75 years and over<\/span><\/li>\n<li>residents in a care home for older adults<\/li>\n<li>persons aged 6 months and over who are immunosuppressed, as defined in tables 3 and 4 of the COVID-19 chapter of the <a style=\"font-size: 1.125rem;\" href=\"https:\/\/www.gov.uk\/government\/publications\/covid-19-the-green-book-chapter-14a\" rel=\"noopener\">Ye\u015fil Kitap<\/a><\/li>\n<\/ul>\n<p>Household contacts of people with a weakened immune system are not eligible. People in other clinical risk groups who do not fall into the above categories are also not eligible.<\/p>\n<p>For the spring 2026 vaccine, The\u00a0Joint Committee on Vaccination and Immunisation (JCVI) is prioritising groups most vulnerable to serious outcomes from COVID-19 including those aged 75 or over, living in older adult care homes, and those who are immunosuppressed and eligible. These individuals are at highest risk of severe COVID-19.<\/p>\n<p><a href=\"https:\/\/www.nhs.uk\/vaccinations\/covid-19-vaccine\/\" rel=\"noopener\">Uygunlu\u011funuzu NHS web sitesinden kontrol edin<\/a><\/p>\n<\/div>\n    <\/div>\n    <div class=\"entry-content\">\n      <h4>Video: Bristol&#8217;s Dr Dougal Darvill recommends the COVID-19 vaccine for eligible people with weakened immune systems.<\/h4>\n<div style=\"width: 640px;\" class=\"wp-video\"><video class=\"wp-video-shortcode\" id=\"video-677-1\" width=\"640\" height=\"360\" preload=\"metadata\" controls=\"controls\"><source type=\"video\/mp4\" src=\"https:\/\/bnssghealthiertogether.org.uk\/wp-content\/uploads\/2025\/08\/NHS-Vaccine-take-up-Covid-WIS-May-2025.mp4?_=1\" \/><a href=\"https:\/\/bnssghealthiertogether.org.uk\/wp-content\/uploads\/2025\/08\/NHS-Vaccine-take-up-Covid-WIS-May-2025.mp4\">https:\/\/bnssghealthiertogether.org.uk\/wp-content\/uploads\/2025\/08\/NHS-Vaccine-take-up-Covid-WIS-May-2025.mp4<\/a><\/video><\/div>\n<p>&nbsp;<\/p>\n<p>&nbsp;<\/p>\n    <\/div>\n      <\/div>\n<\/section><\/div><!-- .assembler_text-module.assembler_module.assembler_text-module_1.assembler_module_1..transparent --><div class=\"assembler_text-module assembler_module assembler_text-module_2 assembler_module_2  transparent\"><a tabindex=\"-1\" title=\"Mod\u00fcl-4 ba\u015fl\u0131kl\u0131 b\u00f6l\u00fcm\" id=\"module-4\" href=\"https:\/\/bnssghealthiertogether.org.uk\/tr\/wp-json\/wp\/v2\/pages\/677\/#module-4\" class=\"anchor\"><span class=\"hidden\">Mod\u00fcl-4 ba\u015fl\u0131kl\u0131 b\u00f6l\u00fcm<\/span><\/a><!-- Template found for text-module - Template: template-text - Matched: _only --><section class=\"w-full mx-auto max-w-content pt-0 sm:pt-0 pb-3 sm:pb-6\">\r\n  <div class=\"entry-content w-full !px-0 max-w-small\">\r\n        <h2>COVID-19 a\u015f\u0131n\u0131z\u0131 yapt\u0131rmak<\/h2>\n<p>Bu <a href=\"https:\/\/www.nhs.uk\/nhs-services\/vaccination-and-booking-services\/book-covid-19-vaccination\/\" rel=\"noopener\">Ulusal Rezervasyon Sistemi<\/a> opened on 7 April 2026, for appointments starting on 13 April 2026. You may be contacted by your GP surgery and invited to book an appointment. If you are eligible, other alternatives include attending a walk-in vaccination site, or you could get vaccinated at another local service such as a community pharmacy, or at your care home (if you live in a care home).<\/p>\n<h2>Ayakta Covid-19 a\u015f\u0131lama klinikleri<\/h2>\n<p>A series of walk-in vaccination clinics are available for the spring 2026 campaign. <a href=\"https:\/\/bnssghealthiertogether.org.uk\/tr\/vaccination\/covid-vaccination\/walk-in-covid-vaccination-clinics\/\">Bunlar\u0131n detaylar\u0131n\u0131 web sitemizde bulabilirsiniz<\/a> ve ayr\u0131ca bir de <a href=\"https:\/\/www.nhs.uk\/nhs-services\/vaccination-and-booking-services\/find-a-walk-in-covid-19-vaccination-site\/\" rel=\"noopener\">NHS walk-in bulucu<\/a> daha fazla bilgi ile.<\/p>\n<h3>\u00d6nemli bilgiler<\/h3>\n<p>E\u011fer uygunsan\u0131z, a\u015f\u0131 yapt\u0131rmak i\u00e7in bir GP'ye kay\u0131tl\u0131 olman\u0131z, NHS numaras\u0131na sahip olman\u0131z veya belgelendirilmi\u015f olman\u0131z gerekmez. Bu durumdaysan\u0131z, l\u00fctfen bir poliklini\u011fe gidin veya durumunuzu a\u00e7\u0131klayarak a\u015f\u0131 randevusu almak i\u00e7in bir pratisyen hekimle ileti\u015fime ge\u00e7in.<\/p>\n<p>A\u015f\u0131 i\u00e7in geldi\u011finizde, biliyorsan\u0131z l\u00fctfen NHS numaran\u0131z\u0131 getirin ve randevunuzdan \u00f6nce bir \u015feyler yiyip i\u00e7meyi unutmay\u0131n.<\/p>\n<p>COVID-19 semptomlar\u0131n\u0131z varsa veya lateral ak\u0131\u015f testiniz pozitif \u00e7\u0131kt\u0131ysa l\u00fctfen a\u015f\u0131 olmaya gelmeyin. COVID-19 testiniz pozitif \u00e7\u0131kt\u0131ysa yedi g\u00fcn beklemeniz ve sa\u011fl\u0131k durumunuzun iyi olmas\u0131 gerekir, aksi takdirde a\u015f\u0131n\u0131z daha az etkili olabilir.<\/p>\n  <\/div>\r\n  <\/section><\/div><!-- .assembler_text-module.assembler_module.assembler_text-module_2.assembler_module_2..transparent --><div class=\"assembler_text-module assembler_module assembler_text-module_3 assembler_module_3  transparent\"><a tabindex=\"-1\" title=\"Housebound-covid-vaccinations ba\u015fl\u0131kl\u0131 b\u00f6l\u00fcm\" id=\"housebound-covid-vaccinations\" href=\"https:\/\/bnssghealthiertogether.org.uk\/tr\/wp-json\/wp\/v2\/pages\/677\/#housebound-covid-vaccinations\" class=\"anchor\"><span class=\"hidden\">Housebound-covid-vaccinations ba\u015fl\u0131kl\u0131 b\u00f6l\u00fcm<\/span><\/a><!-- Template found for text-module - Template: template-text - Matched: _only --><section class=\"w-full mx-auto max-w-content pt-3 sm:pt-6 pb-3 sm:pb-6\">\r\n  <div class=\"entry-content w-full !px-0 max-w-small\">\r\n        <h2>Eve ba\u011fl\u0131 COVID-19 a\u015f\u0131lar\u0131<\/h2>\n<p>B\u00f6lgemizde, GP muayenehaneleri eve ba\u011f\u0131ml\u0131 ki\u015filerin COVID-19 a\u015f\u0131lar\u0131n\u0131 yapt\u0131rmalar\u0131 i\u00e7in d\u00fczenlemeler yapmaktad\u0131r ve hastalar\u0131yla do\u011frudan ileti\u015fime ge\u00e7eceklerdir. Siz veya bir aile \u00fcyeniz eve ba\u011fl\u0131ysan\u0131z ve COVID-19 a\u015f\u0131s\u0131 i\u00e7in uygunsan\u0131z ve aile hekiminizden haber almad\u0131ysan\u0131z, l\u00fctfen muayenehanenizle ileti\u015fime ge\u00e7in.<\/p>\n<p>L\u00fctfen aile hekiminizin, a\u015f\u0131lanmas\u0131 gereken \u00e7ok say\u0131da ki\u015fi oldu\u011fu i\u00e7in evde yatan hastalar\u0131yla hemen ileti\u015fime ge\u00e7emeyebilece\u011fini unutmay\u0131n.<\/p>\n<p>Eve ba\u011fl\u0131ysan\u0131z, aile hekiminizle konu\u015ftuysan\u0131z ve a\u015f\u0131 i\u00e7in randevu alamad\u0131ysan\u0131z, l\u00fctfen e-posta g\u00f6nderin\u00a0<a href=\"mailto:bnssg.massvaccination@nhs.net\"><strong>bnssg.massvaccination@nhs.net<\/strong><\/a> ad\u0131n\u0131z\u0131, pratisyen hekim muayenehanenizi ve a\u015f\u0131 randevunuzu alamama nedeninizi belirtin.<\/p>\n<p>GP'nizde eve ba\u011fl\u0131 olarak kay\u0131tl\u0131 de\u011filseniz ancak olman\u0131z gerekti\u011fini d\u00fc\u015f\u00fcn\u00fcyorsan\u0131z, kay\u0131tlar\u0131n\u0131 g\u00fcncelleyebilmeleri i\u00e7in l\u00fctfen muayenehanenizle ileti\u015fime ge\u00e7in. Eve ba\u011f\u0131ml\u0131 olarak kay\u0131tl\u0131 de\u011filseniz, GP sitesine gitmeniz veya\u00a0<a href=\"https:\/\/www.nhs.uk\/conditions\/coronavirus-covid-19\/coronavirus-vaccination\/book-coronavirus-vaccination\/\" rel=\"noopener\"><strong>Ulusal Rezervasyon Hizmeti<\/strong><\/a>\u00a0a\u015f\u0131 rezervasyonu i\u00e7in.<\/p>\n  <\/div>\r\n  <\/section><\/div><!-- .assembler_text-module.assembler_module.assembler_text-module_3.assembler_module_3..transparent --><div class=\"assembler_text-module assembler_module assembler_text-module_4 assembler_module_4  transparent\"><a tabindex=\"-1\" title=\"Mod\u00fcl-6 ba\u015fl\u0131kl\u0131 b\u00f6l\u00fcm\" id=\"module-6\" href=\"https:\/\/bnssghealthiertogether.org.uk\/tr\/wp-json\/wp\/v2\/pages\/677\/#module-6\" class=\"anchor\"><span class=\"hidden\">Mod\u00fcl-6 ba\u015fl\u0131kl\u0131 b\u00f6l\u00fcm<\/span><\/a><!-- Template found for text-module - Template: template-text - Matched: _only --><section class=\"w-full mx-auto max-w-content pt-3 sm:pt-6 pb-3 sm:pb-6\">\r\n  <div class=\"entry-content w-full !px-0 max-w-small\">\r\n        <h2>Yeniden a\u015f\u0131lama: Ciddi derecede ba\u011f\u0131\u015f\u0131kl\u0131k sistemi bask\u0131lanm\u0131\u015f ki\u015filer i\u00e7in y\u0131l boyunca a\u015f\u0131lama<\/h2>\n<p>Kemik ili\u011fi nakli olduysan\u0131z veya kimerik antijen resept\u00f6r T-h\u00fccresi (CAR-T) tedavisi g\u00f6rd\u00fcyseniz, COVID-19 a\u015f\u0131lamas\u0131n\u0131n birinci ve ikinci dozlar\u0131n\u0131 tekrarlaman\u0131z gerekebilir (yeniden a\u015f\u0131lama olarak bilinir).<\/p>\n<p>Ba\u011f\u0131\u015f\u0131kl\u0131k sisteminizi ciddi \u015fekilde zay\u0131flatan bir tedaviye ba\u015flad\u0131ysan\u0131z l\u00fctfen klinik uzman\u0131n\u0131za dan\u0131\u015f\u0131n ve yeniden a\u015f\u0131lanman\u0131z gerekiyorsa l\u00fctfen \u00f6nce aile hekiminizle ileti\u015fime ge\u00e7in, ard\u0131ndan e-posta g\u00f6nderin <a href=\"mailto:vaccinations@nbt.nhs.net\"><strong>vaccinations@nbt.nhs.net<\/strong><\/a> Gerekirse randevu ayarlamak i\u00e7in.<\/p>\n  <\/div>\r\n  <\/section><\/div><!-- .assembler_text-module.assembler_module.assembler_text-module_4.assembler_module_4..transparent --><\/div><!-- .assembler_module_area.assembler_module_area_1 --><\/div><!-- .assembler_default-group.assembler_module_group.assembler_default-group_2.assembler_module_group_2  -->","protected":false},"excerpt":{"rendered":"<p>The latest information about COVID-19 vaccinations across Bristol, North Somerset and South Gloucestershire.<\/p>","protected":false},"author":7,"featured_media":0,"parent":6240,"menu_order":1,"comment_status":"closed","ping_status":"closed","template":"","meta":{"_acf_changed":false,"footnotes":""},"tags":[],"class_list":["post-677","page","type-page","status-publish","hentry"],"acf":[],"_links":{"self":[{"href":"https:\/\/bnssghealthiertogether.org.uk\/tr\/wp-json\/wp\/v2\/pages\/677","targetHints":{"allow":["GET"]}}],"collection":[{"href":"https:\/\/bnssghealthiertogether.org.uk\/tr\/wp-json\/wp\/v2\/pages"}],"about":[{"href":"https:\/\/bnssghealthiertogether.org.uk\/tr\/wp-json\/wp\/v2\/types\/page"}],"author":[{"embeddable":true,"href":"https:\/\/bnssghealthiertogether.org.uk\/tr\/wp-json\/wp\/v2\/users\/7"}],"replies":[{"embeddable":true,"href":"https:\/\/bnssghealthiertogether.org.uk\/tr\/wp-json\/wp\/v2\/comments?post=677"}],"version-history":[{"count":59,"href":"https:\/\/bnssghealthiertogether.org.uk\/tr\/wp-json\/wp\/v2\/pages\/677\/revisions"}],"predecessor-version":[{"id":47702,"href":"https:\/\/bnssghealthiertogether.org.uk\/tr\/wp-json\/wp\/v2\/pages\/677\/revisions\/47702"}],"up":[{"embeddable":true,"href":"https:\/\/bnssghealthiertogether.org.uk\/tr\/wp-json\/wp\/v2\/pages\/6240"}],"wp:attachment":[{"href":"https:\/\/bnssghealthiertogether.org.uk\/tr\/wp-json\/wp\/v2\/media?parent=677"}],"wp:term":[{"taxonomy":"post_tag","embeddable":true,"href":"https:\/\/bnssghealthiertogether.org.uk\/tr\/wp-json\/wp\/v2\/tags?post=677"}],"curies":[{"name":"wp","href":"https:\/\/api.w.org\/{rel}","templated":true}]}}