{"id":7461,"date":"2024-06-21T09:06:49","date_gmt":"2024-06-21T08:06:49","guid":{"rendered":"https:\/\/bnssghealthiertogether.org.uk\/?page_id=7461"},"modified":"2026-01-30T10:43:27","modified_gmt":"2026-01-30T10:43:27","slug":"mmr-information","status":"publish","type":"page","link":"https:\/\/bnssghealthiertogether.org.uk\/tr\/vaccination\/mmr-information\/","title":{"rendered":"MMRV (k\u0131zam\u0131k, kabakulak, k\u0131zam\u0131k\u00e7\u0131k ve su\u00e7i\u00e7e\u011fi) a\u015f\u0131s\u0131 bilgileri"},"content":{"rendered":"<div class=\"assembler_default-group assembler_module_group assembler_default-group_1 assembler_module_group_1\"><div class=\"assembler_module_area assembler_module_area_1\"><div class=\"assembler_text-module assembler_module assembler_text-module_1 assembler_module_1  transparent\"><a tabindex=\"-1\" title=\"Mod\u00fcl-1 ba\u015fl\u0131kl\u0131 b\u00f6l\u00fcm\" id=\"module-1\" href=\"https:\/\/bnssghealthiertogether.org.uk\/tr\/wp-json\/wp\/v2\/pages\/7461\/#module-1\" class=\"anchor\"><span class=\"hidden\">Mod\u00fcl-1 ba\u015fl\u0131kl\u0131 b\u00f6l\u00fcm<\/span><\/a><!-- Template found for text-module - Template: template-text - Matched: _only --><section class=\"w-full mx-auto max-w-content pt-12 sm:pt-24 pb-3 sm:pb-6\">\r\n  <div class=\"entry-content w-full !px-0 max-w-small\">\r\n        <h1>MMRV a\u015f\u0131s\u0131 bilgileri<\/h1>\n  <\/div>\r\n  <\/section><\/div><!-- .assembler_text-module.assembler_module.assembler_text-module_1.assembler_module_1..transparent --><div class=\"assembler_text-module assembler_module assembler_text-module_2 assembler_module_2  transparent\"><a tabindex=\"-1\" title=\"Mod\u00fcl-2 ba\u015fl\u0131kl\u0131 b\u00f6l\u00fcm\" id=\"module-2\" href=\"https:\/\/bnssghealthiertogether.org.uk\/tr\/wp-json\/wp\/v2\/pages\/7461\/#module-2\" class=\"anchor\"><span class=\"hidden\">Mod\u00fcl-2 ba\u015fl\u0131kl\u0131 b\u00f6l\u00fcm<\/span><\/a><!-- Template found for text-module - Template: template-text - Matched: _only --><section class=\"w-full mx-auto max-w-content pt-3 sm:pt-6 pb-0 sm:pb-0\">\r\n  <div class=\"entry-content w-full !px-0 max-w-small\">\r\n        <p>MMRV a\u015f\u0131s\u0131, \u00e7ocuklar\u0131 k\u0131zam\u0131k, kabakulak, k\u0131zam\u0131k\u00e7\u0131k ve su\u00e7i\u00e7e\u011fi (varisella) gibi hastal\u0131klara kar\u015f\u0131 korumaya yard\u0131mc\u0131 olur. Bu enfeksiyonlar insanlar aras\u0131nda \u00e7ok kolay yay\u0131l\u0131r ve menenjit, beyin iltihab\u0131 (ensefalit), zat\u00fcrre ve i\u015fitme kayb\u0131 gibi ciddi sorunlara yol a\u00e7abilir.<\/p>\n<p><img decoding=\"async\" class=\"size-medium wp-image-46636 alignright\" src=\"https:\/\/bnssghealthiertogether.org.uk\/wp-content\/uploads\/2026\/01\/MMR_Chickenpox-240x300.png\" alt=\"\" width=\"240\" height=\"300\" srcset=\"https:\/\/bnssghealthiertogether.org.uk\/wp-content\/uploads\/2026\/01\/MMR_Chickenpox-240x300.png 240w, https:\/\/bnssghealthiertogether.org.uk\/wp-content\/uploads\/2026\/01\/MMR_Chickenpox-819x1024.png 819w, https:\/\/bnssghealthiertogether.org.uk\/wp-content\/uploads\/2026\/01\/MMR_Chickenpox-768x960.png 768w, https:\/\/bnssghealthiertogether.org.uk\/wp-content\/uploads\/2026\/01\/MMR_Chickenpox-1229x1536.png 1229w, https:\/\/bnssghealthiertogether.org.uk\/wp-content\/uploads\/2026\/01\/MMR_Chickenpox-1638x2048.png 1638w, https:\/\/bnssghealthiertogether.org.uk\/wp-content\/uploads\/2026\/01\/MMR_Chickenpox-1320x1650.png 1320w, https:\/\/bnssghealthiertogether.org.uk\/wp-content\/uploads\/2026\/01\/MMR_Chickenpox-scaled.png 2048w\" sizes=\"(max-width: 240px) 100vw, 240px\" \/>1 Ocak 2026&#039;dan itibaren t\u00fcm \u00e7ocuklara k\u0131zam\u0131k, kabakulak, k\u0131zam\u0131k\u00e7\u0131k ve su\u00e7i\u00e7e\u011fi a\u015f\u0131s\u0131 birlikte sunulacakt\u0131r.<abbr title=\"k\u0131zam\u0131k, kabakulak, k\u0131zam\u0131k\u00e7\u0131k ve su\u00e7i\u00e7e\u011fi a\u015f\u0131s\u0131\">MMRV<\/abbr>\u00c7ocukluk \u00e7a\u011f\u0131 rutin 2 dozluk a\u015f\u0131lama program\u0131n\u0131n bir par\u00e7as\u0131 olarak k\u0131zam\u0131k, kabakulak ve k\u0131zam\u0131k\u00e7\u0131k a\u015f\u0131s\u0131 (MMR) yerine a\u015f\u0131 yapt\u0131rmalar\u0131.<\/p>\n<p>Birinci doz bir ya\u015f\u0131nda uygulanacak ve ikinci doz ise 3 y\u0131l 4 aydan 18 ayl\u0131k yeni bir randevuya al\u0131nacak.<\/p>\n<p>1 Kas\u0131m 2026 ile 31 Mart 2028 tarihleri aras\u0131nda tek dozluk se\u00e7ici a\u015f\u0131lama uygulanacakt\u0131r.\u00a0<abbr title=\"k\u0131zam\u0131k, kabakulak, k\u0131zam\u0131k\u00e7\u0131k ve su\u00e7i\u00e7e\u011fi a\u015f\u0131s\u0131\">MMRV<\/abbr>\u00a0Su\u00e7i\u00e7e\u011fi ge\u00e7irmemi\u015f veya iki doz su\u00e7i\u00e7e\u011fi a\u015f\u0131s\u0131 olmam\u0131\u015f daha b\u00fcy\u00fck \u00e7ocuklar i\u00e7in telafi a\u015f\u0131s\u0131 program\u0131.<\/p>\n<h2 id=\"how-to-get-it\">MMRV a\u015f\u0131s\u0131 nas\u0131l yapt\u0131r\u0131l\u0131r?<\/h2>\n<p data-block-key=\"8ms04\">Aile hekiminiz genellikle \u00e7ocu\u011funuzun MMRV a\u015f\u0131lar\u0131 hakk\u0131nda sizinle ileti\u015fime ge\u00e7ecektir. Bu genellikle mektup, k\u0131sa mesaj, telefon g\u00f6r\u00fc\u015fmesi veya e-posta yoluyla olacakt\u0131r.<\/p>\n<p data-block-key=\"8ms04\">A\u015fa\u011f\u0131daki durumlarda aile hekiminize ba\u015fvurmal\u0131s\u0131n\u0131z: <span style=\"font-size: 1.125rem;\">\u00c7ocu\u011funuzun MMRV a\u015f\u0131s\u0131 zaman\u0131 geldi ancak sizinle ileti\u015fime ge\u00e7ilmedi veya <\/span><span style=\"font-size: 1.125rem;\">\u00c7ocu\u011funuz MMRV a\u015f\u0131s\u0131n\u0131 ka\u00e7\u0131rm\u0131\u015fsa veya e\u011fer <\/span><span style=\"font-size: 1.125rem;\">\u00c7ocu\u011funuzun ate\u015fi y\u00fcksek ve a\u015f\u0131 olmas\u0131 gerekiyor.<\/span><\/p>\n<p data-block-key=\"8ms04\">MMRV a\u015f\u0131s\u0131, \u00fcst kola veya uylu\u011fa enjeksiyon yoluyla uygulan\u0131r. Genellikle di\u011fer rutin a\u015f\u0131larla ayn\u0131 anda yap\u0131l\u0131r.<\/p>\n<p data-block-key=\"8ms04\">\n  <\/div>\r\n  <\/section><\/div><!-- .assembler_text-module.assembler_module.assembler_text-module_2.assembler_module_2..transparent --><div class=\"assembler_text-module assembler_module assembler_text-module_3 assembler_module_3  transparent\"><a tabindex=\"-1\" title=\"Mod\u00fcl-3 ba\u015fl\u0131kl\u0131 b\u00f6l\u00fcm\" id=\"module-3\" href=\"https:\/\/bnssghealthiertogether.org.uk\/tr\/wp-json\/wp\/v2\/pages\/7461\/#module-3\" class=\"anchor\"><span class=\"hidden\">Mod\u00fcl-3 ba\u015fl\u0131kl\u0131 b\u00f6l\u00fcm<\/span><\/a><!-- Template found for text-module - Template: template-text - Matched: _only --><section class=\"w-full mx-auto max-w-content pt-3 sm:pt-6 pb-0 sm:pb-0\">\r\n  <div class=\"entry-content w-full !px-0 max-w-small\">\r\n        <h2 id=\"contraindications\">MMRV a\u015f\u0131s\u0131n\u0131 kimler yapt\u0131ramaz?<\/h2>\n<p data-block-key=\"8ms04\">\u00c7o\u011fu \u00e7ocuk MMRV a\u015f\u0131s\u0131 olabilir. Ancak canl\u0131 a\u015f\u0131 olmas\u0131 nedeniyle baz\u0131 \u00e7ocuklar i\u00e7in uygun de\u011fildir; canl\u0131 a\u015f\u0131, k\u0131zam\u0131k, kabakulak, k\u0131zam\u0131k\u00e7\u0131k ve su\u00e7i\u00e7e\u011fi vir\u00fcslerinin zay\u0131flat\u0131lm\u0131\u015f versiyonlar\u0131n\u0131 i\u00e7erir.<\/p>\n<p data-block-key=\"b86mo\">\u00c7ocu\u011funuzun ba\u011f\u0131\u015f\u0131kl\u0131k sistemi, bir sa\u011fl\u0131k sorunu nedeniyle veya ba\u011f\u0131\u015f\u0131kl\u0131k sistemini bask\u0131layan ila\u00e7lar kullanmas\u0131 nedeniyle ciddi \u015fekilde zay\u0131flam\u0131\u015fsa veya \u00e7ocu\u011funuz ciddi bir alerjik reaksiyon ge\u00e7irmi\u015fse, MMRV a\u015f\u0131s\u0131 yap\u0131lmaz.<a href=\"https:\/\/www.nhs.uk\/conditions\/anaphylaxis\/\" rel=\"noopener\">anafilaksi<\/a>A\u015f\u0131daki jelatin veya neomisin de dahil olmak \u00fczere herhangi bir bile\u015fene kar\u015f\u0131.<\/p>\n<p data-block-key=\"b86mo\">\n  <\/div>\r\n  <\/section><\/div><!-- .assembler_text-module.assembler_module.assembler_text-module_3.assembler_module_3..transparent --><div class=\"assembler_text-module assembler_module assembler_text-module_4 assembler_module_4  transparent\"><a tabindex=\"-1\" title=\"Mod\u00fcl-4 ba\u015fl\u0131kl\u0131 b\u00f6l\u00fcm\" id=\"module-4\" href=\"https:\/\/bnssghealthiertogether.org.uk\/tr\/wp-json\/wp\/v2\/pages\/7461\/#module-4\" class=\"anchor\"><span class=\"hidden\">Mod\u00fcl-4 ba\u015fl\u0131kl\u0131 b\u00f6l\u00fcm<\/span><\/a><!-- Template found for text-module - Template: template-text - Matched: _only --><section class=\"w-full mx-auto max-w-content pt-3 sm:pt-6 pb-3 sm:pb-6\">\r\n  <div class=\"entry-content w-full !px-0 max-w-small\">\r\n        <h2 id=\"effectiveness\">MMRV a\u015f\u0131s\u0131n\u0131n ne kadar etkili oldu\u011fu<\/h2>\n<p data-block-key=\"8ms04\">K\u0131zam\u0131k, kabakulak ve k\u0131zam\u0131k\u00e7\u0131\u011fa kar\u015f\u0131 koruma, MMRV a\u015f\u0131s\u0131 yap\u0131ld\u0131ktan sonraki 2 hafta i\u00e7inde ba\u015flar. Su\u00e7i\u00e7e\u011fine kar\u015f\u0131 koruma ise a\u015f\u0131 yap\u0131ld\u0131ktan sonraki 3 hafta i\u00e7inde ba\u015flar.<\/p>\n<p data-block-key=\"bump9\">2 dozdan sonra <span style=\"font-size: 1.125rem;\">Yakla\u015f\u0131k 991 milyon \u00e7ocuk k\u0131zam\u0131k ve k\u0131zam\u0131k\u00e7\u0131\u011fa kar\u015f\u0131 korunacak., <\/span>Yakla\u015f\u0131k 971.000 \u00e7ocuk su\u00e7i\u00e7e\u011fine kar\u015f\u0131, yakla\u015f\u0131k 881.000 \u00e7ocuk ise kabakulak hastal\u0131\u011f\u0131na kar\u015f\u0131 korunacakt\u0131r. \u00c7ocu\u011funuz a\u015f\u0131 olduktan sonra kabakulak ge\u00e7irirse, belirtiler genellikle \u00e7ok daha hafif olacakt\u0131r.<\/p>\n<h2 data-block-key=\"bump9\">Ebeveynler ve bak\u0131c\u0131lar i\u00e7in bir rehber<\/h2>\n<p data-block-key=\"bump9\">MMRV hakk\u0131nda kullan\u0131\u015fl\u0131 bir rehber art\u0131k okunabilir ve indirilebilir durumda. <a href=\"https:\/\/www.gov.uk\/government\/publications\/mmrv-vaccination\" rel=\"noopener\">\u0130ngilizce, Somali dili, Arap\u00e7a, Urduca, Ukraynaca, Basitle\u015ftirilmi\u015f ve Geleneksel \u00c7ince ve Bengalce dahil olmak \u00fczere bir\u00e7ok dilde mevcuttur. Ayr\u0131ca sesli kitap, \u0130ngiliz \u0130\u015faret Dili, Braille alfabesi ve b\u00fcy\u00fck yaz\u0131 tipinde de bulunmaktad\u0131r.<\/a><\/p>\n<p data-block-key=\"bump9\">\n<h3><\/h3>\n  <\/div>\r\n  <\/section><\/div><!-- .assembler_text-module.assembler_module.assembler_text-module_4.assembler_module_4..transparent --><\/div><!-- .assembler_module_area.assembler_module_area_1 --><\/div><!-- .assembler_default-group.assembler_module_group.assembler_default-group_1.assembler_module_group_1  -->","protected":false},"excerpt":{"rendered":"<p>Local resources, links and information about the MMR (measles, mumps and rubella) vaccine.<\/p>","protected":false},"author":4,"featured_media":0,"parent":6240,"menu_order":0,"comment_status":"closed","ping_status":"closed","template":"","meta":{"_acf_changed":false,"footnotes":""},"tags":[218],"class_list":["post-7461","page","type-page","status-publish","hentry","tag-mmr"],"acf":[],"_links":{"self":[{"href":"https:\/\/bnssghealthiertogether.org.uk\/tr\/wp-json\/wp\/v2\/pages\/7461","targetHints":{"allow":["GET"]}}],"collection":[{"href":"https:\/\/bnssghealthiertogether.org.uk\/tr\/wp-json\/wp\/v2\/pages"}],"about":[{"href":"https:\/\/bnssghealthiertogether.org.uk\/tr\/wp-json\/wp\/v2\/types\/page"}],"author":[{"embeddable":true,"href":"https:\/\/bnssghealthiertogether.org.uk\/tr\/wp-json\/wp\/v2\/users\/4"}],"replies":[{"embeddable":true,"href":"https:\/\/bnssghealthiertogether.org.uk\/tr\/wp-json\/wp\/v2\/comments?post=7461"}],"version-history":[{"count":80,"href":"https:\/\/bnssghealthiertogether.org.uk\/tr\/wp-json\/wp\/v2\/pages\/7461\/revisions"}],"predecessor-version":[{"id":46639,"href":"https:\/\/bnssghealthiertogether.org.uk\/tr\/wp-json\/wp\/v2\/pages\/7461\/revisions\/46639"}],"up":[{"embeddable":true,"href":"https:\/\/bnssghealthiertogether.org.uk\/tr\/wp-json\/wp\/v2\/pages\/6240"}],"wp:attachment":[{"href":"https:\/\/bnssghealthiertogether.org.uk\/tr\/wp-json\/wp\/v2\/media?parent=7461"}],"wp:term":[{"taxonomy":"post_tag","embeddable":true,"href":"https:\/\/bnssghealthiertogether.org.uk\/tr\/wp-json\/wp\/v2\/tags?post=7461"}],"curies":[{"name":"wp","href":"https:\/\/api.w.org\/{rel}","templated":true}]}}